{"id":8951,"date":"2026-03-12T10:19:23","date_gmt":"2026-03-12T08:19:23","guid":{"rendered":"https:\/\/valga.ee\/?page_id=8951"},"modified":"2026-03-12T10:22:21","modified_gmt":"2026-03-12T08:22:21","slug":"ngts-projekt","status":"publish","type":"page","link":"https:\/\/valga.ee\/en\/pere-sotsiaal-ja-tervishoid\/kogukonnatugi\/projektid\/ngts-projekt\/","title":{"rendered":"NGTS or Youth Guarantee Support System project"},"content":{"rendered":"<p>\u201eAchieving, maintaining and preventing a high level of employment of NEET young people in Valga County and Viljandi County_Valga County\u201c, No. 2021-2027.4.02.23-0039.<\/p>\n\n\n\n<figure class=\"wp-block-image size-full is-resized\"><img loading=\"lazy\" decoding=\"async\" width=\"447\" height=\"260\" src=\"https:\/\/valga.ee\/wp-content\/uploads\/2025\/09\/Allalaaditud-fail.png\" alt=\"\" class=\"wp-image-5114\" style=\"width:378px;height:auto\" srcset=\"https:\/\/valga.ee\/wp-content\/uploads\/2025\/09\/Allalaaditud-fail.png 447w, https:\/\/valga.ee\/wp-content\/uploads\/2025\/09\/Allalaaditud-fail-300x174.png 300w\" sizes=\"auto, (max-width: 447px) 100vw, 447px\" \/><\/figure>\n\n\n\n<p>Valga municipality, in cooperation with other local authorities in Valga County and Viljandi County, is participating in a project targeting young people who are inactive in the labour market, with the aim of achieving and maintaining a high level of employment. The aim of the support is to improve the employability of young people and to help them into employment or into the education system.<\/p>","protected":false},"excerpt":{"rendered":"<p>\u201eValga maakonna ja Viljandi Maakonna NEET noorte k\u00f5rge t\u00f6\u00f6h\u00f5ive taseme saavutamine, hoidmine ning ennetus_Valga Maakond\u201c , nr.\u00a02021-2027.4.02.23-0039 Valga Vallavalitsus\u00a0koost\u00f6\u00f6s Valga maakonna ja Viljandi maakonna teiste kohalike omavalitsustega osaleb t\u00f6\u00f6turul mitteaktiivsetele [&hellip;]<\/p>\n","protected":false},"author":5,"featured_media":0,"parent":2871,"menu_order":0,"comment_status":"closed","ping_status":"closed","template":"","meta":{"_EventAllDay":false,"_EventTimezone":"","_EventStartDate":"","_EventEndDate":"","_EventStartDateUTC":"","_EventEndDateUTC":"","_EventShowMap":false,"_EventShowMapLink":false,"_EventURL":"","_EventCost":"","_EventCostDescription":"","_EventCurrencySymbol":"","_EventCurrencyCode":"","_EventCurrencyPosition":"","_EventDateTimeSeparator":"","_EventTimeRangeSeparator":"","_EventOrganizerID":[],"_EventVenueID":[],"_OrganizerEmail":"","_OrganizerPhone":"","_OrganizerWebsite":"","_VenueAddress":"","_VenueCity":"","_VenueCountry":"","_VenueProvince":"","_VenueState":"","_VenueZip":"","_VenuePhone":"","_VenueURL":"","_VenueStateProvince":"","_VenueLat":"","_VenueLng":"","_VenueShowMap":false,"_VenueShowMapLink":false,"slim_seo":{"title":"NGTS ehk noortegarantii tugis\u00fcsteemi projekt - Valga vald","description":"\u201eValga maakonna ja Viljandi Maakonna NEET noorte k\u00f5rge t\u00f6\u00f6h\u00f5ive taseme saavutamine, hoidmine ning ennetus_Valga Maakond\u201c , nr.\u00a02021-2027.4.02.23-0039 Valga Vall"},"footnotes":""},"class_list":["post-8951","page","type-page","status-publish","hentry"],"_links":{"self":[{"href":"https:\/\/valga.ee\/en\/wp-json\/wp\/v2\/pages\/8951","targetHints":{"allow":["GET"]}}],"collection":[{"href":"https:\/\/valga.ee\/en\/wp-json\/wp\/v2\/pages"}],"about":[{"href":"https:\/\/valga.ee\/en\/wp-json\/wp\/v2\/types\/page"}],"author":[{"embeddable":true,"href":"https:\/\/valga.ee\/en\/wp-json\/wp\/v2\/users\/5"}],"replies":[{"embeddable":true,"href":"https:\/\/valga.ee\/en\/wp-json\/wp\/v2\/comments?post=8951"}],"version-history":[{"count":2,"href":"https:\/\/valga.ee\/en\/wp-json\/wp\/v2\/pages\/8951\/revisions"}],"predecessor-version":[{"id":8956,"href":"https:\/\/valga.ee\/en\/wp-json\/wp\/v2\/pages\/8951\/revisions\/8956"}],"up":[{"embeddable":true,"href":"https:\/\/valga.ee\/en\/wp-json\/wp\/v2\/pages\/2871"}],"wp:attachment":[{"href":"https:\/\/valga.ee\/en\/wp-json\/wp\/v2\/media?parent=8951"}],"curies":[{"name":"wp","href":"https:\/\/api.w.org\/{rel}","templated":true}]}}