{"id":8769,"date":"2026-02-25T10:03:59","date_gmt":"2026-02-25T08:03:59","guid":{"rendered":"https:\/\/valga.ee\/?page_id=8769"},"modified":"2026-02-25T10:04:00","modified_gmt":"2026-02-25T08:04:00","slug":"anna-tagasisidet","status":"publish","type":"page","link":"https:\/\/valga.ee\/en\/anna-tagasisidet\/","title":{"rendered":"Give feedback"},"content":{"rendered":"\n<p>Kui m\u00e4rkasid midagi, mis on h\u00e4sti, v\u00f5i midagi, mis v\u00f5iks olla teisiti, siis palun kirjuta sellest meile. Igasugune tagasiside on edasiviiv ja me v\u00e4\u00e4rtustame seda v\u00e4ga. Kui soovid meilt vastust saada, siis j\u00e4ta kindlasti oma kehtiv meiliaadress v\u00f5i telefoninumber \u2013 vastasel juhul ei saa me sinuga \u00fchendust v\u00f5tta.<\/p>\n\n\n<style id=\"wpforms-css-vars-8759-block-493e86b6-3459-499a-9218-d7d3f98b2b09\">\n\t\t\t\t#wpforms-8759.wpforms-block-493e86b6-3459-499a-9218-d7d3f98b2b09 {\n\t\t\t\t--wpforms-label-color: rgba(0, 0, 0, 0.85);\n--wpforms-label-sublabel-color: rgba(0, 0, 0, 0.55);\n--wpforms-field-border-color: #138440;\n--wpforms-field-border-color-spare: #138440;\n--wpforms-field-text-color: 138440;\n--wpforms-button-background-color: #138440;\n--wpforms-field-size-input-height: 43px;\n--wpforms-field-size-input-spacing: 15px;\n--wpforms-field-size-font-size: 16px;\n--wpforms-field-size-line-height: 19px;\n--wpforms-field-size-padding-h: 14px;\n--wpforms-field-size-checkbox-size: 16px;\n--wpforms-field-size-sublabel-spacing: 5px;\n--wpforms-field-size-icon-size: 1;\n--wpforms-label-size-font-size: 16px;\n--wpforms-label-size-line-height: 19px;\n--wpforms-label-size-sublabel-font-size: 14px;\n--wpforms-label-size-sublabel-line-height: 17px;\n--wpforms-button-size-font-size: 17px;\n--wpforms-button-size-height: 41px;\n--wpforms-button-size-padding-h: 15px;\n--wpforms-button-size-margin-top: 10px;\n\t\t\t}\n\t\t\t<\/style><div class=\"wpforms-container wpforms-container-full wpforms-block wpforms-block-493e86b6-3459-499a-9218-d7d3f98b2b09 wpforms-render-modern\" id=\"wpforms-8759\"><form id=\"wpforms-form-8759\" class=\"wpforms-validate wpforms-form\" data-formid=\"8759\" method=\"post\" enctype=\"multipart\/form-data\" action=\"\/en\/wp-json\/wp\/v2\/pages\/8769\" data-token=\"a56d28cffc1f0578e5952c2022b65693\" data-token-time=\"1775583276\"><noscript class=\"wpforms-error-noscript\">Please enable JavaScript in your browser to complete this form.<\/noscript><div id=\"wpforms-error-noscript\" style=\"display: none;\">Please enable JavaScript in your browser to complete this form.<\/div><div class=\"wpforms-field-container\">\t\t<div id=\"wpforms-8759-field_1-container\"\n\t\t\tclass=\"wpforms-field wpforms-field-text\"\n\t\t\tdata-field-type=\"text\"\n\t\t\tdata-field-id=\"1\"\n\t\t\t>\n\t\t\t<label class=\"wpforms-field-label\" for=\"wpforms-8759-field_1\" >lugu, vihje Uudis,<\/label>\n\t\t\t<input type=\"text\" id=\"wpforms-8759-field_1\" class=\"wpforms-field-medium\" name=\"wpforms[fields][1]\" >\n\t\t<\/div>\n\t\t<div id=\"wpforms-8759-field_7-container\" class=\"wpforms-field wpforms-field-textarea\" data-field-id=\"7\"><label class=\"wpforms-field-label\" for=\"wpforms-8759-field_7\">Uudis, lugu, vihje <span class=\"wpforms-required-label\" aria-hidden=\"true\">*<\/span><\/label><textarea id=\"wpforms-8759-field_7\" class=\"wpforms-field-medium wpforms-field-required\" name=\"wpforms[fields][7]\" aria-errormessage=\"wpforms-8759-field_7-error\" required><\/textarea><\/div><div id=\"wpforms-8759-field_5-container\" class=\"wpforms-field wpforms-field-email\" data-field-id=\"5\"><label class=\"wpforms-field-label\" for=\"wpforms-8759-field_5\">Kontaktandmed<\/label><input type=\"email\" id=\"wpforms-8759-field_5\" class=\"wpforms-field-medium\" name=\"wpforms[fields][5]\" spellcheck=\"false\" aria-errormessage=\"wpforms-8759-field_5-error\" autocomplete=\"email\" ><\/div><script>\n\t\t\t\t( function() {\n\t\t\t\t\tconst style = document.createElement( 'style' );\n\t\t\t\t\tstyle.appendChild( document.createTextNode( '#wpforms-8759-field_1-container { position: absolute !important; overflow: hidden !important; display: inline !important; height: 1px !important; width: 1px !important; z-index: -1000 !important; padding: 0 !important; } #wpforms-8759-field_1-container input { visibility: hidden; } #wpforms-conversational-form-page #wpforms-8759-field_1-container label { counter-increment: none; }' ) );\n\t\t\t\t\tdocument.head.appendChild( style );\n\t\t\t\t\tdocument.currentScript?.remove();\n\t\t\t\t} )();\n\t\t\t<\/script><\/div><!-- .wpforms-field-container --><div class=\"wpforms-submit-container\" ><input type=\"hidden\" name=\"wpforms[id]\" value=\"8759\"><input type=\"hidden\" name=\"page_title\" value=\"\"><input type=\"hidden\" name=\"page_url\" value=\"https:\/\/valga.ee\/en\/wp-json\/wp\/v2\/pages\/8769\"><input type=\"hidden\" name=\"url_referer\" value=\"\"><button type=\"submit\" name=\"wpforms[submit]\" id=\"wpforms-submit-8759\" class=\"wpforms-submit\" data-alt-text=\"Toimub saatmine...\" data-submit-text=\"Saada\" aria-live=\"assertive\" value=\"wpforms-submit\">Saada<\/button><\/div><\/form><\/div>  <!-- .wpforms-container -->","protected":false},"excerpt":{"rendered":"<p>Kui m\u00e4rkasid midagi, mis on h\u00e4sti, v\u00f5i midagi, mis v\u00f5iks olla teisiti, siis palun kirjuta sellest meile. Igasugune tagasiside on edasiviiv ja me v\u00e4\u00e4rtustame seda v\u00e4ga. Kui soovid meilt vastust [&hellip;]<\/p>\n","protected":false},"author":5,"featured_media":0,"parent":0,"menu_order":1,"comment_status":"closed","ping_status":"closed","template":"","meta":{"_EventAllDay":false,"_EventTimezone":"","_EventStartDate":"","_EventEndDate":"","_EventStartDateUTC":"","_EventEndDateUTC":"","_EventShowMap":false,"_EventShowMapLink":false,"_EventURL":"","_EventCost":"","_EventCostDescription":"","_EventCurrencySymbol":"","_EventCurrencyCode":"","_EventCurrencyPosition":"","_EventDateTimeSeparator":"","_EventTimeRangeSeparator":"","_EventOrganizerID":[],"_EventVenueID":[],"_OrganizerEmail":"","_OrganizerPhone":"","_OrganizerWebsite":"","_VenueAddress":"","_VenueCity":"","_VenueCountry":"","_VenueProvince":"","_VenueState":"","_VenueZip":"","_VenuePhone":"","_VenueURL":"","_VenueStateProvince":"","_VenueLat":"","_VenueLng":"","_VenueShowMap":false,"_VenueShowMapLink":false,"slim_seo":{"title":"Anna tagasisidet - Valga vald","description":"Kui m\u00e4rkasid midagi, mis on h\u00e4sti, v\u00f5i midagi, mis v\u00f5iks olla teisiti, siis palun kirjuta sellest meile. Igasugune tagasiside on edasiviiv ja me v\u00e4\u00e4rtustame sed"},"footnotes":""},"class_list":["post-8769","page","type-page","status-publish","hentry"],"_links":{"self":[{"href":"https:\/\/valga.ee\/en\/wp-json\/wp\/v2\/pages\/8769","targetHints":{"allow":["GET"]}}],"collection":[{"href":"https:\/\/valga.ee\/en\/wp-json\/wp\/v2\/pages"}],"about":[{"href":"https:\/\/valga.ee\/en\/wp-json\/wp\/v2\/types\/page"}],"author":[{"embeddable":true,"href":"https:\/\/valga.ee\/en\/wp-json\/wp\/v2\/users\/5"}],"replies":[{"embeddable":true,"href":"https:\/\/valga.ee\/en\/wp-json\/wp\/v2\/comments?post=8769"}],"version-history":[{"count":1,"href":"https:\/\/valga.ee\/en\/wp-json\/wp\/v2\/pages\/8769\/revisions"}],"predecessor-version":[{"id":8770,"href":"https:\/\/valga.ee\/en\/wp-json\/wp\/v2\/pages\/8769\/revisions\/8770"}],"wp:attachment":[{"href":"https:\/\/valga.ee\/en\/wp-json\/wp\/v2\/media?parent=8769"}],"curies":[{"name":"wp","href":"https:\/\/api.w.org\/{rel}","templated":true}]}}