{"id":7070,"date":"2025-11-06T16:12:58","date_gmt":"2025-11-06T14:12:58","guid":{"rendered":"https:\/\/valga.ee\/?page_id=7070"},"modified":"2025-12-22T08:28:29","modified_gmt":"2025-12-22T06:28:29","slug":"ohvriabi","status":"publish","type":"page","link":"https:\/\/valga.ee\/en\/pere-sotsiaal-ja-tervishoid\/ohvriabi\/","title":{"rendered":"Victim assistance"},"content":{"rendered":"<div class=\"wp-block-columns is-layout-flex wp-container-core-columns-is-layout-28f84493 wp-block-columns-is-layout-flex\">\n<div class=\"wp-block-column is-layout-flow wp-block-column-is-layout-flow\" style=\"flex-basis:66.66%\">\n<h4 class=\"wp-block-heading\">What is victim assistance?<\/h4>\n\n\n\n<p>Victim assistance is a free public social service aimed at maintaining or improving the victim's ability to support himself\/herself.<\/p>\n\n\n\n<p>Victim support workers provide emotional support and information on how to get help. They also provide guidance and assistance in dealing with the state and local authorities and other agencies providing services needed by the victim.<br><br>Anyone who has been a victim of neglect or abuse, physical, mental or sexual violence has the right to seek help. Anyone who has suffered harm or suffering can get counselling, regardless of whether the perpetrator of the harm has come to light and whether criminal proceedings have been brought against him or her.<br><br>Contact a victim support worker if you want to talk about your problem, feel you need support to resolve your concerns or want to find a way out of your situation.<\/p>\n\n\n\n<div style=\"height:23px\" aria-hidden=\"true\" class=\"wp-block-spacer\"><\/div>\n<\/div>\n\n\n\n<div class=\"wp-block-column is-layout-flow wp-block-column-is-layout-flow\" style=\"flex-basis:33.33%\">\n<figure class=\"wp-block-image size-full\"><img loading=\"lazy\" decoding=\"async\" width=\"768\" height=\"287\" src=\"https:\/\/valga.ee\/wp-content\/uploads\/2025\/11\/Ohvriabi-kriisitelefon-768x287-1.png\" alt=\"24\/7 tasuta ohvriabi kriisitelefon 116006\" class=\"wp-image-7071\" srcset=\"https:\/\/valga.ee\/wp-content\/uploads\/2025\/11\/Ohvriabi-kriisitelefon-768x287-1.png 768w, https:\/\/valga.ee\/wp-content\/uploads\/2025\/11\/Ohvriabi-kriisitelefon-768x287-1-300x112.png 300w, https:\/\/valga.ee\/wp-content\/uploads\/2025\/11\/Ohvriabi-kriisitelefon-768x287-1-18x7.png 18w\" sizes=\"auto, (max-width: 768px) 100vw, 768px\" \/><\/figure>\n\n\n\n<h6 class=\"wp-block-heading\">Victim Support Worker in Valga County:<\/h6>\n\n\n\n<p><span class=\"wp-rich-text-font-awesome-icon wp-font-awesome-icon\"><svg aria-hidden=\"true\" focusable=\"false\" data-prefix=\"fas\" data-icon=\"user\" class=\"svg-inline--fa fa-user\" role=\"img\" xmlns=\"http:\/\/www.w3.org\/2000\/svg\" viewbox=\"0 0 448 512\"><path fill=\"currentColor\" d=\"M224 256A128 128 0 1 0 224 0a128 128 0 1 0 0 256zm-45.7 48C79.8 304 0 383.8 0 482.3C0 498.7 13.3 512 29.7 512l388.6 0c16.4 0 29.7-13.3 29.7-29.7C448 383.8 368.2 304 269.7 304l-91.4 0z\"><\/path><\/svg><\/span>Sirje Sillam\u00e4gi-Tamm<br><span class=\"wp-rich-text-font-awesome-icon wp-font-awesome-icon\"><svg aria-hidden=\"true\" focusable=\"false\" data-prefix=\"fas\" data-icon=\"phone\" class=\"svg-inline--fa fa-phone\" role=\"img\" xmlns=\"http:\/\/www.w3.org\/2000\/svg\" viewbox=\"0 0 512 512\"><path fill=\"currentColor\" d=\"M164.9 24.6c-7.7-18.6-28-28.5-47.4-23.2l-88 24C12.1 30.2 0 46 0 64C0 311.4 200.6 512 448 512c18 0 33.8-12.1 38.6-29.5l24-88c5.3-19.4-4.6-39.7-23.2-47.4l-96-40c-16.3-6.8-35.2-2.1-46.3 11.6L304.7 368C234.3 334.7 177.3 277.7 144 207.3L193.3 167c13.7-11.2 18.4-30 11.6-46.3l-40-96z\"><\/path><\/svg><\/span><a href=\"tel:+372 5218 088\" title=\"+372 5218 088\">+372 5218 088<\/a><br><span class=\"wp-rich-text-font-awesome-icon wp-font-awesome-icon\"><svg aria-hidden=\"true\" focusable=\"false\" data-prefix=\"fas\" data-icon=\"envelope\" class=\"svg-inline--fa fa-envelope\" role=\"img\" xmlns=\"http:\/\/www.w3.org\/2000\/svg\" viewbox=\"0 0 512 512\"><path fill=\"currentColor\" d=\"M48 64C21.5 64 0 85.5 0 112c0 15.1 7.1 29.3 19.2 38.4L236.8 313.6c11.4 8.5 27 8.5 38.4 0L492.8 150.4c12.1-9.1 19.2-23.3 19.2-38.4c0-26.5-21.5-48-48-48L48 64zM0 176L0 384c0 35.3 28.7 64 64 64l384 0c35.3 0 64-28.7 64-64l0-208L294.4 339.2c-22.8 17.1-54 17.1-76.8 0L0 176z\"><\/path><\/svg><\/span><a href=\"mailto:sirje.sillamagi-tamm@sotsiaalkindlustusamet.ee\">sirje.sillamagi-tamm@sotsiaalkindlustusamet.ee<\/a><br><br><span class=\"wp-rich-text-font-awesome-icon wp-font-awesome-icon\"><svg aria-hidden=\"true\" focusable=\"false\" data-prefix=\"fas\" data-icon=\"location-dot\" class=\"svg-inline--fa fa-location-dot\" role=\"img\" xmlns=\"http:\/\/www.w3.org\/2000\/svg\" viewbox=\"0 0 384 512\"><path fill=\"currentColor\" d=\"M215.7 499.2C267 435 384 279.4 384 192C384 86 298 0 192 0S0 86 0 192c0 87.4 117 243 168.3 307.2c12.3 15.3 35.1 15.3 47.4 0zM192 128a64 64 0 1 1 0 128 64 64 0 1 1 0-128z\"><\/path><\/svg><\/span>Puiestee 4, Valga (Southeastern Police Station)<br><\/p>\n\n\n\n<div class=\"wp-block-group has-global-padding is-layout-constrained wp-container-core-group-is-layout-19e250f3 wp-block-group-is-layout-constrained\"><a href=\"https:\/\/www.palunabi.ee\/et\"    class=\"kiirlink wp-block-tiptip-hyperlink-group-block\" >\n<div class=\"wp-block-group kiirlink kiirlink-tume has-accent-4-color has-accent-5-background-color has-text-color has-background has-link-color wp-elements-7c1a4a6230f75f33f8fb9a8a7fa1f09f wp-container-content-9cfa9a5a has-global-padding is-layout-constrained wp-container-core-group-is-layout-246ba8a2 wp-block-group-is-layout-constrained\" style=\"border-radius:0px;border-top-color:var(--wp--preset--color--accent-4);border-top-width:1px;border-bottom-style:none;border-bottom-width:0px;padding-top:0.7em;padding-right:var(--wp--preset--spacing--10);padding-bottom:0.7em;padding-left:var(--wp--preset--spacing--10)\">\n<div class=\"wp-block-group is-content-justification-space-between is-nowrap is-layout-flex wp-container-core-group-is-layout-2b43bde3 wp-block-group-is-layout-flex\" style=\"padding-top:0;padding-bottom:0\">\n<p class=\"wp-container-content-9cfa9a5a\"><strong>Please help.ee<\/strong><\/p>\n\n\n\n<p>&gt;<\/p>\n<\/div>\n<\/div>\n<\/a><\/div>\n<\/div>\n<\/div>\n\n\n\n<h3 class=\"wp-block-heading\">When to turn to victim support and what does it offer you?<\/h3>\n\n\n\n<figure class=\"wp-block-image\"><img decoding=\"async\" src=\"https:\/\/jarvavald.ee\/wp-content\/uploads\/2025\/07\/Ohvriabi_pilt.png\" alt=\"\" class=\"wp-image-2289\"\/><\/figure>\n\n\n\n<div class=\"wp-block-columns is-layout-flex wp-container-core-columns-is-layout-28f84493 wp-block-columns-is-layout-flex\">\n<div class=\"wp-block-column is-layout-flow wp-block-column-is-layout-flow\">\n<h3 class=\"wp-block-heading\">When to contact victim support?<\/h3>\n\n\n\n<p class=\"has-text-align-left\">It is worth contacting victim support if you or someone you love has been a victim of neglect, abuse, physical, mental or sexual violence. You can also seek help if you have suffered harm or suffered injury, regardless of whether the perpetrator of the harm has come forward and whether a criminal case has been brought against him or her. You do not have to have committed a crime to get help - you can also turn to victim support if you have witnessed someone else being mistreated or if you have had an accident and do not know where to turn for help.<\/p>\n<\/div>\n\n\n\n<div class=\"wp-block-column is-layout-flow wp-block-column-is-layout-flow\">\n<h3 class=\"wp-block-heading\" style=\"border-style:none;border-width:0px\">What does victim support offer you?<\/h3>\n\n\n\n<p style=\"padding-right:0;padding-left:0\">Victim Support is a public service that aims to maintain or improve your or your loved ones' coping capacity in difficult emotional situations, such as an accident or a crime. To help you cope in these situations, you need emotional support, a listening ear and information about the help you can get from different officials and agencies. It is also important that you know what your rights are, what will happen to you and your data, what your options are for refusing help and what help is available to your loved ones.<\/p>\n<\/div>\n<\/div>\n\n\n\n<div class=\"wp-block-columns is-layout-flex wp-container-core-columns-is-layout-28f84493 wp-block-columns-is-layout-flex\">\n<div class=\"wp-block-column is-layout-flow wp-block-column-is-layout-flow\" style=\"flex-basis:100%\">\n<div class=\"wp-block-columns is-layout-flex wp-container-core-columns-is-layout-28f84493 wp-block-columns-is-layout-flex\">\n<div class=\"wp-block-column is-layout-flow wp-block-column-is-layout-flow\">\n<h3 class=\"wp-block-heading\">What services and support are available to you from Victim Support?<\/h3>\n\n\n\n<p>You can get help from a victim support worker to.&nbsp;<a href=\"https:\/\/www.sotsiaalkindlustusamet.ee\/et\/ohvriabi-huvitis\/ohvriabi-ja-lepitusteenus#psyh\" target=\"_blank\" rel=\"noreferrer noopener\">psychological counselling<\/a>, request&nbsp;<a href=\"https:\/\/sotsiaalkindlustusamet.ee\/kuriteoohvri-riiklik-huvitis\" target=\"_blank\" rel=\"noreferrer noopener\">compensation to crime victims<\/a>, get support&nbsp;<a href=\"https:\/\/www.sotsiaalkindlustusamet.ee\/ohvriabi\" target=\"_blank\" rel=\"noreferrer noopener\">MARAC network<\/a>&nbsp;or&nbsp;<a href=\"https:\/\/www.sotsiaalkindlustusamet.ee\/et\/ohvriabi-huvitis\/ohvriabi-ja-lepitusteenus#Taastav%20%C3%B5igus\" target=\"_blank\" rel=\"noreferrer noopener\">restorative justice<\/a>&nbsp;in carrying out the principles. Restorative justice conflict resolution involves bringing the parties to a conflict or offence together with a neutral mediator, giving everyone a chance to talk about what happened, their thoughts, feelings and needs, and to discuss how to make amends and agree on what can be done to prevent such situations from happening again. In addition, victim support workers help to carry out both&nbsp;<a href=\"https:\/\/www.sotsiaalkindlustusamet.ee\/et\/ohvriabi-huvitis\/ohvriabi-ja-lepitusteenus#Lepitusteenus\" target=\"_blank\" rel=\"noreferrer noopener\">hosting service<\/a>&nbsp;or to make arrangements to make up for the harm you have suffered as a result of the crime.<\/p>\n\n\n\n<p>You can find the contacts you need to support children's psychosocial coping.&nbsp;<a href=\"https:\/\/www.sotsiaalkindlustusamet.ee\/abivajav-laps-ja-taiskasvanu\/vaimne-tervis-kriisis\/psuhhosotsiaalne-kriisiabi\" target=\"_blank\" rel=\"noreferrer noopener\">multidimensional family therapy<\/a>&nbsp;(MDFT) programme team contacts.&nbsp;<a href=\"https:\/\/www.sotsiaalkindlustusamet.ee\/abivajav-laps-ja-taiskasvanu\/abi-vagivalla-ohvrile\/traumast-taastumist-toetav-vaimse-tervise-abi\" target=\"_blank\" rel=\"noreferrer noopener\">Social rehabilitation services for children<\/a>&nbsp;you can ask the contact person for the same service. Victim Support Prevention Service specialists can also help to organise the following for children who engage in behaviour that puts themselves or others at risk.&nbsp;<a href=\"https:\/\/www.sotsiaalkindlustusamet.ee\/spetsialistile-ja-koostoopartnerile\/laste-ja-noortega-tootavale-spetsialistile\/klat\" target=\"_blank\" rel=\"noreferrer noopener\">a closed childcare service<\/a>.<\/p>\n<\/div>\n<\/div>\n<\/div>\n<\/div>\n\n\n\n<h3 class=\"wp-block-heading\"><span class=\"wp-rich-text-font-awesome-icon wp-font-awesome-icon\"><svg aria-hidden=\"true\" focusable=\"false\" data-prefix=\"fas\" data-icon=\"circle-question\" class=\"svg-inline--fa fa-circle-question\" role=\"img\" xmlns=\"http:\/\/www.w3.org\/2000\/svg\" viewbox=\"0 0 512 512\"><path fill=\"currentColor\" d=\"M256 512A256 256 0 1 0 256 0a256 256 0 1 0 0 512zM169.8 165.3c7.9-22.3 29.1-37.3 52.8-37.3l58.3 0c34.9 0 63.1 28.3 63.1 63.1c0 22.6-12.1 43.5-31.7 54.8L280 264.4c-.2 13-10.9 23.6-24 23.6c-13.3 0-24-10.7-24-24l0-13.5c0-8.6 4.6-16.5 12.1-20.8l44.3-25.4c4.7-2.7 7.6-7.7 7.6-13.1c0-8.4-6.8-15.1-15.1-15.1l-58.3 0c-3.4 0-6.4 2.1-7.5 5.3l-.4 1.2c-4.4 12.5-18.2 19-30.6 14.6s-19-18.2-14.6-30.6l.4-1.2zM224 352a32 32 0 1 1 64 0 32 32 0 1 1 -64 0z\"><\/path><\/svg><\/span>Where to go if you need help?<\/h3>\n\n\n\n<ul class=\"wp-block-list\">\n<li>Call&nbsp;<a href=\"https:\/\/www.112.ee\/\">112<\/a>, if you are in danger, have had an accident or are a victim of a crime.<\/li>\n\n\n\n<li>Call&nbsp;<a href=\"https:\/\/www.lasteabi.ee\/\" target=\"_blank\" rel=\"noreferrer noopener\">child helpline 116111<\/a>&nbsp;or&nbsp;<a href=\"https:\/\/www.lasteabi.ee\/\" target=\"_blank\" rel=\"noreferrer noopener\">Write to us in the online chat at childrensassistance.ee<\/a>, if you want to report a child in need or in danger.<\/li>\n\n\n\n<li>Victim assistance&nbsp;<a href=\"https:\/\/www.palunabi.ee\/\" target=\"_blank\" rel=\"noreferrer noopener\">crisis hotline number&nbsp;<strong>116006<\/strong><\/a>&nbsp;or&nbsp;<a href=\"https:\/\/www.palunabi.ee\/\" target=\"_blank\" rel=\"noreferrer noopener\">online chat at palunabi.ee<\/a>&nbsp;helps you around the clock and gives you fast help if you are the victim of crime, negligence or mistreatment.<\/li>\n\n\n\n<li><a href=\"https:\/\/www.sotsiaalkindlustusamet.ee\/inimkaubandus\" target=\"_blank\" rel=\"noreferrer noopener\">Trafficking Prevention and Victim Support Helpline +372 660 7320<\/a>&nbsp;get help if you show signs of human trafficking or if you have been a victim of human trafficking (for example, labour or sexual exploitation, coercion into crime, etc.).<\/li>\n\n\n\n<li>If you're worried about your own or a loved one's violent behaviour, get help.&nbsp;<a href=\"https:\/\/www.sotsiaalkindlustusamet.ee\/abivajav-laps-ja-taiskasvanu\/abi-vagivalla-ohvrile\/tugi-vagivallast-loobumiseks\" target=\"_blank\" rel=\"noreferrer noopener\">from the non-violence hotline +372 660 6077<\/a><strong>.<\/strong><\/li>\n\n\n\n<li>If you have experienced sexual violence, you can contact your nearest.&nbsp;<a href=\"https:\/\/sotsiaalkindlustusamet.ee\/abivajav-laps-ja-taiskasvanu\/abi-vagivalla-ohvrile\/seksuaalvagivalla-ohvrite-kriisiabi\" target=\"_blank\" rel=\"noreferrer noopener\">24-hour sexual violence crisis centre<\/a>.&nbsp;<\/li>\n\n\n\n<li>If you are a victim of violence and you and your children need a safe place to stay, counselling and support, you can ask for help.&nbsp;<a href=\"https:\/\/www.sotsiaalkindlustusamet.ee\/naiste-tugikeskused\">women's support centres&nbsp;<\/a>all over Estonia.<\/li>\n\n\n\n<li>Find the one nearest you&nbsp;<a href=\"https:\/\/sotsiaalkindlustusamet.ee\/ohvriabi\" target=\"_blank\" rel=\"noreferrer noopener\">victim support officer<\/a>, who can support you and read about your options at.&nbsp;<a href=\"https:\/\/www.palunabi.ee\/\">pleaseabi.ee<\/a><strong>.<\/strong><\/li>\n<\/ul>\n\n\n\n<p><\/p>\n\n\n\n<p><strong>It is safer to move towards a safer life with the help of others.<\/strong><\/p>\n\n\n\n<p><strong>We are here for you!<\/strong><\/p>\n\n\n\n<div class=\"wp-block-group is-vertical is-content-justification-center is-nowrap is-layout-flex wp-container-core-group-is-layout-857ef822 wp-block-group-is-layout-flex\">\n<div class=\"wp-block-group is-content-justification-center is-nowrap is-layout-flex wp-container-core-group-is-layout-23441af8 wp-block-group-is-layout-flex\">\n<figure class=\"wp-block-image is-resized\"><img decoding=\"async\" src=\"https:\/\/jarvavald.ee\/wp-content\/uploads\/2025\/07\/Vagivallast-loobumise-tugiliin.png\" alt=\"\" class=\"wp-image-2309\" style=\"width:186px;height:auto\"\/><\/figure>\n\n\n\n<figure class=\"wp-block-image is-resized\"><img decoding=\"async\" src=\"https:\/\/jarvavald.ee\/wp-content\/uploads\/2025\/07\/Ohvriabi-kriisitelefon-1.png\" alt=\"\" class=\"wp-image-2310\" style=\"width:190px;height:auto\"\/><\/figure>\n<\/div>\n\n\n\n<figure class=\"wp-block-image\"><img decoding=\"async\" src=\"https:\/\/jarvavald.ee\/wp-content\/uploads\/2025\/07\/Inimkaubanduse-nouandeliin.png\" alt=\"\" class=\"wp-image-2312\"\/><\/figure>\n<\/div>\n\n\n\n<h2 class=\"wp-block-heading\">Sexual violence crisis centres<\/h2>\n\n\n\n<p>Take a moment to look at where the sexual violence crisis centres are, who is working there and what is offered and done for survivors.<\/p>\n\n\n\n<p>The video encourages anyone in need to get in touch. Once you've seen the process, it's easier to recommend a centre to a client, an acquaintance, a person in need.<\/p>\n\n\n\n<figure class=\"wp-block-embed aligncenter is-type-video is-provider-youtube wp-block-embed-youtube wp-embed-aspect-16-9 wp-has-aspect-ratio\"><div class=\"wp-block-embed__wrapper\">\n<iframe loading=\"lazy\" title=\"Sexual violence crisis centres in Estonia (EST, 2019)\" width=\"500\" height=\"281\" src=\"https:\/\/www.youtube.com\/embed\/r841GQCkeSQ?feature=oembed\" frameborder=\"0\" allow=\"accelerometer; autoplay; clipboard-write; encrypted-media; gyroscope; picture-in-picture; web-share\" referrerpolicy=\"strict-origin-when-cross-origin\" allowfullscreen><\/iframe>\n<\/div><\/figure>\n\n\n\n<div style=\"height:68px\" aria-hidden=\"true\" class=\"wp-block-spacer\"><\/div>\n\n\n\n<figure class=\"wp-block-image aligncenter size-large is-resized\"><img loading=\"lazy\" decoding=\"async\" width=\"1024\" height=\"576\" src=\"https:\/\/valga.ee\/wp-content\/uploads\/2025\/11\/Ohvriabi-info-2025_page-0001-1024x576.jpg\" alt=\"\" class=\"wp-image-7089\" style=\"width:661px;height:auto\" srcset=\"https:\/\/valga.ee\/wp-content\/uploads\/2025\/11\/Ohvriabi-info-2025_page-0001-1024x576.jpg 1024w, https:\/\/valga.ee\/wp-content\/uploads\/2025\/11\/Ohvriabi-info-2025_page-0001-300x169.jpg 300w, https:\/\/valga.ee\/wp-content\/uploads\/2025\/11\/Ohvriabi-info-2025_page-0001-768x432.jpg 768w, https:\/\/valga.ee\/wp-content\/uploads\/2025\/11\/Ohvriabi-info-2025_page-0001-1536x864.jpg 1536w, https:\/\/valga.ee\/wp-content\/uploads\/2025\/11\/Ohvriabi-info-2025_page-0001-18x10.jpg 18w, https:\/\/valga.ee\/wp-content\/uploads\/2025\/11\/Ohvriabi-info-2025_page-0001.jpg 2000w\" sizes=\"auto, (max-width: 1024px) 100vw, 1024px\" \/><\/figure>","protected":false},"excerpt":{"rendered":"<p>Mis on ohvriabi? Ohvriabi on tasuta avalik sotsiaalteenus, mille eesm\u00e4rgiks on s\u00e4ilitada v\u00f5i parandada ohvri toimetulekuv\u00f5imet. Ohvriabit\u00f6\u00f6tajad pakuvad emotsionaalset tuge ja jagavad informatsiooni abi saamise v\u00f5imaluste kohta. Samuti juhendavad ja [&hellip;]<\/p>\n","protected":false},"author":5,"featured_media":0,"parent":132,"menu_order":1,"comment_status":"closed","ping_status":"closed","template":"","meta":{"_EventAllDay":false,"_EventTimezone":"","_EventStartDate":"","_EventEndDate":"","_EventStartDateUTC":"","_EventEndDateUTC":"","_EventShowMap":false,"_EventShowMapLink":false,"_EventURL":"","_EventCost":"","_EventCostDescription":"","_EventCurrencySymbol":"","_EventCurrencyCode":"","_EventCurrencyPosition":"","_EventDateTimeSeparator":"","_EventTimeRangeSeparator":"","_EventOrganizerID":[],"_EventVenueID":[],"_OrganizerEmail":"","_OrganizerPhone":"","_OrganizerWebsite":"","_VenueAddress":"","_VenueCity":"","_VenueCountry":"","_VenueProvince":"","_VenueState":"","_VenueZip":"","_VenuePhone":"","_VenueURL":"","_VenueStateProvince":"","_VenueLat":"","_VenueLng":"","_VenueShowMap":false,"_VenueShowMapLink":false,"slim_seo":{"title":"Victim Support - Valga Parish","description":"What is victim support? Victim support is a free public social service aimed at maintaining or improving the victim's coping ability. Victim support workers offer emotional"},"footnotes":""},"class_list":["post-7070","page","type-page","status-publish","hentry"],"_links":{"self":[{"href":"https:\/\/valga.ee\/en\/wp-json\/wp\/v2\/pages\/7070","targetHints":{"allow":["GET"]}}],"collection":[{"href":"https:\/\/valga.ee\/en\/wp-json\/wp\/v2\/pages"}],"about":[{"href":"https:\/\/valga.ee\/en\/wp-json\/wp\/v2\/types\/page"}],"author":[{"embeddable":true,"href":"https:\/\/valga.ee\/en\/wp-json\/wp\/v2\/users\/5"}],"replies":[{"embeddable":true,"href":"https:\/\/valga.ee\/en\/wp-json\/wp\/v2\/comments?post=7070"}],"version-history":[{"count":8,"href":"https:\/\/valga.ee\/en\/wp-json\/wp\/v2\/pages\/7070\/revisions"}],"predecessor-version":[{"id":8036,"href":"https:\/\/valga.ee\/en\/wp-json\/wp\/v2\/pages\/7070\/revisions\/8036"}],"up":[{"embeddable":true,"href":"https:\/\/valga.ee\/en\/wp-json\/wp\/v2\/pages\/132"}],"wp:attachment":[{"href":"https:\/\/valga.ee\/en\/wp-json\/wp\/v2\/media?parent=7070"}],"curies":[{"name":"wp","href":"https:\/\/api.w.org\/{rel}","templated":true}]}}