{"id":4908,"date":"2025-09-15T14:55:13","date_gmt":"2025-09-15T11:55:13","guid":{"rendered":"https:\/\/valga.ee\/?page_id=4908"},"modified":"2025-09-28T13:57:16","modified_gmt":"2025-09-28T10:57:16","slug":"ohuteavitus","status":"publish","type":"page","link":"https:\/\/valga.ee\/en\/vald-uudised-ja-kontakt\/elanikkonnakaitse\/ohuteavitus\/","title":{"rendered":"Safety alert"},"content":{"rendered":"<div class=\"wp-block-columns is-layout-flex wp-container-core-columns-is-layout-658170e2 wp-block-columns-is-layout-flex\">\n<div class=\"wp-block-column is-layout-flow wp-block-column-is-layout-flow\" style=\"flex-basis:60%\">\n<p>In an emergency, it is important that information reaches people quickly. Safety warnings must always be taken seriously and official instructions followed.<\/p>\n\n\n\n<p><\/p>\n\n\n\n<details class=\"wp-block-details is-layout-flow wp-block-details-is-layout-flow\"><summary>National risk warning system <strong>EE-ALARM<\/strong><\/summary>\n<p>EE-ALARM is a national health alert system that helps keep people safe and lets them know when their life, health or national security is at risk. Notifications are always delivered through multiple channels:<\/p>\n\n\n\n<div style=\"height:22px\" aria-hidden=\"true\" class=\"wp-block-spacer\"><\/div>\n\n\n\n<p><strong>Channels for risk information:<\/strong><\/p>\n\n\n\n<p><span class=\"wp-rich-text-font-awesome-icon wp-font-awesome-icon\"><svg aria-hidden=\"true\" focusable=\"false\" data-prefix=\"fas\" data-icon=\"arrow-right\" class=\"svg-inline--fa fa-arrow-right\" role=\"img\" xmlns=\"http:\/\/www.w3.org\/2000\/svg\" viewbox=\"0 0 448 512\"><path fill=\"currentColor\" d=\"M438.6 278.6c12.5-12.5 12.5-32.8 0-45.3l-160-160c-12.5-12.5-32.8-12.5-45.3 0s-12.5 32.8 0 45.3L338.8 224 32 224c-17.7 0-32 14.3-32 32s14.3 32 32 32l306.7 0L233.4 393.4c-12.5 12.5-12.5 32.8 0 45.3s32.8 12.5 45.3 0l160-160z\"><\/path><\/svg><\/span><strong><em>SMS for people in danger<\/em><\/strong><br>The sender is\u00a0<em>EE-ALARM<\/em>. If you do not have an Estonian number, you will receive a message from.\u00a0<strong>+372 5950 0000<\/strong>.<\/p>\n\n\n\n<p><span class=\"wp-rich-text-font-awesome-icon wp-font-awesome-icon\"><svg aria-hidden=\"true\" focusable=\"false\" data-prefix=\"fas\" data-icon=\"check\" class=\"svg-inline--fa fa-check\" role=\"img\" xmlns=\"http:\/\/www.w3.org\/2000\/svg\" viewbox=\"0 0 448 512\"><path fill=\"currentColor\" d=\"M438.6 105.4c12.5 12.5 12.5 32.8 0 45.3l-256 256c-12.5 12.5-32.8 12.5-45.3 0l-128-128c-12.5-12.5-12.5-32.8 0-45.3s32.8-12.5 45.3 0L160 338.7 393.4 105.4c12.5-12.5 32.8-12.5 45.3 0z\"><\/path><\/svg><\/span>The message always starts with the name of the authority responsible for safety (e.g. \"EE-ALARM: The Rescue Board informs!\").<\/p>\n\n\n\n<div style=\"height:17px\" aria-hidden=\"true\" class=\"wp-block-spacer\"><\/div>\n\n\n\n<p><span class=\"wp-rich-text-font-awesome-icon wp-font-awesome-icon\"><svg aria-hidden=\"true\" focusable=\"false\" data-prefix=\"fas\" data-icon=\"arrow-right\" class=\"svg-inline--fa fa-arrow-right\" role=\"img\" xmlns=\"http:\/\/www.w3.org\/2000\/svg\" viewbox=\"0 0 448 512\"><path fill=\"currentColor\" d=\"M438.6 278.6c12.5-12.5 12.5-32.8 0-45.3l-160-160c-12.5-12.5-32.8-12.5-45.3 0s-12.5 32.8 0 45.3L338.8 224 32 224c-17.7 0-32 14.3-32 32s14.3 32 32 32l306.7 0L233.4 393.4c-12.5 12.5-12.5 32.8 0 45.3s32.8 12.5 45.3 0l160-160z\"><\/path><\/svg><\/span><strong>Mobile apps:<\/strong>\u00a0\"Get ready!\" and \"Estonian app\"<\/p>\n\n\n\n<p><span class=\"wp-rich-text-font-awesome-icon wp-font-awesome-icon\"><svg aria-hidden=\"true\" focusable=\"false\" data-prefix=\"fas\" data-icon=\"check\" class=\"svg-inline--fa fa-check\" role=\"img\" xmlns=\"http:\/\/www.w3.org\/2000\/svg\" viewbox=\"0 0 448 512\"><path fill=\"currentColor\" d=\"M438.6 105.4c12.5 12.5 12.5 32.8 0 45.3l-256 256c-12.5 12.5-32.8 12.5-45.3 0l-128-128c-12.5-12.5-12.5-32.8 0-45.3s32.8-12.5 45.3 0L160 338.7 393.4 105.4c12.5-12.5 32.8-12.5 45.3 0z\"><\/path><\/svg><\/span>The notifications can either be for the whole of Estonia or just for your home region.<\/p>\n\n\n\n<p><span class=\"wp-rich-text-font-awesome-icon wp-font-awesome-icon\"><svg aria-hidden=\"true\" focusable=\"false\" data-prefix=\"fas\" data-icon=\"check\" class=\"svg-inline--fa fa-check\" role=\"img\" xmlns=\"http:\/\/www.w3.org\/2000\/svg\" viewbox=\"0 0 448 512\"><path fill=\"currentColor\" d=\"M438.6 105.4c12.5 12.5 12.5 32.8 0 45.3l-256 256c-12.5 12.5-32.8 12.5-45.3 0l-128-128c-12.5-12.5-12.5-32.8 0-45.3s32.8-12.5 45.3 0L160 338.7 393.4 105.4c12.5-12.5 32.8-12.5 45.3 0z\"><\/path><\/svg><\/span>The app can also be used without an internet connection (\"Get ready!\").<br><\/p>\n\n\n\n<p><span class=\"wp-rich-text-font-awesome-icon wp-font-awesome-icon\"><svg aria-hidden=\"true\" focusable=\"false\" data-prefix=\"fas\" data-icon=\"arrow-right\" class=\"svg-inline--fa fa-arrow-right\" role=\"img\" xmlns=\"http:\/\/www.w3.org\/2000\/svg\" viewbox=\"0 0 448 512\"><path fill=\"currentColor\" d=\"M438.6 278.6c12.5-12.5 12.5-32.8 0-45.3l-160-160c-12.5-12.5-32.8-12.5-45.3 0s-12.5 32.8 0 45.3L338.8 224 32 224c-17.7 0-32 14.3-32 32s14.3 32 32 32l306.7 0L233.4 393.4c-12.5 12.5-12.5 32.8 0 45.3s32.8 12.5 45.3 0l160-160z\"><\/path><\/svg><\/span><strong>Bi-text on ETV and ETV+ and RDS text on Vikerrado.<\/strong><\/p>\n\n\n\n<p><span class=\"wp-rich-text-font-awesome-icon wp-font-awesome-icon\"><svg aria-hidden=\"true\" focusable=\"false\" data-prefix=\"fas\" data-icon=\"arrow-right\" class=\"svg-inline--fa fa-arrow-right\" role=\"img\" xmlns=\"http:\/\/www.w3.org\/2000\/svg\" viewbox=\"0 0 448 512\"><path fill=\"currentColor\" d=\"M438.6 278.6c12.5-12.5 12.5-32.8 0-45.3l-160-160c-12.5-12.5-32.8-12.5-45.3 0s-12.5 32.8 0 45.3L338.8 224 32 224c-17.7 0-32 14.3-32 32s14.3 32 32 32l306.7 0L233.4 393.4c-12.5 12.5-12.5 32.8 0 45.3s32.8 12.5 45.3 0l160-160z\"><\/path><\/svg><\/span><strong>Websites:<\/strong>\u00a0<a href=\"http:\/\/www.kriis.ee\/\">www.kriis.ee<\/a>\u00a0and\u00a0<a href=\"http:\/\/www.olevalmis.ee\/\">www.olevalmis.ee<\/a><\/p>\n\n\n\n<p><span class=\"wp-rich-text-font-awesome-icon wp-font-awesome-icon\"><svg aria-hidden=\"true\" focusable=\"false\" data-prefix=\"fas\" data-icon=\"arrow-right\" class=\"svg-inline--fa fa-arrow-right\" role=\"img\" xmlns=\"http:\/\/www.w3.org\/2000\/svg\" viewbox=\"0 0 448 512\"><path fill=\"currentColor\" d=\"M438.6 278.6c12.5-12.5 12.5-32.8 0-45.3l-160-160c-12.5-12.5-32.8-12.5-45.3 0s-12.5 32.8 0 45.3L338.8 224 32 224c-17.7 0-32 14.3-32 32s14.3 32 32 32l306.7 0L233.4 393.4c-12.5 12.5-12.5 32.8 0 45.3s32.8 12.5 45.3 0l160-160z\"><\/path><\/svg><\/span><strong>Other channels as needed:<\/strong>\u00a0sirens, public address system, door-to-door notification, drones<\/p>\n<\/details>\n\n\n\n<details class=\"wp-block-details is-layout-flow wp-block-details-is-layout-flow\"><summary>Danger sirens<\/summary>\n<p>Sirens are sounded only in extreme cases where there is an urgent and immediate threat to human life (e.g. major accidents, radiation accidents, military threats).<\/p>\n\n\n\n<p><span class=\"wp-rich-text-font-awesome-icon wp-font-awesome-icon\"><svg aria-hidden=\"true\" focusable=\"false\" data-prefix=\"fas\" data-icon=\"check\" class=\"svg-inline--fa fa-check\" role=\"img\" xmlns=\"http:\/\/www.w3.org\/2000\/svg\" viewbox=\"0 0 448 512\"><path fill=\"currentColor\" d=\"M438.6 105.4c12.5 12.5 12.5 32.8 0 45.3l-256 256c-12.5 12.5-32.8 12.5-45.3 0l-128-128c-12.5-12.5-12.5-32.8 0-45.3s32.8-12.5 45.3 0L160 338.7 393.4 105.4c12.5-12.5 32.8-12.5 45.3 0z\"><\/path><\/svg><\/span>The siren sound is a minute-long rising and falling tone repeated at least three times with 30-second breaks.<\/p>\n\n\n\n<p><span class=\"wp-rich-text-font-awesome-icon wp-font-awesome-icon\"><svg aria-hidden=\"true\" focusable=\"false\" data-prefix=\"fas\" data-icon=\"check\" class=\"svg-inline--fa fa-check\" role=\"img\" xmlns=\"http:\/\/www.w3.org\/2000\/svg\" viewbox=\"0 0 448 512\"><path fill=\"currentColor\" d=\"M438.6 105.4c12.5 12.5 12.5 32.8 0 45.3l-256 256c-12.5 12.5-32.8 12.5-45.3 0l-128-128c-12.5-12.5-12.5-32.8 0-45.3s32.8-12.5 45.3 0L160 338.7 393.4 105.4c12.5-12.5 32.8-12.5 45.3 0z\"><\/path><\/svg><\/span>If you hear a siren: shelter indoors immediately, close doors, windows and ventilation, then check the media.<\/p>\n\n\n\n<p><span class=\"wp-rich-text-font-awesome-icon wp-font-awesome-icon\"><svg aria-hidden=\"true\" focusable=\"false\" data-prefix=\"fas\" data-icon=\"check\" class=\"svg-inline--fa fa-check\" role=\"img\" xmlns=\"http:\/\/www.w3.org\/2000\/svg\" viewbox=\"0 0 448 512\"><path fill=\"currentColor\" d=\"M438.6 105.4c12.5 12.5 12.5 32.8 0 45.3l-256 256c-12.5 12.5-32.8 12.5-45.3 0l-128-128c-12.5-12.5-12.5-32.8 0-45.3s32.8-12.5 45.3 0L160 338.7 393.4 105.4c12.5-12.5 32.8-12.5 45.3 0z\"><\/path><\/svg><\/span>The siren network is ready for use in 22 cities, including Tallinn, Tartu, Narva, P\u00e4rnu, Valga, Viljandi, V\u00f5ru and others.<\/p>\n<\/details>\n\n\n\n<div style=\"height:45px\" aria-hidden=\"true\" class=\"wp-block-spacer\"><\/div>\n\n\n\n<h4 class=\"wp-block-heading\">What to do in an emergency<\/h4>\n\n\n\n<ol class=\"wp-block-list\">\n<li>If you hear a siren or receive an EE-ALARM SMS, go to a safe place (indoors) immediately.<\/li>\n\n\n\n<li>Close doors, windows and ventilation.<\/li>\n\n\n\n<li>Find more information on: websites\u00a0<a href=\"http:\/\/www.kriis.ee\/\">crisis.ee<\/a>,\u00a0<a href=\"http:\/\/www.olevalmis.ee\/\">not ready.ee<\/a>, state information by phone 1247, ERR TV and radio channels, and state authorities' social media.<\/li>\n\n\n\n<li><em>Always follow the behavioural instructions given in the messages.<\/em><\/li>\n<\/ol>\n\n\n\n<h4 class=\"wp-block-heading\">Frequently asked questions<\/h4>\n\n\n\n<details class=\"wp-block-details is-layout-flow wp-block-details-is-layout-flow\"><summary>Why didn't I receive an SMS when I was at the scene?<\/summary>\n<p>Only devices with a SIM card in or at the border of the danger area will receive the message. The quality of the signal and the telephone masts will affect the message.<\/p>\n<\/details>\n\n\n\n<details class=\"wp-block-details is-layout-flow wp-block-details-is-layout-flow\"><summary>How can I get alerts in the mobile app?<\/summary>\n<p>Download \"Get ready!\" and \"Estonian app\". In the app, you can choose to receive notifications all over Estonia or only in your home area. Notifications from the app usually arrive within seconds.<\/p>\n<\/details>\n\n\n\n<details class=\"wp-block-details is-layout-flow wp-block-details-is-layout-flow\"><summary>In which language are notifications sent?<\/summary>\n<p>From 2025, SMS will be available in the preferred language. Foreign SIM cards will receive notification in English.<\/p>\n<\/details>\n\n\n\n<details class=\"wp-block-details is-layout-flow wp-block-details-is-layout-flow\"><summary>Does the app need to be given access to the location to receive the alert?<\/summary>\n<p>No, it is up to the user to choose whether they want notifications throughout Estonia or only in their home area.<\/p>\n<\/details>\n\n\n\n<details class=\"wp-block-details is-layout-flow wp-block-details-is-layout-flow\"><summary>How quickly will the SMS reach you?<\/summary>\n<p>An SMS can reach all people in the target group in up to 10 minutes.<\/p>\n<\/details>\n\n\n\n<p><\/p>\n\n\n\n<div style=\"height:35px\" aria-hidden=\"true\" class=\"wp-block-spacer\"><\/div>\n\n\n\n<p>If mobile phone and electricity are available and the crisis affects other areas, information will be provided through Valga municipality channels (website, social media). In addition, radio Ruut FM.&nbsp;<\/p>\n\n\n\n<p>When mobile coverage and electricity are down for long periods, the following can be important sources of information.<a href=\"\/en\/kerksuskeskused\/\">Centres in Valga municipality<\/a>.&nbsp;<\/p>\n<\/div>\n\n\n\n<div class=\"wp-block-column is-layout-flow wp-block-column-is-layout-flow\">\n<figure class=\"wp-block-image size-full\"><img loading=\"lazy\" decoding=\"async\" width=\"423\" height=\"282\" src=\"https:\/\/valga.ee\/wp-content\/uploads\/2025\/09\/image-3.png\" alt=\"\" class=\"wp-image-4910\" srcset=\"https:\/\/valga.ee\/wp-content\/uploads\/2025\/09\/image-3.png 423w, https:\/\/valga.ee\/wp-content\/uploads\/2025\/09\/image-3-300x200.png 300w\" sizes=\"auto, (max-width: 423px) 100vw, 423px\" \/><\/figure>\n<\/div>\n<\/div>\n\n\n\n<p><\/p>","protected":false},"excerpt":{"rendered":"<p>Ohuolukorras on oluline, et info j\u00f5uaks inimesteni kiiresti. Ohuteavitused tuleb alati t\u00f5siselt v\u00f5tta ja j\u00e4rgida ametlikke juhiseid. Mida teha ohuolukorras Sageli esitatavad k\u00fcsimused Kui mobiililevi ja elekter on olemas ning [&hellip;]<\/p>\n","protected":false},"author":1,"featured_media":0,"parent":4835,"menu_order":2,"comment_status":"closed","ping_status":"closed","template":"","meta":{"_EventAllDay":false,"_EventTimezone":"","_EventStartDate":"","_EventEndDate":"","_EventStartDateUTC":"","_EventEndDateUTC":"","_EventShowMap":false,"_EventShowMapLink":false,"_EventURL":"","_EventCost":"","_EventCostDescription":"","_EventCurrencySymbol":"","_EventCurrencyCode":"","_EventCurrencyPosition":"","_EventDateTimeSeparator":"","_EventTimeRangeSeparator":"","_EventOrganizerID":[],"_EventVenueID":[],"_OrganizerEmail":"","_OrganizerPhone":"","_OrganizerWebsite":"","_VenueAddress":"","_VenueCity":"","_VenueCountry":"","_VenueProvince":"","_VenueState":"","_VenueZip":"","_VenuePhone":"","_VenueURL":"","_VenueStateProvince":"","_VenueLat":"","_VenueLng":"","_VenueShowMap":false,"_VenueShowMapLink":false,"slim_seo":{"title":"Safety information - Valga municipality","description":"In an emergency, it is important that information reaches people quickly. Safety warnings must always be taken seriously and official instructions followed. National risk communication system"},"footnotes":""},"class_list":["post-4908","page","type-page","status-publish","hentry"],"_links":{"self":[{"href":"https:\/\/valga.ee\/en\/wp-json\/wp\/v2\/pages\/4908","targetHints":{"allow":["GET"]}}],"collection":[{"href":"https:\/\/valga.ee\/en\/wp-json\/wp\/v2\/pages"}],"about":[{"href":"https:\/\/valga.ee\/en\/wp-json\/wp\/v2\/types\/page"}],"author":[{"embeddable":true,"href":"https:\/\/valga.ee\/en\/wp-json\/wp\/v2\/users\/1"}],"replies":[{"embeddable":true,"href":"https:\/\/valga.ee\/en\/wp-json\/wp\/v2\/comments?post=4908"}],"version-history":[{"count":2,"href":"https:\/\/valga.ee\/en\/wp-json\/wp\/v2\/pages\/4908\/revisions"}],"predecessor-version":[{"id":5599,"href":"https:\/\/valga.ee\/en\/wp-json\/wp\/v2\/pages\/4908\/revisions\/5599"}],"up":[{"embeddable":true,"href":"https:\/\/valga.ee\/en\/wp-json\/wp\/v2\/pages\/4835"}],"wp:attachment":[{"href":"https:\/\/valga.ee\/en\/wp-json\/wp\/v2\/media?parent=4908"}],"curies":[{"name":"wp","href":"https:\/\/api.w.org\/{rel}","templated":true}]}}