{"id":4876,"date":"2025-09-15T13:46:59","date_gmt":"2025-09-15T10:46:59","guid":{"rendered":"https:\/\/valga.ee\/?page_id=4876"},"modified":"2025-09-15T13:47:36","modified_gmt":"2025-09-15T10:47:36","slug":"kerksuskeskused","status":"publish","type":"page","link":"https:\/\/valga.ee\/en\/vald-uudised-ja-kontakt\/elanikkonnakaitse\/kerksuskeskused\/","title":{"rendered":"Round centres"},"content":{"rendered":"<div class=\"wp-block-columns is-layout-flex wp-container-core-columns-is-layout-658170e2 wp-block-columns-is-layout-flex\">\n<div class=\"wp-block-column is-layout-flow wp-block-column-is-layout-flow\" style=\"flex-basis:75%\">\n<p>The aim of a crisis centre is to support the community's crisis by providing help to people in crisis. A crisis centre is a permanent building, room or other place run by a local authority or community where people can go for information, advice and support in times of crisis.&nbsp;<\/p>\n\n\n\n<p>Services offered in the centres:&nbsp;<\/p>\n\n\n\n<ul class=\"wp-block-list\">\n<li>receiving information and guidance on the situation and how to deal with it;\u00a0<\/li>\n\n\n\n<li>charging mobile phones and smaller devices;\u00a0<\/li>\n\n\n\n<li>access to drinking water;\u00a0<\/li>\n\n\n\n<li>heating food.\u00a0<\/li>\n<\/ul>\n\n\n\n<p><strong>The Valga municipality has the capacity to open bicycle centres in the following areas:<\/strong>&nbsp;<\/p>\n\n\n\n<ul class=\"wp-block-list\">\n<li>City of Valga\u00a0<\/li>\n\n\n\n<li>\u00d5ru region\u00a0<\/li>\n\n\n\n<li>L\u00fcllem\u00e4e area\u00a0<\/li>\n\n\n\n<li>Tsirguliina region\u00a0<\/li>\n\n\n\n<li>Hargla region\u00a0<\/li>\n\n\n\n<li>Laat region\u00a0<\/li>\n\n\n\n<li>Sooru region\u00a0<\/li>\n<\/ul>\n\n\n\n<p>The locations of the hubs will be made public as appropriate.&nbsp;<\/p>\n\n\n\n<p><span class=\"wp-rich-text-font-awesome-icon wp-font-awesome-icon\"><svg aria-hidden=\"true\" focusable=\"false\" data-prefix=\"fas\" data-icon=\"circle-info\" class=\"svg-inline--fa fa-circle-info\" role=\"img\" xmlns=\"http:\/\/www.w3.org\/2000\/svg\" viewbox=\"0 0 512 512\"><path fill=\"currentColor\" d=\"M256 512A256 256 0 1 0 256 0a256 256 0 1 0 0 512zM216 336l24 0 0-64-24 0c-13.3 0-24-10.7-24-24s10.7-24 24-24l48 0c13.3 0 24 10.7 24 24l0 88 8 0c13.3 0 24 10.7 24 24s-10.7 24-24 24l-80 0c-13.3 0-24-10.7-24-24s10.7-24 24-24zm40-208a32 32 0 1 1 0 64 32 32 0 1 1 0-64z\"><\/path><\/svg><\/span><strong>NB!<\/strong> It may not be possible to open all of these hubs in every crisis, but the existing situation will be taken into account.\u00a0<\/p>\n<\/div>\n\n\n\n<div class=\"wp-block-column is-layout-flow wp-block-column-is-layout-flow\">\n<figure class=\"wp-block-image size-full\"><img loading=\"lazy\" decoding=\"async\" width=\"222\" height=\"312\" src=\"https:\/\/valga.ee\/wp-content\/uploads\/2025\/09\/image.png\" alt=\"\" class=\"wp-image-4877\" srcset=\"https:\/\/valga.ee\/wp-content\/uploads\/2025\/09\/image.png 222w, https:\/\/valga.ee\/wp-content\/uploads\/2025\/09\/image-213x300.png 213w\" sizes=\"auto, (max-width: 222px) 100vw, 222px\" \/><\/figure>\n<\/div>\n<\/div>","protected":false},"excerpt":{"rendered":"<p>Kerksuskeskuse (ehk kriisiinfokeskuse) eesm\u00e4rk on toetada \u00fchiskonna kerksust, andes inimesele abi kriisis. Kerksuskeskus on kohaliku omavalitsuse v\u00f5i kogukonna toimepidev hoone, ruum v\u00f5i muu koht, kus inimene saab kriisi ajal infot, [&hellip;]<\/p>\n","protected":false},"author":1,"featured_media":0,"parent":4835,"menu_order":5,"comment_status":"closed","ping_status":"closed","template":"","meta":{"_EventAllDay":false,"_EventTimezone":"","_EventStartDate":"","_EventEndDate":"","_EventStartDateUTC":"","_EventEndDateUTC":"","_EventShowMap":false,"_EventShowMapLink":false,"_EventURL":"","_EventCost":"","_EventCostDescription":"","_EventCurrencySymbol":"","_EventCurrencyCode":"","_EventCurrencyPosition":"","_EventDateTimeSeparator":"","_EventTimeRangeSeparator":"","_EventOrganizerID":[],"_EventVenueID":[],"_OrganizerEmail":"","_OrganizerPhone":"","_OrganizerWebsite":"","_VenueAddress":"","_VenueCity":"","_VenueCountry":"","_VenueProvince":"","_VenueState":"","_VenueZip":"","_VenuePhone":"","_VenueURL":"","_VenueStateProvince":"","_VenueLat":"","_VenueLng":"","_VenueShowMap":false,"_VenueShowMapLink":false,"slim_seo":{"title":"Shopping centres - Valga municipality","description":"The aim of a crisis centre is to support the community's crisis by providing help to people in crisis. A crisis centre is a support centre run by a local authority or a community."},"footnotes":""},"class_list":["post-4876","page","type-page","status-publish","hentry"],"_links":{"self":[{"href":"https:\/\/valga.ee\/en\/wp-json\/wp\/v2\/pages\/4876","targetHints":{"allow":["GET"]}}],"collection":[{"href":"https:\/\/valga.ee\/en\/wp-json\/wp\/v2\/pages"}],"about":[{"href":"https:\/\/valga.ee\/en\/wp-json\/wp\/v2\/types\/page"}],"author":[{"embeddable":true,"href":"https:\/\/valga.ee\/en\/wp-json\/wp\/v2\/users\/1"}],"replies":[{"embeddable":true,"href":"https:\/\/valga.ee\/en\/wp-json\/wp\/v2\/comments?post=4876"}],"version-history":[{"count":2,"href":"https:\/\/valga.ee\/en\/wp-json\/wp\/v2\/pages\/4876\/revisions"}],"predecessor-version":[{"id":4880,"href":"https:\/\/valga.ee\/en\/wp-json\/wp\/v2\/pages\/4876\/revisions\/4880"}],"up":[{"embeddable":true,"href":"https:\/\/valga.ee\/en\/wp-json\/wp\/v2\/pages\/4835"}],"wp:attachment":[{"href":"https:\/\/valga.ee\/en\/wp-json\/wp\/v2\/media?parent=4876"}],"curies":[{"name":"wp","href":"https:\/\/api.w.org\/{rel}","templated":true}]}}