{"id":4226,"date":"2025-09-08T11:02:44","date_gmt":"2025-09-08T08:02:44","guid":{"rendered":"https:\/\/valga.ee\/?page_id=4226"},"modified":"2025-09-08T11:02:46","modified_gmt":"2025-09-08T08:02:46","slug":"kaevetood","status":"publish","type":"page","link":"https:\/\/valga.ee\/en\/ehitus-keskkond-teed\/keskkond-ja-maakasutus\/kaevetood\/","title":{"rendered":"Excavation work"},"content":{"rendered":"<div class=\"wp-block-columns reverse-mobile is-layout-flex wp-container-core-columns-is-layout-658170e2 wp-block-columns-is-layout-flex\">\n<div class=\"wp-block-column is-layout-flow wp-block-column-is-layout-flow\" style=\"flex-basis:60%\">\n<h2 class=\"wp-block-heading\">Excavation permit and application<\/h2>\n\n\n\n<p>Excavation work may be carried out under an excavation permit. This is a document that gives permission for excavation work to be carried out, and sets out the conditions and time limits for excavation work. The permit is applied for by the person interested in the excavation or by the excavator. The applicant must submit to the authorising authority a form for the <a href=\"https:\/\/valga.ee\/wp-content\/uploads\/2025\/09\/264_Lisa_1_190619_taotlus.rtf\" target=\"_blank\" rel=\"noreferrer noopener\">an application for an appeal<\/a>, a construction project, if the application is made in connection with construction work for which a construction project is required, and a plan of the excavation area.<\/p>\n\n\n\n<p>The Regulation sets out in more detail the obligations of the excavator, e.g. marking of the excavation area, emergency works, protection of landscaping and utility networks, time of landscaping works, etc.<\/p>\n\n\n\n<p>The requirements of this Regulation shall not apply to excavation work on the property of natural or legal persons, except for the construction, maintenance or repair of technical installations connected to public utility networks leaving or entering the property; or in cemeteries or areas where excavation work is regulated by other regulations, except for the construction or repair of utility networks and installations.<\/p>\n\n\n\n<ul class=\"wp-block-list is-style-checkmark-list\">\n<li><a href=\"https:\/\/www.riigiteataja.ee\/akt\/429122018002\" target=\"_blank\" rel=\"noreferrer noopener\">Rules for excavation work in Valga municipality<\/a> <span class=\"wp-rich-text-font-awesome-icon wp-font-awesome-icon\"><svg aria-hidden=\"true\" focusable=\"false\" data-prefix=\"fas\" data-icon=\"arrow-up-right-from-square\" class=\"svg-inline--fa fa-arrow-up-right-from-square\" role=\"img\" xmlns=\"http:\/\/www.w3.org\/2000\/svg\" viewbox=\"0 0 512 512\"><path fill=\"currentColor\" d=\"M320 0c-17.7 0-32 14.3-32 32s14.3 32 32 32l82.7 0L201.4 265.4c-12.5 12.5-12.5 32.8 0 45.3s32.8 12.5 45.3 0L448 109.3l0 82.7c0 17.7 14.3 32 32 32s32-14.3 32-32l0-160c0-17.7-14.3-32-32-32L320 0zM80 32C35.8 32 0 67.8 0 112L0 432c0 44.2 35.8 80 80 80l320 0c44.2 0 80-35.8 80-80l0-112c0-17.7-14.3-32-32-32s-32 14.3-32 32l0 112c0 8.8-7.2 16-16 16L80 448c-8.8 0-16-7.2-16-16l0-320c0-8.8 7.2-16 16-16l112 0c17.7 0 32-14.3 32-32s-14.3-32-32-32L80 32z\"><\/path><\/svg><\/span><\/li>\n\n\n\n<li><a href=\"https:\/\/piksel.ee\/spoku\/valga\/index.php?asutus=-1&amp;module=205&amp;op=2&amp;toetus=356\" target=\"_blank\" rel=\"noreferrer noopener\">Submit an online application for a temporary closure or an appeal permit<\/a> <span class=\"wp-rich-text-font-awesome-icon wp-font-awesome-icon\"><svg aria-hidden=\"true\" focusable=\"false\" data-prefix=\"fas\" data-icon=\"arrow-up-right-from-square\" class=\"svg-inline--fa fa-arrow-up-right-from-square\" role=\"img\" xmlns=\"http:\/\/www.w3.org\/2000\/svg\" viewbox=\"0 0 512 512\"><path fill=\"currentColor\" d=\"M320 0c-17.7 0-32 14.3-32 32s14.3 32 32 32l82.7 0L201.4 265.4c-12.5 12.5-12.5 32.8 0 45.3s32.8 12.5 45.3 0L448 109.3l0 82.7c0 17.7 14.3 32 32 32s32-14.3 32-32l0-160c0-17.7-14.3-32-32-32L320 0zM80 32C35.8 32 0 67.8 0 112L0 432c0 44.2 35.8 80 80 80l320 0c44.2 0 80-35.8 80-80l0-112c0-17.7-14.3-32-32-32s-32 14.3-32 32l0 112c0 8.8-7.2 16-16 16L80 448c-8.8 0-16-7.2-16-16l0-320c0-8.8 7.2-16 16-16l112 0c17.7 0 32-14.3 32-32s-14.3-32-32-32L80 32z\"><\/path><\/svg><\/span><\/li>\n\n\n\n<li><a href=\"https:\/\/valga.ee\/wp-content\/uploads\/2025\/09\/264_Lisa_1_190619_taotlus.rtf\" target=\"_blank\" rel=\"noreferrer noopener\">Application for a temporary closure\/discharge authorisation<\/a> <span class=\"wp-rich-text-font-awesome-icon wp-font-awesome-icon\"><svg aria-hidden=\"true\" focusable=\"false\" data-prefix=\"fas\" data-icon=\"download\" class=\"svg-inline--fa fa-download\" role=\"img\" xmlns=\"http:\/\/www.w3.org\/2000\/svg\" viewbox=\"0 0 512 512\"><path fill=\"currentColor\" d=\"M288 32c0-17.7-14.3-32-32-32s-32 14.3-32 32l0 242.7-73.4-73.4c-12.5-12.5-32.8-12.5-45.3 0s-12.5 32.8 0 45.3l128 128c12.5 12.5 32.8 12.5 45.3 0l128-128c12.5-12.5 12.5-32.8 0-45.3s-32.8-12.5-45.3 0L288 274.7 288 32zM64 352c-35.3 0-64 28.7-64 64l0 32c0 35.3 28.7 64 64 64l384 0c35.3 0 64-28.7 64-64l0-32c0-35.3-28.7-64-64-64l-101.5 0-45.3 45.3c-25 25-65.5 25-90.5 0L165.5 352 64 352zm368 56a24 24 0 1 1 0 48 24 24 0 1 1 0-48z\"><\/path><\/svg><\/span><\/li>\n<\/ul>\n<\/div>\n\n\n\n<div class=\"wp-block-column is-layout-flow wp-block-column-is-layout-flow\">\n<div class=\"wp-block-group has-border-color has-contrast-border-color has-base-background-color has-background has-global-padding is-layout-constrained wp-container-core-group-is-layout-9597dc02 wp-block-group-is-layout-constrained\" style=\"border-width:1px;border-radius:3px;padding-top:var(--wp--preset--spacing--10);padding-right:var(--wp--preset--spacing--10);padding-bottom:var(--wp--preset--spacing--10);padding-left:var(--wp--preset--spacing--10);box-shadow:var(--wp--preset--shadow--vaike-vari-2)\">\n<h2 class=\"wp-block-heading\" style=\"padding-top:0;padding-bottom:0;font-size:clamp(0.984rem, 0.984rem + ((1vw - 0.2rem) * 0.842), 1.5rem);\">As of 1 January 2019, a uniform Valga municipality excavation work regulation came into force in the city and municipality of Valga.<\/h2>\n\n\n\n<p>The rules determine the procedure for excavation work on the territory of the city and municipality of Valga and are mandatory for all persons carrying out excavation work.  Excavation works are: works deeper than 30 cm above the ground; works that disturb the road or surface cover or change the ground level by more than 20 cm; and works related to planting or uprooting trees and shrubs.<\/p>\n<\/div>\n<\/div>\n<\/div>","protected":false},"excerpt":{"rendered":"<p>Kaevet\u00f6\u00f6luba ja taotlus Kaevet\u00f6\u00f6d v\u00f5ib teha kaeveloa alusel. See on dokument, mis annab loa kaevet\u00f6\u00f6de tegemiseks, m\u00e4\u00e4rab kaevet\u00f6\u00f6de tingimused ja t\u00e4htaja. Kaeveloa taotleb kaevamisest huvitatud isik v\u00f5i kaevet\u00f6\u00f6 tegija. Taotlejal [&hellip;]<\/p>\n","protected":false},"author":1,"featured_media":0,"parent":3185,"menu_order":7,"comment_status":"closed","ping_status":"closed","template":"page-wide","meta":{"_EventAllDay":false,"_EventTimezone":"","_EventStartDate":"","_EventEndDate":"","_EventStartDateUTC":"","_EventEndDateUTC":"","_EventShowMap":false,"_EventShowMapLink":false,"_EventURL":"","_EventCost":"","_EventCostDescription":"","_EventCurrencySymbol":"","_EventCurrencyCode":"","_EventCurrencyPosition":"","_EventDateTimeSeparator":"","_EventTimeRangeSeparator":"","_EventOrganizerID":[],"_EventVenueID":[],"_OrganizerEmail":"","_OrganizerPhone":"","_OrganizerWebsite":"","_VenueAddress":"","_VenueCity":"","_VenueCountry":"","_VenueProvince":"","_VenueState":"","_VenueZip":"","_VenuePhone":"","_VenueURL":"","_VenueStateProvince":"","_VenueLat":"","_VenueLng":"","_VenueShowMap":false,"_VenueShowMapLink":false,"slim_seo":{"title":"Kaevet\u00f6\u00f6d - Valga vald","description":"Kaevet\u00f6\u00f6luba ja taotlus Kaevet\u00f6\u00f6d v\u00f5ib teha kaeveloa alusel. See on dokument, mis annab loa kaevet\u00f6\u00f6de tegemiseks, m\u00e4\u00e4rab kaevet\u00f6\u00f6de tingimused ja t\u00e4htaja. Kaev"},"footnotes":""},"class_list":["post-4226","page","type-page","status-publish","hentry"],"_links":{"self":[{"href":"https:\/\/valga.ee\/en\/wp-json\/wp\/v2\/pages\/4226","targetHints":{"allow":["GET"]}}],"collection":[{"href":"https:\/\/valga.ee\/en\/wp-json\/wp\/v2\/pages"}],"about":[{"href":"https:\/\/valga.ee\/en\/wp-json\/wp\/v2\/types\/page"}],"author":[{"embeddable":true,"href":"https:\/\/valga.ee\/en\/wp-json\/wp\/v2\/users\/1"}],"replies":[{"embeddable":true,"href":"https:\/\/valga.ee\/en\/wp-json\/wp\/v2\/comments?post=4226"}],"version-history":[{"count":1,"href":"https:\/\/valga.ee\/en\/wp-json\/wp\/v2\/pages\/4226\/revisions"}],"predecessor-version":[{"id":4248,"href":"https:\/\/valga.ee\/en\/wp-json\/wp\/v2\/pages\/4226\/revisions\/4248"}],"up":[{"embeddable":true,"href":"https:\/\/valga.ee\/en\/wp-json\/wp\/v2\/pages\/3185"}],"wp:attachment":[{"href":"https:\/\/valga.ee\/en\/wp-json\/wp\/v2\/media?parent=4226"}],"curies":[{"name":"wp","href":"https:\/\/api.w.org\/{rel}","templated":true}]}}