{"id":4156,"date":"2025-09-05T16:33:51","date_gmt":"2025-09-05T13:33:51","guid":{"rendered":"https:\/\/valga.ee\/?page_id=4156"},"modified":"2025-09-05T16:33:53","modified_gmt":"2025-09-05T13:33:53","slug":"reovee-kohtkaitlus","status":"publish","type":"page","link":"https:\/\/valga.ee\/en\/ehitus-keskkond-teed\/keskkond-ja-maakasutus\/veemajandus\/reovee-kohtkaitlus\/","title":{"rendered":"Waste water treatment"},"content":{"rendered":"<p>As a rule, there is no public water supply or sewerage system in a rural settlement, and residents have to manage their own drinking water and wastewater. Every household produces waste water from washing, hot water, kitchen and toilet waste, which must be treated properly before being discharged into the environment. Discharging untreated wastewater into water bodies or allowing it to soak into the ground has a direct impact on our living environment. Surface water bodies become clogged (eutrophicated) as a result of pollution, groundwater becomes polluted, biodiversity is depleted and diseases can spread. Provided that wastewater is treated properly in the household, there is no risk of contamination of nearby groundwater (drinking water) or deterioration of surface water bodies (<em>Source: ministry of the environment<\/em>).<\/p>\n\n\n\n<p>Pursuant to Section 107(5) of the Water Act, a local authority is required to establish rules on the treatment and disposal of waste water in its administrative area.<\/p>\n\n\n\n<p>Valga municipality has established\u00a0<a href=\"https:\/\/www.riigiteataja.ee\/akt\/412042018046\" target=\"_blank\" rel=\"noreferrer noopener\">Rules for the treatment and disposal of waste water in Valga municipality<\/a>. The Wastewater Treatment and Waste Water Disposal Regulations set out the requirements in Valga municipality for planning the construction, demolition or modification of wastewater treatment systems. It also contains the possibilities and conditions for the use of the purification service and the requirements for the company providing the purification service.<\/p>\n\n\n\n<p>The Ministry of the Environment, in cooperation with the Environmental Investment Centre, has developed a comprehensive guidance document to help find the best wastewater treatment system.<\/p>\n\n\n\n<p><a href=\"https:\/\/valga.ee\/wp-content\/uploads\/2025\/09\/juhendmaterjal.pdf\" target=\"_blank\" rel=\"noreferrer noopener\">Read the guide<\/a> <span class=\"wp-rich-text-font-awesome-icon wp-font-awesome-icon\"><svg aria-hidden=\"true\" focusable=\"false\" data-prefix=\"fas\" data-icon=\"download\" class=\"svg-inline--fa fa-download\" role=\"img\" xmlns=\"http:\/\/www.w3.org\/2000\/svg\" viewbox=\"0 0 512 512\"><path fill=\"currentColor\" d=\"M288 32c0-17.7-14.3-32-32-32s-32 14.3-32 32l0 242.7-73.4-73.4c-12.5-12.5-32.8-12.5-45.3 0s-12.5 32.8 0 45.3l128 128c12.5 12.5 32.8 12.5 45.3 0l128-128c12.5-12.5 12.5-32.8 0-45.3s-32.8-12.5-45.3 0L288 274.7 288 32zM64 352c-35.3 0-64 28.7-64 64l0 32c0 35.3 28.7 64 64 64l384 0c35.3 0 64-28.7 64-64l0-32c0-35.3-28.7-64-64-64l-101.5 0-45.3 45.3c-25 25-65.5 25-90.5 0L165.5 352 64 352zm368 56a24 24 0 1 1 0 48 24 24 0 1 1 0-48z\"><\/path><\/svg><\/span><\/p>\n\n\n\n<p>For information on the importance of waste water treatment and how to do it, see.\u00a0<a href=\"https:\/\/valga.ee\/wp-content\/uploads\/2025\/09\/reovee_puhastamine_hajaasustusalal._miks_ja_kuidas.pdf\" target=\"_blank\" rel=\"noreferrer noopener\">Wastewater treatment in decentralised areas - why and how?<\/a> <span class=\"wp-rich-text-font-awesome-icon wp-font-awesome-icon\"><svg aria-hidden=\"true\" focusable=\"false\" data-prefix=\"fas\" data-icon=\"download\" class=\"svg-inline--fa fa-download\" role=\"img\" xmlns=\"http:\/\/www.w3.org\/2000\/svg\" viewbox=\"0 0 512 512\"><path fill=\"currentColor\" d=\"M288 32c0-17.7-14.3-32-32-32s-32 14.3-32 32l0 242.7-73.4-73.4c-12.5-12.5-32.8-12.5-45.3 0s-12.5 32.8 0 45.3l128 128c12.5 12.5 32.8 12.5 45.3 0l128-128c12.5-12.5 12.5-32.8 0-45.3s-32.8-12.5-45.3 0L288 274.7 288 32zM64 352c-35.3 0-64 28.7-64 64l0 32c0 35.3 28.7 64 64 64l384 0c35.3 0 64-28.7 64-64l0-32c0-35.3-28.7-64-64-64l-101.5 0-45.3 45.3c-25 25-65.5 25-90.5 0L165.5 352 64 352zm368 56a24 24 0 1 1 0 48 24 24 0 1 1 0-48z\"><\/path><\/svg><\/span><\/p>","protected":false},"excerpt":{"rendered":"<p>Hajaasustuses ei ole reeglina \u00fchisveev\u00e4rki ega \u00fchiskanalisatsiooni ning joogivee saamise ja reovee \u00e4rajuhtimisega peavad elanikud ise toime tulema. Igas majapidamises tekib pesu-, k\u00fcmblus-, k\u00f6\u00f6gi- ja WC-vett, mida peab enne loodusesse [&hellip;]<\/p>\n","protected":false},"author":1,"featured_media":0,"parent":4147,"menu_order":1,"comment_status":"closed","ping_status":"closed","template":"","meta":{"_EventAllDay":false,"_EventTimezone":"","_EventStartDate":"","_EventEndDate":"","_EventStartDateUTC":"","_EventEndDateUTC":"","_EventShowMap":false,"_EventShowMapLink":false,"_EventURL":"","_EventCost":"","_EventCostDescription":"","_EventCurrencySymbol":"","_EventCurrencyCode":"","_EventCurrencyPosition":"","_EventDateTimeSeparator":"","_EventTimeRangeSeparator":"","_EventOrganizerID":[],"_EventVenueID":[],"_OrganizerEmail":"","_OrganizerPhone":"","_OrganizerWebsite":"","_VenueAddress":"","_VenueCity":"","_VenueCountry":"","_VenueProvince":"","_VenueState":"","_VenueZip":"","_VenuePhone":"","_VenueURL":"","_VenueStateProvince":"","_VenueLat":"","_VenueLng":"","_VenueShowMap":false,"_VenueShowMapLink":false,"slim_seo":{"title":"Reovee kohtk\u00e4itlus - Valga vald","description":"Hajaasustuses ei ole reeglina \u00fchisveev\u00e4rki ega \u00fchiskanalisatsiooni ning joogivee saamise ja reovee \u00e4rajuhtimisega peavad elanikud ise toime tulema. Igas majapid"},"footnotes":""},"class_list":["post-4156","page","type-page","status-publish","hentry"],"_links":{"self":[{"href":"https:\/\/valga.ee\/en\/wp-json\/wp\/v2\/pages\/4156","targetHints":{"allow":["GET"]}}],"collection":[{"href":"https:\/\/valga.ee\/en\/wp-json\/wp\/v2\/pages"}],"about":[{"href":"https:\/\/valga.ee\/en\/wp-json\/wp\/v2\/types\/page"}],"author":[{"embeddable":true,"href":"https:\/\/valga.ee\/en\/wp-json\/wp\/v2\/users\/1"}],"replies":[{"embeddable":true,"href":"https:\/\/valga.ee\/en\/wp-json\/wp\/v2\/comments?post=4156"}],"version-history":[{"count":1,"href":"https:\/\/valga.ee\/en\/wp-json\/wp\/v2\/pages\/4156\/revisions"}],"predecessor-version":[{"id":4162,"href":"https:\/\/valga.ee\/en\/wp-json\/wp\/v2\/pages\/4156\/revisions\/4162"}],"up":[{"embeddable":true,"href":"https:\/\/valga.ee\/en\/wp-json\/wp\/v2\/pages\/4147"}],"wp:attachment":[{"href":"https:\/\/valga.ee\/en\/wp-json\/wp\/v2\/media?parent=4156"}],"curies":[{"name":"wp","href":"https:\/\/api.w.org\/{rel}","templated":true}]}}