{"id":4150,"date":"2025-09-05T16:32:15","date_gmt":"2025-09-05T13:32:15","guid":{"rendered":"https:\/\/valga.ee\/?page_id=4150"},"modified":"2025-09-25T22:13:20","modified_gmt":"2025-09-25T19:13:20","slug":"uhisveevargi-ja-kanalisatsiooni-arengukava","status":"publish","type":"page","link":"https:\/\/valga.ee\/en\/ehitus-keskkond-teed\/keskkond-ja-maakasutus\/veemajandus\/uhisveevargi-ja-kanalisatsiooni-arengukava\/","title":{"rendered":"Public water supply and sanitation development plan"},"content":{"rendered":"<div class=\"wp-block-columns is-layout-flex wp-container-core-columns-is-layout-658170e2 wp-block-columns-is-layout-flex\">\n<div class=\"wp-block-column is-layout-flow wp-block-column-is-layout-flow\" style=\"flex-basis:65%\">\n<h2 class=\"wp-block-heading\">\"Valga municipality public water supply and sewerage development plan 2025-2037\"\u00a0<\/h2>\n\n\n\n<p>The purpose of the plan for the development of the public water supply and sewerage system is to provide a framework for planning and implementing the development of the public water supply and sewerage system in order to ensure the provision of high-quality drinking water and wastewater disposal for the population. According to the Law on Public Water Supply and Sewerage, public water supply and sewerage is established on the basis of a public water supply and sewerage development plan approved by the local council.<\/p>\n\n\n\n<p>The purpose of the plan is to delimit the extent of the area covered by the public water supply and sewerage system, to estimate the cost of constructing and reconstructing the public water supply and sewerage systems, to indicate the points of public use and fire-fighting water abstraction and other public water supply points. The development plan consists of an introduction, a summary, a section analysing the current situation of the existing systems, a description of the investment projects and a financial analysis. The investments included in this development plan are divided into two periods:&nbsp;<\/p>\n\n\n\n<p>- Short-term investments 2025-2028;<\/p>\n\n\n\n<p>- Long-term investments 2029-2037.&nbsp;<\/p>\n\n\n\n<p>The allocation of projects between short and long term was carried out according to their priority, based on environmental risk, potential sources of funding, the condition of the sites covered, the benefits for the local population and the natural state. <\/p>\n\n\n\n<p>The present Valga municipality public water supply and sewerage development plan 2025-2037 was prepared in accordance with the contract No 11-23 concluded between Keskkonnalahendused O\u00dc and AS Valga Vesi on 09.04.2024. The public water supply and sewerage development plan has been approved by the Land and Space Board and the Health Board.<\/p>\n<\/div>\n\n\n\n<div class=\"wp-block-column is-layout-flow wp-block-column-is-layout-flow\">\n<div class=\"wp-block-group has-border-color has-base-background-color has-background has-global-padding is-layout-constrained wp-container-core-group-is-layout-9597dc02 wp-block-group-is-layout-constrained\" style=\"border-color:#138440;border-width:1px;border-radius:3px;padding-top:var(--wp--preset--spacing--10);padding-right:var(--wp--preset--spacing--10);padding-bottom:var(--wp--preset--spacing--10);padding-left:var(--wp--preset--spacing--10);box-shadow:var(--wp--preset--shadow--vaike-vari-2)\">\n<p><strong>The official dealing with this area:<\/strong><\/p>\n\n\n\n<div class=\"wp-block-group has-global-padding is-content-justification-left is-layout-constrained wp-container-core-group-is-layout-ef2e9300 wp-block-group-is-layout-constrained\">\n<div class=\"wp-block-group liigu has-base-2-background-color has-background has-global-padding is-content-justification-center is-layout-constrained wp-block-group-is-layout-constrained\" style=\"border-radius:5px;box-shadow:var(--wp--preset--shadow--vaike-vari-2)\">\n<div class=\"wp-block-group alignfull is-nowrap is-layout-flex wp-container-core-group-is-layout-653e2ebb wp-block-group-is-layout-flex\" style=\"padding-top:0.5rem;padding-right:0.5rem;padding-bottom:0.5rem;padding-left:0.5rem\">\n<p style=\"padding-left:0.5rem\"><span class=\"wp-rich-text-font-awesome-icon wp-font-awesome-icon\"><svg aria-hidden=\"true\" focusable=\"false\" data-prefix=\"fas\" data-icon=\"user\" class=\"svg-inline--fa fa-user\" role=\"img\" xmlns=\"http:\/\/www.w3.org\/2000\/svg\" viewbox=\"0 0 448 512\" style=\"font-size:1.3em\"><path fill=\"currentColor\" d=\"M224 256A128 128 0 1 0 224 0a128 128 0 1 0 0 256zm-45.7 48C79.8 304 0 383.8 0 482.3C0 498.7 13.3 512 29.7 512l388.6 0c16.4 0 29.7-13.3 29.7-29.7C448 383.8 368.2 304 269.7 304l-91.4 0z\"><\/path><\/svg><\/span><\/p>\n\n\n\n<p><a href=\"\/en\/vald-uudised-ja-kontakt\/kontakt\/#keskkonnaspetsialist\">Environment Officer<\/a><\/p>\n<\/div>\n<\/div>\n<\/div>\n<\/div>\n<\/div>\n<\/div>\n\n\n\n<p><\/p>\n\n\n\n<p><span class=\"wp-rich-text-font-awesome-icon wp-font-awesome-icon\"><svg aria-hidden=\"true\" focusable=\"false\" data-prefix=\"fas\" data-icon=\"info\" class=\"svg-inline--fa fa-info\" role=\"img\" xmlns=\"http:\/\/www.w3.org\/2000\/svg\" viewbox=\"0 0 192 512\"><path fill=\"currentColor\" d=\"M48 80a48 48 0 1 1 96 0A48 48 0 1 1 48 80zM0 224c0-17.7 14.3-32 32-32l64 0c17.7 0 32 14.3 32 32l0 224 32 0c17.7 0 32 14.3 32 32s-14.3 32-32 32L32 512c-17.7 0-32-14.3-32-32s14.3-32 32-32l32 0 0-192-32 0c-17.7 0-32-14.3-32-32z\"><\/path><\/svg><\/span><a href=\"https:\/\/valga.ee\/wp-content\/uploads\/2025\/09\/Valga-uhisveevargi-ja-kanalisatsiooni-arendamise-kava-2025-2037-2.pdf\">Valga Parish Public Water Supply and Sewerage Development Plan 2025-2037<\/a><\/p>","protected":false},"excerpt":{"rendered":"<p>\u201eValga valla \u00fchisveev\u00e4rgi ja -kanalisatsiooni arendamise kava 2025\u22122037\u201c\u00a0 \u00dchisveev\u00e4rgi ja -kanalisatsiooni arendamise kava eesm\u00e4rk on anda raamistik \u00fchisveev\u00e4rgi ja -kanalisatsiooni arengu planeerimisele ja elluviimisele, et tagada elanikkonnale kvaliteetne joogivesi ning [&hellip;]<\/p>\n","protected":false},"author":1,"featured_media":0,"parent":4147,"menu_order":0,"comment_status":"closed","ping_status":"closed","template":"page-wide","meta":{"_EventAllDay":false,"_EventTimezone":"","_EventStartDate":"","_EventEndDate":"","_EventStartDateUTC":"","_EventEndDateUTC":"","_EventShowMap":false,"_EventShowMapLink":false,"_EventURL":"","_EventCost":"","_EventCostDescription":"","_EventCurrencySymbol":"","_EventCurrencyCode":"","_EventCurrencyPosition":"","_EventDateTimeSeparator":"","_EventTimeRangeSeparator":"","_EventOrganizerID":[],"_EventVenueID":[],"_OrganizerEmail":"","_OrganizerPhone":"","_OrganizerWebsite":"","_VenueAddress":"","_VenueCity":"","_VenueCountry":"","_VenueProvince":"","_VenueState":"","_VenueZip":"","_VenuePhone":"","_VenueURL":"","_VenueStateProvince":"","_VenueLat":"","_VenueLng":"","_VenueShowMap":false,"_VenueShowMapLink":false,"slim_seo":{"title":"Public water supply and sewerage development plan - Valga vald","description":"\u201eValga Valga Valga Valga Valga Valga Valga Valga Valga Valga Valga Valga Valga Valga Valga Valga Valga Valga Valga Valga Valga Valga Valga Valga Valga Valga Valga Valga Valga\u201c"},"footnotes":""},"class_list":["post-4150","page","type-page","status-publish","hentry"],"_links":{"self":[{"href":"https:\/\/valga.ee\/en\/wp-json\/wp\/v2\/pages\/4150","targetHints":{"allow":["GET"]}}],"collection":[{"href":"https:\/\/valga.ee\/en\/wp-json\/wp\/v2\/pages"}],"about":[{"href":"https:\/\/valga.ee\/en\/wp-json\/wp\/v2\/types\/page"}],"author":[{"embeddable":true,"href":"https:\/\/valga.ee\/en\/wp-json\/wp\/v2\/users\/1"}],"replies":[{"embeddable":true,"href":"https:\/\/valga.ee\/en\/wp-json\/wp\/v2\/comments?post=4150"}],"version-history":[{"count":3,"href":"https:\/\/valga.ee\/en\/wp-json\/wp\/v2\/pages\/4150\/revisions"}],"predecessor-version":[{"id":5392,"href":"https:\/\/valga.ee\/en\/wp-json\/wp\/v2\/pages\/4150\/revisions\/5392"}],"up":[{"embeddable":true,"href":"https:\/\/valga.ee\/en\/wp-json\/wp\/v2\/pages\/4147"}],"wp:attachment":[{"href":"https:\/\/valga.ee\/en\/wp-json\/wp\/v2\/media?parent=4150"}],"curies":[{"name":"wp","href":"https:\/\/api.w.org\/{rel}","templated":true}]}}