{"id":4147,"date":"2025-09-05T16:27:43","date_gmt":"2025-09-05T13:27:43","guid":{"rendered":"https:\/\/valga.ee\/?page_id=4147"},"modified":"2025-09-25T21:19:48","modified_gmt":"2025-09-25T18:19:48","slug":"veemajandus","status":"publish","type":"page","link":"https:\/\/valga.ee\/en\/ehitus-keskkond-teed\/keskkond-ja-maakasutus\/veemajandus\/","title":{"rendered":"Water management"},"content":{"rendered":"<div class=\"wp-block-columns is-layout-flex wp-container-core-columns-is-layout-658170e2 wp-block-columns-is-layout-flex\">\n<div class=\"wp-block-column is-layout-flow wp-block-column-is-layout-flow\" style=\"flex-basis:65%\">\n<p>Water and sewerage services and street lighting are provided on the territory of Valga municipality by AS Valga Vesi.<\/p>\n\n\n\n<p>The main task of AS Valga Vesi is to provide its customers with high-quality water and sewerage services and to connect new customers to the public water supply and sewerage system. In addition, AS Valga Vesi is also responsible for the maintenance and development of street lighting.<\/p>\n\n\n\n<p>Water supply and sewerage breakdowns can be reported 24 hours a day on 523 4563. Street lighting faults can be reported 24 hours a day by calling 5308 0253.<\/p>\n\n\n\n<p><a href=\"https:\/\/www.valgavesi.ee\/\" target=\"_blank\" rel=\"noreferrer noopener\">More information on the website of AS Valga Vesi<\/a> <span class=\"wp-rich-text-font-awesome-icon wp-font-awesome-icon\"><svg aria-hidden=\"true\" focusable=\"false\" data-prefix=\"fas\" data-icon=\"arrow-up-right-from-square\" class=\"svg-inline--fa fa-arrow-up-right-from-square\" role=\"img\" xmlns=\"http:\/\/www.w3.org\/2000\/svg\" viewbox=\"0 0 512 512\"><path fill=\"currentColor\" d=\"M320 0c-17.7 0-32 14.3-32 32s14.3 32 32 32l82.7 0L201.4 265.4c-12.5 12.5-12.5 32.8 0 45.3s32.8 12.5 45.3 0L448 109.3l0 82.7c0 17.7 14.3 32 32 32s32-14.3 32-32l0-160c0-17.7-14.3-32-32-32L320 0zM80 32C35.8 32 0 67.8 0 112L0 432c0 44.2 35.8 80 80 80l320 0c44.2 0 80-35.8 80-80l0-112c0-17.7-14.3-32-32-32s-32 14.3-32 32l0 112c0 8.8-7.2 16-16 16L80 448c-8.8 0-16-7.2-16-16l0-320c0-8.8 7.2-16 16-16l112 0c17.7 0 32-14.3 32-32s-14.3-32-32-32L80 32z\"><\/path><\/svg><\/span><\/p>\n<\/div>\n\n\n\n<div class=\"wp-block-column is-layout-flow wp-block-column-is-layout-flow\">\n<div class=\"wp-block-group has-global-padding is-layout-constrained wp-container-core-group-is-layout-19e250f3 wp-block-group-is-layout-constrained\"><a href=\"\/en\/uhisveevargi-ja-kanalisatsiooni-arengukava\/\"    class=\"kiirlink wp-block-tiptip-hyperlink-group-block\" >\n<div class=\"wp-block-group kiirlink kiirlink-tume has-accent-4-color has-accent-5-background-color has-text-color has-background has-link-color wp-elements-7c1a4a6230f75f33f8fb9a8a7fa1f09f wp-container-content-9cfa9a5a has-global-padding is-layout-constrained wp-container-core-group-is-layout-246ba8a2 wp-block-group-is-layout-constrained\" style=\"border-radius:0px;border-top-color:var(--wp--preset--color--accent-4);border-top-width:1px;border-bottom-style:none;border-bottom-width:0px;padding-top:0.7em;padding-right:var(--wp--preset--spacing--10);padding-bottom:0.7em;padding-left:var(--wp--preset--spacing--10)\">\n<div class=\"wp-block-group is-content-justification-space-between is-nowrap is-layout-flex wp-container-core-group-is-layout-2b43bde3 wp-block-group-is-layout-flex\" style=\"padding-top:0;padding-bottom:0\">\n<p class=\"wp-container-content-9cfa9a5a\"><strong>Public water supply and sanitation development plan<\/strong><\/p>\n\n\n\n<p>&gt;<\/p>\n<\/div>\n<\/div>\n<\/a>\n\n<a href=\"\/en\/reovee-kohtkaitlus\/\"    class=\"kiirlink wp-block-tiptip-hyperlink-group-block\" >\n<div class=\"wp-block-group kiirlink kiirlink-tume has-accent-4-color has-accent-5-background-color has-text-color has-background has-link-color wp-elements-7c1a4a6230f75f33f8fb9a8a7fa1f09f wp-container-content-9cfa9a5a has-global-padding is-layout-constrained wp-container-core-group-is-layout-246ba8a2 wp-block-group-is-layout-constrained\" style=\"border-radius:0px;border-top-color:var(--wp--preset--color--accent-4);border-top-width:1px;border-bottom-style:none;border-bottom-width:0px;padding-top:0.7em;padding-right:var(--wp--preset--spacing--10);padding-bottom:0.7em;padding-left:var(--wp--preset--spacing--10)\">\n<div class=\"wp-block-group is-content-justification-space-between is-nowrap is-layout-flex wp-container-core-group-is-layout-2b43bde3 wp-block-group-is-layout-flex\" style=\"padding-top:0;padding-bottom:0\">\n<p class=\"wp-container-content-9cfa9a5a\"><strong>Waste water treatment<\/strong><\/p>\n\n\n\n<p>&gt;<\/p>\n<\/div>\n<\/div>\n<\/a><\/div>\n<\/div>\n<\/div>","protected":false},"excerpt":{"rendered":"<p>Valga valla territooriumil osutab vee- ja kanalisatsiooniteenuseid ning korraldab t\u00e4navavalgustust AS Valga Vesi. AS Valga Vesi p\u00f5hi\u00fclesanne&nbsp; on oma klientidele kvaliteetse vee- ja kanalisatsiooniteenuse osutamine ning uute klientide liitmine \u00fchisveev\u00e4rgi [&hellip;]<\/p>\n","protected":false},"author":1,"featured_media":0,"parent":3185,"menu_order":6,"comment_status":"closed","ping_status":"closed","template":"page-wide","meta":{"_EventAllDay":false,"_EventTimezone":"","_EventStartDate":"","_EventEndDate":"","_EventStartDateUTC":"","_EventEndDateUTC":"","_EventShowMap":false,"_EventShowMapLink":false,"_EventURL":"","_EventCost":"","_EventCostDescription":"","_EventCurrencySymbol":"","_EventCurrencyCode":"","_EventCurrencyPosition":"","_EventDateTimeSeparator":"","_EventTimeRangeSeparator":"","_EventOrganizerID":[],"_EventVenueID":[],"_OrganizerEmail":"","_OrganizerPhone":"","_OrganizerWebsite":"","_VenueAddress":"","_VenueCity":"","_VenueCountry":"","_VenueProvince":"","_VenueState":"","_VenueZip":"","_VenuePhone":"","_VenueURL":"","_VenueStateProvince":"","_VenueLat":"","_VenueLng":"","_VenueShowMap":false,"_VenueShowMapLink":false,"slim_seo":{"title":"Water management - Valga municipality","description":"Water and sewerage services and street lighting are provided on the territory of Valga municipality by AS Valga Vesi. The main task of AS Valga Vesi is to serve its customers."},"footnotes":""},"class_list":["post-4147","page","type-page","status-publish","hentry"],"_links":{"self":[{"href":"https:\/\/valga.ee\/en\/wp-json\/wp\/v2\/pages\/4147","targetHints":{"allow":["GET"]}}],"collection":[{"href":"https:\/\/valga.ee\/en\/wp-json\/wp\/v2\/pages"}],"about":[{"href":"https:\/\/valga.ee\/en\/wp-json\/wp\/v2\/types\/page"}],"author":[{"embeddable":true,"href":"https:\/\/valga.ee\/en\/wp-json\/wp\/v2\/users\/1"}],"replies":[{"embeddable":true,"href":"https:\/\/valga.ee\/en\/wp-json\/wp\/v2\/comments?post=4147"}],"version-history":[{"count":5,"href":"https:\/\/valga.ee\/en\/wp-json\/wp\/v2\/pages\/4147\/revisions"}],"predecessor-version":[{"id":5388,"href":"https:\/\/valga.ee\/en\/wp-json\/wp\/v2\/pages\/4147\/revisions\/5388"}],"up":[{"embeddable":true,"href":"https:\/\/valga.ee\/en\/wp-json\/wp\/v2\/pages\/3185"}],"wp:attachment":[{"href":"https:\/\/valga.ee\/en\/wp-json\/wp\/v2\/media?parent=4147"}],"curies":[{"name":"wp","href":"https:\/\/api.w.org\/{rel}","templated":true}]}}