{"id":4129,"date":"2025-09-05T16:19:12","date_gmt":"2025-09-05T13:19:12","guid":{"rendered":"https:\/\/valga.ee\/?page_id=4129"},"modified":"2025-09-05T16:19:13","modified_gmt":"2025-09-05T13:19:13","slug":"heakord-ja-haljastus","status":"publish","type":"page","link":"https:\/\/valga.ee\/en\/ehitus-keskkond-teed\/keskkond-ja-maakasutus\/heakord-ja-haljastus\/","title":{"rendered":"Landscaping and gardening"},"content":{"rendered":"<div class=\"wp-block-columns is-layout-flex wp-container-core-columns-is-layout-658170e2 wp-block-columns-is-layout-flex\">\n<div class=\"wp-block-column is-layout-flow wp-block-column-is-layout-flow\" style=\"flex-basis:65%\">\n<div class=\"wp-block-columns is-layout-flex wp-container-core-columns-is-layout-65e523f9 wp-block-columns-is-layout-flex\">\n<div class=\"wp-block-column is-layout-flow wp-block-column-is-layout-flow\" style=\"flex-basis:55%\">\n<p>The Valga Municipal Council adopted the regulation \"Rules on cleanliness and imposition of burdens\" at its session on 24.09.2021, which establishes the requirements and burdens of cleanliness for users of properties in Valga Municipality. The purpose of the regulation, in conjunction with other legislation, is to ensure cleanliness and orderliness on the territory of the municipality.<\/p>\n\n\n\n<p><a href=\"https:\/\/www.riigiteataja.ee\/akt\/406102021007\" target=\"_blank\" rel=\"noreferrer noopener\">Valga municipality's waste management regulations: Municipal waste management rules and imposition of charges<\/a> <span class=\"wp-rich-text-font-awesome-icon wp-font-awesome-icon\"><svg aria-hidden=\"true\" focusable=\"false\" data-prefix=\"fas\" data-icon=\"arrow-up-right-from-square\" class=\"svg-inline--fa fa-arrow-up-right-from-square\" role=\"img\" xmlns=\"http:\/\/www.w3.org\/2000\/svg\" viewbox=\"0 0 512 512\"><path fill=\"currentColor\" d=\"M320 0c-17.7 0-32 14.3-32 32s14.3 32 32 32l82.7 0L201.4 265.4c-12.5 12.5-12.5 32.8 0 45.3s32.8 12.5 45.3 0L448 109.3l0 82.7c0 17.7 14.3 32 32 32s32-14.3 32-32l0-160c0-17.7-14.3-32-32-32L320 0zM80 32C35.8 32 0 67.8 0 112L0 432c0 44.2 35.8 80 80 80l320 0c44.2 0 80-35.8 80-80l0-112c0-17.7-14.3-32-32-32s-32 14.3-32 32l0 112c0 8.8-7.2 16-16 16L80 448c-8.8 0-16-7.2-16-16l0-320c0-8.8 7.2-16 16-16l112 0c17.7 0 32-14.3 32-32s-14.3-32-32-32L80 32z\"><\/path><\/svg><\/span><\/p>\n\n\n\n<p><a href=\"https:\/\/www.riigiteataja.ee\/akt\/429112019020\" target=\"_blank\" rel=\"noreferrer noopener\">Rules for keeping dogs and cats<\/a> <span class=\"wp-rich-text-font-awesome-icon wp-font-awesome-icon\"><svg aria-hidden=\"true\" focusable=\"false\" data-prefix=\"fas\" data-icon=\"arrow-up-right-from-square\" class=\"svg-inline--fa fa-arrow-up-right-from-square\" role=\"img\" xmlns=\"http:\/\/www.w3.org\/2000\/svg\" viewbox=\"0 0 512 512\"><path fill=\"currentColor\" d=\"M320 0c-17.7 0-32 14.3-32 32s14.3 32 32 32l82.7 0L201.4 265.4c-12.5 12.5-12.5 32.8 0 45.3s32.8 12.5 45.3 0L448 109.3l0 82.7c0 17.7 14.3 32 32 32s32-14.3 32-32l0-160c0-17.7-14.3-32-32-32L320 0zM80 32C35.8 32 0 67.8 0 112L0 432c0 44.2 35.8 80 80 80l320 0c44.2 0 80-35.8 80-80l0-112c0-17.7-14.3-32-32-32s-32 14.3-32 32l0 112c0 8.8-7.2 16-16 16L80 448c-8.8 0-16-7.2-16-16l0-320c0-8.8 7.2-16 16-16l112 0c17.7 0 32-14.3 32-32s-14.3-32-32-32L80 32z\"><\/path><\/svg><\/span><\/p>\n<\/div>\n\n\n\n<div class=\"wp-block-column is-layout-flow wp-block-column-is-layout-flow\">\n<figure data-wp-context=\"{&quot;imageId&quot;:&quot;69e4ec52d8957&quot;}\" data-wp-interactive=\"core\/image\" data-wp-key=\"69e4ec52d8957\" class=\"wp-block-image size-large wp-lightbox-container\"><img loading=\"lazy\" decoding=\"async\" width=\"1024\" height=\"723\" data-wp-class--hide=\"state.isContentHidden\" data-wp-class--show=\"state.isContentVisible\" data-wp-init=\"callbacks.setButtonStyles\" data-wp-on--click=\"actions.showLightbox\" data-wp-on--load=\"callbacks.setButtonStyles\" data-wp-on-window--resize=\"callbacks.setButtonStyles\" src=\"https:\/\/valga.ee\/wp-content\/uploads\/2025\/09\/Plakat_hoia-mida-armastad_veebi-1024x723.jpg\" alt=\"\" class=\"wp-image-4136\" srcset=\"https:\/\/valga.ee\/wp-content\/uploads\/2025\/09\/Plakat_hoia-mida-armastad_veebi-1024x723.jpg 1024w, https:\/\/valga.ee\/wp-content\/uploads\/2025\/09\/Plakat_hoia-mida-armastad_veebi-300x212.jpg 300w, https:\/\/valga.ee\/wp-content\/uploads\/2025\/09\/Plakat_hoia-mida-armastad_veebi-768x543.jpg 768w, https:\/\/valga.ee\/wp-content\/uploads\/2025\/09\/Plakat_hoia-mida-armastad_veebi.jpg 1250w\" sizes=\"auto, (max-width: 1024px) 100vw, 1024px\" \/><button\n\t\t\tclass=\"lightbox-trigger\"\n\t\t\ttype=\"button\"\n\t\t\taria-haspopup=\"dialog\"\n\t\t\taria-label=\"Enlarge\"\n\t\t\tdata-wp-init=\"callbacks.initTriggerButton\"\n\t\t\tdata-wp-on--click=\"actions.showLightbox\"\n\t\t\tdata-wp-style--right=\"state.imageButtonRight\"\n\t\t\tdata-wp-style--top=\"state.imageButtonTop\"\n\t\t>\n\t\t\t<svg xmlns=\"http:\/\/www.w3.org\/2000\/svg\" width=\"12\" height=\"12\" fill=\"none\" viewbox=\"0 0 12 12\">\n\t\t\t\t<path fill=\"#fff\" d=\"M2 0a2 2 0 0 0-2 2v2h1.5V2a.5.5 0 0 1 .5-.5h2V0H2Zm2 10.5H2a.5.5 0 0 1-.5-.5V8H0v2a2 2 0 0 0 2 2h2v-1.5ZM8 12v-1.5h2a.5.5 0 0 0 .5-.5V8H12v2a2 2 0 0 1-2 2H8Zm2-12a2 2 0 0 1 2 2v2h-1.5V2a.5.5 0 0 0-.5-.5H8V0h2Z\" \/>\n\t\t\t<\/svg>\n\t\t<\/button><\/figure>\n<\/div>\n<\/div>\n\n\n\n<h2 class=\"wp-block-heading\">Instructions for tree felling<\/h2>\n\n\n\n<p>The municipal council has adopted\u00a0<a href=\"https:\/\/www.riigiteataja.ee\/akt\/405042019014\" target=\"_blank\" rel=\"noreferrer noopener\">Valga municipality felling rate<\/a>, which regulates tree felling in densely populated areas. The densely populated areas of Valga municipality are the villages of Laatre, Tsirguliina and \u00d5ru and the city of Valga. There are no such areas in the Karula and Taheva regions, where the Forestry Act applies.<\/p>\n\n\n\n<p>The new regime will harmonise and modernise the principles for the management of tall vegetation, taking into account the situation following the merger of municipalities. The municipality wishes to protect the existing tall vegetation and to avoid unauthorised felling. The first priority in the maintenance of shrub trees is safety. In order to avoid risks to human health and property, it is important to apply the correct maintenance practices based on tree biology. To this end, owners can seek specialist advice where necessary, as can residents in sparsely populated areas. According to the Nature Conservation Act, individual trees in densely populated areas, with the exception of growing forest within the meaning of the Forestry Act and fruit trees, may be felled only with the permission of the local authority. The new procedure stipulates that a permit is required for felling if the diameter of the tree at stump height (15 cm above the ground) is at least 15 cm and the tree has clearly visible or identifiable trunk(s) and crown(s).<\/p>\n\n\n\n<h3 class=\"wp-block-heading\">How to get a tree felling permit?<\/h3>\n\n\n\n<p>For felling or maintenance pruning of a tree growing in a densely populated area, a formal application must be submitted to the municipality. <a href=\"https:\/\/piksel.ee\/spoku\/valga\/index.php?asutus=-1&amp;module=205&amp;op=2&amp;toetus=348\" target=\"_blank\" rel=\"noreferrer noopener\">application<\/a>. The permit is issued by the landscaping specialist of the Valga Municipality Municipal Maintenance Service. The owner of the property where the tree is growing or an authorised person can apply for a permit to cut down a tree. In the case of authorisation, a copy of the authorisation must be attached to the application. The application must contain the applicant's details, the legal basis for the application, a precise description of the tree location, a justification and a guarantee that the work will be carried out in compliance with safety requirements and that the site will be cleaned up after the work. A list of possible supporting documents shall be attached to the application. In the course of processing the application, the municipal maintenance service checks the accuracy of the information provided and the feasibility of the felling or maintenance cut, requests additional documents and explanations if necessary, and calls in experts to make a decision.<\/p>\n\n\n\n<p><strong>No authorisation is needed:<\/strong><\/p>\n\n\n\n<ul class=\"wp-block-list\">\n<li>for removing dried twigs and water damage<\/li>\n\n\n\n<li>if the felling of the tree has been established by a detailed plan.<\/li>\n<\/ul>\n\n\n\n<p>In exceptional cases (for example, during a storm), no authorisation is needed to cut down trees that have become dangerous. You only need to inform the municipal maintenance service. If it is not possible to do so, the tree must be notified in writing to the municipal maintenance service within one working day of felling, stating the reasons for the exceptional felling.<\/p>\n\n\n\n<p><a href=\"https:\/\/www.riigiteataja.ee\/akt\/405042019014\" target=\"_blank\" rel=\"noreferrer noopener\">Authorisation procedure for felling and pruning of trees<\/a> <span class=\"wp-rich-text-font-awesome-icon wp-font-awesome-icon\"><svg aria-hidden=\"true\" focusable=\"false\" data-prefix=\"fas\" data-icon=\"arrow-up-right-from-square\" class=\"svg-inline--fa fa-arrow-up-right-from-square\" role=\"img\" xmlns=\"http:\/\/www.w3.org\/2000\/svg\" viewbox=\"0 0 512 512\"><path fill=\"currentColor\" d=\"M320 0c-17.7 0-32 14.3-32 32s14.3 32 32 32l82.7 0L201.4 265.4c-12.5 12.5-12.5 32.8 0 45.3s32.8 12.5 45.3 0L448 109.3l0 82.7c0 17.7 14.3 32 32 32s32-14.3 32-32l0-160c0-17.7-14.3-32-32-32L320 0zM80 32C35.8 32 0 67.8 0 112L0 432c0 44.2 35.8 80 80 80l320 0c44.2 0 80-35.8 80-80l0-112c0-17.7-14.3-32-32-32s-32 14.3-32 32l0 112c0 8.8-7.2 16-16 16L80 448c-8.8 0-16-7.2-16-16l0-320c0-8.8 7.2-16 16-16l112 0c17.7 0 32-14.3 32-32s-14.3-32-32-32L80 32z\"><\/path><\/svg><\/span><\/p>\n\n\n\n<p>Applications can be written on the spot, sent by post or electronically.<\/p>\n\n\n\n<p><a href=\"https:\/\/valga.ee\/wp-content\/uploads\/2025\/09\/Raie-ja-hooldusloikuse-loa-taotlus.doc\" target=\"_blank\" rel=\"noreferrer noopener\">Download the application for a permit<\/a> <span class=\"wp-rich-text-font-awesome-icon wp-font-awesome-icon\"><svg aria-hidden=\"true\" focusable=\"false\" data-prefix=\"fas\" data-icon=\"download\" class=\"svg-inline--fa fa-download\" role=\"img\" xmlns=\"http:\/\/www.w3.org\/2000\/svg\" viewbox=\"0 0 512 512\"><path fill=\"currentColor\" d=\"M288 32c0-17.7-14.3-32-32-32s-32 14.3-32 32l0 242.7-73.4-73.4c-12.5-12.5-32.8-12.5-45.3 0s-12.5 32.8 0 45.3l128 128c12.5 12.5 32.8 12.5 45.3 0l128-128c12.5-12.5 12.5-32.8 0-45.3s-32.8-12.5-45.3 0L288 274.7 288 32zM64 352c-35.3 0-64 28.7-64 64l0 32c0 35.3 28.7 64 64 64l384 0c35.3 0 64-28.7 64-64l0-32c0-35.3-28.7-64-64-64l-101.5 0-45.3 45.3c-25 25-65.5 25-90.5 0L165.5 352 64 352zm368 56a24 24 0 1 1 0 48 24 24 0 1 1 0-48z\"><\/path><\/svg><\/span><\/p>\n\n\n\n<p><a href=\"https:\/\/piksel.ee\/spoku\/valga\/index.php?asutus=-1&amp;module=205&amp;op=2&amp;toetus=348\" target=\"_blank\" rel=\"noreferrer noopener\">Submit an e-application for a clearance<\/a> <span class=\"wp-rich-text-font-awesome-icon wp-font-awesome-icon\"><svg aria-hidden=\"true\" focusable=\"false\" data-prefix=\"fas\" data-icon=\"arrow-up-right-from-square\" class=\"svg-inline--fa fa-arrow-up-right-from-square\" role=\"img\" xmlns=\"http:\/\/www.w3.org\/2000\/svg\" viewbox=\"0 0 512 512\"><path fill=\"currentColor\" d=\"M320 0c-17.7 0-32 14.3-32 32s14.3 32 32 32l82.7 0L201.4 265.4c-12.5 12.5-12.5 32.8 0 45.3s32.8 12.5 45.3 0L448 109.3l0 82.7c0 17.7 14.3 32 32 32s32-14.3 32-32l0-160c0-17.7-14.3-32-32-32L320 0zM80 32C35.8 32 0 67.8 0 112L0 432c0 44.2 35.8 80 80 80l320 0c44.2 0 80-35.8 80-80l0-112c0-17.7-14.3-32-32-32s-32 14.3-32 32l0 112c0 8.8-7.2 16-16 16L80 448c-8.8 0-16-7.2-16-16l0-320c0-8.8 7.2-16 16-16l112 0c17.7 0 32-14.3 32-32s-14.3-32-32-32L80 32z\"><\/path><\/svg><\/span><\/p>\n<\/div>\n\n\n\n<div class=\"wp-block-column is-layout-flow wp-block-column-is-layout-flow\">\n<div class=\"wp-block-group has-border-color has-base-background-color has-background has-global-padding is-layout-constrained wp-container-core-group-is-layout-9597dc02 wp-block-group-is-layout-constrained\" style=\"border-color:#138440;border-width:1px;border-radius:3px;padding-top:var(--wp--preset--spacing--10);padding-right:var(--wp--preset--spacing--10);padding-bottom:var(--wp--preset--spacing--10);padding-left:var(--wp--preset--spacing--10);box-shadow:var(--wp--preset--shadow--vaike-vari-2)\">\n<p><strong>The official dealing with this area:<\/strong><\/p>\n\n\n\n<div class=\"wp-block-group has-global-padding is-content-justification-left is-layout-constrained wp-container-core-group-is-layout-ef2e9300 wp-block-group-is-layout-constrained\">\n<div class=\"wp-block-group liigu has-base-2-background-color has-background has-global-padding is-content-justification-center is-layout-constrained wp-block-group-is-layout-constrained\" style=\"border-radius:5px;box-shadow:var(--wp--preset--shadow--vaike-vari-2)\">\n<div class=\"wp-block-group alignfull is-nowrap is-layout-flex wp-container-core-group-is-layout-653e2ebb wp-block-group-is-layout-flex\" style=\"padding-top:0.5rem;padding-right:0.5rem;padding-bottom:0.5rem;padding-left:0.5rem\">\n<p style=\"padding-left:0.5rem\"><span class=\"wp-rich-text-font-awesome-icon wp-font-awesome-icon\"><svg aria-hidden=\"true\" focusable=\"false\" data-prefix=\"fas\" data-icon=\"user\" class=\"svg-inline--fa fa-user\" role=\"img\" xmlns=\"http:\/\/www.w3.org\/2000\/svg\" viewbox=\"0 0 448 512\" style=\"font-size:1.3em\"><path fill=\"currentColor\" d=\"M224 256A128 128 0 1 0 224 0a128 128 0 1 0 0 256zm-45.7 48C79.8 304 0 383.8 0 482.3C0 498.7 13.3 512 29.7 512l388.6 0c16.4 0 29.7-13.3 29.7-29.7C448 383.8 368.2 304 269.7 304l-91.4 0z\"><\/path><\/svg><\/span><\/p>\n\n\n\n<p><a href=\"\/en\/vald-uudised-ja-kontakt\/kontakt\/#haljastusspetsialist\">Landscaper<\/a><\/p>\n<\/div>\n<\/div>\n<\/div>\n<\/div>\n<\/div>\n<\/div>","protected":false},"excerpt":{"rendered":"<p>Valga Vallavolikogu v\u00f5ttis 24.09.2021 istungil vastu m\u00e4\u00e4ruse &#8220;Heakorraeeskiri ja koormise kehtestamine&#8221;, millega kehtestatakse heakorra n\u00f5uded ja koormis kinnistute kasutajate suhtes Valga vallas. M\u00e4\u00e4ruse eesm\u00e4rgiks on koosm\u00f5jus teiste \u00f5igusaktidega tagada valla [&hellip;]<\/p>\n","protected":false},"author":1,"featured_media":0,"parent":3185,"menu_order":5,"comment_status":"closed","ping_status":"closed","template":"page-wide","meta":{"_EventAllDay":false,"_EventTimezone":"","_EventStartDate":"","_EventEndDate":"","_EventStartDateUTC":"","_EventEndDateUTC":"","_EventShowMap":false,"_EventShowMapLink":false,"_EventURL":"","_EventCost":"","_EventCostDescription":"","_EventCurrencySymbol":"","_EventCurrencyCode":"","_EventCurrencyPosition":"","_EventDateTimeSeparator":"","_EventTimeRangeSeparator":"","_EventOrganizerID":[],"_EventVenueID":[],"_OrganizerEmail":"","_OrganizerPhone":"","_OrganizerWebsite":"","_VenueAddress":"","_VenueCity":"","_VenueCountry":"","_VenueProvince":"","_VenueState":"","_VenueZip":"","_VenuePhone":"","_VenueURL":"","_VenueStateProvince":"","_VenueLat":"","_VenueLng":"","_VenueShowMap":false,"_VenueShowMapLink":false,"slim_seo":{"title":"Landscaping and landscaping - Valga parish","description":"The Valga Municipal Council adopted the regulation \"Establishment of the clean-up rules and the burden\" at the session of 24.09.2021, which establishes the clean-up requirements and the burden on real estate."},"footnotes":""},"class_list":["post-4129","page","type-page","status-publish","hentry"],"_links":{"self":[{"href":"https:\/\/valga.ee\/en\/wp-json\/wp\/v2\/pages\/4129","targetHints":{"allow":["GET"]}}],"collection":[{"href":"https:\/\/valga.ee\/en\/wp-json\/wp\/v2\/pages"}],"about":[{"href":"https:\/\/valga.ee\/en\/wp-json\/wp\/v2\/types\/page"}],"author":[{"embeddable":true,"href":"https:\/\/valga.ee\/en\/wp-json\/wp\/v2\/users\/1"}],"replies":[{"embeddable":true,"href":"https:\/\/valga.ee\/en\/wp-json\/wp\/v2\/comments?post=4129"}],"version-history":[{"count":1,"href":"https:\/\/valga.ee\/en\/wp-json\/wp\/v2\/pages\/4129\/revisions"}],"predecessor-version":[{"id":4143,"href":"https:\/\/valga.ee\/en\/wp-json\/wp\/v2\/pages\/4129\/revisions\/4143"}],"up":[{"embeddable":true,"href":"https:\/\/valga.ee\/en\/wp-json\/wp\/v2\/pages\/3185"}],"wp:attachment":[{"href":"https:\/\/valga.ee\/en\/wp-json\/wp\/v2\/media?parent=4129"}],"curies":[{"name":"wp","href":"https:\/\/api.w.org\/{rel}","templated":true}]}}