{"id":4111,"date":"2025-09-05T15:56:29","date_gmt":"2025-09-05T12:56:29","guid":{"rendered":"https:\/\/valga.ee\/?page_id=4111"},"modified":"2025-09-27T22:23:35","modified_gmt":"2025-09-27T19:23:35","slug":"ohtlike-jaatmete-vastuvott","status":"publish","type":"page","link":"https:\/\/valga.ee\/en\/ehitus-keskkond-teed\/keskkond-ja-maakasutus\/jaatmemajandus\/ohtlike-jaatmete-vastuvott\/","title":{"rendered":"Collection of hazardous waste"},"content":{"rendered":"<p><strong>Residents of Valga municipality can hand in their hazardous waste at the Valga waste station.<\/strong><\/p>\n\n\n\n<p><span class=\"wp-rich-text-font-awesome-icon wp-font-awesome-icon\"><svg aria-hidden=\"true\" focusable=\"false\" data-prefix=\"fas\" data-icon=\"clock\" class=\"svg-inline--fa fa-clock\" role=\"img\" xmlns=\"http:\/\/www.w3.org\/2000\/svg\" viewbox=\"0 0 512 512\"><path fill=\"currentColor\" d=\"M256 0a256 256 0 1 1 0 512A256 256 0 1 1 256 0zM232 120l0 136c0 8 4 15.5 10.7 20l96 64c11 7.4 25.9 4.4 33.3-6.7s4.4-25.9-6.7-33.3L280 243.2 280 120c0-13.3-10.7-24-24-24s-24 10.7-24 24z\"><\/path><\/svg><\/span>The Valga waste station is open at the following times:<\/p>\n\n\n\n<ul class=\"wp-block-list is-style-checkmark-list\">\n<li><strong>E-T: 09.00-18.00<\/strong><\/li>\n\n\n\n<li><strong>K-R: 09.00-17.00\u00a0<\/strong><\/li>\n\n\n\n<li><strong>L: 09.00-15.00\u00a0<\/strong><\/li>\n<\/ul>\n\n\n\n<p><em>Lunch 12.30-13.00<\/em><\/p>\n\n\n\n<p><\/p>\n\n\n\n<p>The Valga municipality waste station is operated by Marico Metall O\u00dc, tel 525 0986, e-mail.&nbsp;<a href=\"mailto:info@maricom.ee\">info@maricom.ee<\/a><\/p>\n\n\n\n<p><strong>Household waste can be collected free of charge at the Valga municipal waste station:<\/strong><\/p>\n\n\n\n<ul class=\"wp-block-list\">\n<li>hazardous waste (e.g.: batteries, accumulators, paints, daylights, waste household chemicals, pesticides, etc.);<\/li>\n\n\n\n<li>used tyres (private individuals can give away up to 8 tyres free of charge once a year);<\/li>\n\n\n\n<li>consumer electronics and household appliances.<\/li>\n<\/ul>\n\n\n\n<p><a href=\"https:\/\/valga.ee\/wp-content\/uploads\/2025\/09\/Valga-jaatmejaama-hinnakiri_alates-01.01.2024-OIGE.xlsx\" target=\"_blank\" rel=\"noreferrer noopener\">See the detailed price and list of waste accepted.<\/a> <span class=\"wp-rich-text-font-awesome-icon wp-font-awesome-icon\"><svg aria-hidden=\"true\" focusable=\"false\" data-prefix=\"fas\" data-icon=\"download\" class=\"svg-inline--fa fa-download\" role=\"img\" xmlns=\"http:\/\/www.w3.org\/2000\/svg\" viewbox=\"0 0 512 512\"><path fill=\"currentColor\" d=\"M288 32c0-17.7-14.3-32-32-32s-32 14.3-32 32l0 242.7-73.4-73.4c-12.5-12.5-32.8-12.5-45.3 0s-12.5 32.8 0 45.3l128 128c12.5 12.5 32.8 12.5 45.3 0l128-128c12.5-12.5 12.5-32.8 0-45.3s-32.8-12.5-45.3 0L288 274.7 288 32zM64 352c-35.3 0-64 28.7-64 64l0 32c0 35.3 28.7 64 64 64l384 0c35.3 0 64-28.7 64-64l0-32c0-35.3-28.7-64-64-64l-101.5 0-45.3 45.3c-25 25-65.5 25-90.5 0L165.5 352 64 352zm368 56a24 24 0 1 1 0 48 24 24 0 1 1 0-48z\"><\/path><\/svg><\/span><\/p>","protected":false},"excerpt":{"rendered":"<p>Valga valla elanikud saavad ohtlikke j\u00e4\u00e4tmeid \u00fcle anda Valga j\u00e4\u00e4tmejaamas. Valga j\u00e4\u00e4tmejaam on avatud j\u00e4rgmistel aegadel: L\u00f5una 12.30-13.00 Valga valla j\u00e4\u00e4tmejaamas opereerib Marico Metall O\u00dc,&nbsp;tel&nbsp;525 0986,&nbsp;e-post&nbsp;info@maricom.ee Valga valla j\u00e4\u00e4tmejaamas on [&hellip;]<\/p>\n","protected":false},"author":1,"featured_media":0,"parent":4019,"menu_order":5,"comment_status":"closed","ping_status":"closed","template":"","meta":{"_EventAllDay":false,"_EventTimezone":"","_EventStartDate":"","_EventEndDate":"","_EventStartDateUTC":"","_EventEndDateUTC":"","_EventShowMap":false,"_EventShowMapLink":false,"_EventURL":"","_EventCost":"","_EventCostDescription":"","_EventCurrencySymbol":"","_EventCurrencyCode":"","_EventCurrencyPosition":"","_EventDateTimeSeparator":"","_EventTimeRangeSeparator":"","_EventOrganizerID":[],"_EventVenueID":[],"_OrganizerEmail":"","_OrganizerPhone":"","_OrganizerWebsite":"","_VenueAddress":"","_VenueCity":"","_VenueCountry":"","_VenueProvince":"","_VenueState":"","_VenueZip":"","_VenuePhone":"","_VenueURL":"","_VenueStateProvince":"","_VenueLat":"","_VenueLng":"","_VenueShowMap":false,"_VenueShowMapLink":false,"slim_seo":{"title":"Ohtlike j\u00e4\u00e4tmete vastuv\u00f5tt - Valga vald","description":"Valga valla elanikud saavad ohtlikke j\u00e4\u00e4tmeid \u00fcle anda Valga j\u00e4\u00e4tmejaamas. Valga j\u00e4\u00e4tmejaam on avatud j\u00e4rgmistel aegadel: L\u00f5una 12.30-13.00 Valga valla j\u00e4\u00e4tmeja"},"footnotes":""},"class_list":["post-4111","page","type-page","status-publish","hentry"],"_links":{"self":[{"href":"https:\/\/valga.ee\/en\/wp-json\/wp\/v2\/pages\/4111","targetHints":{"allow":["GET"]}}],"collection":[{"href":"https:\/\/valga.ee\/en\/wp-json\/wp\/v2\/pages"}],"about":[{"href":"https:\/\/valga.ee\/en\/wp-json\/wp\/v2\/types\/page"}],"author":[{"embeddable":true,"href":"https:\/\/valga.ee\/en\/wp-json\/wp\/v2\/users\/1"}],"replies":[{"embeddable":true,"href":"https:\/\/valga.ee\/en\/wp-json\/wp\/v2\/comments?post=4111"}],"version-history":[{"count":7,"href":"https:\/\/valga.ee\/en\/wp-json\/wp\/v2\/pages\/4111\/revisions"}],"predecessor-version":[{"id":5530,"href":"https:\/\/valga.ee\/en\/wp-json\/wp\/v2\/pages\/4111\/revisions\/5530"}],"up":[{"embeddable":true,"href":"https:\/\/valga.ee\/en\/wp-json\/wp\/v2\/pages\/4019"}],"wp:attachment":[{"href":"https:\/\/valga.ee\/en\/wp-json\/wp\/v2\/media?parent=4111"}],"curies":[{"name":"wp","href":"https:\/\/api.w.org\/{rel}","templated":true}]}}