{"id":4108,"date":"2025-09-05T15:54:38","date_gmt":"2025-09-05T12:54:38","guid":{"rendered":"https:\/\/valga.ee\/?page_id=4108"},"modified":"2025-09-27T22:24:20","modified_gmt":"2025-09-27T19:24:20","slug":"pakendikonteinerite-asukohad","status":"publish","type":"page","link":"https:\/\/valga.ee\/en\/ehitus-keskkond-teed\/keskkond-ja-maakasutus\/jaatmemajandus\/pakendikonteinerite-asukohad\/","title":{"rendered":"Packaging container locations"},"content":{"rendered":"<div class=\"wp-block-columns is-layout-flex wp-container-core-columns-is-layout-658170e2 wp-block-columns-is-layout-flex\">\n<div class=\"wp-block-column is-layout-flow wp-block-column-is-layout-flow\" style=\"flex-basis:65%\">\n<p>Valga municipality has adopted a Waste Management Code, the aim of which is to maintain a clean and healthy living environment in Valga municipality, to reduce the amount of waste and to promote waste recovery. Waste sorting is compulsory for all natural and legal persons!<\/p>\n\n\n\n<p>Public packaging containers have been placed in Valga municipality where people can take their pre-sorted waste. So collect your packaging separately and take it to the designated container!<\/p>\n\n\n\n<p><strong>Paper and cardboard container (blue)-<\/strong>&nbsp;Waste paper and cardboard suitable for the container (e.g.: cardboard boxes\/cartons, kraft paper, clean paper packaging, newspapers, books, paper bags, etc.).<\/p>\n\n\n\n<p><strong>Glass packaging container (green)-<\/strong>&nbsp;Coloured and clear glass bottles\/cans and other clear glass packaging are suitable. If there is no separate container for glass packaging, glass packaging must be placed in a mixed packaging container.<\/p>\n\n\n\n<p><strong>Mixed packaging container (yellow)-<\/strong>&nbsp;Plastic packaging (e.g. yoghurt pots, butter cartons, ketchup bottles, etc.) are suitable for mixed packaging. Also, plastic cans\/cans and metal packaging (e.g. metal lids for food and beverage packaging, cork cans.<\/p>\n\n\n\n<p><strong>Packaging containers are managed by the municipality of Valga:<\/strong><\/p>\n\n\n\n<ul class=\"wp-block-list is-style-checkmark-list\">\n<li><strong>The Estonian Recovery Organisation (ETO):<\/strong>&nbsp;Mustam\u00e4e tee 24, 10621 Tallinn Tel 640 32 40 e-mail:&nbsp;<a href=\"mailto:eto@eto.ee\">eto@eto.ee<\/a><\/li>\n\n\n\n<li><strong>Producer Responsibility Organisation Ltd:&nbsp;<\/strong>L\u00f5\u00f5tsa 6, 11415 Tallinn, Tel 681 1481 e-mail:&nbsp;<a href=\"mailto:info@tvo.ee\">info@tvo.ee<\/a><\/li>\n\n\n\n<li><strong>NGO Estonian Packaging Association:<\/strong>&nbsp;Lao tn 5, Maardu 74114 Harjumaa, Tel 633 9240 e-mail:&nbsp;<a href=\"mailto:info@pakendiringlus.ee\">info@pakendiringlus.ee<\/a><\/li>\n<\/ul>\n\n\n\n<p>Valga Municipality has prepared a map application that gives an overview of the location of public packaging containers in Valga Municipality. It allows you to quickly find the nearest container.&nbsp;<\/p>\n\n\n\n<p><a href=\"https:\/\/valgavv.maps.arcgis.com\/apps\/webappviewer\/index.html?id=48241def9e2f4ccba683ed92b8eb7696\" target=\"_blank\" rel=\"noreferrer noopener\">Check out the map app<\/a> <span class=\"wp-rich-text-font-awesome-icon wp-font-awesome-icon\"><svg aria-hidden=\"true\" focusable=\"false\" data-prefix=\"fas\" data-icon=\"arrow-up-right-from-square\" class=\"svg-inline--fa fa-arrow-up-right-from-square\" role=\"img\" xmlns=\"http:\/\/www.w3.org\/2000\/svg\" viewbox=\"0 0 512 512\"><path fill=\"currentColor\" d=\"M320 0c-17.7 0-32 14.3-32 32s14.3 32 32 32l82.7 0L201.4 265.4c-12.5 12.5-12.5 32.8 0 45.3s32.8 12.5 45.3 0L448 109.3l0 82.7c0 17.7 14.3 32 32 32s32-14.3 32-32l0-160c0-17.7-14.3-32-32-32L320 0zM80 32C35.8 32 0 67.8 0 112L0 432c0 44.2 35.8 80 80 80l320 0c44.2 0 80-35.8 80-80l0-112c0-17.7-14.3-32-32-32s-32 14.3-32 32l0 112c0 8.8-7.2 16-16 16L80 448c-8.8 0-16-7.2-16-16l0-320c0-8.8 7.2-16 16-16l112 0c17.7 0 32-14.3 32-32s-14.3-32-32-32L80 32z\"><\/path><\/svg><\/span><\/p>\n\n\n\n<h2 class=\"wp-block-heading\">Collection of decent clothes<\/h2>\n\n\n\n<p>Clean and decent clothes can be donated:<\/p>\n\n\n\n<ul class=\"wp-block-list is-style-checkmark-list\">\n<li>Tootsi Pocket Flea Market and Friend to Friend Shop.<\/li>\n\n\n\n<li>ONLY reusable clothes, bags and footwear are welcome.<\/li>\n\n\n\n<li>Items must be clean, intact and in good order.<\/li>\n<\/ul>\n<\/div>\n\n\n\n<div class=\"wp-block-column is-layout-flow wp-block-column-is-layout-flow\"><a href=\"https:\/\/valgavv.maps.arcgis.com\/apps\/webappviewer\/index.html?id=48241def9e2f4ccba683ed92b8eb7696\" rel=\"noreferrer noopener\"   class=\"kiirlink wp-block-tiptip-hyperlink-group-block\" target=\"_blank\">\n<div class=\"wp-block-group kiirlink kiirlink-tume has-accent-4-color has-accent-5-background-color has-text-color has-background has-link-color wp-elements-7c1a4a6230f75f33f8fb9a8a7fa1f09f wp-container-content-9cfa9a5a has-global-padding is-layout-constrained wp-container-core-group-is-layout-246ba8a2 wp-block-group-is-layout-constrained\" style=\"border-radius:0px;border-top-color:var(--wp--preset--color--accent-4);border-top-width:1px;border-bottom-style:none;border-bottom-width:0px;padding-top:0.7em;padding-right:var(--wp--preset--spacing--10);padding-bottom:0.7em;padding-left:var(--wp--preset--spacing--10)\">\n<div class=\"wp-block-group is-content-justification-space-between is-nowrap is-layout-flex wp-container-core-group-is-layout-2b43bde3 wp-block-group-is-layout-flex\" style=\"padding-top:0;padding-bottom:0\">\n<p class=\"wp-container-content-9cfa9a5a\"><strong>Packaging container map application<\/strong><\/p>\n\n\n\n<p>&gt;<\/p>\n<\/div>\n<\/div>\n<\/a>\n\n\n<div class=\"wp-block-group has-border-color has-base-background-color has-background has-global-padding is-layout-constrained wp-container-core-group-is-layout-9597dc02 wp-block-group-is-layout-constrained\" style=\"border-color:#138440;border-width:1px;border-radius:3px;padding-top:var(--wp--preset--spacing--10);padding-right:var(--wp--preset--spacing--10);padding-bottom:var(--wp--preset--spacing--10);padding-left:var(--wp--preset--spacing--10);box-shadow:var(--wp--preset--shadow--vaike-vari-2)\">\n<p><strong>The official dealing with this area:<\/strong><\/p>\n\n\n\n<div class=\"wp-block-group has-global-padding is-content-justification-left is-layout-constrained wp-container-core-group-is-layout-ef2e9300 wp-block-group-is-layout-constrained\">\n<div class=\"wp-block-group liigu has-base-2-background-color has-background has-global-padding is-content-justification-center is-layout-constrained wp-block-group-is-layout-constrained\" style=\"border-radius:5px;box-shadow:var(--wp--preset--shadow--vaike-vari-2)\">\n<div class=\"wp-block-group alignfull is-nowrap is-layout-flex wp-container-core-group-is-layout-653e2ebb wp-block-group-is-layout-flex\" style=\"padding-top:0.5rem;padding-right:0.5rem;padding-bottom:0.5rem;padding-left:0.5rem\">\n<p style=\"padding-left:0.5rem\"><span class=\"wp-rich-text-font-awesome-icon wp-font-awesome-icon\"><svg aria-hidden=\"true\" focusable=\"false\" data-prefix=\"fas\" data-icon=\"user\" class=\"svg-inline--fa fa-user\" role=\"img\" xmlns=\"http:\/\/www.w3.org\/2000\/svg\" viewbox=\"0 0 448 512\" style=\"font-size:1.3em\"><path fill=\"currentColor\" d=\"M224 256A128 128 0 1 0 224 0a128 128 0 1 0 0 256zm-45.7 48C79.8 304 0 383.8 0 482.3C0 498.7 13.3 512 29.7 512l388.6 0c16.4 0 29.7-13.3 29.7-29.7C448 383.8 368.2 304 269.7 304l-91.4 0z\"><\/path><\/svg><\/span><\/p>\n\n\n\n<p><a href=\"\/en\/vald-uudised-ja-kontakt\/kontakt\/#keskkonnaspetsialist\">Environment Officer<\/a><\/p>\n<\/div>\n<\/div>\n<\/div>\n<\/div>\n<\/div>\n<\/div>","protected":false},"excerpt":{"rendered":"<p>Valga vald on v\u00f5tnud vastu j\u00e4\u00e4tmehoolduseeskirja, mille eesm\u00e4rgiks on s\u00e4ilitada Valga vallas puhas ja tervislik elukeskkond, v\u00e4hendada j\u00e4\u00e4tmete koguseid ning soodustada j\u00e4\u00e4tmete taaskasutamist. J\u00e4\u00e4tmete sorteerimine on k\u00f5igile f\u00fc\u00fcsilistele ja juriidilistele [&hellip;]<\/p>\n","protected":false},"author":1,"featured_media":0,"parent":4019,"menu_order":4,"comment_status":"closed","ping_status":"closed","template":"page-wide","meta":{"_EventAllDay":false,"_EventTimezone":"","_EventStartDate":"","_EventEndDate":"","_EventStartDateUTC":"","_EventEndDateUTC":"","_EventShowMap":false,"_EventShowMapLink":false,"_EventURL":"","_EventCost":"","_EventCostDescription":"","_EventCurrencySymbol":"","_EventCurrencyCode":"","_EventCurrencyPosition":"","_EventDateTimeSeparator":"","_EventTimeRangeSeparator":"","_EventOrganizerID":[],"_EventVenueID":[],"_OrganizerEmail":"","_OrganizerPhone":"","_OrganizerWebsite":"","_VenueAddress":"","_VenueCity":"","_VenueCountry":"","_VenueProvince":"","_VenueState":"","_VenueZip":"","_VenuePhone":"","_VenueURL":"","_VenueStateProvince":"","_VenueLat":"","_VenueLng":"","_VenueShowMap":false,"_VenueShowMapLink":false,"slim_seo":{"title":"Packaging container locations - Valga Municipality","description":"Valga Parish has adopted a waste management regulation, which aims to maintain a clean and healthy living environment in Valga Parish, reduce the amount of waste, and promote"},"footnotes":""},"class_list":["post-4108","page","type-page","status-publish","hentry"],"_links":{"self":[{"href":"https:\/\/valga.ee\/en\/wp-json\/wp\/v2\/pages\/4108","targetHints":{"allow":["GET"]}}],"collection":[{"href":"https:\/\/valga.ee\/en\/wp-json\/wp\/v2\/pages"}],"about":[{"href":"https:\/\/valga.ee\/en\/wp-json\/wp\/v2\/types\/page"}],"author":[{"embeddable":true,"href":"https:\/\/valga.ee\/en\/wp-json\/wp\/v2\/users\/1"}],"replies":[{"embeddable":true,"href":"https:\/\/valga.ee\/en\/wp-json\/wp\/v2\/comments?post=4108"}],"version-history":[{"count":2,"href":"https:\/\/valga.ee\/en\/wp-json\/wp\/v2\/pages\/4108\/revisions"}],"predecessor-version":[{"id":5532,"href":"https:\/\/valga.ee\/en\/wp-json\/wp\/v2\/pages\/4108\/revisions\/5532"}],"up":[{"embeddable":true,"href":"https:\/\/valga.ee\/en\/wp-json\/wp\/v2\/pages\/4019"}],"wp:attachment":[{"href":"https:\/\/valga.ee\/en\/wp-json\/wp\/v2\/media?parent=4108"}],"curies":[{"name":"wp","href":"https:\/\/api.w.org\/{rel}","templated":true}]}}