{"id":4085,"date":"2025-09-05T15:20:52","date_gmt":"2025-09-05T12:20:52","guid":{"rendered":"https:\/\/valga.ee\/?page_id=4085"},"modified":"2025-09-25T21:12:50","modified_gmt":"2025-09-25T18:12:50","slug":"jaatmekava","status":"publish","type":"page","link":"https:\/\/valga.ee\/en\/ehitus-keskkond-teed\/keskkond-ja-maakasutus\/jaatmemajandus\/jaatmekava\/","title":{"rendered":"Waste management plan"},"content":{"rendered":"<h2 class=\"wp-block-heading\">Joint waste management plan for the municipalities of Valgamaa 2025-2030<\/h2>\n\n\n\n<p><\/p>\n\n\n\n<p>The Joint Waste Management Plan of the Local Governments of Valga County 2025-2030 is a document that organises and guides the waste management of the local government.Its purpose is to determine the development directions, activities and measures of waste management and, if necessary, their costs until 2030. The waste management plan of the local government unit deals with the situation of waste management on the territory covered by the plan, the objectives of organising and improving waste management and the measures for achieving the objectives. <\/p>\n\n\n\n<p>The waste management plan has been drawn up in accordance with the requirements of the Waste Management Act, which determine the content of the waste management plan and the publication of the waste management plan. The waste management plan does not cover waste that does not fall within the scope of the Waste Act or is regulated by other laws and regulations. The strategic waste management objectives, resources and activities described in this waste management plan are subject to change as necessary. Input for the need for changes may come from changes in legislation, market situations in waste management, as well as changes in the needs and capabilities of municipalities themselves. Changes may also be brought about by unpredictable or difficult to predict changes in the political or economic spheres. The implementation of the waste management plan will be based on an action plan. The action plan will be adjusted according to needs.<\/p>\n\n\n\n<p>Check out <a href=\"https:\/\/valga.ee\/wp-content\/uploads\/2025\/09\/Valgamaa-omavalitsuste-uhine-jaatmekava-2025\u20132030-1.pdf\" data-type=\"link\" data-id=\"https:\/\/valga.ee\/wp-content\/uploads\/2025\/09\/Valgamaa-omavalitsuste-uhine-jaatmekava-2025\u20132030-1.pdf\">Downloading the common waste management plan of the municipalities of Valga County<\/a> <span class=\"wp-rich-text-font-awesome-icon wp-font-awesome-icon\"><svg aria-hidden=\"true\" focusable=\"false\" data-prefix=\"fas\" data-icon=\"download\" class=\"svg-inline--fa fa-download\" role=\"img\" xmlns=\"http:\/\/www.w3.org\/2000\/svg\" viewbox=\"0 0 512 512\"><path fill=\"currentColor\" d=\"M288 32c0-17.7-14.3-32-32-32s-32 14.3-32 32l0 242.7-73.4-73.4c-12.5-12.5-32.8-12.5-45.3 0s-12.5 32.8 0 45.3l128 128c12.5 12.5 32.8 12.5 45.3 0l128-128c12.5-12.5 12.5-32.8 0-45.3s-32.8-12.5-45.3 0L288 274.7 288 32zM64 352c-35.3 0-64 28.7-64 64l0 32c0 35.3 28.7 64 64 64l384 0c35.3 0 64-28.7 64-64l0-32c0-35.3-28.7-64-64-64l-101.5 0-45.3 45.3c-25 25-65.5 25-90.5 0L165.5 352 64 352zm368 56a24 24 0 1 1 0 48 24 24 0 1 1 0-48z\"><\/path><\/svg><\/span>or <a href=\"https:\/\/www.riigiteataja.ee\/akt\/410092025008\" target=\"_blank\" rel=\"noreferrer noopener\">In the Official Journal<\/a> <span class=\"wp-rich-text-font-awesome-icon wp-font-awesome-icon\"><svg aria-hidden=\"true\" focusable=\"false\" data-prefix=\"fas\" data-icon=\"arrow-up-right-from-square\" class=\"svg-inline--fa fa-arrow-up-right-from-square\" role=\"img\" xmlns=\"http:\/\/www.w3.org\/2000\/svg\" viewbox=\"0 0 512 512\"><path fill=\"currentColor\" d=\"M320 0c-17.7 0-32 14.3-32 32s14.3 32 32 32l82.7 0L201.4 265.4c-12.5 12.5-12.5 32.8 0 45.3s32.8 12.5 45.3 0L448 109.3l0 82.7c0 17.7 14.3 32 32 32s32-14.3 32-32l0-160c0-17.7-14.3-32-32-32L320 0zM80 32C35.8 32 0 67.8 0 112L0 432c0 44.2 35.8 80 80 80l320 0c44.2 0 80-35.8 80-80l0-112c0-17.7-14.3-32-32-32s-32 14.3-32 32l0 112c0 8.8-7.2 16-16 16L80 448c-8.8 0-16-7.2-16-16l0-320c0-8.8 7.2-16 16-16l112 0c17.7 0 32-14.3 32-32s-14.3-32-32-32L80 32z\"><\/path><\/svg><\/span><\/p>","protected":false},"excerpt":{"rendered":"<p>Valgamaa omavalitsuste \u00fchine j\u00e4\u00e4tmekava 2025-2030 Valgamaa omavalitsuste \u00fchine j\u00e4\u00e4tmekava 2025-2030 on omavalitsuse j\u00e4\u00e4tmehooldust korraldav ja suunav dokument, mille eesm\u00e4rk on m\u00e4\u00e4rata j\u00e4\u00e4tmehoolduse arengusuunad, tegevused ja meetmed ning vajadusel nende maksumust [&hellip;]<\/p>\n","protected":false},"author":1,"featured_media":0,"parent":4019,"menu_order":2,"comment_status":"closed","ping_status":"closed","template":"","meta":{"_EventAllDay":false,"_EventTimezone":"","_EventStartDate":"","_EventEndDate":"","_EventStartDateUTC":"","_EventEndDateUTC":"","_EventShowMap":false,"_EventShowMapLink":false,"_EventURL":"","_EventCost":"","_EventCostDescription":"","_EventCurrencySymbol":"","_EventCurrencyCode":"","_EventCurrencyPosition":"","_EventDateTimeSeparator":"","_EventTimeRangeSeparator":"","_EventOrganizerID":[],"_EventVenueID":[],"_OrganizerEmail":"","_OrganizerPhone":"","_OrganizerWebsite":"","_VenueAddress":"","_VenueCity":"","_VenueCountry":"","_VenueProvince":"","_VenueState":"","_VenueZip":"","_VenuePhone":"","_VenueURL":"","_VenueStateProvince":"","_VenueLat":"","_VenueLng":"","_VenueShowMap":false,"_VenueShowMapLink":false,"slim_seo":{"title":"Waste management plan - Valga municipality","description":"Joint Waste Management Plan 2025-2030 of the Local Governments of Valga County The Joint Waste Management Plan 2025-2030 of the Local Governments of Valga County is a document that organises and guides the waste management of local governments,"},"footnotes":""},"class_list":["post-4085","page","type-page","status-publish","hentry"],"_links":{"self":[{"href":"https:\/\/valga.ee\/en\/wp-json\/wp\/v2\/pages\/4085","targetHints":{"allow":["GET"]}}],"collection":[{"href":"https:\/\/valga.ee\/en\/wp-json\/wp\/v2\/pages"}],"about":[{"href":"https:\/\/valga.ee\/en\/wp-json\/wp\/v2\/types\/page"}],"author":[{"embeddable":true,"href":"https:\/\/valga.ee\/en\/wp-json\/wp\/v2\/users\/1"}],"replies":[{"embeddable":true,"href":"https:\/\/valga.ee\/en\/wp-json\/wp\/v2\/comments?post=4085"}],"version-history":[{"count":5,"href":"https:\/\/valga.ee\/en\/wp-json\/wp\/v2\/pages\/4085\/revisions"}],"predecessor-version":[{"id":5377,"href":"https:\/\/valga.ee\/en\/wp-json\/wp\/v2\/pages\/4085\/revisions\/5377"}],"up":[{"embeddable":true,"href":"https:\/\/valga.ee\/en\/wp-json\/wp\/v2\/pages\/4019"}],"wp:attachment":[{"href":"https:\/\/valga.ee\/en\/wp-json\/wp\/v2\/media?parent=4085"}],"curies":[{"name":"wp","href":"https:\/\/api.w.org\/{rel}","templated":true}]}}