{"id":4078,"date":"2025-09-05T15:17:45","date_gmt":"2025-09-05T12:17:45","guid":{"rendered":"https:\/\/valga.ee\/?page_id=4078"},"modified":"2026-03-31T09:35:17","modified_gmt":"2026-03-31T06:35:17","slug":"jaatmejaam","status":"publish","type":"page","link":"https:\/\/valga.ee\/en\/ehitus-keskkond-teed\/keskkond-ja-maakasutus\/jaatmemajandus\/jaatmejaam\/","title":{"rendered":"Waste disposal"},"content":{"rendered":"<div class=\"wp-block-columns is-layout-flex wp-container-core-columns-is-layout-658170e2 wp-block-columns-is-layout-flex\">\n<div class=\"wp-block-column is-layout-flow wp-block-column-is-layout-flow\" style=\"flex-basis:65%\">\n<div class=\"wp-block-group has-global-padding is-layout-constrained wp-container-core-group-is-layout-b13d32f8 wp-block-group-is-layout-constrained\" style=\"border-left-color:var(--wp--preset--color--contrast);border-left-width:1px;padding-right:var(--wp--preset--spacing--10);padding-left:var(--wp--preset--spacing--10)\">\n<p><span class=\"wp-rich-text-font-awesome-icon wp-font-awesome-icon\"><svg aria-hidden=\"true\" focusable=\"false\" data-prefix=\"fas\" data-icon=\"location-dot\" class=\"svg-inline--fa fa-location-dot\" role=\"img\" xmlns=\"http:\/\/www.w3.org\/2000\/svg\" viewbox=\"0 0 384 512\"><path fill=\"currentColor\" d=\"M215.7 499.2C267 435 384 279.4 384 192C384 86 298 0 192 0S0 86 0 192c0 87.4 117 243 168.3 307.2c12.3 15.3 35.1 15.3 47.4 0zM192 128a64 64 0 1 1 0 128 64 64 0 1 1 0-128z\"><\/path><\/svg><\/span>V\u00f5ru tn 109c, Valga<br><span class=\"wp-rich-text-font-awesome-icon wp-font-awesome-icon\"><svg aria-hidden=\"true\" focusable=\"false\" data-prefix=\"fas\" data-icon=\"user\" class=\"svg-inline--fa fa-user\" role=\"img\" xmlns=\"http:\/\/www.w3.org\/2000\/svg\" viewbox=\"0 0 448 512\"><path fill=\"currentColor\" d=\"M224 256A128 128 0 1 0 224 0a128 128 0 1 0 0 256zm-45.7 48C79.8 304 0 383.8 0 482.3C0 498.7 13.3 512 29.7 512l388.6 0c16.4 0 29.7-13.3 29.7-29.7C448 383.8 368.2 304 269.7 304l-91.4 0z\"><\/path><\/svg><\/span>Marico Metal O\u00dc<br><span class=\"wp-rich-text-font-awesome-icon wp-font-awesome-icon\"><svg aria-hidden=\"true\" focusable=\"false\" data-prefix=\"fas\" data-icon=\"envelope-open\" class=\"svg-inline--fa fa-envelope-open\" role=\"img\" xmlns=\"http:\/\/www.w3.org\/2000\/svg\" viewbox=\"0 0 512 512\"><path fill=\"currentColor\" d=\"M64 208.1L256 65.9 448 208.1l0 47.4L289.5 373c-9.7 7.2-21.4 11-33.5 11s-23.8-3.9-33.5-11L64 255.5l0-47.4zM256 0c-12.1 0-23.8 3.9-33.5 11L25.9 156.7C9.6 168.8 0 187.8 0 208.1L0 448c0 35.3 28.7 64 64 64l384 0c35.3 0 64-28.7 64-64l0-239.9c0-20.3-9.6-39.4-25.9-51.4L289.5 11C279.8 3.9 268.1 0 256 0z\"><\/path><\/svg><\/span><a href=\"mailto:info@maricom.ee\">info@maricom.ee<\/a><br><span class=\"wp-rich-text-font-awesome-icon wp-font-awesome-icon\"><svg aria-hidden=\"true\" focusable=\"false\" data-prefix=\"fas\" data-icon=\"phone\" class=\"svg-inline--fa fa-phone\" role=\"img\" xmlns=\"http:\/\/www.w3.org\/2000\/svg\" viewbox=\"0 0 512 512\"><path fill=\"currentColor\" d=\"M164.9 24.6c-7.7-18.6-28-28.5-47.4-23.2l-88 24C12.1 30.2 0 46 0 64C0 311.4 200.6 512 448 512c18 0 33.8-12.1 38.6-29.5l24-88c5.3-19.4-4.6-39.7-23.2-47.4l-96-40c-16.3-6.8-35.2-2.1-46.3 11.6L304.7 368C234.3 334.7 177.3 277.7 144 207.3L193.3 167c13.7-11.2 18.4-30 11.6-46.3l-40-96z\"><\/path><\/svg><\/span>525 0986<br><span class=\"wp-rich-text-font-awesome-icon wp-font-awesome-icon\"><svg aria-hidden=\"true\" focusable=\"false\" data-prefix=\"fas\" data-icon=\"phone\" class=\"svg-inline--fa fa-phone\" role=\"img\" xmlns=\"http:\/\/www.w3.org\/2000\/svg\" viewbox=\"0 0 512 512\"><path fill=\"currentColor\" d=\"M164.9 24.6c-7.7-18.6-28-28.5-47.4-23.2l-88 24C12.1 30.2 0 46 0 64C0 311.4 200.6 512 448 512c18 0 33.8-12.1 38.6-29.5l24-88c5.3-19.4-4.6-39.7-23.2-47.4l-96-40c-16.3-6.8-35.2-2.1-46.3 11.6L304.7 368C234.3 334.7 177.3 277.7 144 207.3L193.3 167c13.7-11.2 18.4-30 11.6-46.3l-40-96z\"><\/path><\/svg><\/span>16220 (freephone number for more information)<\/p>\n\n\n\n<p><span class=\"wp-rich-text-font-awesome-icon wp-font-awesome-icon\"><svg aria-hidden=\"true\" focusable=\"false\" data-prefix=\"fas\" data-icon=\"clock\" class=\"svg-inline--fa fa-clock\" role=\"img\" xmlns=\"http:\/\/www.w3.org\/2000\/svg\" viewbox=\"0 0 512 512\"><path fill=\"currentColor\" d=\"M256 0a256 256 0 1 1 0 512A256 256 0 1 1 256 0zM232 120l0 136c0 8 4 15.5 10.7 20l96 64c11 7.4 25.9 4.4 33.3-6.7s4.4-25.9-6.7-33.3L280 243.2 280 120c0-13.3-10.7-24-24-24s-24 10.7-24 24z\"><\/path><\/svg><\/span>The Valga waste station is open at the following times:<br><strong>E-T: 09.00-18.00<\/strong><br><strong>K-R: 09.00-17.00\u00a0<\/strong><br><strong>L: 09.00-15.00<\/strong><br><em>Lunch 12.30-13.00<\/em><br><br><strong>03.04.2026 \u2013 PUBLISHED<\/strong><\/p>\n<\/div>\n\n\n\n<p>The Valga municipality waste station is managed by Marico Metall O\u00dc. Waste from households can be disposed of free of charge at the Valga municipality waste station:<strong> <\/strong><\/p>\n\n\n\n<p><span class=\"wp-rich-text-font-awesome-icon wp-font-awesome-icon\"><svg aria-hidden=\"true\" focusable=\"false\" data-prefix=\"fas\" data-icon=\"check\" class=\"svg-inline--fa fa-check\" role=\"img\" xmlns=\"http:\/\/www.w3.org\/2000\/svg\" viewbox=\"0 0 448 512\"><path fill=\"currentColor\" d=\"M438.6 105.4c12.5 12.5 12.5 32.8 0 45.3l-256 256c-12.5 12.5-32.8 12.5-45.3 0l-128-128c-12.5-12.5-12.5-32.8 0-45.3s32.8-12.5 45.3 0L160 338.7 393.4 105.4c12.5-12.5 32.8-12.5 45.3 0z\"><\/path><\/svg><\/span>hazardous waste (e.g.: batteries, accumulators, paints, daylights, waste household chemicals, pesticides, etc.);<\/p>\n\n\n\n<p><span class=\"wp-rich-text-font-awesome-icon wp-font-awesome-icon\"><svg aria-hidden=\"true\" focusable=\"false\" data-prefix=\"fas\" data-icon=\"check\" class=\"svg-inline--fa fa-check\" role=\"img\" xmlns=\"http:\/\/www.w3.org\/2000\/svg\" viewbox=\"0 0 448 512\"><path fill=\"currentColor\" d=\"M438.6 105.4c12.5 12.5 12.5 32.8 0 45.3l-256 256c-12.5 12.5-32.8 12.5-45.3 0l-128-128c-12.5-12.5-12.5-32.8 0-45.3s32.8-12.5 45.3 0L160 338.7 393.4 105.4c12.5-12.5 32.8-12.5 45.3 0z\"><\/path><\/svg><\/span>used tyres (private individuals can give away up to 8 tyres free of charge once a year);<\/p>\n\n\n\n<p><span class=\"wp-rich-text-font-awesome-icon wp-font-awesome-icon\"><svg aria-hidden=\"true\" focusable=\"false\" data-prefix=\"fas\" data-icon=\"check\" class=\"svg-inline--fa fa-check\" role=\"img\" xmlns=\"http:\/\/www.w3.org\/2000\/svg\" viewbox=\"0 0 448 512\"><path fill=\"currentColor\" d=\"M438.6 105.4c12.5 12.5 12.5 32.8 0 45.3l-256 256c-12.5 12.5-32.8 12.5-45.3 0l-128-128c-12.5-12.5-12.5-32.8 0-45.3s32.8-12.5 45.3 0L160 338.7 393.4 105.4c12.5-12.5 32.8-12.5 45.3 0z\"><\/path><\/svg><\/span>consumer electronics and household appliances.<br><\/p>\n\n\n\n<p><a href=\"https:\/\/valga.ee\/wp-content\/uploads\/2025\/09\/Valga-jaatmejaama-hinnakiri_alates-01.01.2024-OIGE.xlsx\" target=\"_blank\" rel=\"noreferrer noopener\">See the detailed price and list of waste accepted.<\/a> <span class=\"wp-rich-text-font-awesome-icon wp-font-awesome-icon\"><svg aria-hidden=\"true\" focusable=\"false\" data-prefix=\"fas\" data-icon=\"download\" class=\"svg-inline--fa fa-download\" role=\"img\" xmlns=\"http:\/\/www.w3.org\/2000\/svg\" viewbox=\"0 0 512 512\"><path fill=\"currentColor\" d=\"M288 32c0-17.7-14.3-32-32-32s-32 14.3-32 32l0 242.7-73.4-73.4c-12.5-12.5-32.8-12.5-45.3 0s-12.5 32.8 0 45.3l128 128c12.5 12.5 32.8 12.5 45.3 0l128-128c12.5-12.5 12.5-32.8 0-45.3s-32.8-12.5-45.3 0L288 274.7 288 32zM64 352c-35.3 0-64 28.7-64 64l0 32c0 35.3 28.7 64 64 64l384 0c35.3 0 64-28.7 64-64l0-32c0-35.3-28.7-64-64-64l-101.5 0-45.3 45.3c-25 25-65.5 25-90.5 0L165.5 352 64 352zm368 56a24 24 0 1 1 0 48 24 24 0 1 1 0-48z\"><\/path><\/svg><\/span><\/p>\n\n\n\n<p>The amount of waste given away by residents is registered, so you will need to bring an identity document with you when you take your waste to the station.<\/p>\n\n\n\n<p>Mixed municipal waste cannot normally be disposed of at the Valga waste station. Mixed municipal waste can only be handed over to the Valga waste station in exceptional cases and with the consent of the local authority.<\/p>\n\n\n\n<p>Marico Metall O\u00dc also accepts scrap metal at the Valga municipality waste station. It is also possible to order a transport service from the waste station and to rent various collection containers for waste.&nbsp;<\/p>\n\n\n\n<div style=\"height:17px\" aria-hidden=\"true\" class=\"wp-block-spacer\"><\/div>\n\n\n\n<p><strong>If a private person wishes to drop off more than 8 passenger car tyres or other tyres (e.g.: truck or tractor tyres) at the waste collection station, he\/she must inform MT\u00dc Rehviringlust who will issue a corresponding delivery note.<\/strong> <a href=\"https:\/\/www.rehviringlus.ee\/vastuvotu-tingimused\" target=\"_blank\" rel=\"noreferrer noopener\">See more information<\/a> <span class=\"wp-rich-text-font-awesome-icon wp-font-awesome-icon\"><svg aria-hidden=\"true\" focusable=\"false\" data-prefix=\"fas\" data-icon=\"arrow-up-right-from-square\" class=\"svg-inline--fa fa-arrow-up-right-from-square\" role=\"img\" xmlns=\"http:\/\/www.w3.org\/2000\/svg\" viewbox=\"0 0 512 512\"><path fill=\"currentColor\" d=\"M320 0c-17.7 0-32 14.3-32 32s14.3 32 32 32l82.7 0L201.4 265.4c-12.5 12.5-12.5 32.8 0 45.3s32.8 12.5 45.3 0L448 109.3l0 82.7c0 17.7 14.3 32 32 32s32-14.3 32-32l0-160c0-17.7-14.3-32-32-32L320 0zM80 32C35.8 32 0 67.8 0 112L0 432c0 44.2 35.8 80 80 80l320 0c44.2 0 80-35.8 80-80l0-112c0-17.7-14.3-32-32-32s-32 14.3-32 32l0 112c0 8.8-7.2 16-16 16L80 448c-8.8 0-16-7.2-16-16l0-320c0-8.8 7.2-16 16-16l112 0c17.7 0 32-14.3 32-32s-14.3-32-32-32L80 32z\"><\/path><\/svg><\/span><\/p>\n\n\n\n<p><br><strong>For more information on the types of waste accepted: tel 16220 (freephone short code).<\/strong>); 525 0986 or e-mail&nbsp;<a href=\"mailto:info@maricom.ee\">info@maricom.ee<\/a>.<\/p>\n<\/div>\n\n\n\n<div class=\"wp-block-column is-layout-flow wp-block-column-is-layout-flow\">\n<div class=\"wp-block-group has-border-color has-base-background-color has-background has-global-padding is-layout-constrained wp-container-core-group-is-layout-9597dc02 wp-block-group-is-layout-constrained\" style=\"border-color:#138440;border-width:1px;border-radius:3px;padding-top:var(--wp--preset--spacing--10);padding-right:var(--wp--preset--spacing--10);padding-bottom:var(--wp--preset--spacing--10);padding-left:var(--wp--preset--spacing--10);box-shadow:var(--wp--preset--shadow--vaike-vari-2)\">\n<p><strong>The official dealing with this area:<\/strong><\/p>\n\n\n\n<div class=\"wp-block-group has-global-padding is-content-justification-left is-layout-constrained wp-container-core-group-is-layout-ef2e9300 wp-block-group-is-layout-constrained\">\n<div class=\"wp-block-group liigu has-base-2-background-color has-background has-global-padding is-content-justification-center is-layout-constrained wp-block-group-is-layout-constrained\" style=\"border-radius:5px;box-shadow:var(--wp--preset--shadow--vaike-vari-2)\">\n<div class=\"wp-block-group alignfull is-nowrap is-layout-flex wp-container-core-group-is-layout-653e2ebb wp-block-group-is-layout-flex\" style=\"padding-top:0.5rem;padding-right:0.5rem;padding-bottom:0.5rem;padding-left:0.5rem\">\n<p style=\"padding-left:0.5rem\"><span class=\"wp-rich-text-font-awesome-icon wp-font-awesome-icon\"><svg aria-hidden=\"true\" focusable=\"false\" data-prefix=\"fas\" data-icon=\"user\" class=\"svg-inline--fa fa-user\" role=\"img\" xmlns=\"http:\/\/www.w3.org\/2000\/svg\" viewbox=\"0 0 448 512\" style=\"font-size:1.3em\"><path fill=\"currentColor\" d=\"M224 256A128 128 0 1 0 224 0a128 128 0 1 0 0 256zm-45.7 48C79.8 304 0 383.8 0 482.3C0 498.7 13.3 512 29.7 512l388.6 0c16.4 0 29.7-13.3 29.7-29.7C448 383.8 368.2 304 269.7 304l-91.4 0z\"><\/path><\/svg><\/span><\/p>\n\n\n\n<p><a href=\"\/en\/vald-uudised-ja-kontakt\/kontakt\/#keskkonnaspetsialist\">Environment Officer<\/a><\/p>\n<\/div>\n<\/div>\n<\/div>\n<\/div>\n<\/div>\n<\/div>","protected":false},"excerpt":{"rendered":"<p>V\u00f5ru tn 109c, ValgaMarico Metall O\u00dcinfo@maricom.ee525 098616220 (tasuta l\u00fchinumber lisainfo saamiseks) Valga j\u00e4\u00e4tmejaam on avatud j\u00e4rgmistel aegadel:E-T: 09.00-18.00K-R: 09.00-17.00\u00a0L: 09.00-15.00L\u00f5una 12.30-13.00 03.04.2026 &#8211; SULETUD Valga valla j\u00e4\u00e4tmejaama haldab Marico Metall [&hellip;]<\/p>\n","protected":false},"author":1,"featured_media":0,"parent":4019,"menu_order":1,"comment_status":"closed","ping_status":"closed","template":"page-wide","meta":{"_EventAllDay":false,"_EventTimezone":"","_EventStartDate":"","_EventEndDate":"","_EventStartDateUTC":"","_EventEndDateUTC":"","_EventShowMap":false,"_EventShowMapLink":false,"_EventURL":"","_EventCost":"","_EventCostDescription":"","_EventCurrencySymbol":"","_EventCurrencyCode":"","_EventCurrencyPosition":"","_EventDateTimeSeparator":"","_EventTimeRangeSeparator":"","_EventOrganizerID":[],"_EventVenueID":[],"_OrganizerEmail":"","_OrganizerPhone":"","_OrganizerWebsite":"","_VenueAddress":"","_VenueCity":"","_VenueCountry":"","_VenueProvince":"","_VenueState":"","_VenueZip":"","_VenuePhone":"","_VenueURL":"","_VenueStateProvince":"","_VenueLat":"","_VenueLng":"","_VenueShowMap":false,"_VenueShowMapLink":false,"slim_seo":{"title":"J\u00e4\u00e4tmejaam - Valga vald","description":"V\u00f5ru tn 109c, Valga Marico Metall O\u00dc info@maricom.ee 525 0986 16220 (tasuta l\u00fchinumber lisainfo saamiseks) Valga j\u00e4\u00e4tmejaam on avatud j\u00e4rgmistel aegadel: E-T: 0"},"footnotes":""},"class_list":["post-4078","page","type-page","status-publish","hentry"],"_links":{"self":[{"href":"https:\/\/valga.ee\/en\/wp-json\/wp\/v2\/pages\/4078","targetHints":{"allow":["GET"]}}],"collection":[{"href":"https:\/\/valga.ee\/en\/wp-json\/wp\/v2\/pages"}],"about":[{"href":"https:\/\/valga.ee\/en\/wp-json\/wp\/v2\/types\/page"}],"author":[{"embeddable":true,"href":"https:\/\/valga.ee\/en\/wp-json\/wp\/v2\/users\/1"}],"replies":[{"embeddable":true,"href":"https:\/\/valga.ee\/en\/wp-json\/wp\/v2\/comments?post=4078"}],"version-history":[{"count":6,"href":"https:\/\/valga.ee\/en\/wp-json\/wp\/v2\/pages\/4078\/revisions"}],"predecessor-version":[{"id":9152,"href":"https:\/\/valga.ee\/en\/wp-json\/wp\/v2\/pages\/4078\/revisions\/9152"}],"up":[{"embeddable":true,"href":"https:\/\/valga.ee\/en\/wp-json\/wp\/v2\/pages\/4019"}],"wp:attachment":[{"href":"https:\/\/valga.ee\/en\/wp-json\/wp\/v2\/media?parent=4078"}],"curies":[{"name":"wp","href":"https:\/\/api.w.org\/{rel}","templated":true}]}}