{"id":3962,"date":"2025-09-05T13:10:06","date_gmt":"2025-09-05T10:10:06","guid":{"rendered":"https:\/\/valga.ee\/?page_id=3962"},"modified":"2025-09-05T13:10:07","modified_gmt":"2025-09-05T10:10:07","slug":"valireklaam","status":"publish","type":"page","link":"https:\/\/valga.ee\/en\/juhtimine-ja-majandus\/majandus\/valireklaam\/","title":{"rendered":"Outdoor advertising"},"content":{"rendered":"<div class=\"wp-block-columns reverse-mobile is-layout-flex wp-container-core-columns-is-layout-658170e2 wp-block-columns-is-layout-flex\">\n<div class=\"wp-block-column is-layout-flow wp-block-column-is-layout-flow\" style=\"flex-basis:65%\">\n<p>The new system will be implemented in Valga municipality from 12 April 2022. <a href=\"https:\/\/www.riigiteataja.ee\/akt\/409042022002\" target=\"_blank\" rel=\"noreferrer noopener\">the procedure for installing advertising<\/a> <span class=\"wp-rich-text-font-awesome-icon wp-font-awesome-icon\"><svg aria-hidden=\"true\" focusable=\"false\" data-prefix=\"fas\" data-icon=\"arrow-up-right-from-square\" class=\"svg-inline--fa fa-arrow-up-right-from-square\" role=\"img\" xmlns=\"http:\/\/www.w3.org\/2000\/svg\" viewbox=\"0 0 512 512\"><path fill=\"currentColor\" d=\"M320 0c-17.7 0-32 14.3-32 32s14.3 32 32 32l82.7 0L201.4 265.4c-12.5 12.5-12.5 32.8 0 45.3s32.8 12.5 45.3 0L448 109.3l0 82.7c0 17.7 14.3 32 32 32s32-14.3 32-32l0-160c0-17.7-14.3-32-32-32L320 0zM80 32C35.8 32 0 67.8 0 112L0 432c0 44.2 35.8 80 80 80l320 0c44.2 0 80-35.8 80-80l0-112c0-17.7-14.3-32-32-32s-32 14.3-32 32l0 112c0 8.8-7.2 16-16 16L80 448c-8.8 0-16-7.2-16-16l0-320c0-8.8 7.2-16 16-16l112 0c17.7 0 32-14.3 32-32s-14.3-32-32-32L80 32z\"><\/path><\/svg><\/span><\/p>\n\n\n\n<p>Decree adopted by the Valga Municipal Council \"Procedure for the installation of advertising and advertising tax\".<strong>\u201d&nbsp;<\/strong>regulates the installation of outdoor advertising and lays down the conditions for the removal and taxation of advertising in the administrative territory of Valga municipality.<\/p>\n\n\n\n<h2 class=\"wp-block-heading\">The design of the advertising medium and the advertisement must be in keeping with the appearance of the municipal space.<\/h2>\n\n\n\n<p>When planning the placement of an advertising medium or advertisement, the specific characteristics of a particular street, square or group of buildings must be taken into account. Advertising on a building must be appropriate in colour and proportion to the building. No advertisement shall be placed on pavements if the width of the pavement is less than 0,9 m. Advertisements on the road and street shall ensure traffic safety and allow for street maintenance and shall not dominate traffic control devices.<\/p>\n\n\n\n<h2 class=\"wp-block-heading\">An application must be submitted to install advertising<\/h2>\n\n\n\n<p>In order to install the advertisement, the advertiser submits to the Construction and Planning Service of Valga Municipality a formatted\u00a0<a href=\"https:\/\/valga.ee\/wp-content\/uploads\/2025\/09\/Reklaami-paigaldusloa-taotlus-Lisa1-Valga-vallavolikogu-maarusele-30.03.2022-Nr-10.rtf\" target=\"_blank\" rel=\"noreferrer noopener\">request<\/a> <span class=\"wp-rich-text-font-awesome-icon wp-font-awesome-icon\"><svg aria-hidden=\"true\" focusable=\"false\" data-prefix=\"fas\" data-icon=\"download\" class=\"svg-inline--fa fa-download\" role=\"img\" xmlns=\"http:\/\/www.w3.org\/2000\/svg\" viewbox=\"0 0 512 512\"><path fill=\"currentColor\" d=\"M288 32c0-17.7-14.3-32-32-32s-32 14.3-32 32l0 242.7-73.4-73.4c-12.5-12.5-32.8-12.5-45.3 0s-12.5 32.8 0 45.3l128 128c12.5 12.5 32.8 12.5 45.3 0l128-128c12.5-12.5 12.5-32.8 0-45.3s-32.8-12.5-45.3 0L288 274.7 288 32zM64 352c-35.3 0-64 28.7-64 64l0 32c0 35.3 28.7 64 64 64l384 0c35.3 0 64-28.7 64-64l0-32c0-35.3-28.7-64-64-64l-101.5 0-45.3 45.3c-25 25-65.5 25-90.5 0L165.5 352 64 352zm368 56a24 24 0 1 1 0 48 24 24 0 1 1 0-48z\"><\/path><\/svg><\/span>, accompanied by the written consent of the owner or authorised person of the territory, building, structure or public vehicle where the advertisement is to be installed; a plan of the advertisement with dimensions and colour scheme; in the case of advertisements to be installed on the territory, a location plan showing the position of the advertisement to be installed and its connection to the public utility networks; written consent of the traffic and road expert of Valga Municipality for the installation of a non-traffic information device on the road or in the road protection zone; written consent of the owner of the power network for the installation of an advertisement in the protection zone of the power network; permission of the Heritage Protection Board for the installation of an advertisement in the heritage protection area, its protection zone and a monument; permission of the Road Administration for the installation of a non-traffic information device (advertisement) in the protection zone of a state road.<\/p>\n\n\n\n<p>The building and planning service issues the permit for the installation of advertising no later than 20 working days after the registration of the application with the appropriate annexes. The installation permit shall be granted for a period of up to 3 years.<\/p>\n\n\n\n<p>Advertisements shall only be placed on dedicated billboards, stands or surfaces. The person placing the notices is obliged to remove them within one working day after the end of the event.<\/p>\n\n\n\n<h2 class=\"wp-block-heading\">Taxation of installed advertising<\/h2>\n\n\n\n<p>All advertising installed on the administrative territory of Valga municipality is subject to taxation,&nbsp;<strong>except<\/strong>&nbsp;advertisements of state and local authorities and of the institutions of the European Union; election campaign advertisements and advertising of political parties, electoral alliances and individual candidates; social advertising; recruitment advertising during a period of 1 calendar month; advertising of theatres, cinemas, museums, exhibitions, cultural, sporting and charitable events; the trade name, the identification of the place of business and\/or the trade mark registered as belonging to the same undertaking affixed to the building in which the trader operates and to the adjoining land; advertisements placed inside a building or a public vehicle; information placed in accordance with the Estonian Standard EVS 613-2001 \"Traffic Signs and their Use\"; information placed during construction with the information stipulated in the Building Code; advertisements placed in a restricted or marked area during an event taking place there; advertisements whose surface size does not exceed A1 or 0.5 m.<sup>2<\/sup>.<\/p>\n\n\n\n<p>Rate per 1 m of advertising space<sup>2<\/sup>&nbsp;for a property located on a national road outside the city limits, is.&nbsp;<strong>3 euros&nbsp;<\/strong>per month or \u20ac0.10 per day. The above-mentioned state roads are the main road No 3 J\u00f5hvi-Tartu-Valga, the main road No 6 Valga-Uulu, the secondary road No 67 V\u00f5ru-M\u00f5niste-Valga.  The tax rate for advertising space within the city of Valga is 1 m<sup>2<\/sup>&nbsp;<strong>5 euros<\/strong>&nbsp;per month or \u20ac0.17 per day.  The rate for advertising on the outside of a public vehicle is as follows&nbsp;<strong>EUR 25<\/strong>&nbsp;six.<\/p>\n\n\n\n<p>The taxpayer is required to submit a proper tax return to the Building and Planning Service no later than the first working day following the installation of the advertisement.<\/p>\n\n\n\n<p>Control of the installation of advertising and the collection of advertising tax is carried out by the building and planning service.<\/p>\n<\/div>\n\n\n\n<div class=\"wp-block-column is-layout-flow wp-block-column-is-layout-flow\">\n<div class=\"wp-block-group has-global-padding is-layout-constrained wp-container-core-group-is-layout-19e250f3 wp-block-group-is-layout-constrained\"><a href=\"https:\/\/www.riigiteataja.ee\/akt\/409042022002\" rel=\"noreferrer noopener\"   class=\"kiirlink wp-block-tiptip-hyperlink-group-block\" target=\"_blank\">\n<div class=\"wp-block-group kiirlink kiirlink-tume has-accent-4-color has-accent-5-background-color has-text-color has-background has-link-color wp-elements-7c1a4a6230f75f33f8fb9a8a7fa1f09f wp-container-content-9cfa9a5a has-global-padding is-layout-constrained wp-container-core-group-is-layout-246ba8a2 wp-block-group-is-layout-constrained\" style=\"border-radius:0px;border-top-color:var(--wp--preset--color--accent-4);border-top-width:1px;border-bottom-style:none;border-bottom-width:0px;padding-top:0.7em;padding-right:var(--wp--preset--spacing--10);padding-bottom:0.7em;padding-left:var(--wp--preset--spacing--10)\">\n<div class=\"wp-block-group is-content-justification-space-between is-nowrap is-layout-flex wp-container-core-group-is-layout-2b43bde3 wp-block-group-is-layout-flex\" style=\"padding-top:0;padding-bottom:0\">\n<p class=\"wp-container-content-9cfa9a5a\"><strong>Procedures for the installation of advertising and advertising tax<\/strong><\/p>\n\n\n\n<p>&gt;<\/p>\n<\/div>\n<\/div>\n<\/a>\n\n<a href=\"https:\/\/valga.ee\/wp-content\/uploads\/2025\/09\/Reklaami-paigaldusloa-taotlus-Lisa1-Valga-vallavolikogu-maarusele-30.03.2022-Nr-10.rtf\" rel=\"noreferrer noopener\"   class=\"kiirlink wp-block-tiptip-hyperlink-group-block\" target=\"_blank\">\n<div class=\"wp-block-group kiirlink kiirlink-tume has-accent-4-color has-accent-5-background-color has-text-color has-background has-link-color wp-elements-7c1a4a6230f75f33f8fb9a8a7fa1f09f wp-container-content-9cfa9a5a has-global-padding is-layout-constrained wp-container-core-group-is-layout-246ba8a2 wp-block-group-is-layout-constrained\" style=\"border-radius:0px;border-top-color:var(--wp--preset--color--accent-4);border-top-width:1px;border-bottom-style:none;border-bottom-width:0px;padding-top:0.7em;padding-right:var(--wp--preset--spacing--10);padding-bottom:0.7em;padding-left:var(--wp--preset--spacing--10)\">\n<div class=\"wp-block-group is-content-justification-space-between is-nowrap is-layout-flex wp-container-core-group-is-layout-2b43bde3 wp-block-group-is-layout-flex\" style=\"padding-top:0;padding-bottom:0\">\n<p class=\"wp-container-content-9cfa9a5a\"><strong>Application for an advertising installation permit<\/strong><\/p>\n\n\n\n<p>&gt;<\/p>\n<\/div>\n<\/div>\n<\/a>\n\n<a href=\"https:\/\/valga.ee\/wp-content\/uploads\/2025\/09\/Reklaamimaksu-deklaratsioon-Lisa2-Valga-vallavolikogu-maarusele-30.03.2022-Nr-10.rtf\" rel=\"noreferrer noopener\"   class=\"kiirlink wp-block-tiptip-hyperlink-group-block\" target=\"_blank\">\n<div class=\"wp-block-group kiirlink kiirlink-tume has-accent-4-color has-accent-5-background-color has-text-color has-background has-link-color wp-elements-7c1a4a6230f75f33f8fb9a8a7fa1f09f wp-container-content-9cfa9a5a has-global-padding is-layout-constrained wp-container-core-group-is-layout-246ba8a2 wp-block-group-is-layout-constrained\" style=\"border-radius:0px;border-top-color:var(--wp--preset--color--accent-4);border-top-width:1px;border-bottom-style:none;border-bottom-width:0px;padding-top:0.7em;padding-right:var(--wp--preset--spacing--10);padding-bottom:0.7em;padding-left:var(--wp--preset--spacing--10)\">\n<div class=\"wp-block-group is-content-justification-space-between is-nowrap is-layout-flex wp-container-core-group-is-layout-2b43bde3 wp-block-group-is-layout-flex\" style=\"padding-top:0;padding-bottom:0\">\n<p class=\"wp-container-content-9cfa9a5a\"><strong>Advertising tax declaration<\/strong><\/p>\n\n\n\n<p>&gt;<\/p>\n<\/div>\n<\/div>\n<\/a>\n\n<a href=\"https:\/\/valga.ee\/wp-content\/uploads\/2025\/09\/505_Reklaamikandjate-paigaldamiseks-vallavara-kasutusse-andmise-tasumaarade-ja-kasutusse-andmise-tingimuste-kehtestamine.pdf\" rel=\"noreferrer noopener\"   class=\"kiirlink wp-block-tiptip-hyperlink-group-block\" target=\"_blank\">\n<div class=\"wp-block-group kiirlink kiirlink-tume has-accent-4-color has-accent-5-background-color has-text-color has-background has-link-color wp-elements-7c1a4a6230f75f33f8fb9a8a7fa1f09f wp-container-content-9cfa9a5a has-global-padding is-layout-constrained wp-container-core-group-is-layout-246ba8a2 wp-block-group-is-layout-constrained\" style=\"border-radius:0px;border-top-color:var(--wp--preset--color--accent-4);border-top-width:1px;border-bottom-style:none;border-bottom-width:0px;padding-top:0.7em;padding-right:var(--wp--preset--spacing--10);padding-bottom:0.7em;padding-left:var(--wp--preset--spacing--10)\">\n<div class=\"wp-block-group is-content-justification-space-between is-nowrap is-layout-flex wp-container-core-group-is-layout-2b43bde3 wp-block-group-is-layout-flex\" style=\"padding-top:0;padding-bottom:0\">\n<p class=\"wp-container-content-9cfa9a5a\"><strong>Charges for the use of municipal property for the installation of advertising hoardings<\/strong><\/p>\n\n\n\n<p>&gt;<\/p>\n<\/div>\n<\/div>\n<\/a><\/div>\n<\/div>\n<\/div>","protected":false},"excerpt":{"rendered":"<p>Valga vallas rakendus 12. aprillist 2022 uus reklaami paigaldamise\u00a0kord Valga Vallavolikogus vastuv\u00f5etud m\u00e4\u00e4rus \u201eReklaami paigaldamise kord ja reklaamimaks&#8221;&nbsp;reguleerib v\u00e4lireklaami paigaldamist ja kehtestab reklaami&nbsp; mahav\u00f5tmise ja maksustamise tingimused Valga valla haldusterritooriumil. [&hellip;]<\/p>\n","protected":false},"author":1,"featured_media":0,"parent":1672,"menu_order":8,"comment_status":"closed","ping_status":"closed","template":"page-wide","meta":{"_EventAllDay":false,"_EventTimezone":"","_EventStartDate":"","_EventEndDate":"","_EventStartDateUTC":"","_EventEndDateUTC":"","_EventShowMap":false,"_EventShowMapLink":false,"_EventURL":"","_EventCost":"","_EventCostDescription":"","_EventCurrencySymbol":"","_EventCurrencyCode":"","_EventCurrencyPosition":"","_EventDateTimeSeparator":"","_EventTimeRangeSeparator":"","_EventOrganizerID":[],"_EventVenueID":[],"_OrganizerEmail":"","_OrganizerPhone":"","_OrganizerWebsite":"","_VenueAddress":"","_VenueCity":"","_VenueCountry":"","_VenueProvince":"","_VenueState":"","_VenueZip":"","_VenuePhone":"","_VenueURL":"","_VenueStateProvince":"","_VenueLat":"","_VenueLng":"","_VenueShowMap":false,"_VenueShowMapLink":false,"slim_seo":{"title":"Outdoor advertising - Valga municipality","description":"The new advertising installation procedure in Valga municipality will be implemented from 12 April 2022 The regulation \u201eProcedure for the installation of advertising and advertising tax\" adopted by the Valga Municipal Council &amp;nb"},"footnotes":""},"class_list":["post-3962","page","type-page","status-publish","hentry"],"_links":{"self":[{"href":"https:\/\/valga.ee\/en\/wp-json\/wp\/v2\/pages\/3962","targetHints":{"allow":["GET"]}}],"collection":[{"href":"https:\/\/valga.ee\/en\/wp-json\/wp\/v2\/pages"}],"about":[{"href":"https:\/\/valga.ee\/en\/wp-json\/wp\/v2\/types\/page"}],"author":[{"embeddable":true,"href":"https:\/\/valga.ee\/en\/wp-json\/wp\/v2\/users\/1"}],"replies":[{"embeddable":true,"href":"https:\/\/valga.ee\/en\/wp-json\/wp\/v2\/comments?post=3962"}],"version-history":[{"count":1,"href":"https:\/\/valga.ee\/en\/wp-json\/wp\/v2\/pages\/3962\/revisions"}],"predecessor-version":[{"id":3968,"href":"https:\/\/valga.ee\/en\/wp-json\/wp\/v2\/pages\/3962\/revisions\/3968"}],"up":[{"embeddable":true,"href":"https:\/\/valga.ee\/en\/wp-json\/wp\/v2\/pages\/1672"}],"wp:attachment":[{"href":"https:\/\/valga.ee\/en\/wp-json\/wp\/v2\/media?parent=3962"}],"curies":[{"name":"wp","href":"https:\/\/api.w.org\/{rel}","templated":true}]}}