{"id":3915,"date":"2025-09-05T12:23:51","date_gmt":"2025-09-05T09:23:51","guid":{"rendered":"https:\/\/valga.ee\/?page_id=3915"},"modified":"2025-09-27T22:50:20","modified_gmt":"2025-09-27T19:50:20","slug":"detailplaneeringu-algatamine","status":"publish","type":"page","link":"https:\/\/valga.ee\/en\/ehitus-keskkond-teed\/ruumiline-planeerimine-ja-ehitus\/detailplaneeringu-algatamine\/","title":{"rendered":"Initiation of detailed planning"},"content":{"rendered":"<div class=\"wp-block-columns is-layout-flex wp-container-core-columns-is-layout-658170e2 wp-block-columns-is-layout-flex\">\n<div class=\"wp-block-column is-layout-flow wp-block-column-is-layout-flow\" style=\"flex-basis:65%\">\n<p>The detailed plan is the basis for the construction project. A detailed plan is required in Valga city, Tsirguliina village, Laatre village, \u00d5ru village and in areas and cases where a detailed plan is required by the general plan of Valga municipality for the erection or extension of a building over 33%, for the construction of a building of significant public interest or a building with significant spatial impact. Based on&nbsp;<a href=\"https:\/\/www.riigiteataja.ee\/akt\/129062018038?leiaKehtiv\" target=\"_blank\" rel=\"noreferrer noopener\">on planning law<\/a>&nbsp;local authorities have the right to make exceptions and, in certain cases, to allow the construction or extension of a building without drawing up a detailed plan; and&nbsp;<a href=\"\/en\/projekteerimistingimused\/\">on the basis of design specifications<\/a>. A detailed plan is drawn up primarily for the purpose of implementing a general plan or creating integrated spatial solutions for the planning area.<\/p>\n\n\n\n<p>The preparation of detailed plans in Valga municipality is organised by Valga municipality government. In order to initiate a detailed plan, a written application must be submitted stating:<\/p>\n\n\n\n<ul class=\"wp-block-list\">\n<li>The location of the planning area (the cadastral parcel's proximate address and cadastral parcel reference number or a map to be attached to the application),<\/li>\n\n\n\n<li>The need and purpose of the plan.<\/li>\n<\/ul>\n\n\n\n<p>A local authority has the right to enter into an administrative contract with a person interested in drawing up a detailed plan for the purpose of drawing up the plan or commissioning the drawing up of the plan. The contract defines the obligations of the parties with regard to the preparation of the detailed plan and the financing of its preparation.<\/p>\n\n\n\n<p>Before designing and constructing a building, it is advisable to cooperate with the Valga Municipality Construction and Planning Service to find out whether there is a valid detailed plan, whether there is a need to prepare a detailed plan or whether design permits will be issued for the proposed construction project.<\/p>\n<\/div>\n\n\n\n<div class=\"wp-block-column is-layout-flow wp-block-column-is-layout-flow\">\n<div class=\"wp-block-group has-border-color has-base-background-color has-background has-global-padding is-layout-constrained wp-container-core-group-is-layout-9597dc02 wp-block-group-is-layout-constrained\" style=\"border-color:#138440;border-width:1px;border-radius:3px;padding-top:var(--wp--preset--spacing--10);padding-right:var(--wp--preset--spacing--10);padding-bottom:var(--wp--preset--spacing--10);padding-left:var(--wp--preset--spacing--10);box-shadow:var(--wp--preset--shadow--vaike-vari-2)\">\n<p><strong>The official dealing with this area:<\/strong><\/p>\n\n\n\n<div class=\"wp-block-group has-global-padding is-content-justification-left is-layout-constrained wp-container-core-group-is-layout-ef2e9300 wp-block-group-is-layout-constrained\">\n<div class=\"wp-block-group liigu has-base-2-background-color has-background has-global-padding is-content-justification-center is-layout-constrained wp-block-group-is-layout-constrained\" style=\"border-radius:5px;box-shadow:var(--wp--preset--shadow--vaike-vari-2)\">\n<div class=\"wp-block-group alignfull is-nowrap is-layout-flex wp-container-core-group-is-layout-653e2ebb wp-block-group-is-layout-flex\" style=\"padding-top:0.5rem;padding-right:0.5rem;padding-bottom:0.5rem;padding-left:0.5rem\">\n<p style=\"padding-left:0.5rem\"><span class=\"wp-rich-text-font-awesome-icon wp-font-awesome-icon\"><svg aria-hidden=\"true\" focusable=\"false\" data-prefix=\"fas\" data-icon=\"user\" class=\"svg-inline--fa fa-user\" role=\"img\" xmlns=\"http:\/\/www.w3.org\/2000\/svg\" viewbox=\"0 0 448 512\" style=\"font-size:1.3em\"><path fill=\"currentColor\" d=\"M224 256A128 128 0 1 0 224 0a128 128 0 1 0 0 256zm-45.7 48C79.8 304 0 383.8 0 482.3C0 498.7 13.3 512 29.7 512l388.6 0c16.4 0 29.7-13.3 29.7-29.7C448 383.8 368.2 304 269.7 304l-91.4 0z\"><\/path><\/svg><\/span><\/p>\n\n\n\n<p><a href=\"\/en\/vald-uudised-ja-kontakt\/kontakt\/#planeeringute-juhtivspetsialist\">Senior Planning Specialist<\/a><\/p>\n<\/div>\n<\/div>\n<\/div>\n<\/div>\n<\/div>\n<\/div>","protected":false},"excerpt":{"rendered":"<p>Detailplaneering on ehitusprojekti koostamise aluseks. Detailplaneeringu koostamine on n\u00f5utav Valga linnas, Tsirguliina alevikus, Laatre alevikus, \u00d5ru alevikus ja Valga valla kehtivate \u00fcldplaneeringutega m\u00e4\u00e4ratud detailplaneeringu kohustusega aladel ja juhtudel ehitusloakohustusliku hoone [&hellip;]<\/p>\n","protected":false},"author":1,"featured_media":0,"parent":3181,"menu_order":3,"comment_status":"closed","ping_status":"closed","template":"page-wide","meta":{"_EventAllDay":false,"_EventTimezone":"","_EventStartDate":"","_EventEndDate":"","_EventStartDateUTC":"","_EventEndDateUTC":"","_EventShowMap":false,"_EventShowMapLink":false,"_EventURL":"","_EventCost":"","_EventCostDescription":"","_EventCurrencySymbol":"","_EventCurrencyCode":"","_EventCurrencyPosition":"","_EventDateTimeSeparator":"","_EventTimeRangeSeparator":"","_EventOrganizerID":[],"_EventVenueID":[],"_OrganizerEmail":"","_OrganizerPhone":"","_OrganizerWebsite":"","_VenueAddress":"","_VenueCity":"","_VenueCountry":"","_VenueProvince":"","_VenueState":"","_VenueZip":"","_VenuePhone":"","_VenueURL":"","_VenueStateProvince":"","_VenueLat":"","_VenueLng":"","_VenueShowMap":false,"_VenueShowMapLink":false,"slim_seo":{"title":"Detailplaneeringu algatamine - Valga vald","description":"Detailplaneering on ehitusprojekti koostamise aluseks. Detailplaneeringu koostamine on n\u00f5utav Valga linnas, Tsirguliina alevikus, Laatre alevikus, \u00d5ru alevikus"},"footnotes":""},"class_list":["post-3915","page","type-page","status-publish","hentry"],"_links":{"self":[{"href":"https:\/\/valga.ee\/en\/wp-json\/wp\/v2\/pages\/3915","targetHints":{"allow":["GET"]}}],"collection":[{"href":"https:\/\/valga.ee\/en\/wp-json\/wp\/v2\/pages"}],"about":[{"href":"https:\/\/valga.ee\/en\/wp-json\/wp\/v2\/types\/page"}],"author":[{"embeddable":true,"href":"https:\/\/valga.ee\/en\/wp-json\/wp\/v2\/users\/1"}],"replies":[{"embeddable":true,"href":"https:\/\/valga.ee\/en\/wp-json\/wp\/v2\/comments?post=3915"}],"version-history":[{"count":4,"href":"https:\/\/valga.ee\/en\/wp-json\/wp\/v2\/pages\/3915\/revisions"}],"predecessor-version":[{"id":5545,"href":"https:\/\/valga.ee\/en\/wp-json\/wp\/v2\/pages\/3915\/revisions\/5545"}],"up":[{"embeddable":true,"href":"https:\/\/valga.ee\/en\/wp-json\/wp\/v2\/pages\/3181"}],"wp:attachment":[{"href":"https:\/\/valga.ee\/en\/wp-json\/wp\/v2\/media?parent=3915"}],"curies":[{"name":"wp","href":"https:\/\/api.w.org\/{rel}","templated":true}]}}