{"id":3877,"date":"2025-09-05T12:16:27","date_gmt":"2025-09-05T09:16:27","guid":{"rendered":"https:\/\/valga.ee\/?page_id=3877"},"modified":"2025-11-18T13:52:00","modified_gmt":"2025-11-18T11:52:00","slug":"detailplaneeringud","status":"publish","type":"page","link":"https:\/\/valga.ee\/en\/ehitus-keskkond-teed\/ruumiline-planeerimine-ja-ehitus\/detailplaneeringud\/","title":{"rendered":"Detailed plans"},"content":{"rendered":"<div class=\"wp-block-columns reverse-mobile is-layout-flex wp-container-core-columns-is-layout-658170e2 wp-block-columns-is-layout-flex\">\n<div class=\"wp-block-column is-layout-flow wp-block-column-is-layout-flow\" style=\"flex-basis:63%\">\n<h2 class=\"wp-block-heading\">Detailed plans in force<\/h2>\n\n\n\n<p>The current detailed plans of Valga municipality are in the national uniform&nbsp;<a href=\"https:\/\/planeeringud.ee\/plank-web\/#\/planning?kov=Valga%20vallavalitsus\" target=\"_blank\" rel=\"noreferrer noopener\">planning database<\/a> <span class=\"wp-rich-text-font-awesome-icon wp-font-awesome-icon\"><svg aria-hidden=\"true\" focusable=\"false\" data-prefix=\"fas\" data-icon=\"arrow-up-right-from-square\" class=\"svg-inline--fa fa-arrow-up-right-from-square\" role=\"img\" xmlns=\"http:\/\/www.w3.org\/2000\/svg\" viewbox=\"0 0 512 512\"><path fill=\"currentColor\" d=\"M320 0c-17.7 0-32 14.3-32 32s14.3 32 32 32l82.7 0L201.4 265.4c-12.5 12.5-12.5 32.8 0 45.3s32.8 12.5 45.3 0L448 109.3l0 82.7c0 17.7 14.3 32 32 32s32-14.3 32-32l0-160c0-17.7-14.3-32-32-32L320 0zM80 32C35.8 32 0 67.8 0 112L0 432c0 44.2 35.8 80 80 80l320 0c44.2 0 80-35.8 80-80l0-112c0-17.7-14.3-32-32-32s-32 14.3-32 32l0 112c0 8.8-7.2 16-16 16L80 448c-8.8 0-16-7.2-16-16l0-320c0-8.8 7.2-16 16-16l112 0c17.7 0 32-14.3 32-32s-14.3-32-32-32L80 32z\"><\/path><\/svg><\/span><\/p>\n\n\n\n<p>The plans can also be consulted at Valga Municipality.<\/p>\n\n\n\n<h2 class=\"wp-block-heading\">Pending detailed plans<\/h2>\n\n\n\n<div class=\"wp-block-group has-global-padding is-layout-constrained wp-container-core-group-is-layout-7db9d80f wp-block-group-is-layout-constrained\" style=\"padding-right:0;padding-left:0\">\n<div class=\"wp-block-query is-layout-flow wp-block-query-is-layout-flow\">\n\n<ul class=\"wp-block-post-template is-layout-flow wp-block-post-template-is-layout-flow\"><li class=\"wp-block-post post-9344 post type-post status-publish format-standard hentry category-menetluses-dp\">\n<h3 class=\"wp-block-post-title has-medium-font-size\"><a href=\"https:\/\/valga.ee\/en\/jaama-pst-1-valga-linn\/\" target=\"_self\" >Jaama Street 1, Valga Town<\/a><\/h3>\n\n\n<hr class=\"wp-block-separator has-text-color has-contrast-color has-alpha-channel-opacity has-contrast-background-color has-background is-style-wide\" style=\"margin-top:0.5rem;margin-bottom:0.5rem\"\/>\n\n<\/li><\/ul>\n\n\n<div style=\"margin-top:0;margin-bottom:0;height:30px;width:0px\" aria-hidden=\"true\" class=\"wp-block-spacer\"><\/div>\n\n\n<\/div>\n<\/div>\n<\/div>\n\n\n\n<div class=\"wp-block-column is-layout-flow wp-block-column-is-layout-flow\">\n<div class=\"wp-block-group has-border-color has-base-background-color has-background has-global-padding is-layout-constrained wp-container-core-group-is-layout-9597dc02 wp-block-group-is-layout-constrained\" style=\"border-color:#138440;border-width:1px;border-radius:3px;padding-top:var(--wp--preset--spacing--10);padding-right:var(--wp--preset--spacing--10);padding-bottom:var(--wp--preset--spacing--10);padding-left:var(--wp--preset--spacing--10);box-shadow:var(--wp--preset--shadow--vaike-vari-2)\">\n<p><strong>The official dealing with this area:<\/strong><\/p>\n\n\n\n<div class=\"wp-block-group has-global-padding is-content-justification-left is-layout-constrained wp-container-core-group-is-layout-ef2e9300 wp-block-group-is-layout-constrained\">\n<div class=\"wp-block-group liigu has-base-2-background-color has-background has-global-padding is-content-justification-center is-layout-constrained wp-block-group-is-layout-constrained\" style=\"border-radius:5px;box-shadow:var(--wp--preset--shadow--vaike-vari-2)\">\n<div class=\"wp-block-group alignfull is-nowrap is-layout-flex wp-container-core-group-is-layout-653e2ebb wp-block-group-is-layout-flex\" style=\"padding-top:0.5rem;padding-right:0.5rem;padding-bottom:0.5rem;padding-left:0.5rem\">\n<p style=\"padding-left:0.5rem\"><span class=\"wp-rich-text-font-awesome-icon wp-font-awesome-icon\"><svg aria-hidden=\"true\" focusable=\"false\" data-prefix=\"fas\" data-icon=\"user\" class=\"svg-inline--fa fa-user\" role=\"img\" xmlns=\"http:\/\/www.w3.org\/2000\/svg\" viewbox=\"0 0 448 512\" style=\"font-size:1.3em\"><path fill=\"currentColor\" d=\"M224 256A128 128 0 1 0 224 0a128 128 0 1 0 0 256zm-45.7 48C79.8 304 0 383.8 0 482.3C0 498.7 13.3 512 29.7 512l388.6 0c16.4 0 29.7-13.3 29.7-29.7C448 383.8 368.2 304 269.7 304l-91.4 0z\"><\/path><\/svg><\/span><\/p>\n\n\n\n<p><a href=\"\/en\/vald-uudised-ja-kontakt\/kontakt\/#planeeringute-juhtivspetsialist\">Senior Planning Specialist<\/a><\/p>\n<\/div>\n<\/div>\n<\/div>\n<\/div>\n<\/div>\n<\/div>","protected":false},"excerpt":{"rendered":"<p>Current detailed plans The current detailed plans of Valga municipality can be found in the nationwide uniform planning database The plans can also be consulted at Valga municipality government. Pending detailed plans Field officer:<\/p>","protected":false},"author":1,"featured_media":0,"parent":3181,"menu_order":2,"comment_status":"closed","ping_status":"closed","template":"page-wide","meta":{"_EventAllDay":false,"_EventTimezone":"","_EventStartDate":"","_EventEndDate":"","_EventStartDateUTC":"","_EventEndDateUTC":"","_EventShowMap":false,"_EventShowMapLink":false,"_EventURL":"","_EventCost":"","_EventCostDescription":"","_EventCurrencySymbol":"","_EventCurrencyCode":"","_EventCurrencyPosition":"","_EventDateTimeSeparator":"","_EventTimeRangeSeparator":"","_EventOrganizerID":[],"_EventVenueID":[],"_OrganizerEmail":"","_OrganizerPhone":"","_OrganizerWebsite":"","_VenueAddress":"","_VenueCity":"","_VenueCountry":"","_VenueProvince":"","_VenueState":"","_VenueZip":"","_VenuePhone":"","_VenueURL":"","_VenueStateProvince":"","_VenueLat":"","_VenueLng":"","_VenueShowMap":false,"_VenueShowMapLink":false,"slim_seo":{"title":"Detailplaneeringud - Valga vald","description":"Kehtivad detailplaneeringud Valga valla kehtivad detailplaneeringud asuvad \u00fcleriigilises \u00fchtses&nbsp; planeeringute andmekogus Planeeringutega on v\u00f5imalik tutvu"},"footnotes":""},"class_list":["post-3877","page","type-page","status-publish","hentry"],"_links":{"self":[{"href":"https:\/\/valga.ee\/en\/wp-json\/wp\/v2\/pages\/3877","targetHints":{"allow":["GET"]}}],"collection":[{"href":"https:\/\/valga.ee\/en\/wp-json\/wp\/v2\/pages"}],"about":[{"href":"https:\/\/valga.ee\/en\/wp-json\/wp\/v2\/types\/page"}],"author":[{"embeddable":true,"href":"https:\/\/valga.ee\/en\/wp-json\/wp\/v2\/users\/1"}],"replies":[{"embeddable":true,"href":"https:\/\/valga.ee\/en\/wp-json\/wp\/v2\/comments?post=3877"}],"version-history":[{"count":4,"href":"https:\/\/valga.ee\/en\/wp-json\/wp\/v2\/pages\/3877\/revisions"}],"predecessor-version":[{"id":7310,"href":"https:\/\/valga.ee\/en\/wp-json\/wp\/v2\/pages\/3877\/revisions\/7310"}],"up":[{"embeddable":true,"href":"https:\/\/valga.ee\/en\/wp-json\/wp\/v2\/pages\/3181"}],"wp:attachment":[{"href":"https:\/\/valga.ee\/en\/wp-json\/wp\/v2\/media?parent=3877"}],"curies":[{"name":"wp","href":"https:\/\/api.w.org\/{rel}","templated":true}]}}