{"id":3795,"date":"2025-09-05T08:47:38","date_gmt":"2025-09-05T05:47:38","guid":{"rendered":"https:\/\/valga.ee\/?page_id=3795"},"modified":"2025-09-17T09:11:19","modified_gmt":"2025-09-17T06:11:19","slug":"sporditoetused","status":"publish","type":"page","link":"https:\/\/valga.ee\/en\/haridus-kultuur-kogukond-sport\/toetused-ja-oigusaktid\/sporditoetused\/","title":{"rendered":"Sports subsidies"},"content":{"rendered":"<p>In Valga municipality, support for sports activities is provided in accordance with.&nbsp;<a href=\"https:\/\/www.riigiteataja.ee\/akt\/405092023006\" target=\"_blank\" rel=\"noreferrer noopener\">on the rules governing support for sporting activities<\/a> <span class=\"wp-rich-text-font-awesome-icon wp-font-awesome-icon\"><svg aria-hidden=\"true\" focusable=\"false\" data-prefix=\"fas\" data-icon=\"arrow-up-right-from-square\" class=\"svg-inline--fa fa-arrow-up-right-from-square\" role=\"img\" xmlns=\"http:\/\/www.w3.org\/2000\/svg\" viewbox=\"0 0 512 512\"><path fill=\"currentColor\" d=\"M320 0c-17.7 0-32 14.3-32 32s14.3 32 32 32l82.7 0L201.4 265.4c-12.5 12.5-12.5 32.8 0 45.3s32.8 12.5 45.3 0L448 109.3l0 82.7c0 17.7 14.3 32 32 32s32-14.3 32-32l0-160c0-17.7-14.3-32-32-32L320 0zM80 32C35.8 32 0 67.8 0 112L0 432c0 44.2 35.8 80 80 80l320 0c44.2 0 80-35.8 80-80l0-112c0-17.7-14.3-32-32-32s-32 14.3-32 32l0 112c0 8.8-7.2 16-16 16L80 448c-8.8 0-16-7.2-16-16l0-320c0-8.8 7.2-16 16-16l112 0c17.7 0 32-14.3 32-32s-14.3-32-32-32L80 32z\"><\/path><\/svg><\/span>Support is available for the organisation of sporting events, support for the activities of sports clubs, capital grants, coaches' salaries, and co-financing or co-financing of projects.&nbsp;<\/p>\n\n\n\n<p><a href=\"https:\/\/valga.ee\/wp-content\/uploads\/2025\/09\/16_Lisa_Spordiklubide-aastaaruanne.docx\" target=\"_blank\" rel=\"noreferrer noopener\">Annual report on the activities of sports clubs<\/a> <span class=\"wp-rich-text-font-awesome-icon wp-font-awesome-icon\"><svg aria-hidden=\"true\" focusable=\"false\" data-prefix=\"fas\" data-icon=\"download\" class=\"svg-inline--fa fa-download\" role=\"img\" xmlns=\"http:\/\/www.w3.org\/2000\/svg\" viewbox=\"0 0 512 512\"><path fill=\"currentColor\" d=\"M288 32c0-17.7-14.3-32-32-32s-32 14.3-32 32l0 242.7-73.4-73.4c-12.5-12.5-32.8-12.5-45.3 0s-12.5 32.8 0 45.3l128 128c12.5 12.5 32.8 12.5 45.3 0l128-128c12.5-12.5 12.5-32.8 0-45.3s-32.8-12.5-45.3 0L288 274.7 288 32zM64 352c-35.3 0-64 28.7-64 64l0 32c0 35.3 28.7 64 64 64l384 0c35.3 0 64-28.7 64-64l0-32c0-35.3-28.7-64-64-64l-101.5 0-45.3 45.3c-25 25-65.5 25-90.5 0L165.5 352 64 352zm368 56a24 24 0 1 1 0 48 24 24 0 1 1 0-48z\"><\/path><\/svg><\/span><\/p>\n\n\n\n<h2 class=\"wp-block-heading\">Support for the organisation of sporting events<\/h2>\n\n\n\n<p>Support for the organisation of sporting events is granted to sports clubs and non-profit-making associations developing sporting activities for the organisation of sporting and popular sporting events.<\/p>\n\n\n\n<p>Grant applications must be submitted to the municipality by 20 February (for events in the second quarter), 20 May (for events in the third quarter), 21 August (for events in the fourth quarter) and 20 November (for events in the first quarter).<\/p>\n\n\n\n<p>Ineligible costs for the organisation of a sports event are:<\/p>\n\n\n\n<ol class=\"wp-block-list\">\n<li>advertising and media costs;<\/li>\n\n\n\n<li>transport costs;<\/li>\n\n\n\n<li>catering costs;<\/li>\n\n\n\n<li>accommodation costs;<\/li>\n\n\n\n<li>the costs of the entertainment programme;<\/li>\n\n\n\n<li>costs not directly linked to the activities of the project, including the beneficiary's day-to-day administrative, transport, communication, management and office costs.<\/li>\n<\/ol>\n\n\n\n<p>Own and\/or co-financing must be at least 20% of the total project amount.<\/p>\n\n\n\n<p>The maximum amount of the grant is \u20ac1000.<\/p>\n\n\n\n<p>Applications must be submitted to Valga Municipality via the application submission system.&nbsp;<a href=\"https:\/\/piksel.ee\/spoku\/valga\/index.php?module=208&amp;op=0\" target=\"_blank\" rel=\"noreferrer noopener\">SPOKU<\/a> <span class=\"wp-rich-text-font-awesome-icon wp-font-awesome-icon\"><svg aria-hidden=\"true\" focusable=\"false\" data-prefix=\"fas\" data-icon=\"arrow-up-right-from-square\" class=\"svg-inline--fa fa-arrow-up-right-from-square\" role=\"img\" xmlns=\"http:\/\/www.w3.org\/2000\/svg\" viewbox=\"0 0 512 512\"><path fill=\"currentColor\" d=\"M320 0c-17.7 0-32 14.3-32 32s14.3 32 32 32l82.7 0L201.4 265.4c-12.5 12.5-12.5 32.8 0 45.3s32.8 12.5 45.3 0L448 109.3l0 82.7c0 17.7 14.3 32 32 32s32-14.3 32-32l0-160c0-17.7-14.3-32-32-32L320 0zM80 32C35.8 32 0 67.8 0 112L0 432c0 44.2 35.8 80 80 80l320 0c44.2 0 80-35.8 80-80l0-112c0-17.7-14.3-32-32-32s-32 14.3-32 32l0 112c0 8.8-7.2 16-16 16L80 448c-8.8 0-16-7.2-16-16l0-320c0-8.8 7.2-16 16-16l112 0c17.7 0 32-14.3 32-32s-14.3-32-32-32L80 32z\"><\/path><\/svg><\/span><\/p>\n\n\n\n<h2 class=\"wp-block-heading\">Operating grant for sports clubs<\/h2>\n\n\n\n<p>The operating subsidy for sports clubs is allocated to activate the activities of sports clubs and to actively involve the residents of Valga municipality in sports activities.<\/p>\n\n\n\n<p>Support is granted to sports clubs operating in Valga municipality that do not have youth training groups.<\/p>\n\n\n\n<p>The maximum amount of support per sports club is \u20ac1500 for one calendar year.<\/p>\n\n\n\n<p>To receive the grant, the sports club submits a formal application to the municipality by 31 January.<\/p>\n\n\n\n<p>Applications must be submitted to Valga Municipality via the application submission system.&nbsp;<a href=\"https:\/\/piksel.ee\/spoku\/valga\/index.php?module=208&amp;op=0\" target=\"_blank\" rel=\"noreferrer noopener\">SPOKU<\/a> <span class=\"wp-rich-text-font-awesome-icon wp-font-awesome-icon\"><svg aria-hidden=\"true\" focusable=\"false\" data-prefix=\"fas\" data-icon=\"arrow-up-right-from-square\" class=\"svg-inline--fa fa-arrow-up-right-from-square\" role=\"img\" xmlns=\"http:\/\/www.w3.org\/2000\/svg\" viewbox=\"0 0 512 512\"><path fill=\"currentColor\" d=\"M320 0c-17.7 0-32 14.3-32 32s14.3 32 32 32l82.7 0L201.4 265.4c-12.5 12.5-12.5 32.8 0 45.3s32.8 12.5 45.3 0L448 109.3l0 82.7c0 17.7 14.3 32 32 32s32-14.3 32-32l0-160c0-17.7-14.3-32-32-32L320 0zM80 32C35.8 32 0 67.8 0 112L0 432c0 44.2 35.8 80 80 80l320 0c44.2 0 80-35.8 80-80l0-112c0-17.7-14.3-32-32-32s-32 14.3-32 32l0 112c0 8.8-7.2 16-16 16L80 448c-8.8 0-16-7.2-16-16l0-320c0-8.8 7.2-16 16-16l112 0c17.7 0 32-14.3 32-32s-14.3-32-32-32L80 32z\"><\/path><\/svg><\/span><\/p>\n\n\n\n<h2 class=\"wp-block-heading\">Contribution to the costs of sports clubs<\/h2>\n\n\n\n<p>The grant for the main costs of sports clubs is aimed at sports clubs that have training groups for young people and are coached by professionally qualified coaches.<\/p>\n\n\n\n<p>The allowance is allocated to cover the costs of supporting the daily training activities in proportion to the number of months of participation paid by the young person or his\/her legal representative.<\/p>\n\n\n\n<p>You can apply twice a year. To be eligible for the grant, a sports club must submit an application to the municipality by 10 June (for the December to May training period) and 10 December (for the June to November training period).<\/p>\n\n\n\n<p>Applications must be submitted to Valga Municipality via the application submission system.&nbsp;<a href=\"https:\/\/piksel.ee\/spoku\/valga\/index.php?module=208&amp;op=0\" target=\"_blank\" rel=\"noreferrer noopener\">SPOKU<\/a> <span class=\"wp-rich-text-font-awesome-icon wp-font-awesome-icon\"><svg aria-hidden=\"true\" focusable=\"false\" data-prefix=\"fas\" data-icon=\"arrow-up-right-from-square\" class=\"svg-inline--fa fa-arrow-up-right-from-square\" role=\"img\" xmlns=\"http:\/\/www.w3.org\/2000\/svg\" viewbox=\"0 0 512 512\"><path fill=\"currentColor\" d=\"M320 0c-17.7 0-32 14.3-32 32s14.3 32 32 32l82.7 0L201.4 265.4c-12.5 12.5-12.5 32.8 0 45.3s32.8 12.5 45.3 0L448 109.3l0 82.7c0 17.7 14.3 32 32 32s32-14.3 32-32l0-160c0-17.7-14.3-32-32-32L320 0zM80 32C35.8 32 0 67.8 0 112L0 432c0 44.2 35.8 80 80 80l320 0c44.2 0 80-35.8 80-80l0-112c0-17.7-14.3-32-32-32s-32 14.3-32 32l0 112c0 8.8-7.2 16-16 16L80 448c-8.8 0-16-7.2-16-16l0-320c0-8.8 7.2-16 16-16l112 0c17.7 0 32-14.3 32-32s-14.3-32-32-32L80 32z\"><\/path><\/svg><\/span><\/p>\n\n\n\n<h2 class=\"wp-block-heading\">Allowance for the remuneration of coaches<\/h2>\n\n\n\n<p>Coaches' allowances are granted to sports clubs that have training groups for young people and are coached by professionally qualified coaches.<\/p>\n\n\n\n<p>Support for the remuneration of coaches is intended to cover the labour costs of coaches instructing young people at preparatory, training and mastery levels.<\/p>\n\n\n\n<p>Grant applications are submitted to Valga Municipality (hereinafter the Municipality) by 20 February (2nd quarter), 20 May (3rd quarter), 21 August (4th quarter) and 20 November (1st quarter).<\/p>\n\n\n\n<p>Applications must be submitted to Valga Municipality via the application submission system.&nbsp;<a href=\"https:\/\/piksel.ee\/spoku\/valga\/index.php?module=208&amp;op=0\" target=\"_blank\" rel=\"noreferrer noopener\">SPOKU<\/a> <span class=\"wp-rich-text-font-awesome-icon wp-font-awesome-icon\"><svg aria-hidden=\"true\" focusable=\"false\" data-prefix=\"fas\" data-icon=\"arrow-up-right-from-square\" class=\"svg-inline--fa fa-arrow-up-right-from-square\" role=\"img\" xmlns=\"http:\/\/www.w3.org\/2000\/svg\" viewbox=\"0 0 512 512\"><path fill=\"currentColor\" d=\"M320 0c-17.7 0-32 14.3-32 32s14.3 32 32 32l82.7 0L201.4 265.4c-12.5 12.5-12.5 32.8 0 45.3s32.8 12.5 45.3 0L448 109.3l0 82.7c0 17.7 14.3 32 32 32s32-14.3 32-32l0-160c0-17.7-14.3-32-32-32L320 0zM80 32C35.8 32 0 67.8 0 112L0 432c0 44.2 35.8 80 80 80l320 0c44.2 0 80-35.8 80-80l0-112c0-17.7-14.3-32-32-32s-32 14.3-32 32l0 112c0 8.8-7.2 16-16 16L80 448c-8.8 0-16-7.2-16-16l0-320c0-8.8 7.2-16 16-16l112 0c17.7 0 32-14.3 32-32s-14.3-32-32-32L80 32z\"><\/path><\/svg><\/span><\/p>\n\n\n\n<h2 class=\"wp-block-heading\">Contribution to the co-financing and\/or co-financing of projects<\/h2>\n\n\n\n<p>Throughout the year, sports clubs and non-profit-making associations that develop sports activities can submit a free application to the municipality to cover their own funding and\/or co-funding for projects that have received funding.<\/p>\n\n\n\n<p>Grants may not be applied for for projects and activities that have been completed at the time of submission of the application and that have been either funded or supported by the municipality.<\/p>\n\n\n\n<p>You can apply for a grant up to the amount of the co-financing required for the funded project in the SPD.<\/p>\n\n\n\n<h2 class=\"wp-block-heading\">Support for the organisation of Estonian championships or international sports events<\/h2>\n\n\n\n<p>Support for the organisation of Estonian championships or international sporting events is a support for the organisation of Estonian championships or international sporting events in Valga municipality for the calendar year following the year of application.<\/p>\n\n\n\n<p>The applicant's own contribution and\/or co-financing must be at least 40% of the total amount of the sports event.<\/p>\n\n\n\n<p>The maximum grant per event is \u20ac5,000.<\/p>\n\n\n\n<p>Grant applications must be submitted to the municipality by 20 November at the latest.<\/p>\n\n\n\n<p>Applications must be submitted to Valga Municipality via the application submission system.&nbsp;<a href=\"https:\/\/piksel.ee\/spoku\/valga\/index.php?module=208&amp;op=0\" target=\"_blank\" rel=\"noreferrer noopener\">SPOKU<\/a> <span class=\"wp-rich-text-font-awesome-icon wp-font-awesome-icon\"><svg aria-hidden=\"true\" focusable=\"false\" data-prefix=\"fas\" data-icon=\"arrow-up-right-from-square\" class=\"svg-inline--fa fa-arrow-up-right-from-square\" role=\"img\" xmlns=\"http:\/\/www.w3.org\/2000\/svg\" viewbox=\"0 0 512 512\"><path fill=\"currentColor\" d=\"M320 0c-17.7 0-32 14.3-32 32s14.3 32 32 32l82.7 0L201.4 265.4c-12.5 12.5-12.5 32.8 0 45.3s32.8 12.5 45.3 0L448 109.3l0 82.7c0 17.7 14.3 32 32 32s32-14.3 32-32l0-160c0-17.7-14.3-32-32-32L320 0zM80 32C35.8 32 0 67.8 0 112L0 432c0 44.2 35.8 80 80 80l320 0c44.2 0 80-35.8 80-80l0-112c0-17.7-14.3-32-32-32s-32 14.3-32 32l0 112c0 8.8-7.2 16-16 16L80 448c-8.8 0-16-7.2-16-16l0-320c0-8.8 7.2-16 16-16l112 0c17.7 0 32-14.3 32-32s-14.3-32-32-32L80 32z\"><\/path><\/svg><\/span><\/p>\n\n\n\n<h2 class=\"wp-block-heading\">Activity Allowance for amateur athletes<\/h2>\n\n\n\n<p>Tippsportlase tegevustoetust is granted through a sports club to an individual athlete whose place of residence is in Valga municipality and who is a member of the national team of the Republic of Estonia in the U21, U23 or adult class.<\/p>\n\n\n\n<p>Up to \u20ac2,000 per athlete per calendar year.<\/p>\n\n\n\n<p>To receive the grant, the sports club submits a formal application to the municipality by 31 January.<\/p>\n\n\n\n<p>Applications must be submitted to Valga Municipality via the application submission system.&nbsp;<a href=\"https:\/\/piksel.ee\/spoku\/valga\/index.php?module=208&amp;op=0\" target=\"_blank\" rel=\"noreferrer noopener\">SPOKU<\/a> <span class=\"wp-rich-text-font-awesome-icon wp-font-awesome-icon\"><svg aria-hidden=\"true\" focusable=\"false\" data-prefix=\"fas\" data-icon=\"arrow-up-right-from-square\" class=\"svg-inline--fa fa-arrow-up-right-from-square\" role=\"img\" xmlns=\"http:\/\/www.w3.org\/2000\/svg\" viewbox=\"0 0 512 512\"><path fill=\"currentColor\" d=\"M320 0c-17.7 0-32 14.3-32 32s14.3 32 32 32l82.7 0L201.4 265.4c-12.5 12.5-12.5 32.8 0 45.3s32.8 12.5 45.3 0L448 109.3l0 82.7c0 17.7 14.3 32 32 32s32-14.3 32-32l0-160c0-17.7-14.3-32-32-32L320 0zM80 32C35.8 32 0 67.8 0 112L0 432c0 44.2 35.8 80 80 80l320 0c44.2 0 80-35.8 80-80l0-112c0-17.7-14.3-32-32-32s-32 14.3-32 32l0 112c0 8.8-7.2 16-16 16L80 448c-8.8 0-16-7.2-16-16l0-320c0-8.8 7.2-16 16-16l112 0c17.7 0 32-14.3 32-32s-14.3-32-32-32L80 32z\"><\/path><\/svg><\/span><\/p>\n\n\n\n<h2 class=\"wp-block-heading\">Support for the representative team<\/h2>\n\n\n\n<p>The grant will be awarded to a sports club participating in a sport included in the programme of the Olympic Games and:<\/p>\n\n\n\n<ol class=\"wp-block-list\">\n<li>&nbsp; have been active in Valga municipality for at least 1 year prior to the year of application;<\/li>\n\n\n\n<li>&nbsp; participates in the highest adult league, second division in terms of strength, third division in terms of strength and\/or international championships in Estonia.<\/li>\n<\/ol>\n\n\n\n<p>Support is granted to a maximum of three teams per calendar year.<\/p>\n\n\n\n<p>Up to \u20ac10 000 per team for one season.<\/p>\n\n\n\n<p>To receive the grant, the sports club must submit a formal application to the municipality by 30 September.<\/p>\n\n\n\n<p>Applications must be submitted to Valga Municipality via the application submission system.&nbsp;<a href=\"https:\/\/piksel.ee\/spoku\/valga\/index.php?module=208&amp;op=0\" target=\"_blank\" rel=\"noreferrer noopener\">SPOKU<\/a> <span class=\"wp-rich-text-font-awesome-icon wp-font-awesome-icon\"><svg aria-hidden=\"true\" focusable=\"false\" data-prefix=\"fas\" data-icon=\"arrow-up-right-from-square\" class=\"svg-inline--fa fa-arrow-up-right-from-square\" role=\"img\" xmlns=\"http:\/\/www.w3.org\/2000\/svg\" viewbox=\"0 0 512 512\"><path fill=\"currentColor\" d=\"M320 0c-17.7 0-32 14.3-32 32s14.3 32 32 32l82.7 0L201.4 265.4c-12.5 12.5-12.5 32.8 0 45.3s32.8 12.5 45.3 0L448 109.3l0 82.7c0 17.7 14.3 32 32 32s32-14.3 32-32l0-160c0-17.7-14.3-32-32-32L320 0zM80 32C35.8 32 0 67.8 0 112L0 432c0 44.2 35.8 80 80 80l320 0c44.2 0 80-35.8 80-80l0-112c0-17.7-14.3-32-32-32s-32 14.3-32 32l0 112c0 8.8-7.2 16-16 16L80 448c-8.8 0-16-7.2-16-16l0-320c0-8.8 7.2-16 16-16l112 0c17.7 0 32-14.3 32-32s-14.3-32-32-32L80 32z\"><\/path><\/svg><\/span><\/p>\n\n\n\n<h2 class=\"wp-block-heading\">Sporting Achievement Award<\/h2>\n\n\n\n<p>The prize for sporting achievement is a prize awarded to a team, athlete or coach from Valga municipality for achieving 1st - 3rd place in an international championship in a sport on the Olympic programme.<\/p>\n\n\n\n<p>The proposal for the award can be submitted to the municipality in free form throughout the year.<\/p>\n\n\n\n<h2 class=\"wp-block-heading\">Evaluation of applications<\/h2>\n\n\n\n<p>Applications for a sports event grant will be assessed by. <a href=\"https:\/\/valga.ee\/en\/juhtimine-ja-majandus\/valla-juhtimine\/vallavalitsus\/komisjonid\/#sport\" data-type=\"page\" data-id=\"1717\">the committee responsible for awarding sports grants<\/a> <span class=\"wp-rich-text-font-awesome-icon wp-font-awesome-icon\"><svg aria-hidden=\"true\" focusable=\"false\" data-prefix=\"fas\" data-icon=\"arrow-right\" class=\"svg-inline--fa fa-arrow-right\" role=\"img\" xmlns=\"http:\/\/www.w3.org\/2000\/svg\" viewbox=\"0 0 448 512\"><path fill=\"currentColor\" d=\"M438.6 278.6c12.5-12.5 12.5-32.8 0-45.3l-160-160c-12.5-12.5-32.8-12.5-45.3 0s-12.5 32.8 0 45.3L338.8 224 32 224c-17.7 0-32 14.3-32 32s14.3 32 32 32l306.7 0L233.4 393.4c-12.5 12.5-12.5 32.8 0 45.3s32.8 12.5 45.3 0l160-160z\"><\/path><\/svg><\/span><\/p>\n\n\n\n<p><a href=\"https:\/\/valga.ee\/wp-content\/uploads\/2025\/09\/367_Spordiurituste-korraldustoetuse-taotluste-hindamismetoodika-kinnitamine.pdf\" target=\"_blank\" rel=\"noreferrer noopener\">Methodology for the evaluation of the support for the organisation of a sports event&nbsp;<\/a><span class=\"wp-rich-text-font-awesome-icon wp-font-awesome-icon\"><svg aria-hidden=\"true\" focusable=\"false\" data-prefix=\"fas\" data-icon=\"download\" class=\"svg-inline--fa fa-download\" role=\"img\" xmlns=\"http:\/\/www.w3.org\/2000\/svg\" viewbox=\"0 0 512 512\"><path fill=\"currentColor\" d=\"M288 32c0-17.7-14.3-32-32-32s-32 14.3-32 32l0 242.7-73.4-73.4c-12.5-12.5-32.8-12.5-45.3 0s-12.5 32.8 0 45.3l128 128c12.5 12.5 32.8 12.5 45.3 0l128-128c12.5-12.5 12.5-32.8 0-45.3s-32.8-12.5-45.3 0L288 274.7 288 32zM64 352c-35.3 0-64 28.7-64 64l0 32c0 35.3 28.7 64 64 64l384 0c35.3 0 64-28.7 64-64l0-32c0-35.3-28.7-64-64-64l-101.5 0-45.3 45.3c-25 25-65.5 25-90.5 0L165.5 352 64 352zm368 56a24 24 0 1 1 0 48 24 24 0 1 1 0-48z\"><\/path><\/svg><\/span><\/p>","protected":false},"excerpt":{"rendered":"<p>Valga vallas toetatakse sporditegevust vastavalt&nbsp;sporditegevuse toetamise korrale Toetust on v\u00f5imalik taotleda spordi\u00fcrituste korraldamiseks, spordiklubide tegevuse toetamiseks, pearahadeks, treenerite tasustamiseks ning projektide oma- v\u00f5i kaasfinantseeringu tasumiseks.&nbsp; Spordiklubide aasta tegevusaruanne Spordi\u00fcrituste korraldustoetus [&hellip;]<\/p>\n","protected":false},"author":1,"featured_media":0,"parent":3725,"menu_order":3,"comment_status":"closed","ping_status":"closed","template":"","meta":{"_EventAllDay":false,"_EventTimezone":"","_EventStartDate":"","_EventEndDate":"","_EventStartDateUTC":"","_EventEndDateUTC":"","_EventShowMap":false,"_EventShowMapLink":false,"_EventURL":"","_EventCost":"","_EventCostDescription":"","_EventCurrencySymbol":"","_EventCurrencyCode":"","_EventCurrencyPosition":"","_EventDateTimeSeparator":"","_EventTimeRangeSeparator":"","_EventOrganizerID":[],"_EventVenueID":[],"_OrganizerEmail":"","_OrganizerPhone":"","_OrganizerWebsite":"","_VenueAddress":"","_VenueCity":"","_VenueCountry":"","_VenueProvince":"","_VenueState":"","_VenueZip":"","_VenuePhone":"","_VenueURL":"","_VenueStateProvince":"","_VenueLat":"","_VenueLng":"","_VenueShowMap":false,"_VenueShowMapLink":false,"slim_seo":{"title":"Sports subsidies - Valga vald","description":"In Valga municipality, support is provided for sporting activities in accordance with the procedure for supporting sporting activities Support can be requested for the organisation of sporting events, sports clubs."},"footnotes":""},"class_list":["post-3795","page","type-page","status-publish","hentry"],"_links":{"self":[{"href":"https:\/\/valga.ee\/en\/wp-json\/wp\/v2\/pages\/3795","targetHints":{"allow":["GET"]}}],"collection":[{"href":"https:\/\/valga.ee\/en\/wp-json\/wp\/v2\/pages"}],"about":[{"href":"https:\/\/valga.ee\/en\/wp-json\/wp\/v2\/types\/page"}],"author":[{"embeddable":true,"href":"https:\/\/valga.ee\/en\/wp-json\/wp\/v2\/users\/1"}],"replies":[{"embeddable":true,"href":"https:\/\/valga.ee\/en\/wp-json\/wp\/v2\/comments?post=3795"}],"version-history":[{"count":4,"href":"https:\/\/valga.ee\/en\/wp-json\/wp\/v2\/pages\/3795\/revisions"}],"predecessor-version":[{"id":4973,"href":"https:\/\/valga.ee\/en\/wp-json\/wp\/v2\/pages\/3795\/revisions\/4973"}],"up":[{"embeddable":true,"href":"https:\/\/valga.ee\/en\/wp-json\/wp\/v2\/pages\/3725"}],"wp:attachment":[{"href":"https:\/\/valga.ee\/en\/wp-json\/wp\/v2\/media?parent=3795"}],"curies":[{"name":"wp","href":"https:\/\/api.w.org\/{rel}","templated":true}]}}