{"id":3789,"date":"2025-09-05T08:45:26","date_gmt":"2025-09-05T05:45:26","guid":{"rendered":"https:\/\/valga.ee\/?page_id=3789"},"modified":"2026-03-17T11:40:53","modified_gmt":"2026-03-17T09:40:53","slug":"kultuuritoetused","status":"publish","type":"page","link":"https:\/\/valga.ee\/en\/haridus-kultuur-kogukond-sport\/toetused-ja-oigusaktid\/kultuuritoetused\/","title":{"rendered":"Cultural support"},"content":{"rendered":"<p>NGOs and associations active in the field of culture can apply for support to carry out projects and for operating grants.<\/p>\n\n\n\n<p>Non-profit organisations and associations can apply for the support if they have their registered office in Valga municipality according to the Commercial Register and have submitted their annual reports and reports on the use of previous grants in due time.<\/p>\n\n\n\n<p><a href=\"https:\/\/www.riigiteataja.ee\/akt\/407052022002\" target=\"_blank\" rel=\"noreferrer noopener\">Conditions and procedures for support for cultural activities and community development<\/a> <span class=\"wp-rich-text-font-awesome-icon wp-font-awesome-icon\"><svg aria-hidden=\"true\" focusable=\"false\" data-prefix=\"fas\" data-icon=\"arrow-up-right-from-square\" class=\"svg-inline--fa fa-arrow-up-right-from-square\" role=\"img\" xmlns=\"http:\/\/www.w3.org\/2000\/svg\" viewbox=\"0 0 512 512\"><path fill=\"currentColor\" d=\"M320 0c-17.7 0-32 14.3-32 32s14.3 32 32 32l82.7 0L201.4 265.4c-12.5 12.5-12.5 32.8 0 45.3s32.8 12.5 45.3 0L448 109.3l0 82.7c0 17.7 14.3 32 32 32s32-14.3 32-32l0-160c0-17.7-14.3-32-32-32L320 0zM80 32C35.8 32 0 67.8 0 112L0 432c0 44.2 35.8 80 80 80l320 0c44.2 0 80-35.8 80-80l0-112c0-17.7-14.3-32-32-32s-32 14.3-32 32l0 112c0 8.8-7.2 16-16 16L80 448c-8.8 0-16-7.2-16-16l0-320c0-8.8 7.2-16 16-16l112 0c17.7 0 32-14.3 32-32s-14.3-32-32-32L80 32z\"><\/path><\/svg><\/span><\/p>\n\n\n\n<h2 class=\"wp-block-heading\">Operating grants for non-profit organisations<\/h2>\n\n\n\n<p>Operating grants are awarded to non-profit-making associations for the development and activation of their activities, provided that the association has been active for at least six months according to the business register.<\/p>\n\n\n\n<p>The basis for calculating the operating grants and the rates are set by the municipality on the basis of the municipality's budget and the proposal of the committee for the award of cultural grants. The deadline for submitting applications for the current year is 31 January. Applications can be submitted from 1 January. The deadline for submitting the report on the previous year's grants is 15 January. The deadline for submitting applications is 15 January.<\/p>\n\n\n\n<p>Applications must be submitted to Valga Municipality via the application submission system.&nbsp;<a href=\"https:\/\/piksel.ee\/spoku\/valga\/index.php?module=208&amp;op=0\"><strong>SPOKU.<\/strong><\/a><\/p>\n\n\n\n<h2 class=\"wp-block-heading\">Project support<\/h2>\n\n\n\n<p>You can apply for project support for cultural activities and community development. The application deadlines are 20 February, 20 May, 21 August and 20 November. If the deadline falls on a weekend or public holiday, the deadline is the working day following the deadline. Applications can start one month before the deadline. The beneficiary of a project grant must submit to the municipality a report on the use made of the grant, in the form provided, no later than 1 month after the end of the project.<\/p>\n\n\n\n<p>The project grant application must be co-financed by at least 10% of the total project amount, which may be in kind.<\/p>\n\n\n\n<p><strong>In the organisation of cultural activities, support is provided for the following activities and associated costs.<\/strong>:<br><strong><br><\/strong><a>&nbsp;&nbsp;<\/a>1) the organisation and implementation of sustainable and traditional cultural events that are important for the municipality;<br><a>&nbsp;&nbsp;<\/a>2) the celebration of holidays and the preservation of folk cultural traditions;<br><a>&nbsp;&nbsp;<\/a>3) organising a cultural programme of public events;<br><a>&nbsp;&nbsp;<\/a>4) organising exhibitions, concerts, festivals and workshops on traditional culture in the municipality;<br><a>&nbsp;&nbsp;<\/a>5) the aspirations for self-improvement of the municipality's renowned and recognised artists;<br><a>&nbsp;&nbsp;<\/a>6) participation of cultural collectives of the municipality in international and national competitions, contests and festivals;<br><a>&nbsp;&nbsp;<\/a>7) the organisation of festive anniversaries of cultural collectives;<br><a>&nbsp;&nbsp;<\/a>8) Cultural cooperation between the non-profit associations of Valga municipality;<br><a>&nbsp;&nbsp;<\/a>9) the purchase and manufacture of folk costumes and performance costumes for collectives;<br><a>&nbsp;&nbsp;<\/a>10) the production of non-periodical publications.<\/p>\n\n\n\n<p><strong>The following projects are not supported by the organisation of cultural activities:<\/strong><\/p>\n\n\n\n<ol class=\"wp-block-list\">\n<li>charity projects (e.g. paying fees to performers at charity concerts, making products);<\/li>\n\n\n\n<li>profit-making projects;<\/li>\n\n\n\n<li>construction and renovation work and furnishing of premises;<\/li>\n\n\n\n<li>the acquisition of property, fixtures and fittings;<\/li>\n\n\n\n<li>producing publications on the activities of a narrow range of people and targeted at a small interest group;<\/li>\n\n\n\n<li>catering costs, except in exceptional cases;<\/li>\n\n\n\n<li>excursions;<\/li>\n\n\n\n<li>trading at fairs and outdoor events;<\/li>\n\n\n\n<li>social, health and education projects.<\/li>\n<\/ol>\n\n\n\n<p>Applications must be submitted to Valga Municipality via the application submission system.&nbsp;<a href=\"https:\/\/piksel.ee\/spoku\/valga\/index.php?module=208&amp;op=0\" target=\"_blank\" rel=\"noreferrer noopener\"><strong>SPOKU<\/strong><\/a> <span class=\"wp-rich-text-font-awesome-icon wp-font-awesome-icon\"><svg aria-hidden=\"true\" focusable=\"false\" data-prefix=\"fas\" data-icon=\"arrow-up-right-from-square\" class=\"svg-inline--fa fa-arrow-up-right-from-square\" role=\"img\" xmlns=\"http:\/\/www.w3.org\/2000\/svg\" viewbox=\"0 0 512 512\"><path fill=\"currentColor\" d=\"M320 0c-17.7 0-32 14.3-32 32s14.3 32 32 32l82.7 0L201.4 265.4c-12.5 12.5-12.5 32.8 0 45.3s32.8 12.5 45.3 0L448 109.3l0 82.7c0 17.7 14.3 32 32 32s32-14.3 32-32l0-160c0-17.7-14.3-32-32-32L320 0zM80 32C35.8 32 0 67.8 0 112L0 432c0 44.2 35.8 80 80 80l320 0c44.2 0 80-35.8 80-80l0-112c0-17.7-14.3-32-32-32s-32 14.3-32 32l0 112c0 8.8-7.2 16-16 16L80 448c-8.8 0-16-7.2-16-16l0-320c0-8.8 7.2-16 16-16l112 0c17.7 0 32-14.3 32-32s-14.3-32-32-32L80 32z\"><\/path><\/svg><\/span><\/p>\n\n\n\n<h2 class=\"wp-block-heading\">Support for own and co-financing contributions<\/h2>\n\n\n\n<p>Throughout the year, a non-profit organisation may submit a free-form application to the municipality for the coverage of its own and\/or co-financing of projects, except for projects supported by the municipality. The decision to grant a subsidy is taken by the municipality, taking into account the budgetary possibilities of the municipality.<\/p>\n\n\n\n<h2 class=\"wp-block-heading\">Evaluation of applications<\/h2>\n\n\n\n<p>Applications received will be assessed <a href=\"https:\/\/valga.ee\/en\/juhtimine-ja-majandus\/valla-juhtimine\/vallavalitsus\/komisjonid\/#kultuur\" data-type=\"page\" data-id=\"1717\">committee for the award of cultural grants<\/a> <span class=\"wp-rich-text-font-awesome-icon wp-font-awesome-icon\"><svg aria-hidden=\"true\" focusable=\"false\" data-prefix=\"fas\" data-icon=\"arrow-right\" class=\"svg-inline--fa fa-arrow-right\" role=\"img\" xmlns=\"http:\/\/www.w3.org\/2000\/svg\" viewbox=\"0 0 448 512\"><path fill=\"currentColor\" d=\"M438.6 278.6c12.5-12.5 12.5-32.8 0-45.3l-160-160c-12.5-12.5-32.8-12.5-45.3 0s-12.5 32.8 0 45.3L338.8 224 32 224c-17.7 0-32 14.3-32 32s14.3 32 32 32l306.7 0L233.4 393.4c-12.5 12.5-12.5 32.8 0 45.3s32.8 12.5 45.3 0l160-160z\"><\/path><\/svg><\/span><\/p>\n\n\n\n<p><a href=\"https:\/\/valga.ee\/wp-content\/uploads\/2025\/12\/Hindamismetoodika_2022_aug_2025muudatusega.rtf\" target=\"_blank\" rel=\"noopener\" title=\"\">Methodology for the evaluation of applications for cultural and community development project grants<\/a> <span class=\"wp-rich-text-font-awesome-icon wp-font-awesome-icon\"><svg aria-hidden=\"true\" focusable=\"false\" data-prefix=\"fas\" data-icon=\"download\" class=\"svg-inline--fa fa-download\" role=\"img\" xmlns=\"http:\/\/www.w3.org\/2000\/svg\" viewbox=\"0 0 512 512\"><path fill=\"currentColor\" d=\"M288 32c0-17.7-14.3-32-32-32s-32 14.3-32 32l0 242.7-73.4-73.4c-12.5-12.5-32.8-12.5-45.3 0s-12.5 32.8 0 45.3l128 128c12.5 12.5 32.8 12.5 45.3 0l128-128c12.5-12.5 12.5-32.8 0-45.3s-32.8-12.5-45.3 0L288 274.7 288 32zM64 352c-35.3 0-64 28.7-64 64l0 32c0 35.3 28.7 64 64 64l384 0c35.3 0 64-28.7 64-64l0-32c0-35.3-28.7-64-64-64l-101.5 0-45.3 45.3c-25 25-65.5 25-90.5 0L165.5 352 64 352zm368 56a24 24 0 1 1 0 48 24 24 0 1 1 0-48z\"><\/path><\/svg><\/span><\/p>\n\n\n\n<div style=\"height:73px\" aria-hidden=\"true\" class=\"wp-block-spacer\"><\/div>\n\n\n\n<p>The Valga Municipal Council approved at its meeting on 27 April 2022 the Regulation&nbsp;<a href=\"https:\/\/www.riigiteataja.ee\/akt\/407052022002\">\u201cTerms and conditions for support to cultural activities and community development and the procedure for the award of grants\u201d<\/a> <span class=\"wp-rich-text-font-awesome-icon wp-font-awesome-icon\"><svg aria-hidden=\"true\" focusable=\"false\" data-prefix=\"fas\" data-icon=\"up-right-from-square\" class=\"svg-inline--fa fa-up-right-from-square\" role=\"img\" xmlns=\"http:\/\/www.w3.org\/2000\/svg\" viewbox=\"0 0 512 512\"><path fill=\"currentColor\" d=\"M352 0c-12.9 0-24.6 7.8-29.6 19.8s-2.2 25.7 6.9 34.9L370.7 96 201.4 265.4c-12.5 12.5-12.5 32.8 0 45.3s32.8 12.5 45.3 0L416 141.3l41.4 41.4c9.2 9.2 22.9 11.9 34.9 6.9s19.8-16.6 19.8-29.6l0-128c0-17.7-14.3-32-32-32L352 0zM80 32C35.8 32 0 67.8 0 112L0 432c0 44.2 35.8 80 80 80l320 0c44.2 0 80-35.8 80-80l0-112c0-17.7-14.3-32-32-32s-32 14.3-32 32l0 112c0 8.8-7.2 16-16 16L80 448c-8.8 0-16-7.2-16-16l0-320c0-8.8 7.2-16 16-16l112 0c17.7 0 32-14.3 32-32s-14.3-32-32-32L80 32z\"><\/path><\/svg><\/span><\/p>","protected":false},"excerpt":{"rendered":"<p>Kultuurivaldkonnas tegutsevad MT\u00dc-d ja seltsingud saavad taotleda toetust projektide elluviimiseks ja tegevustoetust. Toetust saavad taotleda mittetulundus\u00fchingud ja seltsingud, mille asukoht on \u00e4riregistri andmetel Valga vald ning kellel on \u00f5igeaegselt esitatud [&hellip;]<\/p>\n","protected":false},"author":1,"featured_media":0,"parent":3725,"menu_order":2,"comment_status":"closed","ping_status":"closed","template":"","meta":{"_EventAllDay":false,"_EventTimezone":"","_EventStartDate":"","_EventEndDate":"","_EventStartDateUTC":"","_EventEndDateUTC":"","_EventShowMap":false,"_EventShowMapLink":false,"_EventURL":"","_EventCost":"","_EventCostDescription":"","_EventCurrencySymbol":"","_EventCurrencyCode":"","_EventCurrencyPosition":"","_EventDateTimeSeparator":"","_EventTimeRangeSeparator":"","_EventOrganizerID":[],"_EventVenueID":[],"_OrganizerEmail":"","_OrganizerPhone":"","_OrganizerWebsite":"","_VenueAddress":"","_VenueCity":"","_VenueCountry":"","_VenueProvince":"","_VenueState":"","_VenueZip":"","_VenuePhone":"","_VenueURL":"","_VenueStateProvince":"","_VenueLat":"","_VenueLng":"","_VenueShowMap":false,"_VenueShowMapLink":false,"slim_seo":{"title":"Kultuuritoetused - Valga vald","description":"Kultuurivaldkonnas tegutsevad MT\u00dc-d ja seltsingud saavad taotleda toetust projektide elluviimiseks ja tegevustoetust. Toetust saavad taotleda mittetulundus\u00fching"},"footnotes":""},"class_list":["post-3789","page","type-page","status-publish","hentry"],"_links":{"self":[{"href":"https:\/\/valga.ee\/en\/wp-json\/wp\/v2\/pages\/3789","targetHints":{"allow":["GET"]}}],"collection":[{"href":"https:\/\/valga.ee\/en\/wp-json\/wp\/v2\/pages"}],"about":[{"href":"https:\/\/valga.ee\/en\/wp-json\/wp\/v2\/types\/page"}],"author":[{"embeddable":true,"href":"https:\/\/valga.ee\/en\/wp-json\/wp\/v2\/users\/1"}],"replies":[{"embeddable":true,"href":"https:\/\/valga.ee\/en\/wp-json\/wp\/v2\/comments?post=3789"}],"version-history":[{"count":11,"href":"https:\/\/valga.ee\/en\/wp-json\/wp\/v2\/pages\/3789\/revisions"}],"predecessor-version":[{"id":7674,"href":"https:\/\/valga.ee\/en\/wp-json\/wp\/v2\/pages\/3789\/revisions\/7674"}],"up":[{"embeddable":true,"href":"https:\/\/valga.ee\/en\/wp-json\/wp\/v2\/pages\/3725"}],"wp:attachment":[{"href":"https:\/\/valga.ee\/en\/wp-json\/wp\/v2\/media?parent=3789"}],"curies":[{"name":"wp","href":"https:\/\/api.w.org\/{rel}","templated":true}]}}