{"id":3780,"date":"2025-09-05T08:44:33","date_gmt":"2025-09-05T05:44:33","guid":{"rendered":"https:\/\/valga.ee\/?page_id=3780"},"modified":"2025-09-09T10:49:42","modified_gmt":"2025-09-09T07:49:42","slug":"noorte-omaalgatus","status":"publish","type":"page","link":"https:\/\/valga.ee\/en\/haridus-kultuur-kogukond-sport\/toetused-ja-oigusaktid\/noorte-omaalgatus\/","title":{"rendered":"Youth initiative"},"content":{"rendered":"<p>The aim of the grant for youth projects is to develop youth work and encourage youth initiative in Valga municipality.<\/p>\n\n\n\n<p>Natural persons aged between 12 and 26 years, whose place of residence is Valga municipality, can apply for the support. Also groups, associations or non-profit organisations of young people aged 12-26 years, operating in Valga municipality.<\/p>\n\n\n\n<p>The grant is awarded for the organisation of an event, concert, competition, meeting, campaign, workshop, information day or any other activity aimed at young people and involving at least ten young people.<\/p>\n\n\n\n<p>You can apply four times a year on an application form approved by the municipality. The application deadlines are 20 February, 20 May, 21 August and 20 November. If the last day for submitting an application falls on a public holiday or a weekend, the deadline is the working day following the public holiday or weekend.<\/p>\n\n\n\n<p>Activities that are not supported:<\/p>\n\n\n\n<ol class=\"wp-block-list\">\n<li>organising class trips, class evenings or school events;<\/li>\n\n\n\n<li>the purchase of equipment. Exceptionally, a grant may be requested for the purchase of a specific item of common use that is needed to carry out an activity. The items purchased will remain at the disposal of the local youth centre, library or community centre after the end of the project;<\/li>\n\n\n\n<li>searching for and purchasing the insignia of an institution or youth association;<\/li>\n\n\n\n<li>organising the activities of the hobby group;<\/li>\n\n\n\n<li>remuneration of project organisers.<\/li>\n<\/ol>\n\n\n\n<p>The maximum grant per project is \u20ac500.<\/p>\n\n\n\n<ul class=\"wp-block-list\">\n<li><a href=\"https:\/\/www.riigiteataja.ee\/akt\/404052024010\" target=\"_blank\" rel=\"noreferrer noopener\">Support schemes for young people's own initiative projects<\/a> <span class=\"wp-rich-text-font-awesome-icon wp-font-awesome-icon\"><svg aria-hidden=\"true\" focusable=\"false\" data-prefix=\"fas\" data-icon=\"arrow-up-right-from-square\" class=\"svg-inline--fa fa-arrow-up-right-from-square\" role=\"img\" xmlns=\"http:\/\/www.w3.org\/2000\/svg\" viewbox=\"0 0 512 512\"><path fill=\"currentColor\" d=\"M320 0c-17.7 0-32 14.3-32 32s14.3 32 32 32l82.7 0L201.4 265.4c-12.5 12.5-12.5 32.8 0 45.3s32.8 12.5 45.3 0L448 109.3l0 82.7c0 17.7 14.3 32 32 32s32-14.3 32-32l0-160c0-17.7-14.3-32-32-32L320 0zM80 32C35.8 32 0 67.8 0 112L0 432c0 44.2 35.8 80 80 80l320 0c44.2 0 80-35.8 80-80l0-112c0-17.7-14.3-32-32-32s-32 14.3-32 32l0 112c0 8.8-7.2 16-16 16L80 448c-8.8 0-16-7.2-16-16l0-320c0-8.8 7.2-16 16-16l112 0c17.7 0 32-14.3 32-32s-14.3-32-32-32L80 32z\"><\/path><\/svg><\/span><\/li>\n\n\n\n<li><a href=\"https:\/\/piksel.ee\/spoku\/valga\/index.php?asutus=-1&amp;module=205&amp;op=2&amp;toetus=361\" target=\"_blank\" rel=\"noreferrer noopener\">Submit an e-application<\/a> <span class=\"wp-rich-text-font-awesome-icon wp-font-awesome-icon\"><svg aria-hidden=\"true\" focusable=\"false\" data-prefix=\"fas\" data-icon=\"arrow-up-right-from-square\" class=\"svg-inline--fa fa-arrow-up-right-from-square\" role=\"img\" xmlns=\"http:\/\/www.w3.org\/2000\/svg\" viewbox=\"0 0 512 512\"><path fill=\"currentColor\" d=\"M320 0c-17.7 0-32 14.3-32 32s14.3 32 32 32l82.7 0L201.4 265.4c-12.5 12.5-12.5 32.8 0 45.3s32.8 12.5 45.3 0L448 109.3l0 82.7c0 17.7 14.3 32 32 32s32-14.3 32-32l0-160c0-17.7-14.3-32-32-32L320 0zM80 32C35.8 32 0 67.8 0 112L0 432c0 44.2 35.8 80 80 80l320 0c44.2 0 80-35.8 80-80l0-112c0-17.7-14.3-32-32-32s-32 14.3-32 32l0 112c0 8.8-7.2 16-16 16L80 448c-8.8 0-16-7.2-16-16l0-320c0-8.8 7.2-16 16-16l112 0c17.7 0 32-14.3 32-32s-14.3-32-32-32L80 32z\"><\/path><\/svg><\/span><\/li>\n\n\n\n<li>Young people's own initiative projects received will be assessed by <a href=\"https:\/\/valga.ee\/en\/juhtimine-ja-majandus\/valla-juhtimine\/vallavalitsus\/komisjonid\/#noorsootoo\" data-type=\"page\" data-id=\"1717\">Committee for the evaluation of applications in the youth field<\/a><\/li>\n\n\n\n<li><a href=\"https:\/\/valga.ee\/wp-content\/uploads\/2025\/09\/184_Noorte-omaalgatuslike-projektide-hindamismetoodika-kinnitamine.pdf\" target=\"_blank\" rel=\"noreferrer noopener\">Methodology for evaluating young people's own initiative projects<\/a> <\/li>\n<\/ul>\n\n\n\n<p>If you have any questions, please contact T\u00f5nu Vahtra, sports and youth work specialist at Valga municipality, by e-mail:&nbsp;<a href=\"mailto:tonu.vahtra@valga.ee\">tonu.vahtra@valga.ee<\/a><\/p>\n\n\n\n<ul class=\"wp-block-list\">\n<li><a href=\"https:\/\/valga.ee\/wp-content\/uploads\/2025\/09\/Tahtpaevaga-20.02.2025.-a-esitatud-noorte-omaalgatuslike-projektide-rahuldamine.xlsx\" target=\"_blank\" rel=\"noreferrer noopener\">Meeting the deadline of 20.02.2025 for young people's own-initiative projects submitted by 20.02.2025<\/a> <span class=\"wp-rich-text-font-awesome-icon wp-font-awesome-icon\"><svg aria-hidden=\"true\" focusable=\"false\" data-prefix=\"fas\" data-icon=\"download\" class=\"svg-inline--fa fa-download\" role=\"img\" xmlns=\"http:\/\/www.w3.org\/2000\/svg\" viewbox=\"0 0 512 512\"><path fill=\"currentColor\" d=\"M288 32c0-17.7-14.3-32-32-32s-32 14.3-32 32l0 242.7-73.4-73.4c-12.5-12.5-32.8-12.5-45.3 0s-12.5 32.8 0 45.3l128 128c12.5 12.5 32.8 12.5 45.3 0l128-128c12.5-12.5 12.5-32.8 0-45.3s-32.8-12.5-45.3 0L288 274.7 288 32zM64 352c-35.3 0-64 28.7-64 64l0 32c0 35.3 28.7 64 64 64l384 0c35.3 0 64-28.7 64-64l0-32c0-35.3-28.7-64-64-64l-101.5 0-45.3 45.3c-25 25-65.5 25-90.5 0L165.5 352 64 352zm368 56a24 24 0 1 1 0 48 24 24 0 1 1 0-48z\"><\/path><\/svg><\/span><\/li>\n\n\n\n<li><a href=\"https:\/\/valga.ee\/wp-content\/uploads\/2025\/09\/Tahtpaevaga-20.11.2024.-a-esitatud-noorte-omaalgatuslike-projektide-rahuldamine.xlsx\" target=\"_blank\" rel=\"noreferrer noopener\">Meeting the deadline of 20.11.2024 for young people's own-initiative projects submitted by 20.11.2024<\/a> <span class=\"wp-rich-text-font-awesome-icon wp-font-awesome-icon\"><svg aria-hidden=\"true\" focusable=\"false\" data-prefix=\"fas\" data-icon=\"download\" class=\"svg-inline--fa fa-download\" role=\"img\" xmlns=\"http:\/\/www.w3.org\/2000\/svg\" viewbox=\"0 0 512 512\"><path fill=\"currentColor\" d=\"M288 32c0-17.7-14.3-32-32-32s-32 14.3-32 32l0 242.7-73.4-73.4c-12.5-12.5-32.8-12.5-45.3 0s-12.5 32.8 0 45.3l128 128c12.5 12.5 32.8 12.5 45.3 0l128-128c12.5-12.5 12.5-32.8 0-45.3s-32.8-12.5-45.3 0L288 274.7 288 32zM64 352c-35.3 0-64 28.7-64 64l0 32c0 35.3 28.7 64 64 64l384 0c35.3 0 64-28.7 64-64l0-32c0-35.3-28.7-64-64-64l-101.5 0-45.3 45.3c-25 25-65.5 25-90.5 0L165.5 352 64 352zm368 56a24 24 0 1 1 0 48 24 24 0 1 1 0-48z\"><\/path><\/svg><\/span><\/li>\n\n\n\n<li><a href=\"https:\/\/valga.ee\/wp-content\/uploads\/2025\/09\/Tahtpaevaga-20.02.2024.-a-esitatud-noorte-omaalgatuslike-projektide-rahuldamine.xlsx\" target=\"_blank\" rel=\"noreferrer noopener\">Meeting the deadline of 20.02.2024 for young people's own-initiative projects submitted by 20.02.2024<\/a> <span class=\"wp-rich-text-font-awesome-icon wp-font-awesome-icon\"><svg aria-hidden=\"true\" focusable=\"false\" data-prefix=\"fas\" data-icon=\"download\" class=\"svg-inline--fa fa-download\" role=\"img\" xmlns=\"http:\/\/www.w3.org\/2000\/svg\" viewbox=\"0 0 512 512\"><path fill=\"currentColor\" d=\"M288 32c0-17.7-14.3-32-32-32s-32 14.3-32 32l0 242.7-73.4-73.4c-12.5-12.5-32.8-12.5-45.3 0s-12.5 32.8 0 45.3l128 128c12.5 12.5 32.8 12.5 45.3 0l128-128c12.5-12.5 12.5-32.8 0-45.3s-32.8-12.5-45.3 0L288 274.7 288 32zM64 352c-35.3 0-64 28.7-64 64l0 32c0 35.3 28.7 64 64 64l384 0c35.3 0 64-28.7 64-64l0-32c0-35.3-28.7-64-64-64l-101.5 0-45.3 45.3c-25 25-65.5 25-90.5 0L165.5 352 64 352zm368 56a24 24 0 1 1 0 48 24 24 0 1 1 0-48z\"><\/path><\/svg><\/span><\/li>\n<\/ul>","protected":false},"excerpt":{"rendered":"<p>Noorte omaalgatuslike projektide toetuse eesm\u00e4rk on arendada noorsoot\u00f6\u00f6d ning ergutada noorte omaalgatust Valga vallas. Toetust saavad taotleda 12-26-aastane f\u00fc\u00fcsilised isikud, kelle rahvastikuj\u00e4rgne elukoht on Valga vald. Samuti 12-26 aastastest noortest [&hellip;]<\/p>\n","protected":false},"author":1,"featured_media":0,"parent":3725,"menu_order":0,"comment_status":"closed","ping_status":"closed","template":"","meta":{"_EventAllDay":false,"_EventTimezone":"","_EventStartDate":"","_EventEndDate":"","_EventStartDateUTC":"","_EventEndDateUTC":"","_EventShowMap":false,"_EventShowMapLink":false,"_EventURL":"","_EventCost":"","_EventCostDescription":"","_EventCurrencySymbol":"","_EventCurrencyCode":"","_EventCurrencyPosition":"","_EventDateTimeSeparator":"","_EventTimeRangeSeparator":"","_EventOrganizerID":[],"_EventVenueID":[],"_OrganizerEmail":"","_OrganizerPhone":"","_OrganizerWebsite":"","_VenueAddress":"","_VenueCity":"","_VenueCountry":"","_VenueProvince":"","_VenueState":"","_VenueZip":"","_VenuePhone":"","_VenueURL":"","_VenueStateProvince":"","_VenueLat":"","_VenueLng":"","_VenueShowMap":false,"_VenueShowMapLink":false,"slim_seo":{"title":"Youth initiative - Valga municipality","description":"The aim of the grant for youth projects is to develop youth work and encourage youth initiative in Valga municipality. The grant is open to young people aged between 12 and 26"},"footnotes":""},"class_list":["post-3780","page","type-page","status-publish","hentry"],"_links":{"self":[{"href":"https:\/\/valga.ee\/en\/wp-json\/wp\/v2\/pages\/3780","targetHints":{"allow":["GET"]}}],"collection":[{"href":"https:\/\/valga.ee\/en\/wp-json\/wp\/v2\/pages"}],"about":[{"href":"https:\/\/valga.ee\/en\/wp-json\/wp\/v2\/types\/page"}],"author":[{"embeddable":true,"href":"https:\/\/valga.ee\/en\/wp-json\/wp\/v2\/users\/1"}],"replies":[{"embeddable":true,"href":"https:\/\/valga.ee\/en\/wp-json\/wp\/v2\/comments?post=3780"}],"version-history":[{"count":5,"href":"https:\/\/valga.ee\/en\/wp-json\/wp\/v2\/pages\/3780\/revisions"}],"predecessor-version":[{"id":4671,"href":"https:\/\/valga.ee\/en\/wp-json\/wp\/v2\/pages\/3780\/revisions\/4671"}],"up":[{"embeddable":true,"href":"https:\/\/valga.ee\/en\/wp-json\/wp\/v2\/pages\/3725"}],"wp:attachment":[{"href":"https:\/\/valga.ee\/en\/wp-json\/wp\/v2\/media?parent=3780"}],"curies":[{"name":"wp","href":"https:\/\/api.w.org\/{rel}","templated":true}]}}