{"id":3778,"date":"2025-09-05T08:39:32","date_gmt":"2025-09-05T05:39:32","guid":{"rendered":"https:\/\/valga.ee\/?page_id=3778"},"modified":"2025-09-25T18:10:10","modified_gmt":"2025-09-25T15:10:10","slug":"noortevolikogu","status":"publish","type":"page","link":"https:\/\/valga.ee\/en\/juhtimine-ja-majandus\/valla-juhtimine\/noortevolikogu\/","title":{"rendered":"Youth Council"},"content":{"rendered":"<div class=\"wp-block-columns reverse-mobile is-layout-flex wp-container-core-columns-is-layout-658170e2 wp-block-columns-is-layout-flex\">\n<div class=\"wp-block-column is-layout-flow wp-block-column-is-layout-flow\" style=\"flex-basis:60%\">\n<p>The aim of the Youth Council is to protect and represent young people's interests, to have a say in matters concerning the organisation of youth work in the city, to encourage young people's civic initiative and to involve young people in decision-making processes concerning the organisation of city life. In its work, the Youth Council is guided by the laws of the Republic of Estonia, the legislation of the Council and the Valga Municipality Government, and the statutes of the Valga Youth Council. The activities of the Youth Council are based on the principles of democracy, members' own initiative and joint activities.<\/p>\n\n\n\n<p>The aim of the Youth Council is to discuss issues concerning young people and to make proposals to the Valga Municipal Council (hereinafter the Municipal Council) and the Valga Municipal Government (hereinafter the Municipal Government), based on the needs and interests of young people.<\/p>\n\n\n\n<h2 class=\"wp-block-heading\">Who can apply?<\/h2>\n\n\n\n<p>A young person who is aged 14-21 at the time of the elections and whose place of residence according to the Population Register is Valga municipality or who is studying in a general education school or vocational training institution in Valga municipality according to the Estonian Education Information System can stand as a candidate for the Youth Council.<\/p>\n\n\n\n<h2 class=\"wp-block-heading\">Who gets to choose?<\/h2>\n\n\n\n<p>The right to elect a youth council is granted to a young person who is between 14 and 21 years of age at the time of the election and whose place of residence is Valga municipality according to the Population Register or who is studying at a general education school or vocational training institution in Valga municipality according to the Estonian Education Information System.<\/p>\n\n\n\n<h2 class=\"wp-block-heading\">Electoral Commission<\/h2>\n\n\n\n<p>Elections to the Youth Council of Valga municipality are organised by an election committee approved by the Valga municipality government:<\/p>\n\n\n\n<ul class=\"wp-block-list\">\n<li>T\u00f5nu Vahtra, Sports and Youth Specialist, Valga Municipality Administration<\/li>\n\n\n\n<li>Karoliine Marinicheva, Youth Worker of Valga Open Youth Centre<\/li>\n\n\n\n<li>Are Saarma, Youth Worker at Valga Open Youth Centre<\/li>\n\n\n\n<li>Karoliine Saega, Youth Worker at Valga Open Youth Centre<\/li>\n\n\n\n<li>Madis Mumm, Valga Municipality Environmental Officer<\/li>\n<\/ul>\n<\/div>\n\n\n\n<div class=\"wp-block-column is-layout-flow wp-block-column-is-layout-flow\">\n<div class=\"wp-block-group has-border-color has-contrast-border-color has-base-background-color has-background has-global-padding is-layout-constrained wp-container-core-group-is-layout-9597dc02 wp-block-group-is-layout-constrained\" style=\"border-width:1px;border-radius:3px;padding-top:var(--wp--preset--spacing--10);padding-right:var(--wp--preset--spacing--10);padding-bottom:var(--wp--preset--spacing--10);padding-left:var(--wp--preset--spacing--10);box-shadow:var(--wp--preset--shadow--vaike-vari-2)\">\n<h2 class=\"wp-block-heading has-large-font-size\" style=\"padding-top:0;padding-bottom:0\">Valga Youth Council<\/h2>\n\n\n\n<p><span class=\"wp-rich-text-font-awesome-icon wp-font-awesome-icon\"><svg aria-hidden=\"true\" focusable=\"false\" data-prefix=\"fas\" data-icon=\"envelope-open\" class=\"svg-inline--fa fa-envelope-open\" role=\"img\" xmlns=\"http:\/\/www.w3.org\/2000\/svg\" viewbox=\"0 0 512 512\"><path fill=\"currentColor\" d=\"M64 208.1L256 65.9 448 208.1l0 47.4L289.5 373c-9.7 7.2-21.4 11-33.5 11s-23.8-3.9-33.5-11L64 255.5l0-47.4zM256 0c-12.1 0-23.8 3.9-33.5 11L25.9 156.7C9.6 168.8 0 187.8 0 208.1L0 448c0 35.3 28.7 64 64 64l384 0c35.3 0 64-28.7 64-64l0-239.9c0-20.3-9.6-39.4-25.9-51.4L289.5 11C279.8 3.9 268.1 0 256 0z\"><\/path><\/svg><\/span><a href=\"mailto:noortevolikogu@valga.ee\">noortevolikogu@valga.ee<\/a><\/p>\n\n\n\n<ul class=\"wp-block-list is-style-checkmark-list\">\n<li>Chair Liis P\u00f5der <\/li>\n\n\n\n<li>Vice-Chair Elise Haas<\/li>\n<\/ul>\n\n\n\n<p>Composition:<\/p>\n\n\n\n<ol class=\"wp-block-list\">\n<li>Sivert Raide<\/li>\n\n\n\n<li>Hanna-Liisa Kronberg<\/li>\n\n\n\n<li>Helina Saega<\/li>\n\n\n\n<li>Liis P\u00f5der<\/li>\n\n\n\n<li>Anet Rebbe<\/li>\n\n\n\n<li>Elise Haas<\/li>\n\n\n\n<li>Hannamaria Pohh<\/li>\n\n\n\n<li>Kert Raide<\/li>\n\n\n\n<li>Martin Kronberg<\/li>\n\n\n\n<li>Maximus Tamm<\/li>\n\n\n\n<li>Varvara Zlyusarchuk<\/li>\n<\/ol>\n<\/div>\n<\/div>\n<\/div>\n\n\n\n<p><\/p>","protected":false},"excerpt":{"rendered":"<p>Noortevolikogu eesm\u00e4rk on kaitsta ja esindada noorte huvisid, r\u00e4\u00e4kida kaasa linna noorsoot\u00f6\u00f6 korralduslikes k\u00fcsimustes, julgustada noorte kodanikualgatust ning kaasata noori linnaelu korraldamist puudutavatesse otsustusprotsessidesse. Noortevolikogu l\u00e4htub oma t\u00f6\u00f6s Eesti Vabariigi [&hellip;]<\/p>\n","protected":false},"author":1,"featured_media":0,"parent":1668,"menu_order":2,"comment_status":"closed","ping_status":"closed","template":"page-wide","meta":{"_EventAllDay":false,"_EventTimezone":"","_EventStartDate":"","_EventEndDate":"","_EventStartDateUTC":"","_EventEndDateUTC":"","_EventShowMap":false,"_EventShowMapLink":false,"_EventURL":"","_EventCost":"","_EventCostDescription":"","_EventCurrencySymbol":"","_EventCurrencyCode":"","_EventCurrencyPosition":"","_EventDateTimeSeparator":"","_EventTimeRangeSeparator":"","_EventOrganizerID":[],"_EventVenueID":[],"_OrganizerEmail":"","_OrganizerPhone":"","_OrganizerWebsite":"","_VenueAddress":"","_VenueCity":"","_VenueCountry":"","_VenueProvince":"","_VenueState":"","_VenueZip":"","_VenuePhone":"","_VenueURL":"","_VenueStateProvince":"","_VenueLat":"","_VenueLng":"","_VenueShowMap":false,"_VenueShowMapLink":false,"slim_seo":{"title":"Youth Council - Valga Parish","description":"The youth council's aim is to protect and represent the interests of young people, to have a say in the organisational matters of the city's youth work, and to encourage civic initiatives among young people."},"footnotes":""},"class_list":["post-3778","page","type-page","status-publish","hentry"],"_links":{"self":[{"href":"https:\/\/valga.ee\/en\/wp-json\/wp\/v2\/pages\/3778","targetHints":{"allow":["GET"]}}],"collection":[{"href":"https:\/\/valga.ee\/en\/wp-json\/wp\/v2\/pages"}],"about":[{"href":"https:\/\/valga.ee\/en\/wp-json\/wp\/v2\/types\/page"}],"author":[{"embeddable":true,"href":"https:\/\/valga.ee\/en\/wp-json\/wp\/v2\/users\/1"}],"replies":[{"embeddable":true,"href":"https:\/\/valga.ee\/en\/wp-json\/wp\/v2\/comments?post=3778"}],"version-history":[{"count":5,"href":"https:\/\/valga.ee\/en\/wp-json\/wp\/v2\/pages\/3778\/revisions"}],"predecessor-version":[{"id":5318,"href":"https:\/\/valga.ee\/en\/wp-json\/wp\/v2\/pages\/3778\/revisions\/5318"}],"up":[{"embeddable":true,"href":"https:\/\/valga.ee\/en\/wp-json\/wp\/v2\/pages\/1668"}],"wp:attachment":[{"href":"https:\/\/valga.ee\/en\/wp-json\/wp\/v2\/media?parent=3778"}],"curies":[{"name":"wp","href":"https:\/\/api.w.org\/{rel}","templated":true}]}}