{"id":3743,"date":"2025-09-05T08:34:18","date_gmt":"2025-09-05T05:34:18","guid":{"rendered":"https:\/\/valga.ee\/?page_id=3743"},"modified":"2025-09-05T15:43:08","modified_gmt":"2025-09-05T12:43:08","slug":"valga-valla-haridusstrateegia","status":"publish","type":"page","link":"https:\/\/valga.ee\/en\/haridus-kultuur-kogukond-sport\/haridus\/valga-valla-haridusstrateegia\/","title":{"rendered":"Education Strategy"},"content":{"rendered":"<div class=\"wp-block-columns reverse-mobile is-layout-flex wp-container-core-columns-is-layout-1146dd41 wp-block-columns-is-layout-flex\" style=\"padding-right:0;padding-left:0\">\n<div class=\"wp-block-column is-layout-flow wp-block-column-is-layout-flow\" style=\"flex-basis:66.66%\">\n<p>The educational strategy of Valga municipality 2024-2035+ was drawn up based on the current situation in Valga municipality and the resulting challenges in the educational landscape of the municipality. The desired situation is described by the vision and strategic objectives that define the necessary action lines to achieve the vision by 2035. The strategy has been drawn up taking into account broader educational trends, including national development documents and existing legislation. The annexes to the Education Strategy include a more in-depth analysis of the current situation and an action plan for 2024-2027.<\/p>\n\n\n\n<p>In the process of drafting the education strategy, 14 steering group and working group meetings and three visioning seminars were organised, involving the heads of educational institutions and youth work organisations, members of municipal council committees, representatives of non-profit organisations, members of the municipal government and other interested parties.<\/p>\n\n\n\n<p>Key challenges:<\/p>\n\n\n\n<ul class=\"wp-block-list\">\n<li>shortage of qualified education, youth and support professionals<\/li>\n\n\n\n<li>transition to Estonian-language education in a multicultural environment<\/li>\n\n\n\n<li>cooperation between different (educational) institutions is ineffective.<\/li>\n\n\n\n<li>the education network is not flexible enough to cope with demographic change, the technical base needs to be modernised.<\/li>\n\n\n\n<li>the organisation of recreational education and activities does not respond to the needs of different segments of the population.<\/li>\n\n\n\n<li>the linkage of educational institutions with the entrepreneurial landscape of the municipality is not well targeted<\/li>\n\n\n\n<li>The image of Valga municipality is not systematic<\/li>\n<\/ul>\n\n\n\n<p>The current challenges were used as a basis for formulating the vision and strategic objectives.<\/p>\n\n\n\n<p>Vision 2035: Valga municipality's residents are broad-minded, smart, enterprising and eager to learn.<\/p>\n<\/div>\n\n\n\n<div class=\"wp-block-column is-layout-flow wp-container-core-column-is-layout-8a368f38 wp-block-column-is-layout-flow\" style=\"flex-basis:33.33%\"><a href=\"https:\/\/www.riigiteataja.ee\/aktilisa\/4050\/4202\/4054\/strateegia.pdf#\" rel=\"noreferrer noopener\"   class=\"kiirlink wp-block-tiptip-hyperlink-group-block\" target=\"_blank\">\n<div class=\"wp-block-group kiirlink kiirlink-tume has-accent-4-color has-accent-5-background-color has-text-color has-background has-link-color wp-elements-7c1a4a6230f75f33f8fb9a8a7fa1f09f wp-container-content-9cfa9a5a has-global-padding is-layout-constrained wp-container-core-group-is-layout-246ba8a2 wp-block-group-is-layout-constrained\" style=\"border-radius:0px;border-top-color:var(--wp--preset--color--accent-4);border-top-width:1px;border-bottom-style:none;border-bottom-width:0px;padding-top:0.7em;padding-right:var(--wp--preset--spacing--10);padding-bottom:0.7em;padding-left:var(--wp--preset--spacing--10)\">\n<div class=\"wp-block-group is-content-justification-space-between is-nowrap is-layout-flex wp-container-core-group-is-layout-2b43bde3 wp-block-group-is-layout-flex\" style=\"padding-top:0;padding-bottom:0\">\n<p class=\"wp-container-content-9cfa9a5a\"><strong>Valga Municipality Education Strategy 2024-2035+<\/strong><\/p>\n\n\n\n<p>&gt;<\/p>\n<\/div>\n<\/div>\n<\/a>\n\n<a href=\"https:\/\/www.riigiteataja.ee\/aktilisa\/4050\/4202\/4054\/lisa1.pdf#\" rel=\"noreferrer noopener\"   class=\"kiirlink wp-block-tiptip-hyperlink-group-block\" target=\"_blank\">\n<div class=\"wp-block-group kiirlink kiirlink-tume has-accent-4-color has-accent-5-background-color has-text-color has-background has-link-color wp-elements-7c1a4a6230f75f33f8fb9a8a7fa1f09f wp-container-content-9cfa9a5a has-global-padding is-layout-constrained wp-container-core-group-is-layout-246ba8a2 wp-block-group-is-layout-constrained\" style=\"border-radius:0px;border-top-color:var(--wp--preset--color--accent-4);border-top-width:1px;border-bottom-style:none;border-bottom-width:0px;padding-top:0.7em;padding-right:var(--wp--preset--spacing--10);padding-bottom:0.7em;padding-left:var(--wp--preset--spacing--10)\">\n<div class=\"wp-block-group is-content-justification-space-between is-nowrap is-layout-flex wp-container-core-group-is-layout-2b43bde3 wp-block-group-is-layout-flex\" style=\"padding-top:0;padding-bottom:0\">\n<p class=\"wp-container-content-9cfa9a5a\"><strong>Analysis of the current situation<\/strong><\/p>\n\n\n\n<p>&gt;<\/p>\n<\/div>\n<\/div>\n<\/a>\n\n<a href=\"https:\/\/www.riigiteataja.ee\/aktilisa\/4050\/4202\/4054\/Lisa2.pdf#\" rel=\"noreferrer noopener\"   class=\"kiirlink wp-block-tiptip-hyperlink-group-block\" target=\"_blank\">\n<div class=\"wp-block-group kiirlink kiirlink-tume has-accent-4-color has-accent-5-background-color has-text-color has-background has-link-color wp-elements-7c1a4a6230f75f33f8fb9a8a7fa1f09f wp-container-content-9cfa9a5a has-global-padding is-layout-constrained wp-container-core-group-is-layout-246ba8a2 wp-block-group-is-layout-constrained\" style=\"border-radius:0px;border-top-color:var(--wp--preset--color--accent-4);border-top-width:1px;border-bottom-style:none;border-bottom-width:0px;padding-top:0.7em;padding-right:var(--wp--preset--spacing--10);padding-bottom:0.7em;padding-left:var(--wp--preset--spacing--10)\">\n<div class=\"wp-block-group is-content-justification-space-between is-nowrap is-layout-flex wp-container-core-group-is-layout-2b43bde3 wp-block-group-is-layout-flex\" style=\"padding-top:0;padding-bottom:0\">\n<p class=\"wp-container-content-9cfa9a5a\"><strong>2024-2027 Action Plan<\/strong><\/p>\n\n\n\n<p>&gt;<\/p>\n<\/div>\n<\/div>\n<\/a><\/div>\n<\/div>","protected":false},"excerpt":{"rendered":"<p>Valga valla haridusstrateegia 2024-2035+ koostamisel l\u00e4htuti Valga valla praegusest olukorrast ning sellest tulenevatest v\u00e4ljakutsetest valla haridusmaastikul. Soovitud seisundit kirjeldavad p\u00fcstitatud visioon ja strateegilised eesm\u00e4rgid, mis m\u00e4\u00e4ravad vajalikud tegevussuunad visiooni saavutamiseks [&hellip;]<\/p>\n","protected":false},"author":1,"featured_media":0,"parent":3713,"menu_order":3,"comment_status":"closed","ping_status":"closed","template":"page-wide","meta":{"_EventAllDay":false,"_EventTimezone":"","_EventStartDate":"","_EventEndDate":"","_EventStartDateUTC":"","_EventEndDateUTC":"","_EventShowMap":false,"_EventShowMapLink":false,"_EventURL":"","_EventCost":"","_EventCostDescription":"","_EventCurrencySymbol":"","_EventCurrencyCode":"","_EventCurrencyPosition":"","_EventDateTimeSeparator":"","_EventTimeRangeSeparator":"","_EventOrganizerID":[],"_EventVenueID":[],"_OrganizerEmail":"","_OrganizerPhone":"","_OrganizerWebsite":"","_VenueAddress":"","_VenueCity":"","_VenueCountry":"","_VenueProvince":"","_VenueState":"","_VenueZip":"","_VenuePhone":"","_VenueURL":"","_VenueStateProvince":"","_VenueLat":"","_VenueLng":"","_VenueShowMap":false,"_VenueShowMapLink":false,"slim_seo":{"title":"Education strategy - Valga municipality","description":"The educational strategy of Valga municipality 2024-2035+ was drawn up based on the current situation in Valga municipality and the resulting challenges in the educational landscape of the municipality."},"footnotes":""},"class_list":["post-3743","page","type-page","status-publish","hentry"],"_links":{"self":[{"href":"https:\/\/valga.ee\/en\/wp-json\/wp\/v2\/pages\/3743","targetHints":{"allow":["GET"]}}],"collection":[{"href":"https:\/\/valga.ee\/en\/wp-json\/wp\/v2\/pages"}],"about":[{"href":"https:\/\/valga.ee\/en\/wp-json\/wp\/v2\/types\/page"}],"author":[{"embeddable":true,"href":"https:\/\/valga.ee\/en\/wp-json\/wp\/v2\/users\/1"}],"replies":[{"embeddable":true,"href":"https:\/\/valga.ee\/en\/wp-json\/wp\/v2\/comments?post=3743"}],"version-history":[{"count":4,"href":"https:\/\/valga.ee\/en\/wp-json\/wp\/v2\/pages\/3743\/revisions"}],"predecessor-version":[{"id":4106,"href":"https:\/\/valga.ee\/en\/wp-json\/wp\/v2\/pages\/3743\/revisions\/4106"}],"up":[{"embeddable":true,"href":"https:\/\/valga.ee\/en\/wp-json\/wp\/v2\/pages\/3713"}],"wp:attachment":[{"href":"https:\/\/valga.ee\/en\/wp-json\/wp\/v2\/media?parent=3743"}],"curies":[{"name":"wp","href":"https:\/\/api.w.org\/{rel}","templated":true}]}}