{"id":3332,"date":"2025-09-04T14:12:28","date_gmt":"2025-09-04T11:12:28","guid":{"rendered":"https:\/\/valga.ee\/?page_id=3332"},"modified":"2025-09-04T14:59:34","modified_gmt":"2025-09-04T11:59:34","slug":"taiendav-sotsiaaltoetus","status":"publish","type":"page","link":"https:\/\/valga.ee\/en\/pere-sotsiaal-ja-tervishoid\/toimetulekuraskusega-inimesed\/toetused\/taiendav-sotsiaaltoetus\/","title":{"rendered":"Supplementary social allowance"},"content":{"rendered":"<p>In Valga municipality, supplementary social assistance is paid to partially compensate a person or family in material need for higher than usual basic expenses in cases where no other benefits are provided by the state or local government or where these benefits are clearly insufficient.<\/p>\n\n\n\n<p>The material defect of Valga Municipal Council Regulation No 89 of 25 October 2019 \"<a href=\"https:\/\/www.riigiteataja.ee\/akt\/414062023016\" target=\"_blank\" rel=\"noreferrer noopener\">Procedures for granting social assistance\u02ee<\/a> <span class=\"wp-rich-text-font-awesome-icon wp-font-awesome-icon\"><svg aria-hidden=\"true\" focusable=\"false\" data-prefix=\"fas\" data-icon=\"arrow-up-right-from-square\" class=\"svg-inline--fa fa-arrow-up-right-from-square\" role=\"img\" xmlns=\"http:\/\/www.w3.org\/2000\/svg\" viewbox=\"0 0 512 512\"><path fill=\"currentColor\" d=\"M320 0c-17.7 0-32 14.3-32 32s14.3 32 32 32l82.7 0L201.4 265.4c-12.5 12.5-12.5 32.8 0 45.3s32.8 12.5 45.3 0L448 109.3l0 82.7c0 17.7 14.3 32 32 32s32-14.3 32-32l0-160c0-17.7-14.3-32-32-32L320 0zM80 32C35.8 32 0 67.8 0 112L0 432c0 44.2 35.8 80 80 80l320 0c44.2 0 80-35.8 80-80l0-112c0-17.7-14.3-32-32-32s-32 14.3-32 32l0 112c0 8.8-7.2 16-16 16L80 448c-8.8 0-16-7.2-16-16l0-320c0-8.8 7.2-16 16-16l112 0c17.7 0 32-14.3 32-32s-14.3-32-32-32L80 32z\"><\/path><\/svg><\/span>&nbsp;Under \u00a7 6(2), a situation is considered to exist where the income of the first member of a family living alone or in a family is less than EUR 350 and the income of each subsequent member of the family is less than EUR 150, averaged over the last three months. Income is taken to mean all income of the person or family, excluding subsistence allowance. When assessing the need for assistance, the person's other essential expenses may also be taken into account.<\/p>\n\n\n\n<p>In the case of material deprivation, the decision to grant additional social assistance is taken by the municipal social work officer within 10 working days. The maximum amounts of the allowance are as follows:<\/p>\n\n\n\n<ol class=\"wp-block-list\">\n<li><strong>to reimburse the costs of purchasing firewood or harvesting firewood.&nbsp;<\/strong>up to \u20ac100 per family per year;<\/li>\n\n\n\n<li><strong>reimbursement of the costs of a child's extracurricular activities<\/strong>&nbsp;up to \u20ac25 per child per month;<\/li>\n\n\n\n<li><strong>reimbursement of nursery school fees<\/strong>&nbsp;up to \u20ac50 per month;<\/li>\n\n\n\n<li><strong>reimbursement of the child's public transport costs<\/strong>&nbsp;up to \u20ac50 per month for travel to and from school and leisure activities;<\/li>\n\n\n\n<li><strong>treatment and care costs<\/strong>&nbsp;(transport to the institution, prescription medicines, fees for visits and bed days, medical treatment, nursing care equipment) up to \u20ac50 per quarter;<\/li>\n\n\n\n<li><strong>Invalid equipment&nbsp;<\/strong>up to \u20ac100 per year to cover the rental and purchase of equipment (including glasses);<\/li>\n\n\n\n<li><strong>reimbursement of fees for identity documents<\/strong>&nbsp;up to \u20ac30.<\/li>\n<\/ol>\n\n\n\n<p><a href=\"https:\/\/valga.ee\/wp-content\/uploads\/2025\/09\/Avaldus-valla-taiend.sots_.-toetuse-saamiseks-2018.rtf\">Retrieved from<\/a>\u00a0<span class=\"wp-rich-text-font-awesome-icon wp-font-awesome-icon\"><svg aria-hidden=\"true\" focusable=\"false\" data-prefix=\"fas\" data-icon=\"download\" class=\"svg-inline--fa fa-download\" role=\"img\" xmlns=\"http:\/\/www.w3.org\/2000\/svg\" viewbox=\"0 0 512 512\"><path fill=\"currentColor\" d=\"M288 32c0-17.7-14.3-32-32-32s-32 14.3-32 32l0 242.7-73.4-73.4c-12.5-12.5-32.8-12.5-45.3 0s-12.5 32.8 0 45.3l128 128c12.5 12.5 32.8 12.5 45.3 0l128-128c12.5-12.5 12.5-32.8 0-45.3s-32.8-12.5-45.3 0L288 274.7 288 32zM64 352c-35.3 0-64 28.7-64 64l0 32c0 35.3 28.7 64 64 64l384 0c35.3 0 64-28.7 64-64l0-32c0-35.3-28.7-64-64-64l-101.5 0-45.3 45.3c-25 25-65.5 25-90.5 0L165.5 352 64 352zm368 56a24 24 0 1 1 0 48 24 24 0 1 1 0-48z\"><\/path><\/svg><\/span>for supplementary social assistance in the event of material deprivation may be submitted, as a general rule, on a quarterly basis and for reimbursable expenses exceeding \u20ac10.<\/p>\n\n\n\n<p>An application for a childcare allowance can be submitted once a calendar year by 25 August and the allowance is usually granted for nine months (from 1 September to 31 May) and is deducted by the childcare provider from the child's monthly childcare allowance.<\/p>\n\n\n\n<p>The head of the social work service of Valga Municipality or the social committee of the municipality has the right to make exceptions.<\/p>\n\n\n\n<p><a href=\"https:\/\/piksel.ee\/spoku\/valga\/index.php?asutus=-1&amp;module=205&amp;op=2&amp;toetus=355\" target=\"_blank\" rel=\"noreferrer noopener\">Submit an e-application<\/a> <span class=\"wp-rich-text-font-awesome-icon wp-font-awesome-icon\"><svg aria-hidden=\"true\" focusable=\"false\" data-prefix=\"fas\" data-icon=\"arrow-up-right-from-square\" class=\"svg-inline--fa fa-arrow-up-right-from-square\" role=\"img\" xmlns=\"http:\/\/www.w3.org\/2000\/svg\" viewbox=\"0 0 512 512\"><path fill=\"currentColor\" d=\"M320 0c-17.7 0-32 14.3-32 32s14.3 32 32 32l82.7 0L201.4 265.4c-12.5 12.5-12.5 32.8 0 45.3s32.8 12.5 45.3 0L448 109.3l0 82.7c0 17.7 14.3 32 32 32s32-14.3 32-32l0-160c0-17.7-14.3-32-32-32L320 0zM80 32C35.8 32 0 67.8 0 112L0 432c0 44.2 35.8 80 80 80l320 0c44.2 0 80-35.8 80-80l0-112c0-17.7-14.3-32-32-32s-32 14.3-32 32l0 112c0 8.8-7.2 16-16 16L80 448c-8.8 0-16-7.2-16-16l0-320c0-8.8 7.2-16 16-16l112 0c17.7 0 32-14.3 32-32s-14.3-32-32-32L80 32z\"><\/path><\/svg><\/span><\/p>","protected":false},"excerpt":{"rendered":"<p>Valga vallas makstakse t\u00e4iendavat sotsiaaltoetust, mille eesm\u00e4rgiks on materiaalses puuduses olevale isikule v\u00f5i perekonnale osaliselt h\u00fcvitada tavap\u00e4rasest suuremad esmavajalikud kulutused&nbsp; nendel juhtudel, kui selleks ei ole&nbsp; antud riigi v\u00f5i kohaliku [&hellip;]<\/p>\n","protected":false},"author":1,"featured_media":0,"parent":2845,"menu_order":1,"comment_status":"closed","ping_status":"closed","template":"","meta":{"_EventAllDay":false,"_EventTimezone":"","_EventStartDate":"","_EventEndDate":"","_EventStartDateUTC":"","_EventEndDateUTC":"","_EventShowMap":false,"_EventShowMapLink":false,"_EventURL":"","_EventCost":"","_EventCostDescription":"","_EventCurrencySymbol":"","_EventCurrencyCode":"","_EventCurrencyPosition":"","_EventDateTimeSeparator":"","_EventTimeRangeSeparator":"","_EventOrganizerID":[],"_EventVenueID":[],"_OrganizerEmail":"","_OrganizerPhone":"","_OrganizerWebsite":"","_VenueAddress":"","_VenueCity":"","_VenueCountry":"","_VenueProvince":"","_VenueState":"","_VenueZip":"","_VenuePhone":"","_VenueURL":"","_VenueStateProvince":"","_VenueLat":"","_VenueLng":"","_VenueShowMap":false,"_VenueShowMapLink":false,"slim_seo":{"title":"T\u00e4iendav sotsiaaltoetus - Valga vald","description":"Valga vallas makstakse t\u00e4iendavat sotsiaaltoetust, mille eesm\u00e4rgiks on materiaalses puuduses olevale isikule v\u00f5i perekonnale osaliselt h\u00fcvitada tavap\u00e4rasest suu"},"footnotes":""},"class_list":["post-3332","page","type-page","status-publish","hentry"],"_links":{"self":[{"href":"https:\/\/valga.ee\/en\/wp-json\/wp\/v2\/pages\/3332","targetHints":{"allow":["GET"]}}],"collection":[{"href":"https:\/\/valga.ee\/en\/wp-json\/wp\/v2\/pages"}],"about":[{"href":"https:\/\/valga.ee\/en\/wp-json\/wp\/v2\/types\/page"}],"author":[{"embeddable":true,"href":"https:\/\/valga.ee\/en\/wp-json\/wp\/v2\/users\/1"}],"replies":[{"embeddable":true,"href":"https:\/\/valga.ee\/en\/wp-json\/wp\/v2\/comments?post=3332"}],"version-history":[{"count":3,"href":"https:\/\/valga.ee\/en\/wp-json\/wp\/v2\/pages\/3332\/revisions"}],"predecessor-version":[{"id":3489,"href":"https:\/\/valga.ee\/en\/wp-json\/wp\/v2\/pages\/3332\/revisions\/3489"}],"up":[{"embeddable":true,"href":"https:\/\/valga.ee\/en\/wp-json\/wp\/v2\/pages\/2845"}],"wp:attachment":[{"href":"https:\/\/valga.ee\/en\/wp-json\/wp\/v2\/media?parent=3332"}],"curies":[{"name":"wp","href":"https:\/\/api.w.org\/{rel}","templated":true}]}}