{"id":3214,"date":"2025-09-04T12:32:42","date_gmt":"2025-09-04T09:32:42","guid":{"rendered":"https:\/\/valga.ee\/?page_id=3214"},"modified":"2026-04-02T12:40:00","modified_gmt":"2026-04-02T09:40:00","slug":"teehoid","status":"publish","type":"page","link":"https:\/\/valga.ee\/en\/ehitus-keskkond-teed\/valla-teed-ja-transport\/teehoid\/","title":{"rendered":"Tea scheme"},"content":{"rendered":"<p>The present Valga Local Road Maintenance Plan for 2021-2025 was commissioned by the Valga Municipality and consisted mainly of updating the Road Maintenance Plan 2020-2024 presented in the work \"Inventory of local roads and streets in Valga Municipality and preparation of the Road Maintenance Plan 2020-2024\". <\/p>\n\n\n\n<p>The aim of the work was to provide an overview of the condition of the roads and streets in the existing list of local roads and to propose a vision of the necessary works for the period 2021 to 2025. Based on the vision, a road maintenance plan for the period 2021 to 2025 was prepared, which would serve as a guideline for the calculation of the financial resources needed for road works in the municipality's budget.<\/p>\n\n\n\n<ul class=\"wp-block-list is-style-checkmark-list\">\n<li><a href=\"https:\/\/valga.ee\/wp-content\/uploads\/2025\/09\/Lisa-ME-1-4_45-juurde_Valga-valla-teehoiukava-2021-2025.pdf\" target=\"_blank\" rel=\"noreferrer noopener\">Valga Municipality Road Maintenance Plan 2021-2025<\/a> <span class=\"wp-rich-text-font-awesome-icon wp-font-awesome-icon\"><svg aria-hidden=\"true\" focusable=\"false\" data-prefix=\"fas\" data-icon=\"download\" class=\"svg-inline--fa fa-download\" role=\"img\" xmlns=\"http:\/\/www.w3.org\/2000\/svg\" viewbox=\"0 0 512 512\"><path fill=\"currentColor\" d=\"M288 32c0-17.7-14.3-32-32-32s-32 14.3-32 32l0 242.7-73.4-73.4c-12.5-12.5-32.8-12.5-45.3 0s-12.5 32.8 0 45.3l128 128c12.5 12.5 32.8 12.5 45.3 0l128-128c12.5-12.5 12.5-32.8 0-45.3s-32.8-12.5-45.3 0L288 274.7 288 32zM64 352c-35.3 0-64 28.7-64 64l0 32c0 35.3 28.7 64 64 64l384 0c35.3 0 64-28.7 64-64l0-32c0-35.3-28.7-64-64-64l-101.5 0-45.3 45.3c-25 25-65.5 25-90.5 0L165.5 352 64 352zm368 56a24 24 0 1 1 0 48 24 24 0 1 1 0-48z\"><\/path><\/svg><\/span><\/li>\n\n\n\n<li><a href=\"https:\/\/valga.ee\/wp-content\/uploads\/2025\/09\/Valga-valla-THK-2021-2025-investeeringute-kava-v2.pdf\" target=\"_blank\" rel=\"noreferrer noopener\">Annex 1: Investments in Valga Municipality Road Maintenance Plan 2021-2025<\/a> <span class=\"wp-rich-text-font-awesome-icon wp-font-awesome-icon\"><svg aria-hidden=\"true\" focusable=\"false\" data-prefix=\"fas\" data-icon=\"download\" class=\"svg-inline--fa fa-download\" role=\"img\" xmlns=\"http:\/\/www.w3.org\/2000\/svg\" viewbox=\"0 0 512 512\"><path fill=\"currentColor\" d=\"M288 32c0-17.7-14.3-32-32-32s-32 14.3-32 32l0 242.7-73.4-73.4c-12.5-12.5-32.8-12.5-45.3 0s-12.5 32.8 0 45.3l128 128c12.5 12.5 32.8 12.5 45.3 0l128-128c12.5-12.5 12.5-32.8 0-45.3s-32.8-12.5-45.3 0L288 274.7 288 32zM64 352c-35.3 0-64 28.7-64 64l0 32c0 35.3 28.7 64 64 64l384 0c35.3 0 64-28.7 64-64l0-32c0-35.3-28.7-64-64-64l-101.5 0-45.3 45.3c-25 25-65.5 25-90.5 0L165.5 352 64 352zm368 56a24 24 0 1 1 0 48 24 24 0 1 1 0-48z\"><\/path><\/svg><\/span><\/li>\n<\/ul>\n\n\n\n<p><strong>If you have any questions, please contact:<\/strong><\/p>\n\n\n\n<div class=\"wp-block-group has-global-padding is-content-justification-left is-layout-constrained wp-container-core-group-is-layout-ef2e9300 wp-block-group-is-layout-constrained\">\n<div class=\"wp-block-group liigu has-base-2-background-color has-background has-global-padding is-content-justification-center is-layout-constrained wp-block-group-is-layout-constrained\" style=\"border-radius:5px;box-shadow:var(--wp--preset--shadow--vaike-vari-2)\">\n<div class=\"wp-block-group alignfull is-nowrap is-layout-flex wp-container-core-group-is-layout-653e2ebb wp-block-group-is-layout-flex\" style=\"padding-top:0.5rem;padding-right:0.5rem;padding-bottom:0.5rem;padding-left:0.5rem\">\n<p style=\"padding-left:0.5rem\"><span class=\"wp-rich-text-font-awesome-icon wp-font-awesome-icon\"><svg aria-hidden=\"true\" focusable=\"false\" data-prefix=\"fas\" data-icon=\"user\" class=\"svg-inline--fa fa-user\" role=\"img\" xmlns=\"http:\/\/www.w3.org\/2000\/svg\" viewbox=\"0 0 448 512\" style=\"font-size:1.3em\"><path fill=\"currentColor\" d=\"M224 256A128 128 0 1 0 224 0a128 128 0 1 0 0 256zm-45.7 48C79.8 304 0 383.8 0 482.3C0 498.7 13.3 512 29.7 512l388.6 0c16.4 0 29.7-13.3 29.7-29.7C448 383.8 368.2 304 269.7 304l-91.4 0z\"><\/path><\/svg><\/span><\/p>\n\n\n\n<p><a href=\"\/en\/vald-uudised-ja-kontakt\/kontakt\/#liiklusspetsialist\" title=\"\">Traffic and road specialist<\/a><a href=\"\/en\/vald-uudised-ja-kontakt\/kontakt\/\">t<\/a><\/p>\n<\/div>\n<\/div>\n<\/div>\n\n\n\n<ul class=\"wp-block-list is-style-checkmark-list\">\n<li>Kalle Muru, road designer, e-mail:&nbsp;<a href=\"mailto:kalle@reaalprojekt.ee\">kalle@reaalprojekt.ee<\/a><\/li>\n<\/ul>\n\n\n\n<p><\/p>","protected":false},"excerpt":{"rendered":"<p>K\u00e4esolev Valga kohalike teede teehoiukava aastateks 2021-2025 on koostatud Valga Vallavalitsuse tellimusel ning seisnes p\u00f5hiliselt t\u00f6\u00f6s \u201eValga valla kohalike teede ja t\u00e4navate inventariseerimine ja teehoiukava 2020-2024 koostamine&#8221; esitatud teehoiukava 2020-2024 [&hellip;]<\/p>\n","protected":false},"author":1,"featured_media":3215,"parent":3176,"menu_order":2,"comment_status":"closed","ping_status":"closed","template":"","meta":{"_EventAllDay":false,"_EventTimezone":"","_EventStartDate":"","_EventEndDate":"","_EventStartDateUTC":"","_EventEndDateUTC":"","_EventShowMap":false,"_EventShowMapLink":false,"_EventURL":"","_EventCost":"","_EventCostDescription":"","_EventCurrencySymbol":"","_EventCurrencyCode":"","_EventCurrencyPosition":"","_EventDateTimeSeparator":"","_EventTimeRangeSeparator":"","_EventOrganizerID":[],"_EventVenueID":[],"_OrganizerEmail":"","_OrganizerPhone":"","_OrganizerWebsite":"","_VenueAddress":"","_VenueCity":"","_VenueCountry":"","_VenueProvince":"","_VenueState":"","_VenueZip":"","_VenuePhone":"","_VenueURL":"","_VenueStateProvince":"","_VenueLat":"","_VenueLng":"","_VenueShowMap":false,"_VenueShowMapLink":false,"slim_seo":{"title":"Teehoiukava - Valga vald","description":"K\u00e4esolev Valga kohalike teede teehoiukava aastateks 2021-2025 on koostatud Valga Vallavalitsuse tellimusel ning seisnes p\u00f5hiliselt t\u00f6\u00f6s \u201eValga valla kohalike te"},"footnotes":""},"class_list":["post-3214","page","type-page","status-publish","has-post-thumbnail","hentry"],"_links":{"self":[{"href":"https:\/\/valga.ee\/en\/wp-json\/wp\/v2\/pages\/3214","targetHints":{"allow":["GET"]}}],"collection":[{"href":"https:\/\/valga.ee\/en\/wp-json\/wp\/v2\/pages"}],"about":[{"href":"https:\/\/valga.ee\/en\/wp-json\/wp\/v2\/types\/page"}],"author":[{"embeddable":true,"href":"https:\/\/valga.ee\/en\/wp-json\/wp\/v2\/users\/1"}],"replies":[{"embeddable":true,"href":"https:\/\/valga.ee\/en\/wp-json\/wp\/v2\/comments?post=3214"}],"version-history":[{"count":9,"href":"https:\/\/valga.ee\/en\/wp-json\/wp\/v2\/pages\/3214\/revisions"}],"predecessor-version":[{"id":9240,"href":"https:\/\/valga.ee\/en\/wp-json\/wp\/v2\/pages\/3214\/revisions\/9240"}],"up":[{"embeddable":true,"href":"https:\/\/valga.ee\/en\/wp-json\/wp\/v2\/pages\/3176"}],"wp:featuredmedia":[{"embeddable":true,"href":"https:\/\/valga.ee\/en\/wp-json\/wp\/v2\/media\/3215"}],"wp:attachment":[{"href":"https:\/\/valga.ee\/en\/wp-json\/wp\/v2\/media?parent=3214"}],"curies":[{"name":"wp","href":"https:\/\/api.w.org\/{rel}","templated":true}]}}