{"id":3057,"date":"2025-09-03T16:35:35","date_gmt":"2025-09-03T13:35:35","guid":{"rendered":"https:\/\/valga.ee\/?page_id=3057"},"modified":"2025-09-03T16:35:36","modified_gmt":"2025-09-03T13:35:36","slug":"abielu-lahutamine","status":"publish","type":"page","link":"https:\/\/valga.ee\/en\/vald-uudised-ja-kontakt\/rahvastikutoimingud\/abielu-lahutamine\/","title":{"rendered":"Divorce"},"content":{"rendered":"<p>The marriage may be dissolved in a matrimonial property regime by mutual agreement between the spouses, provided that both spouses are resident in Estonia. The divorce shall be final not earlier than one month and not later than three months after the filing of the divorce petition. A divorce can also be obtained\u00a0<a href=\"https:\/\/www.notar.ee\/\" target=\"_blank\" rel=\"noreferrer noopener\">notary<\/a>\u00a0and in court if there is a dispute. <a href=\"https:\/\/www.eesti.ee\/et\/perekond\/abielu\/abielu-lahutamine\/\" target=\"_blank\" rel=\"noreferrer noopener\">Read more on the country portal<\/a> <span class=\"wp-rich-text-font-awesome-icon wp-font-awesome-icon\"><svg aria-hidden=\"true\" focusable=\"false\" data-prefix=\"fas\" data-icon=\"arrow-up-right-from-square\" class=\"svg-inline--fa fa-arrow-up-right-from-square\" role=\"img\" xmlns=\"http:\/\/www.w3.org\/2000\/svg\" viewbox=\"0 0 512 512\"><path fill=\"currentColor\" d=\"M320 0c-17.7 0-32 14.3-32 32s14.3 32 32 32l82.7 0L201.4 265.4c-12.5 12.5-12.5 32.8 0 45.3s32.8 12.5 45.3 0L448 109.3l0 82.7c0 17.7 14.3 32 32 32s32-14.3 32-32l0-160c0-17.7-14.3-32-32-32L320 0zM80 32C35.8 32 0 67.8 0 112L0 432c0 44.2 35.8 80 80 80l320 0c44.2 0 80-35.8 80-80l0-112c0-17.7-14.3-32-32-32s-32 14.3-32 32l0 112c0 8.8-7.2 16-16 16L80 448c-8.8 0-16-7.2-16-16l0-320c0-8.8 7.2-16 16-16l112 0c17.7 0 32-14.3 32-32s-14.3-32-32-32L80 32z\"><\/path><\/svg><\/span><\/p>\n\n\n\n<h2 class=\"wp-block-heading\">Divorce in Valga municipality administration<\/h2>\n\n\n\n<p>Both spouses are required to be present in order to file a petition for divorce If one of the spouses is unable to appear in person at the registry office to file a joint petition for good cause, he or she may file a separate notarised petition:<\/p>\n\n\n\n<ul class=\"wp-block-list\">\n<li><a href=\"https:\/\/www.riigiteataja.ee\/aktilisa\/1280\/6201\/9034\/Lisa_6.pdf#\" target=\"_blank\" rel=\"noreferrer noopener\">Joint declaration of divorce \" (PDF) Annex to the Decree of the Minister for the Regions<\/a> <span class=\"wp-rich-text-font-awesome-icon wp-font-awesome-icon\"><svg aria-hidden=\"true\" focusable=\"false\" data-prefix=\"fas\" data-icon=\"arrow-up-right-from-square\" class=\"svg-inline--fa fa-arrow-up-right-from-square\" role=\"img\" xmlns=\"http:\/\/www.w3.org\/2000\/svg\" viewbox=\"0 0 512 512\"><path fill=\"currentColor\" d=\"M320 0c-17.7 0-32 14.3-32 32s14.3 32 32 32l82.7 0L201.4 265.4c-12.5 12.5-12.5 32.8 0 45.3s32.8 12.5 45.3 0L448 109.3l0 82.7c0 17.7 14.3 32 32 32s32-14.3 32-32l0-160c0-17.7-14.3-32-32-32L320 0zM80 32C35.8 32 0 67.8 0 112L0 432c0 44.2 35.8 80 80 80l320 0c44.2 0 80-35.8 80-80l0-112c0-17.7-14.3-32-32-32s-32 14.3-32 32l0 112c0 8.8-7.2 16-16 16L80 448c-8.8 0-16-7.2-16-16l0-320c0-8.8 7.2-16 16-16l112 0c17.7 0 32-14.3 32-32s-14.3-32-32-32L80 32z\"><\/path><\/svg><\/span><\/li>\n\n\n\n<li><a href=\"https:\/\/www.riigiteataja.ee\/aktilisa\/1280\/6201\/9034\/Lisa_7.pdf#\" target=\"_blank\" rel=\"noreferrer noopener\">Separate application for divorce \" (PDF) Annex to the Regulation of the Minister for Regional Affairs<\/a> <span class=\"wp-rich-text-font-awesome-icon wp-font-awesome-icon\"><svg aria-hidden=\"true\" focusable=\"false\" data-prefix=\"fas\" data-icon=\"arrow-up-right-from-square\" class=\"svg-inline--fa fa-arrow-up-right-from-square\" role=\"img\" xmlns=\"http:\/\/www.w3.org\/2000\/svg\" viewbox=\"0 0 512 512\"><path fill=\"currentColor\" d=\"M320 0c-17.7 0-32 14.3-32 32s14.3 32 32 32l82.7 0L201.4 265.4c-12.5 12.5-12.5 32.8 0 45.3s32.8 12.5 45.3 0L448 109.3l0 82.7c0 17.7 14.3 32 32 32s32-14.3 32-32l0-160c0-17.7-14.3-32-32-32L320 0zM80 32C35.8 32 0 67.8 0 112L0 432c0 44.2 35.8 80 80 80l320 0c44.2 0 80-35.8 80-80l0-112c0-17.7-14.3-32-32-32s-32 14.3-32 32l0 112c0 8.8-7.2 16-16 16L80 448c-8.8 0-16-7.2-16-16l0-320c0-8.8 7.2-16 16-16l112 0c17.7 0 32-14.3 32-32s-14.3-32-32-32L80 32z\"><\/path><\/svg><\/span><\/li>\n<\/ul>\n\n\n\n<p>Documents needed:<\/p>\n\n\n\n<ul class=\"wp-block-list\">\n<li>a document certifying the marriage (if there is no entry in the population register).<\/li>\n\n\n\n<li>identity documents<\/li>\n<\/ul>\n\n\n\n<p>Once the divorce has been registered, the official will issue a certificate of divorce to the petitioners at their request.&nbsp;<\/p>\n\n\n\n<p><strong>State fees:<\/strong><\/p>\n\n\n\n<ul class=\"wp-block-list\">\n<li>Divorce - \u20ac90<\/li>\n\n\n\n<li>Issuing a first divorce certificate - free of charge<\/li>\n\n\n\n<li>Issue of a certificate of divorce - \u20ac20.<\/li>\n<\/ul>\n\n\n\n<p>Payment of the State fee:<\/p>\n\n\n\n<ul class=\"wp-block-list\">\n<li>Beneficiary: Ministry of Finance\n<ul class=\"wp-block-list\">\n<li>Swedbank EE932200221023778606<\/li>\n\n\n\n<li>SEB Bank EE891010220034796011<\/li>\n\n\n\n<li>Luminor Bank EE701700017001577198<\/li>\n<\/ul>\n<\/li>\n\n\n\n<li>Reference number: 10294002000147<\/li>\n<\/ul>\n\n\n\n<p>The payment should be accompanied by an explanation of the divorce and the names.<\/p>","protected":false},"excerpt":{"rendered":"<p>Perekonnaseisuasutuses v\u00f5ib abielu lahutada abikaasade vastastikusel kokkuleppel ja juhul, kui m\u00f5lema abikaasa elukoht on Eestis. Abielu ei lahutata varem kui \u00fche kuu ja mitte hiljem kui kolme kuu m\u00f6\u00f6dumisel abielulahutuse [&hellip;]<\/p>\n","protected":false},"author":1,"featured_media":0,"parent":2888,"menu_order":4,"comment_status":"closed","ping_status":"closed","template":"","meta":{"_EventAllDay":false,"_EventTimezone":"","_EventStartDate":"","_EventEndDate":"","_EventStartDateUTC":"","_EventEndDateUTC":"","_EventShowMap":false,"_EventShowMapLink":false,"_EventURL":"","_EventCost":"","_EventCostDescription":"","_EventCurrencySymbol":"","_EventCurrencyCode":"","_EventCurrencyPosition":"","_EventDateTimeSeparator":"","_EventTimeRangeSeparator":"","_EventOrganizerID":[],"_EventVenueID":[],"_OrganizerEmail":"","_OrganizerPhone":"","_OrganizerWebsite":"","_VenueAddress":"","_VenueCity":"","_VenueCountry":"","_VenueProvince":"","_VenueState":"","_VenueZip":"","_VenuePhone":"","_VenueURL":"","_VenueStateProvince":"","_VenueLat":"","_VenueLng":"","_VenueShowMap":false,"_VenueShowMapLink":false,"slim_seo":{"title":"Abielu lahutamine - Valga vald","description":"Perekonnaseisuasutuses v\u00f5ib abielu lahutada abikaasade vastastikusel kokkuleppel ja juhul, kui m\u00f5lema abikaasa elukoht on Eestis. Abielu ei lahutata varem kui \u00fc"},"footnotes":""},"class_list":["post-3057","page","type-page","status-publish","hentry"],"_links":{"self":[{"href":"https:\/\/valga.ee\/en\/wp-json\/wp\/v2\/pages\/3057","targetHints":{"allow":["GET"]}}],"collection":[{"href":"https:\/\/valga.ee\/en\/wp-json\/wp\/v2\/pages"}],"about":[{"href":"https:\/\/valga.ee\/en\/wp-json\/wp\/v2\/types\/page"}],"author":[{"embeddable":true,"href":"https:\/\/valga.ee\/en\/wp-json\/wp\/v2\/users\/1"}],"replies":[{"embeddable":true,"href":"https:\/\/valga.ee\/en\/wp-json\/wp\/v2\/comments?post=3057"}],"version-history":[{"count":1,"href":"https:\/\/valga.ee\/en\/wp-json\/wp\/v2\/pages\/3057\/revisions"}],"predecessor-version":[{"id":3060,"href":"https:\/\/valga.ee\/en\/wp-json\/wp\/v2\/pages\/3057\/revisions\/3060"}],"up":[{"embeddable":true,"href":"https:\/\/valga.ee\/en\/wp-json\/wp\/v2\/pages\/2888"}],"wp:attachment":[{"href":"https:\/\/valga.ee\/en\/wp-json\/wp\/v2\/media?parent=3057"}],"curies":[{"name":"wp","href":"https:\/\/api.w.org\/{rel}","templated":true}]}}