{"id":2914,"date":"2025-09-03T15:12:32","date_gmt":"2025-09-03T12:12:32","guid":{"rendered":"https:\/\/valga.ee\/?page_id=2914"},"modified":"2025-09-28T12:36:23","modified_gmt":"2025-09-28T09:36:23","slug":"isikukeskse-erihoolekande-teenusmudel-iste","status":"publish","type":"page","link":"https:\/\/valga.ee\/en\/pere-sotsiaal-ja-tervishoid\/eakad-ja-erivajadusega-inimesed\/isikukeskse-erihoolekande-teenusmudel-iste\/","title":{"rendered":"Person-centred Special Needs Treatment (ISTE) service model"},"content":{"rendered":"<h2 class=\"wp-block-heading\">Implementation of the Person-Centred Special Needs Service (ISTE) model in Valga municipality<\/h2>\n\n\n\n<figure class=\"wp-block-image size-full is-resized\"><img loading=\"lazy\" decoding=\"async\" width=\"393\" height=\"228\" src=\"https:\/\/valga.ee\/wp-content\/uploads\/2025\/09\/EL_Eesti_tuleviku_heaks.png\" alt=\"Kaasrahastanud Euroopa Liit. Eesti tuleviku heaks\" class=\"wp-image-3653\" style=\"width:300px\" srcset=\"https:\/\/valga.ee\/wp-content\/uploads\/2025\/09\/EL_Eesti_tuleviku_heaks.png 393w, https:\/\/valga.ee\/wp-content\/uploads\/2025\/09\/EL_Eesti_tuleviku_heaks-300x174.png 300w\" sizes=\"auto, (max-width: 393px) 100vw, 393px\" \/><\/figure>\n\n\n\n<p>Valga Municipality takes part in the project \"Continuation of the implementation of the person-centred special welfare service model in local government 2025-2026.\". The project is funded by ESF \" TAT \"Access to social protection and long-term care\" sub-activity \"Piloting an integrated, person-centred and flexible system of special care services.\". The ISTE project allocated 50 service places to Valga municipality.<\/p>\n\n\n\n<p><strong>The duration of the project is 01.01.2025-31.12.2026.<\/strong><\/p>\n\n\n\n<p>With ISTE, it is possible to design a personalised service for a person with special needs, based on his or her needs, consisting of rehabilitation, special care and other social services activities. The service model supports the beneficiary in the following areas of life:<\/p>\n\n\n\n<ul class=\"wp-block-list\">\n<li><strong>mental health -&nbsp;<\/strong>various therapies, psychologist or counsellor services;<\/li>\n\n\n\n<li><strong>coping with everyday life -<\/strong>&nbsp;budgeting, help with money, household chores, cooking, etc;<\/li>\n\n\n\n<li><strong>place of residence -<\/strong>&nbsp;support to solve problems related to housing, to change accommodation or to improve living conditions, etc;<\/li>\n\n\n\n<li><strong>working and learning -&nbsp;<\/strong>finding and keeping a job or apprenticeship, etc;<\/li>\n\n\n\n<li><strong>physical health -&nbsp;<\/strong>assisting with the use of assistive devices, physiotherapy, transport, etc;<\/li>\n\n\n\n<li><strong>social relations -&nbsp;<\/strong>building, maintaining and sustaining supportive relationships, etc;<\/li>\n\n\n\n<li><strong>free time -&nbsp;<\/strong>leisure activities, support for hobbies and interests, etc.<\/li>\n<\/ul>\n\n\n\n<p>The activities of the ISTE project are targeted at people with severe, profound or persistent mental health problems who meet all the following conditions:<\/p>\n\n\n\n<ul class=\"wp-block-list\">\n<li>the person is at least 18 years of age (as an exception, young people under 18 years of age involved in an ISTE project can continue in ISTE in the period 2023-2024 if the local authority considers that the person needs to continue the service);<\/li>\n\n\n\n<li>the person does not have a diagnosis of dementia or dependence on alcohol or drugs as their main illness;<\/li>\n\n\n\n<li>the assessment has identified a need for assistance and support in coping with everyday life;<\/li>\n\n\n\n<li>In the period 2023-2024, the person involved in the ISTE project must have had an assessment of his\/her need for help and support (primary or recurrent) carried out during 2024 and the LA has assessed that the person needs to continue the service;<\/li>\n\n\n\n<li>project entrants must be on the waiting list for an SKA special supportive care service (supported living, employment support or daily living support, excluding daily living support for people with autism spectrum disorder and daily living support as a day and weekly care service) at the moment of entry.<\/li>\n<\/ul>\n\n\n\n<p>A person in need participating in an ISTE pilot must not be receiving special care or social rehabilitation services at the same time under the current national system. Similarly, a beneficiary participating in the service model must not receive similar services at the same time under several externally funded activities, including the European Social Fund.<\/p>\n\n\n\n<p>People in need can only enter the ISTE project for the first four months, i.e. from 01.01.-30.04.2025. After that, services will be provided to people until they have a need or until the end of the project (31.12.2026).<\/p>\n\n\n\n<h3 class=\"wp-block-heading\">Service providers 2025-2026<\/h3>\n\n\n\n<p>As a result of the public procurement, the providers of ISTE support services in Valga municipality for the period 2025-2026 are:<\/p>\n\n\n\n<ul class=\"wp-block-list\">\n<li>P\u00e4ikeseringi Selts MT\u00dc;<\/li>\n\n\n\n<li>Valga Abikeskus MT\u00dc;<\/li>\n\n\n\n<li>Tarbatu Health Park O\u00dc;<\/li>\n\n\n\n<li>Masaan O\u00dc.<\/li>\n<\/ul>\n\n\n\n<p><strong>The components of the basic ISTE service are provided by Valga Municipality.<\/strong><\/p>\n\n\n\n<ul class=\"wp-block-list\">\n<li><a href=\"https:\/\/www.sotsiaalkindlustusamet.ee\/sites\/default\/files\/documents\/2024-10\/Lisa%205_ISTE%202025-2026_Teenuskomponentide_hinnakiri.pdf\" target=\"_blank\" rel=\"noreferrer noopener\">Price list of service components of the project \"Further implementation of the person-centred special care service model in local government 2025- 2026\".<\/a> <span class=\"wp-rich-text-font-awesome-icon wp-font-awesome-icon\"><svg aria-hidden=\"true\" focusable=\"false\" data-prefix=\"fas\" data-icon=\"arrow-up-right-from-square\" class=\"svg-inline--fa fa-arrow-up-right-from-square\" role=\"img\" xmlns=\"http:\/\/www.w3.org\/2000\/svg\" viewbox=\"0 0 512 512\"><path fill=\"currentColor\" d=\"M320 0c-17.7 0-32 14.3-32 32s14.3 32 32 32l82.7 0L201.4 265.4c-12.5 12.5-12.5 32.8 0 45.3s32.8 12.5 45.3 0L448 109.3l0 82.7c0 17.7 14.3 32 32 32s32-14.3 32-32l0-160c0-17.7-14.3-32-32-32L320 0zM80 32C35.8 32 0 67.8 0 112L0 432c0 44.2 35.8 80 80 80l320 0c44.2 0 80-35.8 80-80l0-112c0-17.7-14.3-32-32-32s-32 14.3-32 32l0 112c0 8.8-7.2 16-16 16L80 448c-8.8 0-16-7.2-16-16l0-320c0-8.8 7.2-16 16-16l112 0c17.7 0 32-14.3 32-32s-14.3-32-32-32L80 32z\"><\/path><\/svg><\/span><\/li>\n\n\n\n<li><a href=\"https:\/\/www.sotsiaalkindlustusamet.ee\/sites\/default\/files\/documents\/2024-10\/Konkurss_Isikukeskse%20erihoolekande%20teenusmudeli%20j%C3%A4tkurakendamine%20kohalikus%20omavalitsuses%202025-2026.pdf\" target=\"_blank\" rel=\"noreferrer noopener\">Decree of the Social Insurance Board of 23.10.2024 No 148 \"Competition \"Continuation of the Person-Centred Special Welfare Service Model in Local Government 2025-2026\".<\/a> <span class=\"wp-rich-text-font-awesome-icon wp-font-awesome-icon\"><svg aria-hidden=\"true\" focusable=\"false\" data-prefix=\"fas\" data-icon=\"arrow-up-right-from-square\" class=\"svg-inline--fa fa-arrow-up-right-from-square\" role=\"img\" xmlns=\"http:\/\/www.w3.org\/2000\/svg\" viewbox=\"0 0 512 512\"><path fill=\"currentColor\" d=\"M320 0c-17.7 0-32 14.3-32 32s14.3 32 32 32l82.7 0L201.4 265.4c-12.5 12.5-12.5 32.8 0 45.3s32.8 12.5 45.3 0L448 109.3l0 82.7c0 17.7 14.3 32 32 32s32-14.3 32-32l0-160c0-17.7-14.3-32-32-32L320 0zM80 32C35.8 32 0 67.8 0 112L0 432c0 44.2 35.8 80 80 80l320 0c44.2 0 80-35.8 80-80l0-112c0-17.7-14.3-32-32-32s-32 14.3-32 32l0 112c0 8.8-7.2 16-16 16L80 448c-8.8 0-16-7.2-16-16l0-320c0-8.8 7.2-16 16-16l112 0c17.7 0 32-14.3 32-32s-14.3-32-32-32L80 32z\"><\/path><\/svg><\/span><\/li>\n\n\n\n<li><a href=\"https:\/\/sotsiaalkindlustusamet.ee\/spetsialistile-ja-koostoopartnerile\/kohalike-omavalitsuste-noustamine\/isikukeskse-erihoolekande\" target=\"_blank\" rel=\"noreferrer noopener\">More information on the Social Insurance Board website<\/a> <span class=\"wp-rich-text-font-awesome-icon wp-font-awesome-icon\"><svg aria-hidden=\"true\" focusable=\"false\" data-prefix=\"fas\" data-icon=\"arrow-up-right-from-square\" class=\"svg-inline--fa fa-arrow-up-right-from-square\" role=\"img\" xmlns=\"http:\/\/www.w3.org\/2000\/svg\" viewbox=\"0 0 512 512\"><path fill=\"currentColor\" d=\"M320 0c-17.7 0-32 14.3-32 32s14.3 32 32 32l82.7 0L201.4 265.4c-12.5 12.5-12.5 32.8 0 45.3s32.8 12.5 45.3 0L448 109.3l0 82.7c0 17.7 14.3 32 32 32s32-14.3 32-32l0-160c0-17.7-14.3-32-32-32L320 0zM80 32C35.8 32 0 67.8 0 112L0 432c0 44.2 35.8 80 80 80l320 0c44.2 0 80-35.8 80-80l0-112c0-17.7-14.3-32-32-32s-32 14.3-32 32l0 112c0 8.8-7.2 16-16 16L80 448c-8.8 0-16-7.2-16-16l0-320c0-8.8 7.2-16 16-16l112 0c17.7 0 32-14.3 32-32s-14.3-32-32-32L80 32z\"><\/path><\/svg><\/span><br><br><\/li>\n<\/ul>\n\n\n\n<details class=\"wp-block-details is-layout-flow wp-block-details-is-layout-flow\"><summary>Service providers <strong>2023-2024<\/strong><\/summary>\n<p>In Valga municipality, the services are provided by Akersoni O\u00dc, P\u00e4ikeseringi Selts MT\u00dc, MT\u00dc Valga Abikeskus, Tarbatu Tervisepark O\u00dc, Valga Aktiviseerimiskeskus, which provide the necessary support to people and are responsible for the organisation and implementation of services.<\/p>\n\n\n\n<p>Price lists:<\/p>\n\n\n\n<ul class=\"wp-block-list\">\n<li><a href=\"https:\/\/valga.ee\/wp-content\/uploads\/2025\/09\/Hinnakiri_Akerson-OU.pdf\" target=\"_blank\" rel=\"noreferrer noopener\">Akersoni O\u00dc<\/a> <span class=\"wp-rich-text-font-awesome-icon wp-font-awesome-icon\"><svg aria-hidden=\"true\" focusable=\"false\" data-prefix=\"fas\" data-icon=\"download\" class=\"svg-inline--fa fa-download\" role=\"img\" xmlns=\"http:\/\/www.w3.org\/2000\/svg\" viewbox=\"0 0 512 512\"><path fill=\"currentColor\" d=\"M288 32c0-17.7-14.3-32-32-32s-32 14.3-32 32l0 242.7-73.4-73.4c-12.5-12.5-32.8-12.5-45.3 0s-12.5 32.8 0 45.3l128 128c12.5 12.5 32.8 12.5 45.3 0l128-128c12.5-12.5 12.5-32.8 0-45.3s-32.8-12.5-45.3 0L288 274.7 288 32zM64 352c-35.3 0-64 28.7-64 64l0 32c0 35.3 28.7 64 64 64l384 0c35.3 0 64-28.7 64-64l0-32c0-35.3-28.7-64-64-64l-101.5 0-45.3 45.3c-25 25-65.5 25-90.5 0L165.5 352 64 352zm368 56a24 24 0 1 1 0 48 24 24 0 1 1 0-48z\"><\/path><\/svg><\/span><\/li>\n\n\n\n<li><a href=\"https:\/\/valga.ee\/wp-content\/uploads\/2025\/09\/Hinnakiri_Paikeseringi-Selts-MTU.pdf\" target=\"_blank\" rel=\"noreferrer noopener\">P\u00e4ikeseringi Selts MT\u00dc<\/a> <span class=\"wp-rich-text-font-awesome-icon wp-font-awesome-icon\"><svg aria-hidden=\"true\" focusable=\"false\" data-prefix=\"fas\" data-icon=\"download\" class=\"svg-inline--fa fa-download\" role=\"img\" xmlns=\"http:\/\/www.w3.org\/2000\/svg\" viewbox=\"0 0 512 512\"><path fill=\"currentColor\" d=\"M288 32c0-17.7-14.3-32-32-32s-32 14.3-32 32l0 242.7-73.4-73.4c-12.5-12.5-32.8-12.5-45.3 0s-12.5 32.8 0 45.3l128 128c12.5 12.5 32.8 12.5 45.3 0l128-128c12.5-12.5 12.5-32.8 0-45.3s-32.8-12.5-45.3 0L288 274.7 288 32zM64 352c-35.3 0-64 28.7-64 64l0 32c0 35.3 28.7 64 64 64l384 0c35.3 0 64-28.7 64-64l0-32c0-35.3-28.7-64-64-64l-101.5 0-45.3 45.3c-25 25-65.5 25-90.5 0L165.5 352 64 352zm368 56a24 24 0 1 1 0 48 24 24 0 1 1 0-48z\"><\/path><\/svg><\/span><\/li>\n\n\n\n<li><a href=\"https:\/\/valga.ee\/wp-content\/uploads\/2025\/09\/Hinnakiri_Valga-Abikeskus.pdf\" target=\"_blank\" rel=\"noreferrer noopener\">NGO Valga Support Centre<\/a> <span class=\"wp-rich-text-font-awesome-icon wp-font-awesome-icon\"><svg aria-hidden=\"true\" focusable=\"false\" data-prefix=\"fas\" data-icon=\"download\" class=\"svg-inline--fa fa-download\" role=\"img\" xmlns=\"http:\/\/www.w3.org\/2000\/svg\" viewbox=\"0 0 512 512\"><path fill=\"currentColor\" d=\"M288 32c0-17.7-14.3-32-32-32s-32 14.3-32 32l0 242.7-73.4-73.4c-12.5-12.5-32.8-12.5-45.3 0s-12.5 32.8 0 45.3l128 128c12.5 12.5 32.8 12.5 45.3 0l128-128c12.5-12.5 12.5-32.8 0-45.3s-32.8-12.5-45.3 0L288 274.7 288 32zM64 352c-35.3 0-64 28.7-64 64l0 32c0 35.3 28.7 64 64 64l384 0c35.3 0 64-28.7 64-64l0-32c0-35.3-28.7-64-64-64l-101.5 0-45.3 45.3c-25 25-65.5 25-90.5 0L165.5 352 64 352zm368 56a24 24 0 1 1 0 48 24 24 0 1 1 0-48z\"><\/path><\/svg><\/span><\/li>\n\n\n\n<li><a href=\"https:\/\/valga.ee\/wp-content\/uploads\/2025\/09\/Hinnakiri-Tarbatu-Tervisepark-Ou.pdf\" target=\"_blank\" rel=\"noreferrer noopener\">Tarbatu Health Park O\u00dc<\/a> <span class=\"wp-rich-text-font-awesome-icon wp-font-awesome-icon\"><svg aria-hidden=\"true\" focusable=\"false\" data-prefix=\"fas\" data-icon=\"download\" class=\"svg-inline--fa fa-download\" role=\"img\" xmlns=\"http:\/\/www.w3.org\/2000\/svg\" viewbox=\"0 0 512 512\"><path fill=\"currentColor\" d=\"M288 32c0-17.7-14.3-32-32-32s-32 14.3-32 32l0 242.7-73.4-73.4c-12.5-12.5-32.8-12.5-45.3 0s-12.5 32.8 0 45.3l128 128c12.5 12.5 32.8 12.5 45.3 0l128-128c12.5-12.5 12.5-32.8 0-45.3s-32.8-12.5-45.3 0L288 274.7 288 32zM64 352c-35.3 0-64 28.7-64 64l0 32c0 35.3 28.7 64 64 64l384 0c35.3 0 64-28.7 64-64l0-32c0-35.3-28.7-64-64-64l-101.5 0-45.3 45.3c-25 25-65.5 25-90.5 0L165.5 352 64 352zm368 56a24 24 0 1 1 0 48 24 24 0 1 1 0-48z\"><\/path><\/svg><\/span><\/li>\n\n\n\n<li><a href=\"https:\/\/valga.ee\/wp-content\/uploads\/2025\/09\/Hinnakiri_BTO_Valga-Tootute-Aktiviseerimiskeskus.pdf\" target=\"_blank\" rel=\"noreferrer noopener\">Valga Activation Centre Price list 1<\/a> <span class=\"wp-rich-text-font-awesome-icon wp-font-awesome-icon\"><svg aria-hidden=\"true\" focusable=\"false\" data-prefix=\"fas\" data-icon=\"download\" class=\"svg-inline--fa fa-download\" role=\"img\" xmlns=\"http:\/\/www.w3.org\/2000\/svg\" viewbox=\"0 0 512 512\"><path fill=\"currentColor\" d=\"M288 32c0-17.7-14.3-32-32-32s-32 14.3-32 32l0 242.7-73.4-73.4c-12.5-12.5-32.8-12.5-45.3 0s-12.5 32.8 0 45.3l128 128c12.5 12.5 32.8 12.5 45.3 0l128-128c12.5-12.5 12.5-32.8 0-45.3s-32.8-12.5-45.3 0L288 274.7 288 32zM64 352c-35.3 0-64 28.7-64 64l0 32c0 35.3 28.7 64 64 64l384 0c35.3 0 64-28.7 64-64l0-32c0-35.3-28.7-64-64-64l-101.5 0-45.3 45.3c-25 25-65.5 25-90.5 0L165.5 352 64 352zm368 56a24 24 0 1 1 0 48 24 24 0 1 1 0-48z\"><\/path><\/svg><\/span><\/li>\n\n\n\n<li><a href=\"https:\/\/valga.ee\/wp-content\/uploads\/2025\/09\/Aktkeskus-hinnakiri-2.pdf\" target=\"_blank\" rel=\"noreferrer noopener\">Valga Activisation Centre Price list 2<\/a> <span class=\"wp-rich-text-font-awesome-icon wp-font-awesome-icon\"><svg aria-hidden=\"true\" focusable=\"false\" data-prefix=\"fas\" data-icon=\"download\" class=\"svg-inline--fa fa-download\" role=\"img\" xmlns=\"http:\/\/www.w3.org\/2000\/svg\" viewbox=\"0 0 512 512\"><path fill=\"currentColor\" d=\"M288 32c0-17.7-14.3-32-32-32s-32 14.3-32 32l0 242.7-73.4-73.4c-12.5-12.5-32.8-12.5-45.3 0s-12.5 32.8 0 45.3l128 128c12.5 12.5 32.8 12.5 45.3 0l128-128c12.5-12.5 12.5-32.8 0-45.3s-32.8-12.5-45.3 0L288 274.7 288 32zM64 352c-35.3 0-64 28.7-64 64l0 32c0 35.3 28.7 64 64 64l384 0c35.3 0 64-28.7 64-64l0-32c0-35.3-28.7-64-64-64l-101.5 0-45.3 45.3c-25 25-65.5 25-90.5 0L165.5 352 64 352zm368 56a24 24 0 1 1 0 48 24 24 0 1 1 0-48z\"><\/path><\/svg><\/span><\/li>\n<\/ul>\n<\/details>\n\n\n\n<div style=\"height:46px\" aria-hidden=\"true\" class=\"wp-block-spacer\"><\/div>\n\n\n\n<p>More information:<\/p>\n\n\n\n<div class=\"wp-block-group has-global-padding is-content-justification-left is-layout-constrained wp-container-core-group-is-layout-ef2e9300 wp-block-group-is-layout-constrained\">\n<div class=\"wp-block-group liigu has-base-2-background-color has-background has-global-padding is-content-justification-center is-layout-constrained wp-block-group-is-layout-constrained\" style=\"border-radius:5px;box-shadow:var(--wp--preset--shadow--vaike-vari-2)\">\n<div class=\"wp-block-group alignfull is-nowrap is-layout-flex wp-container-core-group-is-layout-653e2ebb wp-block-group-is-layout-flex\" style=\"padding-top:0.5rem;padding-right:0.5rem;padding-bottom:0.5rem;padding-left:0.5rem\">\n<p style=\"padding-left:0.5rem\"><span class=\"wp-rich-text-font-awesome-icon wp-font-awesome-icon\"><svg aria-hidden=\"true\" focusable=\"false\" data-prefix=\"fas\" data-icon=\"user\" class=\"svg-inline--fa fa-user\" role=\"img\" xmlns=\"http:\/\/www.w3.org\/2000\/svg\" viewbox=\"0 0 448 512\" style=\"font-size:1.3em\"><path fill=\"currentColor\" d=\"M224 256A128 128 0 1 0 224 0a128 128 0 1 0 0 256zm-45.7 48C79.8 304 0 383.8 0 482.3C0 498.7 13.3 512 29.7 512l388.6 0c16.4 0 29.7-13.3 29.7-29.7C448 383.8 368.2 304 269.7 304l-91.4 0z\"><\/path><\/svg><\/span><\/p>\n\n\n\n<p><a href=\"\/en\/vald-uudised-ja-kontakt\/kontakt\/#iste-juhtumikorraldaja\">ISTE case manager<\/a><\/p>\n<\/div>\n<\/div>\n<\/div>\n\n\n\n<div class=\"wp-block-group has-global-padding is-content-justification-left is-layout-constrained wp-container-core-group-is-layout-ef2e9300 wp-block-group-is-layout-constrained\">\n<div class=\"wp-block-group liigu has-base-2-background-color has-background has-global-padding is-content-justification-center is-layout-constrained wp-block-group-is-layout-constrained\" style=\"border-radius:5px;box-shadow:var(--wp--preset--shadow--vaike-vari-2)\">\n<div class=\"wp-block-group alignfull is-nowrap is-layout-flex wp-container-core-group-is-layout-653e2ebb wp-block-group-is-layout-flex\" style=\"padding-top:0.5rem;padding-right:0.5rem;padding-bottom:0.5rem;padding-left:0.5rem\">\n<p style=\"padding-left:0.5rem\"><span class=\"wp-rich-text-font-awesome-icon wp-font-awesome-icon\"><svg aria-hidden=\"true\" focusable=\"false\" data-prefix=\"fas\" data-icon=\"user\" class=\"svg-inline--fa fa-user\" role=\"img\" xmlns=\"http:\/\/www.w3.org\/2000\/svg\" viewbox=\"0 0 448 512\" style=\"font-size:1.3em\"><path fill=\"currentColor\" d=\"M224 256A128 128 0 1 0 224 0a128 128 0 1 0 0 256zm-45.7 48C79.8 304 0 383.8 0 482.3C0 498.7 13.3 512 29.7 512l388.6 0c16.4 0 29.7-13.3 29.7-29.7C448 383.8 368.2 304 269.7 304l-91.4 0z\"><\/path><\/svg><\/span><\/p>\n\n\n\n<p><a href=\"\/en\/vald-uudised-ja-kontakt\/kontakt\/#iste-tegevusjuhendaja\">ISTE activity leader<\/a><\/p>\n<\/div>\n<\/div>\n<\/div>\n\n\n\n<p><\/p>","protected":false},"excerpt":{"rendered":"<p>Isikukeskse erihoolekande teenusmudeli (ISTE) rakendamine Valga vallas Valga Vallavalitsus osaleb projektis&nbsp;\u201eIsikukeskse erihoolekande teenusmudeli j\u00e4tkurakendamine kohalikus omavalitsuses 2025\u20132026.&#8221; Projekti rahastatakse ESF vahenditest &#8221; TAT \u201eSotsiaalkaitse ja pikaajalise hoolduse k\u00e4ttesaadavus&#8221; alategevus \u201eIntegreeritud, [&hellip;]<\/p>\n","protected":false},"author":1,"featured_media":0,"parent":2839,"menu_order":3,"comment_status":"closed","ping_status":"closed","template":"","meta":{"_EventAllDay":false,"_EventTimezone":"","_EventStartDate":"","_EventEndDate":"","_EventStartDateUTC":"","_EventEndDateUTC":"","_EventShowMap":false,"_EventShowMapLink":false,"_EventURL":"","_EventCost":"","_EventCostDescription":"","_EventCurrencySymbol":"","_EventCurrencyCode":"","_EventCurrencyPosition":"","_EventDateTimeSeparator":"","_EventTimeRangeSeparator":"","_EventOrganizerID":[],"_EventVenueID":[],"_OrganizerEmail":"","_OrganizerPhone":"","_OrganizerWebsite":"","_VenueAddress":"","_VenueCity":"","_VenueCountry":"","_VenueProvince":"","_VenueState":"","_VenueZip":"","_VenuePhone":"","_VenueURL":"","_VenueStateProvince":"","_VenueLat":"","_VenueLng":"","_VenueShowMap":false,"_VenueShowMapLink":false,"slim_seo":{"title":"Person-centred Special Needs Treatment (ISTE) service model - Valga vald","description":"Implementation of the Person-Centred Special Welfare Service Model (ISTE) in Valga municipality Valga municipality municipality participates in the project \u201eContinuation of the Person-Centred Special Welfare Service Model\"."},"footnotes":""},"class_list":["post-2914","page","type-page","status-publish","hentry"],"_links":{"self":[{"href":"https:\/\/valga.ee\/en\/wp-json\/wp\/v2\/pages\/2914","targetHints":{"allow":["GET"]}}],"collection":[{"href":"https:\/\/valga.ee\/en\/wp-json\/wp\/v2\/pages"}],"about":[{"href":"https:\/\/valga.ee\/en\/wp-json\/wp\/v2\/types\/page"}],"author":[{"embeddable":true,"href":"https:\/\/valga.ee\/en\/wp-json\/wp\/v2\/users\/1"}],"replies":[{"embeddable":true,"href":"https:\/\/valga.ee\/en\/wp-json\/wp\/v2\/comments?post=2914"}],"version-history":[{"count":13,"href":"https:\/\/valga.ee\/en\/wp-json\/wp\/v2\/pages\/2914\/revisions"}],"predecessor-version":[{"id":5591,"href":"https:\/\/valga.ee\/en\/wp-json\/wp\/v2\/pages\/2914\/revisions\/5591"}],"up":[{"embeddable":true,"href":"https:\/\/valga.ee\/en\/wp-json\/wp\/v2\/pages\/2839"}],"wp:attachment":[{"href":"https:\/\/valga.ee\/en\/wp-json\/wp\/v2\/media?parent=2914"}],"curies":[{"name":"wp","href":"https:\/\/api.w.org\/{rel}","templated":true}]}}