{"id":2903,"date":"2025-09-03T15:11:15","date_gmt":"2025-09-03T12:11:15","guid":{"rendered":"https:\/\/valga.ee\/?page_id=2903"},"modified":"2025-10-06T14:09:29","modified_gmt":"2025-10-06T11:09:29","slug":"teenused","status":"publish","type":"page","link":"https:\/\/valga.ee\/en\/pere-sotsiaal-ja-tervishoid\/eakad-ja-erivajadusega-inimesed\/teenused\/","title":{"rendered":"Services"},"content":{"rendered":"<h2 class=\"wp-block-heading\">General care service<\/h2>\n\n\n\n<h3 class=\"wp-block-heading\">Description of service<\/h3>\n\n\n\n<ul class=\"wp-block-list\">\n<li>General care service is a service provided outside the home by a local authority, the purpose of which is to provide a safe environment and a means of subsistence for an adult who, for reasons related to his or her state of health, capacity for activity or living environment, is temporarily or permanently unable to manage independently in the home.<\/li>\n\n\n\n<li>The welfare principle is that priority should be given to help that supports people to manage in their own homes. It is only necessary to arrange for residential care when it is not possible to live at home with support.<\/li>\n\n\n\n<li>Those persons in need of care whose place of residence has been determined in the population register as Valga municipality are entitled to have the costs of care in a nursing home paid by Valga municipality.<\/li>\n<\/ul>\n\n\n\n<h3 class=\"wp-block-heading\">Cost of the service<\/h3>\n\n\n\n<ul class=\"wp-block-list\">\n<li>According to the care reform that will enter into force on 1.07.2023, Valga municipality will cover the care costs of the care staff (salaries of care workers and auxiliary care workers, work clothes and personal protective equipment, health check-ups, vaccinations, training and supervision) from the cost of the nursing home service place.<\/li>\n\n\n\n<li>The Valga Municipal Council has set a ceiling of 620 euros for maintenance costs. If the cost of care in a care home is more than \u20ac620, the difference between the limit and the staff costs must be paid by the person themselves, their legal dependants or their relatives.&nbsp; &nbsp;<\/li>\n\n\n\n<li>The person's own contribution remains the cost of accommodation and meals in the nursing home and other costs related to personal needs.<\/li>\n\n\n\n<li>If a person's income is lower than the average retirement pension, the lower income benefit is extended to them. The lower income benefit is calculated by deducting the pension of the beneficiary from the part of the cost of the place of stay (accommodation and meals) not covered. The result is the reduced income supplement.<\/li>\n\n\n\n<li><a href=\"https:\/\/sotsiaalkindlustusamet.ee\/media\/2976\/download\" target=\"_blank\" rel=\"noreferrer noopener\">Calculate nursing home costs and their breakdown<\/a><a href=\"https:\/\/sotsiaalkindlustusamet.ee\/media\/2976\/download\"> <\/a><span class=\"wp-rich-text-font-awesome-icon wp-font-awesome-icon\"><svg aria-hidden=\"true\" focusable=\"false\" data-prefix=\"fas\" data-icon=\"arrow-up-right-from-square\" class=\"svg-inline--fa fa-arrow-up-right-from-square\" role=\"img\" xmlns=\"http:\/\/www.w3.org\/2000\/svg\" viewbox=\"0 0 512 512\"><path fill=\"currentColor\" d=\"M320 0c-17.7 0-32 14.3-32 32s14.3 32 32 32l82.7 0L201.4 265.4c-12.5 12.5-12.5 32.8 0 45.3s32.8 12.5 45.3 0L448 109.3l0 82.7c0 17.7 14.3 32 32 32s32-14.3 32-32l0-160c0-17.7-14.3-32-32-32L320 0zM80 32C35.8 32 0 67.8 0 112L0 432c0 44.2 35.8 80 80 80l320 0c44.2 0 80-35.8 80-80l0-112c0-17.7-14.3-32-32-32s-32 14.3-32 32l0 112c0 8.8-7.2 16-16 16L80 448c-8.8 0-16-7.2-16-16l0-320c0-8.8 7.2-16 16-16l112 0c17.7 0 32-14.3 32-32s-14.3-32-32-32L80 32z\"><\/path><\/svg><\/span><\/li>\n<\/ul>\n\n\n\n<h3 class=\"wp-block-heading\">Procedure<\/h3>\n\n\n\n<ul class=\"wp-block-list\">\n<li>In order to receive the service, an application must be submitted to the Social Work Service of Valga Municipality. <a href=\"https:\/\/valga.ee\/wp-content\/uploads\/2025\/09\/Taotluse-vorm-hooldereform.docx\" target=\"_blank\" rel=\"noreferrer noopener\">Application form<\/a> <span class=\"wp-rich-text-font-awesome-icon wp-font-awesome-icon\"><svg aria-hidden=\"true\" focusable=\"false\" data-prefix=\"fas\" data-icon=\"download\" class=\"svg-inline--fa fa-download\" role=\"img\" xmlns=\"http:\/\/www.w3.org\/2000\/svg\" viewbox=\"0 0 512 512\"><path fill=\"currentColor\" d=\"M288 32c0-17.7-14.3-32-32-32s-32 14.3-32 32l0 242.7-73.4-73.4c-12.5-12.5-32.8-12.5-45.3 0s-12.5 32.8 0 45.3l128 128c12.5 12.5 32.8 12.5 45.3 0l128-128c12.5-12.5 12.5-32.8 0-45.3s-32.8-12.5-45.3 0L288 274.7 288 32zM64 352c-35.3 0-64 28.7-64 64l0 32c0 35.3 28.7 64 64 64l384 0c35.3 0 64-28.7 64-64l0-32c0-35.3-28.7-64-64-64l-101.5 0-45.3 45.3c-25 25-65.5 25-90.5 0L165.5 352 64 352zm368 56a24 24 0 1 1 0 48 24 24 0 1 1 0-48z\"><\/path><\/svg><\/span><\/li>\n\n\n\n<li>Once the application has been submitted, a social work specialist will assess the person's care needs and make a decision within 10 working days.<\/li>\n<\/ul>\n\n\n\n<p><strong>NB!<\/strong>&nbsp;If your loved one is receiving general care outside the home before 1 July 2023, you do not need to apply to Valga Municipality again or resubmit a separate application.<\/p>\n\n\n\n<h3 class=\"wp-block-heading\">Legislation<\/h3>\n\n\n\n<ul id=\"aui_3_4_0_1_478\" class=\"wp-block-list\">\n<li>Regulation No 71 of 25.10.2019 of Valga Municipality Council \"Procedure for granting social welfare assistance\"<\/li>\n\n\n\n<li>Valga Municipal Council 31.05.2023 Decision No. 71 \"Establishment of the threshold for maintenance costs\"<\/li>\n\n\n\n<li>Social Welfare Act<\/li>\n<\/ul>\n\n\n\n<h3 class=\"wp-block-heading\">More information<\/h3>\n\n\n\n<ul id=\"aui_3_4_0_1_521\" class=\"wp-block-list\">\n<li><a href=\"https:\/\/www.sm.ee\/hooldereform\">Ministry of Social Affairs<\/a> <span class=\"wp-rich-text-font-awesome-icon wp-font-awesome-icon\"><svg aria-hidden=\"true\" focusable=\"false\" data-prefix=\"fas\" data-icon=\"arrow-up-right-from-square\" class=\"svg-inline--fa fa-arrow-up-right-from-square\" role=\"img\" xmlns=\"http:\/\/www.w3.org\/2000\/svg\" viewbox=\"0 0 512 512\"><path fill=\"currentColor\" d=\"M320 0c-17.7 0-32 14.3-32 32s14.3 32 32 32l82.7 0L201.4 265.4c-12.5 12.5-12.5 32.8 0 45.3s32.8 12.5 45.3 0L448 109.3l0 82.7c0 17.7 14.3 32 32 32s32-14.3 32-32l0-160c0-17.7-14.3-32-32-32L320 0zM80 32C35.8 32 0 67.8 0 112L0 432c0 44.2 35.8 80 80 80l320 0c44.2 0 80-35.8 80-80l0-112c0-17.7-14.3-32-32-32s-32 14.3-32 32l0 112c0 8.8-7.2 16-16 16L80 448c-8.8 0-16-7.2-16-16l0-320c0-8.8 7.2-16 16-16l112 0c17.7 0 32-14.3 32-32s-14.3-32-32-32L80 32z\"><\/path><\/svg><\/span><\/li>\n\n\n\n<li><a href=\"https:\/\/sotsiaalkindlustusamet.ee\/spetsialistile-ja-koostoopartnerile\/kohalike-omavalitsuste-noustamine\/uldhooldusteenus\">Social Insurance Board<\/a> <span class=\"wp-rich-text-font-awesome-icon wp-font-awesome-icon\"><svg aria-hidden=\"true\" focusable=\"false\" data-prefix=\"fas\" data-icon=\"arrow-up-right-from-square\" class=\"svg-inline--fa fa-arrow-up-right-from-square\" role=\"img\" xmlns=\"http:\/\/www.w3.org\/2000\/svg\" viewbox=\"0 0 512 512\"><path fill=\"currentColor\" d=\"M320 0c-17.7 0-32 14.3-32 32s14.3 32 32 32l82.7 0L201.4 265.4c-12.5 12.5-12.5 32.8 0 45.3s32.8 12.5 45.3 0L448 109.3l0 82.7c0 17.7 14.3 32 32 32s32-14.3 32-32l0-160c0-17.7-14.3-32-32-32L320 0zM80 32C35.8 32 0 67.8 0 112L0 432c0 44.2 35.8 80 80 80l320 0c44.2 0 80-35.8 80-80l0-112c0-17.7-14.3-32-32-32s-32 14.3-32 32l0 112c0 8.8-7.2 16-16 16L80 448c-8.8 0-16-7.2-16-16l0-320c0-8.8 7.2-16 16-16l112 0c17.7 0 32-14.3 32-32s-14.3-32-32-32L80 32z\"><\/path><\/svg><\/span><\/li>\n<\/ul>","protected":false},"excerpt":{"rendered":"<p>\u00dcldhooldusteenus Teenuse kirjeldus Teenuse maksumus Menetlemine NB!&nbsp;Juhul, kui Teie l\u00e4hedane on varem kui 1. juuli 2023&nbsp; v\u00e4ljaspool kodu osutataval \u00fcldhooldusteenusel, siis ei pea uuesti p\u00f6\u00f6rduma Valga Vallavalitsuse poole ega eraldi [&hellip;]<\/p>\n","protected":false},"author":1,"featured_media":0,"parent":2839,"menu_order":0,"comment_status":"closed","ping_status":"closed","template":"","meta":{"_EventAllDay":false,"_EventTimezone":"","_EventStartDate":"","_EventEndDate":"","_EventStartDateUTC":"","_EventEndDateUTC":"","_EventShowMap":false,"_EventShowMapLink":false,"_EventURL":"","_EventCost":"","_EventCostDescription":"","_EventCurrencySymbol":"","_EventCurrencyCode":"","_EventCurrencyPosition":"","_EventDateTimeSeparator":"","_EventTimeRangeSeparator":"","_EventOrganizerID":[],"_EventVenueID":[],"_OrganizerEmail":"","_OrganizerPhone":"","_OrganizerWebsite":"","_VenueAddress":"","_VenueCity":"","_VenueCountry":"","_VenueProvince":"","_VenueState":"","_VenueZip":"","_VenuePhone":"","_VenueURL":"","_VenueStateProvince":"","_VenueLat":"","_VenueLng":"","_VenueShowMap":false,"_VenueShowMapLink":false,"slim_seo":{"title":"Services - Valga Municipality","description":"General care service Description of the service Cost of the service Procedure NB: If your loved one is in out-of-home care before 1 July 2023, you will be entitled to a general care service."},"footnotes":""},"class_list":["post-2903","page","type-page","status-publish","hentry"],"_links":{"self":[{"href":"https:\/\/valga.ee\/en\/wp-json\/wp\/v2\/pages\/2903","targetHints":{"allow":["GET"]}}],"collection":[{"href":"https:\/\/valga.ee\/en\/wp-json\/wp\/v2\/pages"}],"about":[{"href":"https:\/\/valga.ee\/en\/wp-json\/wp\/v2\/types\/page"}],"author":[{"embeddable":true,"href":"https:\/\/valga.ee\/en\/wp-json\/wp\/v2\/users\/1"}],"replies":[{"embeddable":true,"href":"https:\/\/valga.ee\/en\/wp-json\/wp\/v2\/comments?post=2903"}],"version-history":[{"count":9,"href":"https:\/\/valga.ee\/en\/wp-json\/wp\/v2\/pages\/2903\/revisions"}],"predecessor-version":[{"id":5919,"href":"https:\/\/valga.ee\/en\/wp-json\/wp\/v2\/pages\/2903\/revisions\/5919"}],"up":[{"embeddable":true,"href":"https:\/\/valga.ee\/en\/wp-json\/wp\/v2\/pages\/2839"}],"wp:attachment":[{"href":"https:\/\/valga.ee\/en\/wp-json\/wp\/v2\/media?parent=2903"}],"curies":[{"name":"wp","href":"https:\/\/api.w.org\/{rel}","templated":true}]}}