{"id":2886,"date":"2025-09-03T15:07:47","date_gmt":"2025-09-03T12:07:47","guid":{"rendered":"https:\/\/valga.ee\/?page_id=2886"},"modified":"2025-09-03T15:57:52","modified_gmt":"2025-09-03T12:57:52","slug":"noustamine","status":"publish","type":"page","link":"https:\/\/valga.ee\/en\/pere-sotsiaal-ja-tervishoid\/laps-ja-pere\/noustamine\/","title":{"rendered":"Advice"},"content":{"rendered":"<h2 class=\"wp-block-heading\">Child in need and at risk of harm<\/h2>\n\n\n\n<p>A child in need is a child whose well-being is at risk or is suspected of being abused, neglected or otherwise in a situation that violates the rights of the child, and a child whose behaviour endangers his or her own well-being or that of others. According to\u00a0<a href=\"https:\/\/www.riigiteataja.ee\/akt\/106012023015\" target=\"_blank\" rel=\"noreferrer noopener\">\u00a7 27(1) and (2) of the Child Protection Act.<\/a>\u00a0there is a duty to report a child in need to any person who has information about a child in need. A child in need must be reported without delay to the local authority or to the child helpline.\u00a0<a href=\"tel:116111\">116 111<\/a>.<\/p>\n\n\n\n<p><strong>If you have a dependent child, report it directly to your local child protection officer as soon as possible:<\/strong><\/p>\n\n\n\n<div class=\"wp-block-group has-global-padding is-content-justification-left is-layout-constrained wp-container-core-group-is-layout-ef2e9300 wp-block-group-is-layout-constrained\">\n<div class=\"wp-block-group liigu has-base-2-background-color has-background has-global-padding is-content-justification-center is-layout-constrained wp-block-group-is-layout-constrained\" style=\"border-radius:5px;box-shadow:var(--wp--preset--shadow--vaike-vari-2)\">\n<div class=\"wp-block-group alignfull is-nowrap is-layout-flex wp-container-core-group-is-layout-653e2ebb wp-block-group-is-layout-flex\" style=\"padding-top:0.5rem;padding-right:0.5rem;padding-bottom:0.5rem;padding-left:0.5rem\">\n<p style=\"padding-left:0.5rem\"><span class=\"wp-rich-text-font-awesome-icon wp-font-awesome-icon\"><svg aria-hidden=\"true\" focusable=\"false\" data-prefix=\"fas\" data-icon=\"user\" class=\"svg-inline--fa fa-user\" role=\"img\" xmlns=\"http:\/\/www.w3.org\/2000\/svg\" viewbox=\"0 0 448 512\" style=\"font-size:1.3em\"><path fill=\"currentColor\" d=\"M224 256A128 128 0 1 0 224 0a128 128 0 1 0 0 256zm-45.7 48C79.8 304 0 383.8 0 482.3C0 498.7 13.3 512 29.7 512l388.6 0c16.4 0 29.7-13.3 29.7-29.7C448 383.8 368.2 304 269.7 304l-91.4 0z\"><\/path><\/svg><\/span><\/p>\n\n\n\n<p><a href=\"\/en\/vald-uudised-ja-kontakt\/kontakt\/#jaana-kala\">Jaana Kala, Lead Child Protection Specialist<\/a><\/p>\n<\/div>\n<\/div>\n<\/div>\n\n\n\n<div class=\"wp-block-group has-global-padding is-content-justification-left is-layout-constrained wp-container-core-group-is-layout-ef2e9300 wp-block-group-is-layout-constrained\">\n<div class=\"wp-block-group liigu has-base-2-background-color has-background has-global-padding is-content-justification-center is-layout-constrained wp-block-group-is-layout-constrained\" style=\"border-radius:5px;box-shadow:var(--wp--preset--shadow--vaike-vari-2)\">\n<div class=\"wp-block-group alignfull is-nowrap is-layout-flex wp-container-core-group-is-layout-653e2ebb wp-block-group-is-layout-flex\" style=\"padding-top:0.5rem;padding-right:0.5rem;padding-bottom:0.5rem;padding-left:0.5rem\">\n<p style=\"padding-left:0.5rem\"><span class=\"wp-rich-text-font-awesome-icon wp-font-awesome-icon\"><svg aria-hidden=\"true\" focusable=\"false\" data-prefix=\"fas\" data-icon=\"user\" class=\"svg-inline--fa fa-user\" role=\"img\" xmlns=\"http:\/\/www.w3.org\/2000\/svg\" viewbox=\"0 0 448 512\" style=\"font-size:1.3em\"><path fill=\"currentColor\" d=\"M224 256A128 128 0 1 0 224 0a128 128 0 1 0 0 256zm-45.7 48C79.8 304 0 383.8 0 482.3C0 498.7 13.3 512 29.7 512l388.6 0c16.4 0 29.7-13.3 29.7-29.7C448 383.8 368.2 304 269.7 304l-91.4 0z\"><\/path><\/svg><\/span><\/p>\n\n\n\n<p><a href=\"\/en\/vald-uudised-ja-kontakt\/kontakt\/#karin-kangsepp\">Child protection specialist Karin K\u00e4ngsepp<\/a><\/p>\n<\/div>\n<\/div>\n<\/div>\n\n\n\n<div class=\"wp-block-group has-global-padding is-content-justification-left is-layout-constrained wp-container-core-group-is-layout-ef2e9300 wp-block-group-is-layout-constrained\">\n<div class=\"wp-block-group liigu has-base-2-background-color has-background has-global-padding is-content-justification-center is-layout-constrained wp-block-group-is-layout-constrained\" style=\"border-radius:5px;box-shadow:var(--wp--preset--shadow--vaike-vari-2)\">\n<div class=\"wp-block-group alignfull is-nowrap is-layout-flex wp-container-core-group-is-layout-653e2ebb wp-block-group-is-layout-flex\" style=\"padding-top:0.5rem;padding-right:0.5rem;padding-bottom:0.5rem;padding-left:0.5rem\">\n<p style=\"padding-left:0.5rem\"><span class=\"wp-rich-text-font-awesome-icon wp-font-awesome-icon\"><svg aria-hidden=\"true\" focusable=\"false\" data-prefix=\"fas\" data-icon=\"user\" class=\"svg-inline--fa fa-user\" role=\"img\" xmlns=\"http:\/\/www.w3.org\/2000\/svg\" viewbox=\"0 0 448 512\" style=\"font-size:1.3em\"><path fill=\"currentColor\" d=\"M224 256A128 128 0 1 0 224 0a128 128 0 1 0 0 256zm-45.7 48C79.8 304 0 383.8 0 482.3C0 498.7 13.3 512 29.7 512l388.6 0c16.4 0 29.7-13.3 29.7-29.7C448 383.8 368.2 304 269.7 304l-91.4 0z\"><\/path><\/svg><\/span><\/p>\n\n\n\n<p><a href=\"\/en\/vald-uudised-ja-kontakt\/kontakt\/#maire-baumverk\">Child protection specialist Maire Baumverk<\/a><\/p>\n<\/div>\n<\/div>\n<\/div>\n\n\n\n<p>A child in need is:<\/p>\n\n\n\n<ul class=\"wp-block-list\">\n<li>a child who is unattended (unwashed, not fed, not dressed for the weather);<\/li>\n\n\n\n<li>a child who is left unsupervised (e.g. a young child wandering in a shopping centre without a parent, a child at home alone or out late);\u00a0<\/li>\n\n\n\n<li>a child who gets into trouble at school and is difficult for the family to cope with;<\/li>\n\n\n\n<li>a child with special needs who has not received help;<\/li>\n\n\n\n<li>a child whose behaviour has changed or who has difficulty coping with his or her feelings;<\/li>\n\n\n\n<li>a child who has experienced abuse (mocking, bullying, humiliation, hitting, pushing);<\/li>\n\n\n\n<li>a child who uses addictive substances;<\/li>\n\n\n\n<li>a child whose body shows signs of violence;\u00a0<\/li>\n\n\n\n<li>a child who has suicidal thoughts or deliberately harms himself or herself.\u00a0<\/li>\n<\/ul>\n\n\n\n<p>A child in danger is a child in a situation that endangers his or her life or health, and a child whose behaviour endangers his or her life or health or that of others. The duty to report a child in danger is incumbent on all persons who have information about a child in danger. A child in distress must be reported immediately to the emergency telephone number\u00a0<a href=\"tel:112\">112<\/a>.<\/p>\n\n\n\n<p>A child in distress is:<\/p>\n\n\n\n<ul class=\"wp-block-list\">\n<li>a young child who has been left unsupervised;<\/li>\n\n\n\n<li>a child who has run away from home;\u00a0<\/li>\n\n\n\n<li>a child who has committed an offence;\u00a0<\/li>\n\n\n\n<li>a minor under the influence of alcohol or drugs;\u00a0<\/li>\n\n\n\n<li>a child who is severely malnourished;\u00a0<\/li>\n\n\n\n<li>a child who is a victim of violence;<\/li>\n\n\n\n<li>a child who has intentionally injured or harmed himself\/herself;<\/li>\n\n\n\n<li>a child who wants to take a life or thinks about it all the time.<\/li>\n<\/ul>","protected":false},"excerpt":{"rendered":"<p>Abivajav ja h\u00e4daohus olev laps Abivajav laps on laps, kelle heaolu on ohustatud v\u00f5i kelle puhul on tekkinud kahtlus tema v\u00e4\u00e4rkohtlemise, hooletusse j\u00e4tmise v\u00f5i muu lapse \u00f5igusi rikkuva olukorra suhtes, [&hellip;]<\/p>\n","protected":false},"author":1,"featured_media":0,"parent":2835,"menu_order":0,"comment_status":"closed","ping_status":"closed","template":"","meta":{"_EventAllDay":false,"_EventTimezone":"","_EventStartDate":"","_EventEndDate":"","_EventStartDateUTC":"","_EventEndDateUTC":"","_EventShowMap":false,"_EventShowMapLink":false,"_EventURL":"","_EventCost":"","_EventCostDescription":"","_EventCurrencySymbol":"","_EventCurrencyCode":"","_EventCurrencyPosition":"","_EventDateTimeSeparator":"","_EventTimeRangeSeparator":"","_EventOrganizerID":[],"_EventVenueID":[],"_OrganizerEmail":"","_OrganizerPhone":"","_OrganizerWebsite":"","_VenueAddress":"","_VenueCity":"","_VenueCountry":"","_VenueProvince":"","_VenueState":"","_VenueZip":"","_VenuePhone":"","_VenueURL":"","_VenueStateProvince":"","_VenueLat":"","_VenueLng":"","_VenueShowMap":false,"_VenueShowMapLink":false,"slim_seo":{"title":"Counselling - Valga municipality","description":"Child in need and child at risk A child in need is a child whose well-being is at risk or who is suspected of being abused, neglected or abused in any way."},"footnotes":""},"class_list":["post-2886","page","type-page","status-publish","hentry"],"_links":{"self":[{"href":"https:\/\/valga.ee\/en\/wp-json\/wp\/v2\/pages\/2886","targetHints":{"allow":["GET"]}}],"collection":[{"href":"https:\/\/valga.ee\/en\/wp-json\/wp\/v2\/pages"}],"about":[{"href":"https:\/\/valga.ee\/en\/wp-json\/wp\/v2\/types\/page"}],"author":[{"embeddable":true,"href":"https:\/\/valga.ee\/en\/wp-json\/wp\/v2\/users\/1"}],"replies":[{"embeddable":true,"href":"https:\/\/valga.ee\/en\/wp-json\/wp\/v2\/comments?post=2886"}],"version-history":[{"count":4,"href":"https:\/\/valga.ee\/en\/wp-json\/wp\/v2\/pages\/2886\/revisions"}],"predecessor-version":[{"id":3031,"href":"https:\/\/valga.ee\/en\/wp-json\/wp\/v2\/pages\/2886\/revisions\/3031"}],"up":[{"embeddable":true,"href":"https:\/\/valga.ee\/en\/wp-json\/wp\/v2\/pages\/2835"}],"wp:attachment":[{"href":"https:\/\/valga.ee\/en\/wp-json\/wp\/v2\/media?parent=2886"}],"curies":[{"name":"wp","href":"https:\/\/api.w.org\/{rel}","templated":true}]}}