{"id":2868,"date":"2025-09-03T15:02:46","date_gmt":"2025-09-03T12:02:46","guid":{"rendered":"https:\/\/valga.ee\/?page_id=2868"},"modified":"2025-10-28T10:18:12","modified_gmt":"2025-10-28T08:18:12","slug":"mtu-de-tegevustoetus","status":"publish","type":"page","link":"https:\/\/valga.ee\/en\/pere-sotsiaal-ja-tervishoid\/kogukonnatugi\/mtu-de-tegevustoetus\/","title":{"rendered":"Operating grants for NGOs"},"content":{"rendered":"<p>Valga municipality pays operating grants to non-profit organisations providing social services or representing target groups in the social field. The eligible activity or right of representation must be one of the statutory activities of the non-profit organisation.<\/p>\n\n\n\n<p>An operating grant is foreseen for:<\/p>\n\n\n\n<ol class=\"wp-block-list\">\n<li>the part of the management and staff costs of the buildings occupied by the non-profit-making organisation which is not financed from other sources;<\/li>\n\n\n\n<li>organise events and campaigns;<\/li>\n\n\n\n<li>other expenditure accepted by the social committee.<\/li>\n<\/ol>\n\n\n\n<p>Applications for operating grants must be submitted to the municipality by 1 December, together with the budget and justification of the need for the grant. The grant will be awarded for the following financial year. The decision is taken by the municipality, on a proposal from the Social Affairs Committee, at the latest within one month of the adoption of the municipal budget.<\/p>\n\n\n\n<ul class=\"wp-block-list\">\n<li>For more detailed conditions of applying for the grant, see Valga Municipal Council Regulation No 89 of 25 October 2019 \u201e<a href=\"https:\/\/www.riigiteataja.ee\/akt\/408052020033\" target=\"_blank\" rel=\"noreferrer noopener\">Procedures for granting social assistance<\/a> <span class=\"wp-rich-text-font-awesome-icon wp-font-awesome-icon\"><svg aria-hidden=\"true\" focusable=\"false\" data-prefix=\"fas\" data-icon=\"arrow-up-right-from-square\" class=\"svg-inline--fa fa-arrow-up-right-from-square\" role=\"img\" xmlns=\"http:\/\/www.w3.org\/2000\/svg\" viewbox=\"0 0 512 512\"><path fill=\"currentColor\" d=\"M320 0c-17.7 0-32 14.3-32 32s14.3 32 32 32l82.7 0L201.4 265.4c-12.5 12.5-12.5 32.8 0 45.3s32.8 12.5 45.3 0L448 109.3l0 82.7c0 17.7 14.3 32 32 32s32-14.3 32-32l0-160c0-17.7-14.3-32-32-32L320 0zM80 32C35.8 32 0 67.8 0 112L0 432c0 44.2 35.8 80 80 80l320 0c44.2 0 80-35.8 80-80l0-112c0-17.7-14.3-32-32-32s-32 14.3-32 32l0 112c0 8.8-7.2 16-16 16L80 448c-8.8 0-16-7.2-16-16l0-320c0-8.8 7.2-16 16-16l112 0c17.7 0 32-14.3 32-32s-14.3-32-32-32L80 32z\"><\/path><\/svg><\/span>\u02ee.<\/li>\n\n\n\n<li>You can apply for operating grants for social NGOs 17.11.2025-01.12.2025  <a href=\"https:\/\/piksel.ee\/spoku\/valga\/index.php?module=208&amp;op=0\">SPOKU <\/a>via.<\/li>\n\n\n\n<li>The report on the use of the 2025 operating grant for social NGOs must be submitted by 31.01.2026 at the latest by e-mail.<\/li>\n\n\n\n<li>Operating grant for social NGOs 2025 <a href=\"https:\/\/valga.ee\/wp-content\/uploads\/2025\/09\/Sotsiaalvaldkonna-MTUde-teg.toetuse-aruandevorm.rtf\" target=\"_blank\" rel=\"noreferrer noopener\">report form<\/a>.<\/li>\n<\/ul>\n\n\n\n<p>The Valga municipality deals with operating grants for non-profit organisations:<\/p>\n\n\n\n<div class=\"wp-block-group has-global-padding is-content-justification-left is-layout-constrained wp-container-core-group-is-layout-ef2e9300 wp-block-group-is-layout-constrained\">\n<div class=\"wp-block-group liigu has-base-2-background-color has-background has-global-padding is-content-justification-center is-layout-constrained wp-block-group-is-layout-constrained\" style=\"border-radius:5px;box-shadow:var(--wp--preset--shadow--vaike-vari-2)\">\n<div class=\"wp-block-group alignfull is-nowrap is-layout-flex wp-container-core-group-is-layout-653e2ebb wp-block-group-is-layout-flex\" style=\"padding-top:0.5rem;padding-right:0.5rem;padding-bottom:0.5rem;padding-left:0.5rem\">\n<p style=\"padding-left:0.5rem\"><span class=\"wp-rich-text-font-awesome-icon wp-font-awesome-icon\"><svg aria-hidden=\"true\" focusable=\"false\" data-prefix=\"fas\" data-icon=\"user\" class=\"svg-inline--fa fa-user\" role=\"img\" xmlns=\"http:\/\/www.w3.org\/2000\/svg\" viewbox=\"0 0 448 512\" style=\"font-size:1.3em\"><path fill=\"currentColor\" d=\"M224 256A128 128 0 1 0 224 0a128 128 0 1 0 0 256zm-45.7 48C79.8 304 0 383.8 0 482.3C0 498.7 13.3 512 29.7 512l388.6 0c16.4 0 29.7-13.3 29.7-29.7C448 383.8 368.2 304 269.7 304l-91.4 0z\"><\/path><\/svg><\/span><\/p>\n\n\n\n<p><a href=\"\/en\/vald-uudised-ja-kontakt\/kontakt\/#sotsiaaltoo-juhtivspetsialist\">Social Work Executive Specialist<\/a><\/p>\n<\/div>\n<\/div>\n<\/div>","protected":false},"excerpt":{"rendered":"<p>Valga vald maksab sotsiaalteenuseid osutavatele v\u00f5i sotsiaalvaldkonna sihtgruppe esindavatele mittetulundus\u00fchingutele tegevustoetust.&nbsp;Sobiv tegevus v\u00f5i esindamis\u00f5igus peab olema mittetulundus\u00fchingu p\u00f5hikirjaline tegevus. Tegevustoetus on ette n\u00e4htud: Tegevustoetuse taotlused tuleb esitada koos eelarve ja [&hellip;]<\/p>\n","protected":false},"author":1,"featured_media":0,"parent":2883,"menu_order":1,"comment_status":"closed","ping_status":"closed","template":"","meta":{"_EventAllDay":false,"_EventTimezone":"","_EventStartDate":"","_EventEndDate":"","_EventStartDateUTC":"","_EventEndDateUTC":"","_EventShowMap":false,"_EventShowMapLink":false,"_EventURL":"","_EventCost":"","_EventCostDescription":"","_EventCurrencySymbol":"","_EventCurrencyCode":"","_EventCurrencyPosition":"","_EventDateTimeSeparator":"","_EventTimeRangeSeparator":"","_EventOrganizerID":[],"_EventVenueID":[],"_OrganizerEmail":"","_OrganizerPhone":"","_OrganizerWebsite":"","_VenueAddress":"","_VenueCity":"","_VenueCountry":"","_VenueProvince":"","_VenueState":"","_VenueZip":"","_VenuePhone":"","_VenueURL":"","_VenueStateProvince":"","_VenueLat":"","_VenueLng":"","_VenueShowMap":false,"_VenueShowMapLink":false,"slim_seo":{"title":"Operating grants for NGOs - Valga vald","description":"Valga municipality pays operating grants to non-profit organisations providing social services or representing target groups in the social field. Suitable activity or pre"},"footnotes":""},"class_list":["post-2868","page","type-page","status-publish","hentry"],"_links":{"self":[{"href":"https:\/\/valga.ee\/en\/wp-json\/wp\/v2\/pages\/2868","targetHints":{"allow":["GET"]}}],"collection":[{"href":"https:\/\/valga.ee\/en\/wp-json\/wp\/v2\/pages"}],"about":[{"href":"https:\/\/valga.ee\/en\/wp-json\/wp\/v2\/types\/page"}],"author":[{"embeddable":true,"href":"https:\/\/valga.ee\/en\/wp-json\/wp\/v2\/users\/1"}],"replies":[{"embeddable":true,"href":"https:\/\/valga.ee\/en\/wp-json\/wp\/v2\/comments?post=2868"}],"version-history":[{"count":15,"href":"https:\/\/valga.ee\/en\/wp-json\/wp\/v2\/pages\/2868\/revisions"}],"predecessor-version":[{"id":6673,"href":"https:\/\/valga.ee\/en\/wp-json\/wp\/v2\/pages\/2868\/revisions\/6673"}],"up":[{"embeddable":true,"href":"https:\/\/valga.ee\/en\/wp-json\/wp\/v2\/pages\/2883"}],"wp:attachment":[{"href":"https:\/\/valga.ee\/en\/wp-json\/wp\/v2\/media?parent=2868"}],"curies":[{"name":"wp","href":"https:\/\/api.w.org\/{rel}","templated":true}]}}