{"id":2845,"date":"2025-09-03T14:57:45","date_gmt":"2025-09-03T11:57:45","guid":{"rendered":"https:\/\/valga.ee\/?page_id=2845"},"modified":"2025-09-15T10:54:06","modified_gmt":"2025-09-15T07:54:06","slug":"toetused","status":"publish","type":"page","link":"https:\/\/valga.ee\/en\/pere-sotsiaal-ja-tervishoid\/toimetulekuraskusega-inimesed\/toetused\/","title":{"rendered":"Grants"},"content":{"rendered":"<div class=\"wp-block-columns reverse-mobile is-layout-flex wp-container-core-columns-is-layout-658170e2 wp-block-columns-is-layout-flex\">\n<div class=\"wp-block-column is-layout-flow wp-block-column-is-layout-flow\" style=\"padding-right:0;padding-left:0;flex-basis:66.66%\">\n<p>The conditions for applying for services and benefits and the amounts of benefits have been harmonised throughout the municipality following the 2017 administrative reform. The benefits are divided into three categories according to the conditions of eligibility: non-income-dependent benefits, supplementary social benefits and national subsistence benefits.<\/p>\n\n\n\n<p><strong>For non-income-related benefits<\/strong>&nbsp;are those to which every resident of the municipality is entitled, irrespective of their income. There are four such benefits in Valga municipality:&nbsp;<a href=\"https:\/\/piksel.ee\/spoku\/valga\/index.php?asutus=-1&amp;module=205&amp;op=2&amp;toetus=350\" target=\"_blank\" rel=\"noreferrer noopener\">maternity allowance<\/a> <span class=\"wp-rich-text-font-awesome-icon wp-font-awesome-icon\"><svg aria-hidden=\"true\" focusable=\"false\" data-prefix=\"fas\" data-icon=\"arrow-up-right-from-square\" class=\"svg-inline--fa fa-arrow-up-right-from-square\" role=\"img\" xmlns=\"http:\/\/www.w3.org\/2000\/svg\" viewbox=\"0 0 512 512\"><path fill=\"currentColor\" d=\"M320 0c-17.7 0-32 14.3-32 32s14.3 32 32 32l82.7 0L201.4 265.4c-12.5 12.5-12.5 32.8 0 45.3s32.8 12.5 45.3 0L448 109.3l0 82.7c0 17.7 14.3 32 32 32s32-14.3 32-32l0-160c0-17.7-14.3-32-32-32L320 0zM80 32C35.8 32 0 67.8 0 112L0 432c0 44.2 35.8 80 80 80l320 0c44.2 0 80-35.8 80-80l0-112c0-17.7-14.3-32-32-32s-32 14.3-32 32l0 112c0 8.8-7.2 16-16 16L80 448c-8.8 0-16-7.2-16-16l0-320c0-8.8 7.2-16 16-16l112 0c17.7 0 32-14.3 32-32s-14.3-32-32-32L80 32z\"><\/path><\/svg><\/span>,&nbsp;<a href=\"https:\/\/piksel.ee\/spoku\/valga\/index.php?asutus=-1&amp;module=205&amp;op=2&amp;toetus=352\" target=\"_blank\" rel=\"noreferrer noopener\">ranit support<\/a> <span class=\"wp-rich-text-font-awesome-icon wp-font-awesome-icon\"><svg aria-hidden=\"true\" focusable=\"false\" data-prefix=\"fas\" data-icon=\"arrow-up-right-from-square\" class=\"svg-inline--fa fa-arrow-up-right-from-square\" role=\"img\" xmlns=\"http:\/\/www.w3.org\/2000\/svg\" viewbox=\"0 0 512 512\"><path fill=\"currentColor\" d=\"M320 0c-17.7 0-32 14.3-32 32s14.3 32 32 32l82.7 0L201.4 265.4c-12.5 12.5-12.5 32.8 0 45.3s32.8 12.5 45.3 0L448 109.3l0 82.7c0 17.7 14.3 32 32 32s32-14.3 32-32l0-160c0-17.7-14.3-32-32-32L320 0zM80 32C35.8 32 0 67.8 0 112L0 432c0 44.2 35.8 80 80 80l320 0c44.2 0 80-35.8 80-80l0-112c0-17.7-14.3-32-32-32s-32 14.3-32 32l0 112c0 8.8-7.2 16-16 16L80 448c-8.8 0-16-7.2-16-16l0-320c0-8.8 7.2-16 16-16l112 0c17.7 0 32-14.3 32-32s-14.3-32-32-32L80 32z\"><\/path><\/svg><\/span>,&nbsp;<a href=\"https:\/\/piksel.ee\/spoku\/valga\/index.php?asutus=-1&amp;module=205&amp;op=2&amp;toetus=353\" target=\"_blank\" rel=\"noreferrer noopener\">school allowance for families with three or more children<\/a> <span class=\"wp-rich-text-font-awesome-icon wp-font-awesome-icon\"><svg aria-hidden=\"true\" focusable=\"false\" data-prefix=\"fas\" data-icon=\"arrow-up-right-from-square\" class=\"svg-inline--fa fa-arrow-up-right-from-square\" role=\"img\" xmlns=\"http:\/\/www.w3.org\/2000\/svg\" viewbox=\"0 0 512 512\"><path fill=\"currentColor\" d=\"M320 0c-17.7 0-32 14.3-32 32s14.3 32 32 32l82.7 0L201.4 265.4c-12.5 12.5-12.5 32.8 0 45.3s32.8 12.5 45.3 0L448 109.3l0 82.7c0 17.7 14.3 32 32 32s32-14.3 32-32l0-160c0-17.7-14.3-32-32-32L320 0zM80 32C35.8 32 0 67.8 0 112L0 432c0 44.2 35.8 80 80 80l320 0c44.2 0 80-35.8 80-80l0-112c0-17.7-14.3-32-32-32s-32 14.3-32 32l0 112c0 8.8-7.2 16-16 16L80 448c-8.8 0-16-7.2-16-16l0-320c0-8.8 7.2-16 16-16l112 0c17.7 0 32-14.3 32-32s-14.3-32-32-32L80 32z\"><\/path><\/svg><\/span>&nbsp;and&nbsp;<a href=\"https:\/\/piksel.ee\/spoku\/valga\/index.php?asutus=-1&amp;module=205&amp;op=2&amp;toetus=354\" target=\"_blank\" rel=\"noreferrer noopener\">funeral allowance<\/a> <span class=\"wp-rich-text-font-awesome-icon wp-font-awesome-icon\"><svg aria-hidden=\"true\" focusable=\"false\" data-prefix=\"fas\" data-icon=\"arrow-up-right-from-square\" class=\"svg-inline--fa fa-arrow-up-right-from-square\" role=\"img\" xmlns=\"http:\/\/www.w3.org\/2000\/svg\" viewbox=\"0 0 512 512\"><path fill=\"currentColor\" d=\"M320 0c-17.7 0-32 14.3-32 32s14.3 32 32 32l82.7 0L201.4 265.4c-12.5 12.5-12.5 32.8 0 45.3s32.8 12.5 45.3 0L448 109.3l0 82.7c0 17.7 14.3 32 32 32s32-14.3 32-32l0-160c0-17.7-14.3-32-32-32L320 0zM80 32C35.8 32 0 67.8 0 112L0 432c0 44.2 35.8 80 80 80l320 0c44.2 0 80-35.8 80-80l0-112c0-17.7-14.3-32-32-32s-32 14.3-32 32l0 112c0 8.8-7.2 16-16 16L80 448c-8.8 0-16-7.2-16-16l0-320c0-8.8 7.2-16 16-16l112 0c17.7 0 32-14.3 32-32s-14.3-32-32-32L80 32z\"><\/path><\/svg><\/span><\/p>\n\n\n\n<p><strong>Additional social benefits<\/strong>&nbsp;can be applied for by a resident of Valga municipality in case of material deprivation, and the income of all cohabiting family members is taken into account when determining the amount of the allowance.<del>i<\/del>d. To qualify for this benefit, the income of the first or only member of the family must be less than \u20ac350 and the income of each subsequent member of the family must be less than \u20ac150 averaged over the last three months.<\/p>\n\n\n\n<p>You can apply for supplementary social assistance for: the purchase of firewood, the cost of children's leisure activities, reimbursement of kindergarten fees, reimbursement of public transport costs (for school and leisure trips), medical treatment and care costs, reimbursement of the rental and purchase of disability equipment (including glasses), reimbursement of state fees when applying for identity documents. <a href=\"https:\/\/piksel.ee\/spoku\/valga\/index.php?asutus=-1&amp;module=205&amp;op=2&amp;toetus=355\" target=\"_blank\" rel=\"noreferrer noopener\">Information on the amount of grants<\/a> <span class=\"wp-rich-text-font-awesome-icon wp-font-awesome-icon\"><svg aria-hidden=\"true\" focusable=\"false\" data-prefix=\"fas\" data-icon=\"arrow-up-right-from-square\" class=\"svg-inline--fa fa-arrow-up-right-from-square\" role=\"img\" xmlns=\"http:\/\/www.w3.org\/2000\/svg\" viewbox=\"0 0 512 512\"><path fill=\"currentColor\" d=\"M320 0c-17.7 0-32 14.3-32 32s14.3 32 32 32l82.7 0L201.4 265.4c-12.5 12.5-12.5 32.8 0 45.3s32.8 12.5 45.3 0L448 109.3l0 82.7c0 17.7 14.3 32 32 32s32-14.3 32-32l0-160c0-17.7-14.3-32-32-32L320 0zM80 32C35.8 32 0 67.8 0 112L0 432c0 44.2 35.8 80 80 80l320 0c44.2 0 80-35.8 80-80l0-112c0-17.7-14.3-32-32-32s-32 14.3-32 32l0 112c0 8.8-7.2 16-16 16L80 448c-8.8 0-16-7.2-16-16l0-320c0-8.8 7.2-16 16-16l112 0c17.7 0 32-14.3 32-32s-14.3-32-32-32L80 32z\"><\/path><\/svg><\/span><\/p>\n\n\n\n<p>In the case of material deprivation, the decision to grant additional social assistance is taken by the municipal social work officer within 10 working days. The maximum amounts of the allowance are as follows:<\/p>\n\n\n\n<ol class=\"wp-block-list\">\n<li>up to EUR 100 per family per year to cover the cost of buying firewood or felling firewood;<\/li>\n\n\n\n<li>reimbursement of up to \u20ac25 per month for a child's extracurricular activities;<\/li>\n\n\n\n<li>reimbursement of up to \u20ac50 per month for nursery fees;<\/li>\n\n\n\n<li>up to \u20ac50 per month to reimburse your child's public transport costs to and from school and leisure activities;<\/li>\n\n\n\n<li>medical and care costs (transport to the institution, prescription medicines, fees for visits and bed days, medical services, nursing care equipment) up to \u20ac50 per quarter;<\/li>\n\n\n\n<li>reimbursement of the hire and purchase of equipment (including glasses) for people with disabilities, up to \u20ac100 per year;<\/li>\n\n\n\n<li>reimbursement of fees for identity documents up to \u20ac30;<\/li>\n\n\n\n<li>emergency support in the event of an accident or unexpected expenditure (natural disaster, fire, theft, etc.).<\/li>\n<\/ol>\n\n\n\n<p><strong>Retrieved from&nbsp;<\/strong>for supplementary social assistance in the event of material deprivation may be submitted, as a general rule, on a quarterly basis and for reimbursable expenses exceeding \u20ac10.<\/p>\n\n\n\n<p>An application for a childcare allowance can be submitted once a calendar year by 25 August and the allowance is usually granted for nine months (from 1 September to 31 May) and is deducted by the childcare provider from the child's monthly childcare allowance.<\/p>\n\n\n\n<p>The head of the social work service of Valga Municipality or the social committee of the municipality has the right to make exceptions.<\/p>\n\n\n\n<p>The second page of the online grant application: child's leisure activity costs -&gt; Child's extracurricular leisure activity costs.<\/p>\n\n\n\n<p><a href=\"https:\/\/www.riigiteataja.ee\/akt\/114122023003#jg12\" target=\"_blank\" rel=\"noreferrer noopener\">Income support<\/a> <span class=\"wp-rich-text-font-awesome-icon wp-font-awesome-icon\"><svg aria-hidden=\"true\" focusable=\"false\" data-prefix=\"fas\" data-icon=\"arrow-up-right-from-square\" class=\"svg-inline--fa fa-arrow-up-right-from-square\" role=\"img\" xmlns=\"http:\/\/www.w3.org\/2000\/svg\" viewbox=\"0 0 512 512\"><path fill=\"currentColor\" d=\"M320 0c-17.7 0-32 14.3-32 32s14.3 32 32 32l82.7 0L201.4 265.4c-12.5 12.5-12.5 32.8 0 45.3s32.8 12.5 45.3 0L448 109.3l0 82.7c0 17.7 14.3 32 32 32s32-14.3 32-32l0-160c0-17.7-14.3-32-32-32L320 0zM80 32C35.8 32 0 67.8 0 112L0 432c0 44.2 35.8 80 80 80l320 0c44.2 0 80-35.8 80-80l0-112c0-17.7-14.3-32-32-32s-32 14.3-32 32l0 112c0 8.8-7.2 16-16 16L80 448c-8.8 0-16-7.2-16-16l0-320c0-8.8 7.2-16 16-16l112 0c17.7 0 32-14.3 32-32s-14.3-32-32-32L80 32z\"><\/path><\/svg><\/span>&nbsp;is based on the net income of all the members of the family or the person living alone in the previous month, the housing costs due for the current month and the subsistence threshold.&nbsp;<strong>from 1 June 2022<\/strong>&nbsp;is the subsistence threshold for a person living alone or in a family.&nbsp;<strong>EUR 200 per month for the first member<\/strong>. Any&nbsp;<strong>a minor member<\/strong>&nbsp;the subsistence threshold is&nbsp;<strong>EUR 240 per month<\/strong>. Family&nbsp;<strong>the income limit for the second and each subsequent adult member is \u20ac160 per month.<\/strong>&nbsp;A recipient of subsistence allowance whose family members are all minors is entitled to receive, together with the subsistence allowance, a supplementary social allowance of 15 euros, paid by the local authority from state budget funds. The family will also be reimbursed the cost of housing when the subsistence allowance is granted.&nbsp;<strong><a href=\"https:\/\/www.riigiteataja.ee\/akt\/431102023034\" target=\"_blank\" rel=\"noreferrer noopener\">Limits on housing costs established by Valga Municipal Council<\/a><\/strong>&nbsp;<span class=\"wp-rich-text-font-awesome-icon wp-font-awesome-icon\"><svg aria-hidden=\"true\" focusable=\"false\" data-prefix=\"fas\" data-icon=\"arrow-up-right-from-square\" class=\"svg-inline--fa fa-arrow-up-right-from-square\" role=\"img\" xmlns=\"http:\/\/www.w3.org\/2000\/svg\" viewbox=\"0 0 512 512\"><path fill=\"currentColor\" d=\"M320 0c-17.7 0-32 14.3-32 32s14.3 32 32 32l82.7 0L201.4 265.4c-12.5 12.5-12.5 32.8 0 45.3s32.8 12.5 45.3 0L448 109.3l0 82.7c0 17.7 14.3 32 32 32s32-14.3 32-32l0-160c0-17.7-14.3-32-32-32L320 0zM80 32C35.8 32 0 67.8 0 112L0 432c0 44.2 35.8 80 80 80l320 0c44.2 0 80-35.8 80-80l0-112c0-17.7-14.3-32-32-32s-32 14.3-32 32l0 112c0 8.8-7.2 16-16 16L80 448c-8.8 0-16-7.2-16-16l0-320c0-8.8 7.2-16 16-16l112 0c17.7 0 32-14.3 32-32s-14.3-32-32-32L80 32z\"><\/path><\/svg><\/span>on the basis of.<\/p>\n\n\n\n<p>All grants can be applied for at the municipality or at the regional centres by submitting an application to a social work specialist, who will decide on the allocation of grants. In more complex cases, the municipal social committee decides on the allocation of benefits.  It is also possible to apply for benefits electronically and with a digital signature to the following e-mail address&nbsp;<a href=\"mailto:valga@valga.ee\">valga@valga.ee<\/a>, application forms can be found here on the same page under the description of the relevant type of support.<\/p>\n<\/div>\n\n\n\n<div class=\"wp-block-column is-layout-flow wp-container-core-column-is-layout-8a368f38 wp-block-column-is-layout-flow\" style=\"flex-basis:33.33%\"><a href=\"\/en\/sissetulekust-mittesoltuvad-toetused\/\"    class=\"kiirlink wp-block-tiptip-hyperlink-group-block\" >\n<div class=\"wp-block-group kiirlink kiirlink-tume has-accent-4-color has-accent-5-background-color has-text-color has-background has-link-color wp-elements-7c1a4a6230f75f33f8fb9a8a7fa1f09f wp-container-content-9cfa9a5a has-global-padding is-layout-constrained wp-container-core-group-is-layout-246ba8a2 wp-block-group-is-layout-constrained\" style=\"border-radius:0px;border-top-color:var(--wp--preset--color--accent-4);border-top-width:1px;border-bottom-style:none;border-bottom-width:0px;padding-top:0.7em;padding-right:var(--wp--preset--spacing--10);padding-bottom:0.7em;padding-left:var(--wp--preset--spacing--10)\">\n<div class=\"wp-block-group is-content-justification-space-between is-nowrap is-layout-flex wp-container-core-group-is-layout-2b43bde3 wp-block-group-is-layout-flex\" style=\"padding-top:0;padding-bottom:0\">\n<p class=\"wp-container-content-9cfa9a5a\"><strong>Non-income related benefits<\/strong><\/p>\n\n\n\n<p>&gt;<\/p>\n<\/div>\n<\/div>\n<\/a>\n\n<a href=\"\/en\/taiendav-sotsiaaltoetus\/\"    class=\"kiirlink wp-block-tiptip-hyperlink-group-block\" >\n<div class=\"wp-block-group kiirlink kiirlink-tume has-accent-4-color has-accent-5-background-color has-text-color has-background has-link-color wp-elements-7c1a4a6230f75f33f8fb9a8a7fa1f09f wp-container-content-9cfa9a5a has-global-padding is-layout-constrained wp-container-core-group-is-layout-246ba8a2 wp-block-group-is-layout-constrained\" style=\"border-radius:0px;border-top-color:var(--wp--preset--color--accent-4);border-top-width:1px;border-bottom-style:none;border-bottom-width:0px;padding-top:0.7em;padding-right:var(--wp--preset--spacing--10);padding-bottom:0.7em;padding-left:var(--wp--preset--spacing--10)\">\n<div class=\"wp-block-group is-content-justification-space-between is-nowrap is-layout-flex wp-container-core-group-is-layout-2b43bde3 wp-block-group-is-layout-flex\" style=\"padding-top:0;padding-bottom:0\">\n<p class=\"wp-container-content-9cfa9a5a\"><strong>Supplementary social allowance<\/strong><\/p>\n\n\n\n<p>&gt;<\/p>\n<\/div>\n<\/div>\n<\/a>\n\n<a href=\"\/en\/riiklik-toimetulekutoetus\/\"    class=\"kiirlink wp-block-tiptip-hyperlink-group-block\" >\n<div class=\"wp-block-group kiirlink kiirlink-tume has-accent-4-color has-accent-5-background-color has-text-color has-background has-link-color wp-elements-7c1a4a6230f75f33f8fb9a8a7fa1f09f wp-container-content-9cfa9a5a has-global-padding is-layout-constrained wp-container-core-group-is-layout-246ba8a2 wp-block-group-is-layout-constrained\" style=\"border-radius:0px;border-top-color:var(--wp--preset--color--accent-4);border-top-width:1px;border-bottom-style:none;border-bottom-width:0px;padding-top:0.7em;padding-right:var(--wp--preset--spacing--10);padding-bottom:0.7em;padding-left:var(--wp--preset--spacing--10)\">\n<div class=\"wp-block-group is-content-justification-space-between is-nowrap is-layout-flex wp-container-core-group-is-layout-2b43bde3 wp-block-group-is-layout-flex\" style=\"padding-top:0;padding-bottom:0\">\n<p class=\"wp-container-content-9cfa9a5a\"><strong>National subsistence allowance<\/strong><\/p>\n\n\n\n<p>&gt;<\/p>\n<\/div>\n<\/div>\n<\/a>\n\n<a href=\"\/en\/erivajadustega-inimeste-toetused\/\"    class=\"kiirlink wp-block-tiptip-hyperlink-group-block\" >\n<div class=\"wp-block-group kiirlink kiirlink-tume has-accent-4-color has-accent-5-background-color has-text-color has-background has-link-color wp-elements-7c1a4a6230f75f33f8fb9a8a7fa1f09f wp-container-content-9cfa9a5a has-global-padding is-layout-constrained wp-container-core-group-is-layout-246ba8a2 wp-block-group-is-layout-constrained\" style=\"border-radius:0px;border-top-color:var(--wp--preset--color--accent-4);border-top-width:1px;border-bottom-style:none;border-bottom-width:0px;padding-top:0.7em;padding-right:var(--wp--preset--spacing--10);padding-bottom:0.7em;padding-left:var(--wp--preset--spacing--10)\">\n<div class=\"wp-block-group is-content-justification-space-between is-nowrap is-layout-flex wp-container-core-group-is-layout-2b43bde3 wp-block-group-is-layout-flex\" style=\"padding-top:0;padding-bottom:0\">\n<p class=\"wp-container-content-9cfa9a5a\"><strong>Benefits for people with special needs<\/strong><\/p>\n\n\n\n<p>&gt;<\/p>\n<\/div>\n<\/div>\n<\/a><\/div>\n<\/div>","protected":false},"excerpt":{"rendered":"<p>Tingimused teenuste ja toetuste taotlemiseks ning toetuste suurused on kogu vallas 2017. a. haldusreformi j\u00e4rel \u00fchtlustatud. Toetused jaotatakse m\u00e4\u00e4ramise tingimuste alusel kolmeks: sissetulekust mittes\u00f5ltuvad toetused, t\u00e4iendavad sotsiaaltoetused ja riiklik toimetulekutoetus. [&hellip;]<\/p>\n","protected":false},"author":1,"featured_media":0,"parent":2841,"menu_order":2,"comment_status":"closed","ping_status":"closed","template":"page-wide","meta":{"_EventAllDay":false,"_EventTimezone":"","_EventStartDate":"","_EventEndDate":"","_EventStartDateUTC":"","_EventEndDateUTC":"","_EventShowMap":false,"_EventShowMapLink":false,"_EventURL":"","_EventCost":"","_EventCostDescription":"","_EventCurrencySymbol":"","_EventCurrencyCode":"","_EventCurrencyPosition":"","_EventDateTimeSeparator":"","_EventTimeRangeSeparator":"","_EventOrganizerID":[],"_EventVenueID":[],"_OrganizerEmail":"","_OrganizerPhone":"","_OrganizerWebsite":"","_VenueAddress":"","_VenueCity":"","_VenueCountry":"","_VenueProvince":"","_VenueState":"","_VenueZip":"","_VenuePhone":"","_VenueURL":"","_VenueStateProvince":"","_VenueLat":"","_VenueLng":"","_VenueShowMap":false,"_VenueShowMapLink":false,"slim_seo":{"title":"Grants - Valga vald","description":"Tingimused teenuste ja toetuste taotlemiseks ning toetuste suurused on kogu vallas 2017. a. haldusreformi j\u00e4rel \u00fchtlustatud. Toetused jaotatakse m\u00e4\u00e4ramise tingi"},"footnotes":""},"class_list":["post-2845","page","type-page","status-publish","hentry"],"_links":{"self":[{"href":"https:\/\/valga.ee\/en\/wp-json\/wp\/v2\/pages\/2845","targetHints":{"allow":["GET"]}}],"collection":[{"href":"https:\/\/valga.ee\/en\/wp-json\/wp\/v2\/pages"}],"about":[{"href":"https:\/\/valga.ee\/en\/wp-json\/wp\/v2\/types\/page"}],"author":[{"embeddable":true,"href":"https:\/\/valga.ee\/en\/wp-json\/wp\/v2\/users\/1"}],"replies":[{"embeddable":true,"href":"https:\/\/valga.ee\/en\/wp-json\/wp\/v2\/comments?post=2845"}],"version-history":[{"count":16,"href":"https:\/\/valga.ee\/en\/wp-json\/wp\/v2\/pages\/2845\/revisions"}],"predecessor-version":[{"id":5910,"href":"https:\/\/valga.ee\/en\/wp-json\/wp\/v2\/pages\/2845\/revisions\/5910"}],"up":[{"embeddable":true,"href":"https:\/\/valga.ee\/en\/wp-json\/wp\/v2\/pages\/2841"}],"wp:attachment":[{"href":"https:\/\/valga.ee\/en\/wp-json\/wp\/v2\/media?parent=2845"}],"curies":[{"name":"wp","href":"https:\/\/api.w.org\/{rel}","templated":true}]}}