{"id":2833,"date":"2025-09-03T14:58:51","date_gmt":"2025-09-03T11:58:51","guid":{"rendered":"https:\/\/valga.ee\/?page_id=2833"},"modified":"2025-09-03T14:58:53","modified_gmt":"2025-09-03T11:58:53","slug":"taksoteenuse-pakkujale","status":"publish","type":"page","link":"https:\/\/valga.ee\/en\/juhtimine-ja-majandus\/majandus\/ettevotlus\/taksoteenuse-pakkujale\/","title":{"rendered":"To a taxi service provider"},"content":{"rendered":"<p>Taxi transport in Valga municipality is regulated by&nbsp;<strong>the Public Transport Act, the Road Transport Act, the establishment of professional qualification requirements for drivers, the rules on professional training, the curricula for training courses and the form of the training certificate, the requirements concerning the technical condition and equipment of motor vehicles and their trailers, the conditions and procedures for medical examinations of drivers and applicants for driving licences, and the forms of medical certificates and medical requirements.<\/strong><\/p>\n\n\n\n<p><strong>According to the Public Transport Act, there are two ways of providing taxi services:<\/strong><\/p>\n\n\n\n<ol class=\"wp-block-list\">\n<li>traditional taxi services (regular taxis), where the fare is calculated by means of a taximeter and the taxi must be equipped with the legal taxi signs, which are a taximeter, printer, placard, fare sign and trademark on the taxi;<\/li>\n\n\n\n<li>platform-based taxi services (platform taxis), which require that the ordering of the taxi and the calculation of the fare must be done via an information society service and that the vehicle does not need to have any other mandatory taxi identifiers.<\/li>\n<\/ol>\n\n\n\n<p>For both types of taxi, the taxi transport operator, i.e. the driver, must hold a taxi licence, the driver a service card and the vehicle a vehicle registration card.<\/p>\n\n\n\n<p>The documents issued by Valga Municipality certifying the right to taxi transport are:<\/p>\n\n\n\n<ul class=\"wp-block-list\">\n<li>Taxi permit<\/li>\n\n\n\n<li>Vehicle card<\/li>\n\n\n\n<li>Service card<\/li>\n<\/ul>\n\n\n\n<h2 class=\"wp-block-heading\">Applying for a taxi licence, vehicle card and service card<\/h2>\n\n\n\n<p>Application for a taxi licence, a vehicle card and a service card is done through\u00a0<a href=\"https:\/\/mtr.mkm.ee\/\" target=\"_blank\" rel=\"noreferrer noopener\">the electronic environment of the register of economic activities<\/a>. The application may also be submitted to the municipality in paper form (to Puiestee 8, Valga) or by e-mail: valga@valga.ee. A taxi permit and a vehicle registration card will not be issued on paper. The data will be published in the register of economic activities. The service card is issued to regular taxi drivers in paper form and the data are also published in the register of economic activities.<\/p>\n\n\n\n<p>Before applying for a taxi licence, a vehicle card or a service card, the applicant must pay a state fee.  The name of the act for which the fee is to be paid must be indicated in the explanation. If the fee is paid on behalf of another person, the name of that person must also be indicated.<\/p>\n\n\n\n<p>The fee for processing an application for a taxi permit is \u20ac64.<\/p>\n\n\n\n<p>The state fee for issuing a taxi card is \u20ac20.<\/p>\n\n\n\n<p>The fee for processing an application for a service provider card is \u20ac38.<\/p>\n\n\n\n<p>A taxi licence and a vehicle registration card are issued for an unlimited period, unless the applicant requests a fixed period. A service card shall be issued for an unlimited period unless the applicant requests it for a fixed period. The vehicle used as a taxi must have undergone a taxi roadworthiness test.<\/p>\n\n\n\n<div class=\"wp-block-group is-layout-grid wp-container-core-group-is-layout-88c98fc8 wp-block-group-is-layout-grid\">\n<div class=\"wp-block-group has-border-color has-base-background-color has-background has-global-padding is-layout-constrained wp-container-core-group-is-layout-9597dc02 wp-block-group-is-layout-constrained\" style=\"border-color:#138440;border-width:1px;border-radius:3px;padding-top:var(--wp--preset--spacing--10);padding-right:var(--wp--preset--spacing--10);padding-bottom:var(--wp--preset--spacing--10);padding-left:var(--wp--preset--spacing--10);box-shadow:var(--wp--preset--shadow--vaike-vari-2)\">\n<h3 class=\"wp-block-heading\" style=\"padding-top:0;padding-bottom:0\">Taxi permit<\/h3>\n\n\n\n<p><strong>To apply for a taxi licence<\/strong>\u00a0an application must be submitted to the municipality with the applicant's contact details, including telephone number, e-mail address and postal address. In the case of an applicant who is a legal person, the name and registration code, in the case of a legal person in the process of being established, instead of the registration code, the document certifying the establishment of the legal person, in particular the deed of incorporation or the founding resolution or a notarised copy of at least one of them, in the case of a self-employed person, the name and registration code.<\/p>\n\n\n\n<p><span class=\"wp-rich-text-font-awesome-icon wp-font-awesome-icon\"><svg aria-hidden=\"true\" focusable=\"false\" data-prefix=\"fas\" data-icon=\"check\" class=\"svg-inline--fa fa-check\" role=\"img\" xmlns=\"http:\/\/www.w3.org\/2000\/svg\" viewbox=\"0 0 448 512\"><path fill=\"currentColor\" d=\"M438.6 105.4c12.5 12.5 12.5 32.8 0 45.3l-256 256c-12.5 12.5-32.8 12.5-45.3 0l-128-128c-12.5-12.5-12.5-32.8 0-45.3s32.8-12.5 45.3 0L160 338.7 393.4 105.4c12.5-12.5 32.8-12.5 45.3 0z\"><\/path><\/svg><\/span><a href=\"https:\/\/valga.ee\/wp-content\/uploads\/2025\/09\/taksoveoluba_lisa1.docx\" target=\"_blank\" rel=\"noreferrer noopener\">Download the application form<\/a> <span class=\"wp-rich-text-font-awesome-icon wp-font-awesome-icon\"><svg aria-hidden=\"true\" focusable=\"false\" data-prefix=\"fas\" data-icon=\"download\" class=\"svg-inline--fa fa-download\" role=\"img\" xmlns=\"http:\/\/www.w3.org\/2000\/svg\" viewbox=\"0 0 512 512\"><path fill=\"currentColor\" d=\"M288 32c0-17.7-14.3-32-32-32s-32 14.3-32 32l0 242.7-73.4-73.4c-12.5-12.5-32.8-12.5-45.3 0s-12.5 32.8 0 45.3l128 128c12.5 12.5 32.8 12.5 45.3 0l128-128c12.5-12.5 12.5-32.8 0-45.3s-32.8-12.5-45.3 0L288 274.7 288 32zM64 352c-35.3 0-64 28.7-64 64l0 32c0 35.3 28.7 64 64 64l384 0c35.3 0 64-28.7 64-64l0-32c0-35.3-28.7-64-64-64l-101.5 0-45.3 45.3c-25 25-65.5 25-90.5 0L165.5 352 64 352zm368 56a24 24 0 1 1 0 48 24 24 0 1 1 0-48z\"><\/path><\/svg><\/span><\/p>\n<\/div>\n\n\n\n<div class=\"wp-block-group has-border-color has-base-background-color has-background has-global-padding is-layout-constrained wp-container-core-group-is-layout-9597dc02 wp-block-group-is-layout-constrained\" style=\"border-color:#138440;border-width:1px;border-radius:3px;padding-top:var(--wp--preset--spacing--10);padding-right:var(--wp--preset--spacing--10);padding-bottom:var(--wp--preset--spacing--10);padding-left:var(--wp--preset--spacing--10);box-shadow:var(--wp--preset--shadow--vaike-vari-2)\">\n<h3 class=\"wp-block-heading\" style=\"padding-top:0;padding-bottom:0\">Taxi fare card<\/h3>\n\n\n\n<p><strong>To apply for a taxi card<\/strong> an application must be submitted to the municipality with the applicant's contact details, including telephone number, e-mail address and postal address. Also, the contract for the use of the vehicle, if the applicant is not the owner or user of the vehicle on the basis of the vehicle registration certificate. In addition, a taxicab adaptation certificate must be submitted if the vehicle is to be used for taxi transport, the ordering and pricing of which is carried out without the use of an information society service.<\/p>\n\n\n\n<p><span class=\"wp-rich-text-font-awesome-icon wp-font-awesome-icon\"><svg aria-hidden=\"true\" focusable=\"false\" data-prefix=\"fas\" data-icon=\"check\" class=\"svg-inline--fa fa-check\" role=\"img\" xmlns=\"http:\/\/www.w3.org\/2000\/svg\" viewbox=\"0 0 448 512\"><path fill=\"currentColor\" d=\"M438.6 105.4c12.5 12.5 12.5 32.8 0 45.3l-256 256c-12.5 12.5-32.8 12.5-45.3 0l-128-128c-12.5-12.5-12.5-32.8 0-45.3s32.8-12.5 45.3 0L160 338.7 393.4 105.4c12.5-12.5 32.8-12.5 45.3 0z\"><\/path><\/svg><\/span><a href=\"https:\/\/valga.ee\/wp-content\/uploads\/2025\/09\/soidukikaart_lisa2.docx\" target=\"_blank\" rel=\"noreferrer noopener\">Download the application form<\/a> <span class=\"wp-rich-text-font-awesome-icon wp-font-awesome-icon\"><svg aria-hidden=\"true\" focusable=\"false\" data-prefix=\"fas\" data-icon=\"download\" class=\"svg-inline--fa fa-download\" role=\"img\" xmlns=\"http:\/\/www.w3.org\/2000\/svg\" viewbox=\"0 0 512 512\"><path fill=\"currentColor\" d=\"M288 32c0-17.7-14.3-32-32-32s-32 14.3-32 32l0 242.7-73.4-73.4c-12.5-12.5-32.8-12.5-45.3 0s-12.5 32.8 0 45.3l128 128c12.5 12.5 32.8 12.5 45.3 0l128-128c12.5-12.5 12.5-32.8 0-45.3s-32.8-12.5-45.3 0L288 274.7 288 32zM64 352c-35.3 0-64 28.7-64 64l0 32c0 35.3 28.7 64 64 64l384 0c35.3 0 64-28.7 64-64l0-32c0-35.3-28.7-64-64-64l-101.5 0-45.3 45.3c-25 25-65.5 25-90.5 0L165.5 352 64 352zm368 56a24 24 0 1 1 0 48 24 24 0 1 1 0-48z\"><\/path><\/svg><\/span><\/p>\n<\/div>\n\n\n\n<div class=\"wp-block-group has-border-color has-base-background-color has-background has-global-padding is-layout-constrained wp-container-core-group-is-layout-9597dc02 wp-block-group-is-layout-constrained\" style=\"border-color:#138440;border-width:1px;border-radius:3px;padding-top:var(--wp--preset--spacing--10);padding-right:var(--wp--preset--spacing--10);padding-bottom:var(--wp--preset--spacing--10);padding-left:var(--wp--preset--spacing--10);box-shadow:var(--wp--preset--shadow--vaike-vari-2)\">\n<h3 class=\"wp-block-heading\" style=\"padding-top:0;padding-bottom:0\">Service card<\/h3>\n\n\n\n<p><strong>To apply for a Service Card<\/strong> an application must be submitted to the municipality with the applicant's contact details, including telephone number, e-mail address and postal address, and driving licence if it is not entered in the Estonian driving register. The application must be accompanied by a copy of the application form established on the basis of \u00a7 15(7) of the Identity Documents Act <strong>a compliant photo<\/strong> (You do not need to submit a photo if you have used a photobox at the ARK to obtain your driving licence). Persons holding a primary or restricted driving licence as referred to in \u00a7 96(1) of the Road Traffic Act are not entitled to a service card.<\/p>\n\n\n\n<p><span class=\"wp-rich-text-font-awesome-icon wp-font-awesome-icon\"><svg aria-hidden=\"true\" focusable=\"false\" data-prefix=\"fas\" data-icon=\"check\" class=\"svg-inline--fa fa-check\" role=\"img\" xmlns=\"http:\/\/www.w3.org\/2000\/svg\" viewbox=\"0 0 448 512\"><path fill=\"currentColor\" d=\"M438.6 105.4c12.5 12.5 12.5 32.8 0 45.3l-256 256c-12.5 12.5-32.8 12.5-45.3 0l-128-128c-12.5-12.5-12.5-32.8 0-45.3s32.8-12.5 45.3 0L160 338.7 393.4 105.4c12.5-12.5 32.8-12.5 45.3 0z\"><\/path><\/svg><\/span><a href=\"https:\/\/valga.ee\/wp-content\/uploads\/2025\/09\/teenindajakaart_lisa3.docx\" target=\"_blank\" rel=\"noreferrer noopener\">Download the application form<\/a> <span class=\"wp-rich-text-font-awesome-icon wp-font-awesome-icon\"><svg aria-hidden=\"true\" focusable=\"false\" data-prefix=\"fas\" data-icon=\"download\" class=\"svg-inline--fa fa-download\" role=\"img\" xmlns=\"http:\/\/www.w3.org\/2000\/svg\" viewbox=\"0 0 512 512\"><path fill=\"currentColor\" d=\"M288 32c0-17.7-14.3-32-32-32s-32 14.3-32 32l0 242.7-73.4-73.4c-12.5-12.5-32.8-12.5-45.3 0s-12.5 32.8 0 45.3l128 128c12.5 12.5 32.8 12.5 45.3 0l128-128c12.5-12.5 12.5-32.8 0-45.3s-32.8-12.5-45.3 0L288 274.7 288 32zM64 352c-35.3 0-64 28.7-64 64l0 32c0 35.3 28.7 64 64 64l384 0c35.3 0 64-28.7 64-64l0-32c0-35.3-28.7-64-64-64l-101.5 0-45.3 45.3c-25 25-65.5 25-90.5 0L165.5 352 64 352zm368 56a24 24 0 1 1 0 48 24 24 0 1 1 0-48z\"><\/path><\/svg><\/span><\/p>\n<\/div>\n<\/div>","protected":false},"excerpt":{"rendered":"<p>Taksovedu Valga vallas reguleerivad&nbsp;\u00fchistranspordiseadus, autoveoseadus, autojuhi kutseoskusn\u00f5uete, ametikoolituse eeskirja, koolituskursuse \u00f5ppekavade ja koolitunnistuse vormi kehtestamine, mootors\u00f5iduki ja selle haagise tehnoseisundile ja varustusele esitatavad n\u00f5uded, mootors\u00f5idukijuhi ja juhtimis\u00f5iguse taotleja tervisekontrolli tingimused [&hellip;]<\/p>\n","protected":false},"author":1,"featured_media":0,"parent":2645,"menu_order":0,"comment_status":"closed","ping_status":"closed","template":"","meta":{"_EventAllDay":false,"_EventTimezone":"","_EventStartDate":"","_EventEndDate":"","_EventStartDateUTC":"","_EventEndDateUTC":"","_EventShowMap":false,"_EventShowMapLink":false,"_EventURL":"","_EventCost":"","_EventCostDescription":"","_EventCurrencySymbol":"","_EventCurrencyCode":"","_EventCurrencyPosition":"","_EventDateTimeSeparator":"","_EventTimeRangeSeparator":"","_EventOrganizerID":[],"_EventVenueID":[],"_OrganizerEmail":"","_OrganizerPhone":"","_OrganizerWebsite":"","_VenueAddress":"","_VenueCity":"","_VenueCountry":"","_VenueProvince":"","_VenueState":"","_VenueZip":"","_VenuePhone":"","_VenueURL":"","_VenueStateProvince":"","_VenueLat":"","_VenueLng":"","_VenueShowMap":false,"_VenueShowMapLink":false,"slim_seo":{"title":"To the taxi service provider - Valga municipality","description":"The taxi transport in Valga municipality is regulated by the Public Transport Act, the Road Transport Act, the requirements for driver vocational qualifications, the regulation on vocational training, and the curricula for training courses."},"footnotes":""},"class_list":["post-2833","page","type-page","status-publish","hentry"],"_links":{"self":[{"href":"https:\/\/valga.ee\/en\/wp-json\/wp\/v2\/pages\/2833","targetHints":{"allow":["GET"]}}],"collection":[{"href":"https:\/\/valga.ee\/en\/wp-json\/wp\/v2\/pages"}],"about":[{"href":"https:\/\/valga.ee\/en\/wp-json\/wp\/v2\/types\/page"}],"author":[{"embeddable":true,"href":"https:\/\/valga.ee\/en\/wp-json\/wp\/v2\/users\/1"}],"replies":[{"embeddable":true,"href":"https:\/\/valga.ee\/en\/wp-json\/wp\/v2\/comments?post=2833"}],"version-history":[{"count":1,"href":"https:\/\/valga.ee\/en\/wp-json\/wp\/v2\/pages\/2833\/revisions"}],"predecessor-version":[{"id":2856,"href":"https:\/\/valga.ee\/en\/wp-json\/wp\/v2\/pages\/2833\/revisions\/2856"}],"up":[{"embeddable":true,"href":"https:\/\/valga.ee\/en\/wp-json\/wp\/v2\/pages\/2645"}],"wp:attachment":[{"href":"https:\/\/valga.ee\/en\/wp-json\/wp\/v2\/media?parent=2833"}],"curies":[{"name":"wp","href":"https:\/\/api.w.org\/{rel}","templated":true}]}}