{"id":2714,"date":"2025-09-03T13:20:21","date_gmt":"2025-09-03T10:20:21","guid":{"rendered":"https:\/\/valga.ee\/?page_id=2714"},"modified":"2025-09-03T13:20:23","modified_gmt":"2025-09-03T10:20:23","slug":"investorile","status":"publish","type":"page","link":"https:\/\/valga.ee\/en\/juhtimine-ja-majandus\/majandus\/ettevotlus\/investorile\/","title":{"rendered":"For investors"},"content":{"rendered":"<p><strong>GOOD INVESTOR AND ENTREPRENEUR!<\/strong><\/p>\n\n\n\n<p>We invite you to explore the investment opportunities in South-East Estonia!&nbsp;<\/p>\n\n\n\n<p><a href=\"https:\/\/southeastestonia.com\/\" target=\"_blank\" rel=\"noreferrer noopener\">Invest South-East Estonia platform<\/a> <span class=\"wp-rich-text-font-awesome-icon wp-font-awesome-icon\"><svg aria-hidden=\"true\" focusable=\"false\" data-prefix=\"fas\" data-icon=\"arrow-up-right-from-square\" class=\"svg-inline--fa fa-arrow-up-right-from-square\" role=\"img\" xmlns=\"http:\/\/www.w3.org\/2000\/svg\" viewbox=\"0 0 512 512\"><path fill=\"currentColor\" d=\"M320 0c-17.7 0-32 14.3-32 32s14.3 32 32 32l82.7 0L201.4 265.4c-12.5 12.5-12.5 32.8 0 45.3s32.8 12.5 45.3 0L448 109.3l0 82.7c0 17.7 14.3 32 32 32s32-14.3 32-32l0-160c0-17.7-14.3-32-32-32L320 0zM80 32C35.8 32 0 67.8 0 112L0 432c0 44.2 35.8 80 80 80l320 0c44.2 0 80-35.8 80-80l0-112c0-17.7-14.3-32-32-32s-32 14.3-32 32l0 112c0 8.8-7.2 16-16 16L80 448c-8.8 0-16-7.2-16-16l0-320c0-8.8 7.2-16 16-16l112 0c17.7 0 32-14.3 32-32s-14.3-32-32-32L80 32z\"><\/path><\/svg><\/span>has been created to support entrepreneurship and investment in the Valga, V\u00f5ru and P\u00f5lva regions.<\/p>\n\n\n\n<p>More information:<\/p>\n\n\n\n<ul class=\"wp-block-list is-style-checkmark-list\">\n<li>Mare Raid, Valga Municipality Enterprise and Development Officer, tel +372 5349 8683,\u00a0<a href=\"mailto:mare.raid@valga.ee\">mare.raid@valga.ee<\/a><\/li>\n\n\n\n<li>Asso Uibo, INVESTMENT CONSULTANT OF SOUTHWEST INVESTMENT Agency, Valga County Development Agency, tel +372 5340 8320,&nbsp;<a href=\"mailto:asso.uibo@eas.ee\">asso.uibo@eas.ee<\/a><\/li>\n<\/ul>\n\n\n\n<h2 class=\"wp-block-heading\">Call for tenders for building rights<\/h2>\n\n\n\n<p><strong>Valga Municipality announces a call for tenders for the right of occupancy for the property at Riia Street 7 in the city of Valga.&nbsp;<\/strong>(cadastral parcel no. 2852250, cadastral code 85401:003:0053, area 197 m).<sup>2<\/sup>, commercial land 100%).<\/p>\n\n\n\n<p>It is an old brick building located on the edge of the central square of Valga's Old Town, which is under reconstruction. All activities are allowed in the building, provided they do not conflict with the surrounding milieu and character. It is also possible to change the zoning of the land and to use the public central square.<\/p>\n\n\n\n<p>The building right is granted for a period of fifty years and the following conditions must be met:<\/p>\n\n\n\n<ul class=\"wp-block-list is-style-checkmark-list\">\n<li>To be received within 3 years from the date of the building right, a plan of action needs to be put in place and a building permit applied for to erect a new building or to reconstruct an old one.<\/li>\n\n\n\n<li>Obtain an occupancy permit within 5 years from the date the building right is granted for the erected\/renovated building.<\/li>\n\n\n\n<li>As the building is located in the heritage protection area of the city of Valga, in addition to the general building conditions, the requirements of the heritage protection office must also be taken into account.<\/li>\n<\/ul>\n\n\n\n<p>The building owner is obliged to pay all costs related to the erection, maintenance, upkeep and management of the building, which is an essential part of the building right. The buildings shall not be removed at the end of the term of the building right and no payment or compensation shall be made to the developer in respect thereof. Public and private charges shall be borne and paid by the building owner.<\/p>\n\n\n\n<p>If the building has been actively used for the intended purpose for a period of five years after obtaining the building permit, the owner of the building right can, if he wishes, convert the building right into ownership.<\/p>\n\n\n\n<p>If you are interested, please submit your proposals, requests, business plans and building right fees to Valga Municipality, Puiestee 8, Valga town, or by e-mail to.&nbsp;<a href=\"mailto:valga@valga.ee\">valga@valga.ee<\/a><\/p>","protected":false},"excerpt":{"rendered":"<p>HEA INVESTOR JA ETTEV\u00d5TJA! Kutsume Sind tutvuma Kagu-Eesti investeerimisv\u00f5imalustega!&nbsp; Invest South-East Estonia platvorm on loodud selleks, et toetada ettev\u00f5tlust ja investeerimist Valga, V\u00f5ru ja P\u00f5lva piirkonnas. Lisainfo: Hoonestus\u00f5iguse konkursi pakkumiskutse [&hellip;]<\/p>\n","protected":false},"author":1,"featured_media":0,"parent":2645,"menu_order":5,"comment_status":"closed","ping_status":"closed","template":"","meta":{"_EventAllDay":false,"_EventTimezone":"","_EventStartDate":"","_EventEndDate":"","_EventStartDateUTC":"","_EventEndDateUTC":"","_EventShowMap":false,"_EventShowMapLink":false,"_EventURL":"","_EventCost":"","_EventCostDescription":"","_EventCurrencySymbol":"","_EventCurrencyCode":"","_EventCurrencyPosition":"","_EventDateTimeSeparator":"","_EventTimeRangeSeparator":"","_EventOrganizerID":[],"_EventVenueID":[],"_OrganizerEmail":"","_OrganizerPhone":"","_OrganizerWebsite":"","_VenueAddress":"","_VenueCity":"","_VenueCountry":"","_VenueProvince":"","_VenueState":"","_VenueZip":"","_VenuePhone":"","_VenueURL":"","_VenueStateProvince":"","_VenueLat":"","_VenueLng":"","_VenueShowMap":false,"_VenueShowMapLink":false,"slim_seo":{"title":"To the investor - Valga Municipality","description":"HELLO INVESTOR AND ENTREPRENEUR! We invite you to explore investment opportunities in South-East Estonia! The Invest South-East Estonia platform has been created to support entre"},"footnotes":""},"class_list":["post-2714","page","type-page","status-publish","hentry"],"_links":{"self":[{"href":"https:\/\/valga.ee\/en\/wp-json\/wp\/v2\/pages\/2714","targetHints":{"allow":["GET"]}}],"collection":[{"href":"https:\/\/valga.ee\/en\/wp-json\/wp\/v2\/pages"}],"about":[{"href":"https:\/\/valga.ee\/en\/wp-json\/wp\/v2\/types\/page"}],"author":[{"embeddable":true,"href":"https:\/\/valga.ee\/en\/wp-json\/wp\/v2\/users\/1"}],"replies":[{"embeddable":true,"href":"https:\/\/valga.ee\/en\/wp-json\/wp\/v2\/comments?post=2714"}],"version-history":[{"count":1,"href":"https:\/\/valga.ee\/en\/wp-json\/wp\/v2\/pages\/2714\/revisions"}],"predecessor-version":[{"id":2718,"href":"https:\/\/valga.ee\/en\/wp-json\/wp\/v2\/pages\/2714\/revisions\/2718"}],"up":[{"embeddable":true,"href":"https:\/\/valga.ee\/en\/wp-json\/wp\/v2\/pages\/2645"}],"wp:attachment":[{"href":"https:\/\/valga.ee\/en\/wp-json\/wp\/v2\/media?parent=2714"}],"curies":[{"name":"wp","href":"https:\/\/api.w.org\/{rel}","templated":true}]}}