{"id":2671,"date":"2025-09-03T11:31:26","date_gmt":"2025-09-03T08:31:26","guid":{"rendered":"https:\/\/valga.ee\/?page_id=2671"},"modified":"2026-04-02T11:32:36","modified_gmt":"2026-04-02T08:32:36","slug":"projektitoetus","status":"publish","type":"page","link":"https:\/\/valga.ee\/en\/haridus-kultuur-kogukond-sport\/kogukond\/toetused\/projektitoetus\/","title":{"rendered":"Project support"},"content":{"rendered":"<div class=\"wp-block-columns reverse-mobile is-layout-flex wp-container-core-columns-is-layout-658170e2 wp-block-columns-is-layout-flex\">\n<div class=\"wp-block-column is-layout-flow wp-block-column-is-layout-flow\" style=\"flex-basis:66.66%\">\n<p>A project grant is a type of funding that supports, on the basis of a competitive call for proposals, an action or set of actions carried out by an association, mainly on a one-off basis, with a specific objective, limited in time and space.&nbsp;<a href=\"https:\/\/www.riigiteataja.ee\/akt\/407052022002\" target=\"_blank\" rel=\"noreferrer noopener\">Conditions and procedures for support for cultural activities and community development<\/a> <span class=\"wp-rich-text-font-awesome-icon wp-font-awesome-icon\"><svg aria-hidden=\"true\" focusable=\"false\" data-prefix=\"fas\" data-icon=\"arrow-up-right-from-square\" class=\"svg-inline--fa fa-arrow-up-right-from-square\" role=\"img\" xmlns=\"http:\/\/www.w3.org\/2000\/svg\" viewbox=\"0 0 512 512\"><path fill=\"currentColor\" d=\"M320 0c-17.7 0-32 14.3-32 32s14.3 32 32 32l82.7 0L201.4 265.4c-12.5 12.5-12.5 32.8 0 45.3s32.8 12.5 45.3 0L448 109.3l0 82.7c0 17.7 14.3 32 32 32s32-14.3 32-32l0-160c0-17.7-14.3-32-32-32L320 0zM80 32C35.8 32 0 67.8 0 112L0 432c0 44.2 35.8 80 80 80l320 0c44.2 0 80-35.8 80-80l0-112c0-17.7-14.3-32-32-32s-32 14.3-32 32l0 112c0 8.8-7.2 16-16 16L80 448c-8.8 0-16-7.2-16-16l0-320c0-8.8 7.2-16 16-16l112 0c17.7 0 32-14.3 32-32s-14.3-32-32-32L80 32z\"><\/path><\/svg><\/span><\/p>\n\n\n\n<p><strong>You can apply for project support for cultural activities and community development.<\/strong><\/p>\n\n\n\n<p>The deadlines for submitting project grant applications are 20 February, 20 May, 21 August and 20 November.<br>If the deadline for submitting a grant falls on a weekend or public holiday, the deadline is the working day following the deadline.<br>You can start submitting applications a month before the deadline.<\/p>\n\n\n\n<p>Applications must be submitted to Valga Municipality via the application submission system.&nbsp;<a href=\"https:\/\/piksel.ee\/spoku\/valga\/index.php?module=208&amp;op=0\">SPOKU<\/a> <span class=\"wp-rich-text-font-awesome-icon wp-font-awesome-icon\"><svg aria-hidden=\"true\" focusable=\"false\" data-prefix=\"fas\" data-icon=\"arrow-up-right-from-square\" class=\"svg-inline--fa fa-arrow-up-right-from-square\" role=\"img\" xmlns=\"http:\/\/www.w3.org\/2000\/svg\" viewbox=\"0 0 512 512\"><path fill=\"currentColor\" d=\"M320 0c-17.7 0-32 14.3-32 32s14.3 32 32 32l82.7 0L201.4 265.4c-12.5 12.5-12.5 32.8 0 45.3s32.8 12.5 45.3 0L448 109.3l0 82.7c0 17.7 14.3 32 32 32s32-14.3 32-32l0-160c0-17.7-14.3-32-32-32L320 0zM80 32C35.8 32 0 67.8 0 112L0 432c0 44.2 35.8 80 80 80l320 0c44.2 0 80-35.8 80-80l0-112c0-17.7-14.3-32-32-32s-32 14.3-32 32l0 112c0 8.8-7.2 16-16 16L80 448c-8.8 0-16-7.2-16-16l0-320c0-8.8 7.2-16 16-16l112 0c17.7 0 32-14.3 32-32s-14.3-32-32-32L80 32z\"><\/path><\/svg><\/span><\/p>\n<\/div>\n\n\n\n<div class=\"wp-block-column is-layout-flow wp-block-column-is-layout-flow\" style=\"flex-basis:33.33%\">\n<div class=\"wp-block-group has-global-padding is-layout-constrained wp-container-core-group-is-layout-19e250f3 wp-block-group-is-layout-constrained\"><a href=\"https:\/\/valga.ee\/wp-content\/uploads\/2025\/12\/Hindamismetoodika_2022_aug_2025muudatusega.rtf\"    class=\"wp-block-tiptip-hyperlink-group-block\" >\n<div class=\"wp-block-group kiirlink kiirlink-tume has-accent-4-color has-accent-5-background-color has-text-color has-background has-link-color wp-elements-7c1a4a6230f75f33f8fb9a8a7fa1f09f wp-container-content-9cfa9a5a has-global-padding is-layout-constrained wp-container-core-group-is-layout-246ba8a2 wp-block-group-is-layout-constrained\" style=\"border-radius:0px;border-top-color:var(--wp--preset--color--accent-4);border-top-width:1px;border-bottom-style:none;border-bottom-width:0px;padding-top:0.7em;padding-right:var(--wp--preset--spacing--10);padding-bottom:0.7em;padding-left:var(--wp--preset--spacing--10)\">\n<div class=\"wp-block-group is-content-justification-space-between is-nowrap is-layout-flex wp-container-core-group-is-layout-2b43bde3 wp-block-group-is-layout-flex\" style=\"padding-top:0;padding-bottom:0\">\n<p class=\"wp-container-content-9cfa9a5a\"><a href=\"https:\/\/valga.ee\/wp-content\/uploads\/2025\/12\/Hindamismetoodika_2022_aug_2025muudatusega.rtf\" title=\"Evaluation methodology\"><strong>Evaluation methodology<\/strong><\/a><\/p>\n\n\n\n<p>&gt;<\/p>\n<\/div>\n<\/div>\n<\/a>\n\n<a href=\"https:\/\/valga.ee\/wp-content\/uploads\/2025\/09\/Abiks-vabauhingutele-toetuse-taotlemisel_180713.pdf\" rel=\"noreferrer noopener\"   class=\"wp-block-tiptip-hyperlink-group-block\" target=\"_blank\">\n<div class=\"wp-block-group kiirlink kiirlink-tume has-accent-4-color has-accent-5-background-color has-text-color has-background has-link-color wp-elements-7c1a4a6230f75f33f8fb9a8a7fa1f09f wp-container-content-9cfa9a5a has-global-padding is-layout-constrained wp-container-core-group-is-layout-246ba8a2 wp-block-group-is-layout-constrained\" style=\"border-radius:0px;border-top-color:var(--wp--preset--color--accent-4);border-top-width:1px;border-bottom-style:none;border-bottom-width:0px;padding-top:0.7em;padding-right:var(--wp--preset--spacing--10);padding-bottom:0.7em;padding-left:var(--wp--preset--spacing--10)\">\n<div class=\"wp-block-group is-content-justification-space-between is-nowrap is-layout-flex wp-container-core-group-is-layout-2b43bde3 wp-block-group-is-layout-flex\" style=\"padding-top:0;padding-bottom:0\">\n<p class=\"wp-container-content-9cfa9a5a\"><strong>Guide to preparing a project proposal for an NGO<\/strong><\/p>\n\n\n\n<p>&gt;<\/p>\n<\/div>\n<\/div>\n<\/a>\n\n<a href=\"https:\/\/valga.ee\/wp-content\/uploads\/2025\/09\/VALGA-VALLA-VAPP-1.zip\"    class=\"wp-block-tiptip-hyperlink-group-block\" >\n<div class=\"wp-block-group kiirlink kiirlink-tume has-accent-4-color has-accent-5-background-color has-text-color has-background has-link-color wp-elements-7c1a4a6230f75f33f8fb9a8a7fa1f09f wp-container-content-9cfa9a5a has-global-padding is-layout-constrained wp-container-core-group-is-layout-246ba8a2 wp-block-group-is-layout-constrained\" style=\"border-radius:0px;border-top-color:var(--wp--preset--color--accent-4);border-top-width:1px;border-bottom-style:none;border-bottom-width:0px;padding-top:0.7em;padding-right:var(--wp--preset--spacing--10);padding-bottom:0.7em;padding-left:var(--wp--preset--spacing--10)\">\n<div class=\"wp-block-group is-content-justification-space-between is-nowrap is-layout-flex wp-container-core-group-is-layout-2b43bde3 wp-block-group-is-layout-flex\" style=\"padding-top:0;padding-bottom:0\">\n<p class=\"wp-container-content-9cfa9a5a\"><strong>To download the municipal emblem<\/strong><\/p>\n\n\n\n<p>&gt;<\/p>\n<\/div>\n<\/div>\n<\/a><\/div>\n\n\n\n<div class=\"wp-block-group has-border-color has-contrast-border-color has-base-background-color has-background has-global-padding is-layout-constrained wp-container-core-group-is-layout-86dba5ee wp-block-group-is-layout-constrained\" style=\"border-width:1px;border-radius:3px;padding-top:var(--wp--preset--spacing--10);padding-right:var(--wp--preset--spacing--10);padding-bottom:var(--wp--preset--spacing--10);padding-left:var(--wp--preset--spacing--10)\">\n<p><strong>The official dealing with this area:<\/strong><\/p>\n\n\n\n<div class=\"wp-block-group has-global-padding is-content-justification-left is-layout-constrained wp-container-core-group-is-layout-ef2e9300 wp-block-group-is-layout-constrained\">\n<div class=\"wp-block-group liigu has-base-2-background-color has-background has-global-padding is-content-justification-center is-layout-constrained wp-block-group-is-layout-constrained\" style=\"border-radius:5px;box-shadow:var(--wp--preset--shadow--vaike-vari-2)\">\n<div class=\"wp-block-group alignfull is-nowrap is-layout-flex wp-container-core-group-is-layout-653e2ebb wp-block-group-is-layout-flex\" style=\"padding-top:0.5rem;padding-right:0.5rem;padding-bottom:0.5rem;padding-left:0.5rem\">\n<p style=\"padding-left:0.5rem\"><span class=\"wp-rich-text-font-awesome-icon wp-font-awesome-icon\"><svg aria-hidden=\"true\" focusable=\"false\" data-prefix=\"fas\" data-icon=\"user\" class=\"svg-inline--fa fa-user\" role=\"img\" xmlns=\"http:\/\/www.w3.org\/2000\/svg\" viewbox=\"0 0 448 512\" style=\"font-size:1.3em\"><path fill=\"currentColor\" d=\"M224 256A128 128 0 1 0 224 0a128 128 0 1 0 0 256zm-45.7 48C79.8 304 0 383.8 0 482.3C0 498.7 13.3 512 29.7 512l388.6 0c16.4 0 29.7-13.3 29.7-29.7C448 383.8 368.2 304 269.7 304l-91.4 0z\"><\/path><\/svg><\/span><\/p>\n\n\n\n<p><a href=\"\/en\/vald-uudised-ja-kontakt\/kontakt\/#kogukonna-ja-koostooprojektide-spetsialist\">Specialist in community and cooperation projects<\/a><\/p>\n<\/div>\n<\/div>\n<\/div>\n<\/div>\n<\/div>\n<\/div>","protected":false},"excerpt":{"rendered":"<p>Projektitoetus on rahastamisliik, millega toetatakse konkursi alusel kindla eesm\u00e4rgi saavutamisele suunatud, ajas ja ruumis piiritletud, peamiselt \u00fchekordset \u00fchenduse poolt elluviidavat tegevust v\u00f5i tegevuste kogumit.&nbsp;Kultuuritegevuse ja kogukonna arengu toetamise tingimused ja [&hellip;]<\/p>\n","protected":false},"author":1,"featured_media":0,"parent":1561,"menu_order":0,"comment_status":"closed","ping_status":"closed","template":"page-wide","meta":{"_EventAllDay":false,"_EventTimezone":"","_EventStartDate":"","_EventEndDate":"","_EventStartDateUTC":"","_EventEndDateUTC":"","_EventShowMap":false,"_EventShowMapLink":false,"_EventURL":"","_EventCost":"","_EventCostDescription":"","_EventCurrencySymbol":"","_EventCurrencyCode":"","_EventCurrencyPosition":"","_EventDateTimeSeparator":"","_EventTimeRangeSeparator":"","_EventOrganizerID":[],"_EventVenueID":[],"_OrganizerEmail":"","_OrganizerPhone":"","_OrganizerWebsite":"","_VenueAddress":"","_VenueCity":"","_VenueCountry":"","_VenueProvince":"","_VenueState":"","_VenueZip":"","_VenuePhone":"","_VenueURL":"","_VenueStateProvince":"","_VenueLat":"","_VenueLng":"","_VenueShowMap":false,"_VenueShowMapLink":false,"slim_seo":{"title":"Projektitoetus - Valga vald","description":"Projektitoetus on rahastamisliik, millega toetatakse konkursi alusel kindla eesm\u00e4rgi saavutamisele suunatud, ajas ja ruumis piiritletud, peamiselt \u00fchekordset \u00fch"},"footnotes":""},"class_list":["post-2671","page","type-page","status-publish","hentry"],"_links":{"self":[{"href":"https:\/\/valga.ee\/en\/wp-json\/wp\/v2\/pages\/2671","targetHints":{"allow":["GET"]}}],"collection":[{"href":"https:\/\/valga.ee\/en\/wp-json\/wp\/v2\/pages"}],"about":[{"href":"https:\/\/valga.ee\/en\/wp-json\/wp\/v2\/types\/page"}],"author":[{"embeddable":true,"href":"https:\/\/valga.ee\/en\/wp-json\/wp\/v2\/users\/1"}],"replies":[{"embeddable":true,"href":"https:\/\/valga.ee\/en\/wp-json\/wp\/v2\/comments?post=2671"}],"version-history":[{"count":16,"href":"https:\/\/valga.ee\/en\/wp-json\/wp\/v2\/pages\/2671\/revisions"}],"predecessor-version":[{"id":9214,"href":"https:\/\/valga.ee\/en\/wp-json\/wp\/v2\/pages\/2671\/revisions\/9214"}],"up":[{"embeddable":true,"href":"https:\/\/valga.ee\/en\/wp-json\/wp\/v2\/pages\/1561"}],"wp:attachment":[{"href":"https:\/\/valga.ee\/en\/wp-json\/wp\/v2\/media?parent=2671"}],"curies":[{"name":"wp","href":"https:\/\/api.w.org\/{rel}","templated":true}]}}