{"id":2645,"date":"2025-09-03T11:10:41","date_gmt":"2025-09-03T08:10:41","guid":{"rendered":"https:\/\/valga.ee\/?page_id=2645"},"modified":"2025-09-03T15:05:00","modified_gmt":"2025-09-03T12:05:00","slug":"ettevotlus","status":"publish","type":"page","link":"https:\/\/valga.ee\/en\/juhtimine-ja-majandus\/majandus\/ettevotlus\/","title":{"rendered":"Entrepreneurship"},"content":{"rendered":"<div class=\"wp-block-columns reverse-mobile is-layout-flex wp-container-core-columns-is-layout-658170e2 wp-block-columns-is-layout-flex\">\n<div class=\"wp-block-column is-layout-flow wp-block-column-is-layout-flow\" style=\"flex-basis:70%\">\n<p>The business environment of Valga municipality is characterised by a logistically favourable location at the crossroads of major international roads and good connections to Estonia's major centres. The location of the region on the Estonian-Latvian border provides an advantage for international business activities.<\/p>\n\n\n\n<p>Valga is the hub of the freight railway, which provides connections to Tallinn, Russia and Latvia. The city has developed industrial areas with the necessary communications, where there is a considerable amount of available commercial land for industrial, manufacturing and other activities.<\/p>\n\n\n\n<p>In the rural areas of the municipality, agriculture and the forest industry are important activities. Valga municipality has a unique border area and beautiful nature, which offers great potential for tourism business.<\/p>\n\n\n\n<p>A major advantage of the region is the international labour market - as a border region, Latvia's favourable location and the difference in wages and taxes make it an attractive place to hire. According to Statistics Estonia, the average monthly gross income of a salaried employee in Valga municipality in 2017 was EUR 922.71, which was EUR 5% lower than the Valga county average (EUR 968.66) and EUR 20% lower than the Estonian average (EUR 1154.97).<\/p>\n\n\n\n<p>There are 875 enterprises in Valga municipality, of which 592 are located in Valga city (68%). 95% of the enterprises are small enterprises with less than 10 employees (831 enterprises), 4% (33 enterprises) have between 10 and 49 employees. There are 9 enterprises with more than 50 employees in the region, of which 7 are located in the city of Valga. The breakdown of enterprises by activity is as follows: 20% agriculture and forestry, 20% wholesale and retail trade, 10% construction, 10% other service activities, 8% manufacturing.<\/p>\n\n\n\n<p><strong>Distances to key destinations:<\/strong><\/p>\n\n\n\n<ul class=\"wp-block-list is-style-checkmark-list\">\n<li>Tallinn Airport - 250km,<\/li>\n\n\n\n<li>Tartu airport - 80km,<\/li>\n\n\n\n<li>Riga airport and port - 165 km<\/li>\n\n\n\n<li>Port of P\u00e4rnu - 145km<\/li>\n\n\n\n<li>Helsinki - 300km,<\/li>\n\n\n\n<li>Russian border - 95km,<\/li>\n\n\n\n<li>Saint Petersburg - 410km,<\/li>\n\n\n\n<li>Berlin - 970km.<\/li>\n<\/ul>\n\n\n\n<div class=\"wp-block-group has-global-padding is-layout-constrained wp-block-group-is-layout-constrained\">\n<div style=\"position: relative; width: 100%; height: 0; padding-bottom: 56.25%;\"><iframe style=\"position: absolute; top: 0; left: 0; width: 100%; height: 100%; border: none;\" src=\"\/\/services.err.ee\/media\/embed\/1069634\" frameborder=\"0\" allowfullscreen=\"allowfullscreen\" title=\"Geographer: industrial potential of South-Estonia underused\"><\/iframe><\/div>\n<\/div>\n<\/div>\n\n\n\n<div class=\"wp-block-column is-layout-flow wp-block-column-is-layout-flow\">\n<div class=\"wp-block-group has-global-padding is-layout-constrained wp-container-core-group-is-layout-19e250f3 wp-block-group-is-layout-constrained\"><a href=\"\/en\/valga-valla-ettevotted\/\"    class=\"kiirlink wp-block-tiptip-hyperlink-group-block\" >\n<div class=\"wp-block-group kiirlink kiirlink-tume has-accent-4-color has-accent-5-background-color has-text-color has-background has-link-color wp-elements-7c1a4a6230f75f33f8fb9a8a7fa1f09f wp-container-content-9cfa9a5a has-global-padding is-layout-constrained wp-container-core-group-is-layout-246ba8a2 wp-block-group-is-layout-constrained\" style=\"border-radius:0px;border-top-color:var(--wp--preset--color--accent-4);border-top-width:1px;border-bottom-style:none;border-bottom-width:0px;padding-top:0.7em;padding-right:var(--wp--preset--spacing--10);padding-bottom:0.7em;padding-left:var(--wp--preset--spacing--10)\">\n<div class=\"wp-block-group is-content-justification-space-between is-nowrap is-layout-flex wp-container-core-group-is-layout-2b43bde3 wp-block-group-is-layout-flex\" style=\"padding-top:0;padding-bottom:0\">\n<p class=\"wp-container-content-9cfa9a5a\"><strong>Companies in Valga municipality<\/strong><\/p>\n\n\n\n<p>&gt;<\/p>\n<\/div>\n<\/div>\n<\/a>\n\n<a href=\"\/en\/alustavale-ettevotjale\/\"    class=\"kiirlink wp-block-tiptip-hyperlink-group-block\" >\n<div class=\"wp-block-group kiirlink kiirlink-tume has-accent-4-color has-accent-5-background-color has-text-color has-background has-link-color wp-elements-7c1a4a6230f75f33f8fb9a8a7fa1f09f wp-container-content-9cfa9a5a has-global-padding is-layout-constrained wp-container-core-group-is-layout-246ba8a2 wp-block-group-is-layout-constrained\" style=\"border-radius:0px;border-top-color:var(--wp--preset--color--accent-4);border-top-width:1px;border-bottom-style:none;border-bottom-width:0px;padding-top:0.7em;padding-right:var(--wp--preset--spacing--10);padding-bottom:0.7em;padding-left:var(--wp--preset--spacing--10)\">\n<div class=\"wp-block-group is-content-justification-space-between is-nowrap is-layout-flex wp-container-core-group-is-layout-2b43bde3 wp-block-group-is-layout-flex\" style=\"padding-top:0;padding-bottom:0\">\n<p class=\"wp-container-content-9cfa9a5a\"><strong>For the start-up entrepreneur<\/strong><\/p>\n\n\n\n<p>&gt;<\/p>\n<\/div>\n<\/div>\n<\/a>\n\n<a href=\"\/en\/investorile\/\"    class=\"kiirlink wp-block-tiptip-hyperlink-group-block\" >\n<div class=\"wp-block-group kiirlink kiirlink-tume has-accent-4-color has-accent-5-background-color has-text-color has-background has-link-color wp-elements-7c1a4a6230f75f33f8fb9a8a7fa1f09f wp-container-content-9cfa9a5a has-global-padding is-layout-constrained wp-container-core-group-is-layout-246ba8a2 wp-block-group-is-layout-constrained\" style=\"border-radius:0px;border-top-color:var(--wp--preset--color--accent-4);border-top-width:1px;border-bottom-style:none;border-bottom-width:0px;padding-top:0.7em;padding-right:var(--wp--preset--spacing--10);padding-bottom:0.7em;padding-left:var(--wp--preset--spacing--10)\">\n<div class=\"wp-block-group is-content-justification-space-between is-nowrap is-layout-flex wp-container-core-group-is-layout-2b43bde3 wp-block-group-is-layout-flex\" style=\"padding-top:0;padding-bottom:0\">\n<p class=\"wp-container-content-9cfa9a5a\"><strong>For investors<\/strong><\/p>\n\n\n\n<p>&gt;<\/p>\n<\/div>\n<\/div>\n<\/a>\n\n<a href=\"\/en\/ettevotjate-tunnustamine\/\"    class=\"kiirlink wp-block-tiptip-hyperlink-group-block\" >\n<div class=\"wp-block-group kiirlink kiirlink-tume has-accent-4-color has-accent-5-background-color has-text-color has-background has-link-color wp-elements-7c1a4a6230f75f33f8fb9a8a7fa1f09f wp-container-content-9cfa9a5a has-global-padding is-layout-constrained wp-container-core-group-is-layout-246ba8a2 wp-block-group-is-layout-constrained\" style=\"border-radius:0px;border-top-color:var(--wp--preset--color--accent-4);border-top-width:1px;border-bottom-style:none;border-bottom-width:0px;padding-top:0.7em;padding-right:var(--wp--preset--spacing--10);padding-bottom:0.7em;padding-left:var(--wp--preset--spacing--10)\">\n<div class=\"wp-block-group is-content-justification-space-between is-nowrap is-layout-flex wp-container-core-group-is-layout-2b43bde3 wp-block-group-is-layout-flex\" style=\"padding-top:0;padding-bottom:0\">\n<p class=\"wp-container-content-9cfa9a5a\"><strong>Recognising entrepreneurs<\/strong><\/p>\n\n\n\n<p>&gt;<\/p>\n<\/div>\n<\/div>\n<\/a>\n\n<a href=\"\/en\/taksoteenuse-pakkujale\/\"    class=\"kiirlink wp-block-tiptip-hyperlink-group-block\" >\n<div class=\"wp-block-group kiirlink kiirlink-tume has-accent-4-color has-accent-5-background-color has-text-color has-background has-link-color wp-elements-7c1a4a6230f75f33f8fb9a8a7fa1f09f wp-container-content-9cfa9a5a has-global-padding is-layout-constrained wp-container-core-group-is-layout-246ba8a2 wp-block-group-is-layout-constrained\" style=\"border-radius:0px;border-top-color:var(--wp--preset--color--accent-4);border-top-width:1px;border-bottom-style:none;border-bottom-width:0px;padding-top:0.7em;padding-right:var(--wp--preset--spacing--10);padding-bottom:0.7em;padding-left:var(--wp--preset--spacing--10)\">\n<div class=\"wp-block-group is-content-justification-space-between is-nowrap is-layout-flex wp-container-core-group-is-layout-2b43bde3 wp-block-group-is-layout-flex\" style=\"padding-top:0;padding-bottom:0\">\n<p class=\"wp-container-content-9cfa9a5a\"><strong>To a taxi service provider<\/strong><\/p>\n\n\n\n<p>&gt;<\/p>\n<\/div>\n<\/div>\n<\/a>\n\n<a href=\"\/en\/toetusmeetmed\/\"    class=\"kiirlink wp-block-tiptip-hyperlink-group-block\" >\n<div class=\"wp-block-group kiirlink kiirlink-tume has-accent-4-color has-accent-5-background-color has-text-color has-background has-link-color wp-elements-7c1a4a6230f75f33f8fb9a8a7fa1f09f wp-container-content-9cfa9a5a has-global-padding is-layout-constrained wp-container-core-group-is-layout-246ba8a2 wp-block-group-is-layout-constrained\" style=\"border-radius:0px;border-top-color:var(--wp--preset--color--accent-4);border-top-width:1px;border-bottom-style:none;border-bottom-width:0px;padding-top:0.7em;padding-right:var(--wp--preset--spacing--10);padding-bottom:0.7em;padding-left:var(--wp--preset--spacing--10)\">\n<div class=\"wp-block-group is-content-justification-space-between is-nowrap is-layout-flex wp-container-core-group-is-layout-2b43bde3 wp-block-group-is-layout-flex\" style=\"padding-top:0;padding-bottom:0\">\n<p class=\"wp-container-content-9cfa9a5a\"><strong>Support measures<\/strong><\/p>\n\n\n\n<p>&gt;<\/p>\n<\/div>\n<\/div>\n<\/a>\n\n<a href=\"\/en\/hooajaline-kaubandus\/\"    class=\"kiirlink wp-block-tiptip-hyperlink-group-block\" >\n<div class=\"wp-block-group kiirlink kiirlink-tume has-accent-4-color has-accent-5-background-color has-text-color has-background has-link-color wp-elements-7c1a4a6230f75f33f8fb9a8a7fa1f09f wp-container-content-9cfa9a5a has-global-padding is-layout-constrained wp-container-core-group-is-layout-246ba8a2 wp-block-group-is-layout-constrained\" style=\"border-radius:0px;border-top-color:var(--wp--preset--color--accent-4);border-top-width:1px;border-bottom-style:none;border-bottom-width:0px;padding-top:0.7em;padding-right:var(--wp--preset--spacing--10);padding-bottom:0.7em;padding-left:var(--wp--preset--spacing--10)\">\n<div class=\"wp-block-group is-content-justification-space-between is-nowrap is-layout-flex wp-container-core-group-is-layout-2b43bde3 wp-block-group-is-layout-flex\" style=\"padding-top:0;padding-bottom:0\">\n<p class=\"wp-container-content-9cfa9a5a\"><strong>Seasonal trade<\/strong><\/p>\n\n\n\n<p>&gt;<\/p>\n<\/div>\n<\/div>\n<\/a><\/div>\n<\/div>\n<\/div>","protected":false},"excerpt":{"rendered":"<p>Valga valla ettev\u00f5tluskeskkonda iseloomustab logistiliselt soodne asukoht oluliste rahvusvaheliste teede ristumiskohas ning hea \u00fchendus Eesti suuremate keskustega. Piirkonna paiknemine Eesti-L\u00e4ti piiril annab eelise rahvusvahelisteks \u00e4ritegevuseks. Valga linnas asub kaubaraudtee keskus, [&hellip;]<\/p>\n","protected":false},"author":1,"featured_media":0,"parent":1672,"menu_order":3,"comment_status":"closed","ping_status":"closed","template":"page-wide","meta":{"_EventAllDay":false,"_EventTimezone":"","_EventStartDate":"","_EventEndDate":"","_EventStartDateUTC":"","_EventEndDateUTC":"","_EventShowMap":false,"_EventShowMapLink":false,"_EventURL":"","_EventCost":"","_EventCostDescription":"","_EventCurrencySymbol":"","_EventCurrencyCode":"","_EventCurrencyPosition":"","_EventDateTimeSeparator":"","_EventTimeRangeSeparator":"","_EventOrganizerID":[],"_EventVenueID":[],"_OrganizerEmail":"","_OrganizerPhone":"","_OrganizerWebsite":"","_VenueAddress":"","_VenueCity":"","_VenueCountry":"","_VenueProvince":"","_VenueState":"","_VenueZip":"","_VenuePhone":"","_VenueURL":"","_VenueStateProvince":"","_VenueLat":"","_VenueLng":"","_VenueShowMap":false,"_VenueShowMapLink":false,"slim_seo":{"title":"Business - Valga Parish","description":"The business environment of Valga municipality is characterised by a logistically favourable location at the crossroads of major international roads and good connectivity to Estonia's larger centres."},"footnotes":""},"class_list":["post-2645","page","type-page","status-publish","hentry"],"_links":{"self":[{"href":"https:\/\/valga.ee\/en\/wp-json\/wp\/v2\/pages\/2645","targetHints":{"allow":["GET"]}}],"collection":[{"href":"https:\/\/valga.ee\/en\/wp-json\/wp\/v2\/pages"}],"about":[{"href":"https:\/\/valga.ee\/en\/wp-json\/wp\/v2\/types\/page"}],"author":[{"embeddable":true,"href":"https:\/\/valga.ee\/en\/wp-json\/wp\/v2\/users\/1"}],"replies":[{"embeddable":true,"href":"https:\/\/valga.ee\/en\/wp-json\/wp\/v2\/comments?post=2645"}],"version-history":[{"count":6,"href":"https:\/\/valga.ee\/en\/wp-json\/wp\/v2\/pages\/2645\/revisions"}],"predecessor-version":[{"id":2879,"href":"https:\/\/valga.ee\/en\/wp-json\/wp\/v2\/pages\/2645\/revisions\/2879"}],"up":[{"embeddable":true,"href":"https:\/\/valga.ee\/en\/wp-json\/wp\/v2\/pages\/1672"}],"wp:attachment":[{"href":"https:\/\/valga.ee\/en\/wp-json\/wp\/v2\/media?parent=2645"}],"curies":[{"name":"wp","href":"https:\/\/api.w.org\/{rel}","templated":true}]}}