{"id":25,"date":"2025-01-20T16:23:37","date_gmt":"2025-01-20T14:23:37","guid":{"rendered":"https:\/\/valga.ee\/?page_id=25"},"modified":"2025-09-08T12:04:52","modified_gmt":"2025-09-08T09:04:52","slug":"kupsiste-poliitika","status":"publish","type":"page","link":"https:\/\/valga.ee\/en\/kupsiste-poliitika\/","title":{"rendered":"Cookies policy"},"content":{"rendered":"<p>Last updated: 8 August 2025<\/p>\n\n\n\n<h2 class=\"wp-block-heading\">What are biscuits?<\/h2>\n\n\n\n<p>Cookies are small text files that are stored on your device when you visit our website. Cookies help us analyse your use of the website, provide you with a better user experience, personalise content and interact with other services.<\/p>\n\n\n\n<h2 class=\"wp-block-heading\">Why do we use cookies?<\/h2>\n\n\n\n<p>We use cookies to:<\/p>\n\n\n\n<ul class=\"wp-block-list\">\n<li><strong>Website performance and ease of use<\/strong>&nbsp;- help to ensure that your website runs smoothly.<\/li>\n\n\n\n<li><strong>Custom content and advertising<\/strong>&nbsp;- offer you the most appropriate services and advertisements.<\/li>\n\n\n\n<li><strong>Collection of usage statistics<\/strong>&nbsp;- we collect anonymous data to understand how visitors use our website.<\/li>\n\n\n\n<li><strong>Third party services<\/strong>&nbsp;- our website may include third party services (e.g. analytics and advertising networks) that may use cookies to provide their services.<\/li>\n<\/ul>\n\n\n\n<h2 class=\"wp-block-heading\">Types of cookies<\/h2>\n\n\n\n<p>Our website uses the following types of cookies:<\/p>\n\n\n\n<ul class=\"wp-block-list\">\n<li><strong>Session cookies<\/strong>&nbsp;- these cookies are temporary and will be deleted after you leave the website.<\/li>\n\n\n\n<li><strong>Persistent biscuits<\/strong>&nbsp;- these cookies remain on your device after the end of your visit and are used to remember repeat visits.<\/li>\n\n\n\n<li><strong>Third party cookies<\/strong>&nbsp;- these cookies belong to the service providers whose services we use on our website (e.g. Google Analytics, Facebook).<\/li>\n<\/ul>\n\n\n\n<h2 class=\"wp-block-heading\">How do I manage cookies?<\/h2>\n\n\n\n<p>You can manage cookies and restrict their use in your browser settings. Most web browsers allow you to block cookies or warn you about their use. If you choose to block cookies, this may affect the functionality and user experience of the website.<\/p>\n\n\n\n<p>You can find instructions on how to manage cookies in your browser's support pages:<\/p>\n\n\n\n<ul class=\"wp-block-list\">\n<li><a href=\"https:\/\/support.google.com\/chrome\/answer\/95647?hl=et\" target=\"_blank\" rel=\"noreferrer noopener\">Google Chrome<\/a><\/li>\n\n\n\n<li><a href=\"https:\/\/support.mozilla.org\/en-US\/kb\/cookies-information-websites-store-on-your-computer\" target=\"_blank\" rel=\"noreferrer noopener\">Mozilla Firefox<\/a><\/li>\n\n\n\n<li><a href=\"https:\/\/support.apple.com\/et-ee\/guide\/safari\/sfri11471\/mac\" target=\"_blank\" rel=\"noreferrer noopener\">Safari<\/a><\/li>\n\n\n\n<li><a href=\"https:\/\/support.microsoft.com\/et-ee\/windows\/k%C3%BCpsiste-haldamine-microsoft-edge-is-vaatamine-lubamine-blokeerimine-kustutamine-ja-kasutamine-168dab11-0753-043d-7c16-ede5947fc64d\" target=\"_blank\" rel=\"noreferrer noopener\">Microsoft Edge<\/a><\/li>\n<\/ul>\n\n\n\n<h2 class=\"wp-block-heading\">Third parties and their cookies<\/h2>\n\n\n\n<p>Our website may contain services that allow third parties to store cookies on your device. The use of these cookies is governed by the privacy and cookie policy of the relevant service provider.<\/p>\n\n\n\n<h2 class=\"wp-block-heading\">Our privacy policy<\/h2>\n\n\n\n<p>You can find out more about how to use cookies in our.\u00a0<a href=\"\/en\/andmekaitsetingimused\/\">data protection conditions<\/a>.<\/p>\n\n\n\n<h2 class=\"wp-block-heading\">Changes to cookie policy<\/h2>\n\n\n\n<p>We may update our cookie policy from time to time to reflect changes in our services or legislation. Any changes will be published here. Please check the policy regularly.<\/p>\n\n\n\n<p>If you have any questions about our cookie policy, please contact us at.\u00a0<a href=\"mailto:valga@valga.ee\">valga@valga.ee<\/a>.<\/p>","protected":false},"excerpt":{"rendered":"<p>Viimati uuendatud: 8. august 2025 Mis on k\u00fcpsised? K\u00fcpsised on v\u00e4ikesed tekstifailid, mis salvestatakse sinu seadmesse, kui k\u00fclastad meie veebilehte. K\u00fcpsised aitavad meil veebilehe kasutamist anal\u00fc\u00fcsida, pakkuda sulle paremat kasutajakogemust, [&hellip;]<\/p>\n","protected":false},"author":1,"featured_media":0,"parent":0,"menu_order":11,"comment_status":"closed","ping_status":"closed","template":"","meta":{"_EventAllDay":false,"_EventTimezone":"","_EventStartDate":"","_EventEndDate":"","_EventStartDateUTC":"","_EventEndDateUTC":"","_EventShowMap":false,"_EventShowMapLink":false,"_EventURL":"","_EventCost":"","_EventCostDescription":"","_EventCurrencySymbol":"","_EventCurrencyCode":"","_EventCurrencyPosition":"","_EventDateTimeSeparator":"","_EventTimeRangeSeparator":"","_EventOrganizerID":[],"_EventVenueID":[],"_OrganizerEmail":"","_OrganizerPhone":"","_OrganizerWebsite":"","_VenueAddress":"","_VenueCity":"","_VenueCountry":"","_VenueProvince":"","_VenueState":"","_VenueZip":"","_VenuePhone":"","_VenueURL":"","_VenueStateProvince":"","_VenueLat":"","_VenueLng":"","_VenueShowMap":false,"_VenueShowMapLink":false,"slim_seo":{"title":"Cookie Policy - Valga Municipality","description":"Last updated: 8 August 2025 What are cookies? Cookies are small text files that are stored on your device when you visit our website. Cookies hel"},"footnotes":""},"class_list":["post-25","page","type-page","status-publish","hentry"],"_links":{"self":[{"href":"https:\/\/valga.ee\/en\/wp-json\/wp\/v2\/pages\/25","targetHints":{"allow":["GET"]}}],"collection":[{"href":"https:\/\/valga.ee\/en\/wp-json\/wp\/v2\/pages"}],"about":[{"href":"https:\/\/valga.ee\/en\/wp-json\/wp\/v2\/types\/page"}],"author":[{"embeddable":true,"href":"https:\/\/valga.ee\/en\/wp-json\/wp\/v2\/users\/1"}],"replies":[{"embeddable":true,"href":"https:\/\/valga.ee\/en\/wp-json\/wp\/v2\/comments?post=25"}],"version-history":[{"count":3,"href":"https:\/\/valga.ee\/en\/wp-json\/wp\/v2\/pages\/25\/revisions"}],"predecessor-version":[{"id":4306,"href":"https:\/\/valga.ee\/en\/wp-json\/wp\/v2\/pages\/25\/revisions\/4306"}],"wp:attachment":[{"href":"https:\/\/valga.ee\/en\/wp-json\/wp\/v2\/media?parent=25"}],"curies":[{"name":"wp","href":"https:\/\/api.w.org\/{rel}","templated":true}]}}