{"id":2209,"date":"2025-09-02T16:06:45","date_gmt":"2025-09-02T13:06:45","guid":{"rendered":"https:\/\/valga.ee\/?page_id=2209"},"modified":"2026-01-07T18:30:31","modified_gmt":"2026-01-07T16:30:31","slug":"oru-piirkond","status":"publish","type":"page","link":"https:\/\/valga.ee\/en\/haridus-kultuur-kogukond-sport\/kogukond\/mittetulundusuhingud-ja-seltsingud\/oru-piirkond\/","title":{"rendered":"\u00d5ru region"},"content":{"rendered":"<div class=\"wp-block-group is-layout-grid wp-container-core-group-is-layout-df4581a5 wp-block-group-is-layout-grid\">\n<div class=\"wp-block-group wp-container-content-a80d6547 has-global-padding is-layout-constrained wp-container-core-group-is-layout-1965d1ed wp-block-group-is-layout-constrained\" style=\"padding-right:var(--wp--preset--spacing--10);padding-bottom:var(--wp--preset--spacing--10);padding-left:var(--wp--preset--spacing--10);box-shadow:var(--wp--preset--shadow--vaike-vari-1)\">\n<h2 class=\"wp-block-heading\" style=\"font-size:clamp(0.929rem, 0.929rem + ((1vw - 0.2rem) * 0.769), 1.4rem);\">MT\u00dc Priipalu Technical Sports<\/h2>\n\n\n\n<ul class=\"wp-block-list\">\n<li>registration number: 80553184<\/li>\n\n\n\n<li>active since 2018<\/li>\n\n\n\n<li>contact: Frank Tiideberg, <br>e-mail:&nbsp;<a href=\"mailto:frank.tiideberg@gmail.com\">frank.tiideberg@gmail.com<\/a><\/li>\n<\/ul>\n<\/div>\n\n\n\n<div class=\"wp-block-group wp-container-content-a80d6547 has-global-padding is-layout-constrained wp-container-core-group-is-layout-1965d1ed wp-block-group-is-layout-constrained\" style=\"padding-right:var(--wp--preset--spacing--10);padding-bottom:var(--wp--preset--spacing--10);padding-left:var(--wp--preset--spacing--10);box-shadow:var(--wp--preset--shadow--vaike-vari-1)\">\n<h2 class=\"wp-block-heading\" style=\"font-size:clamp(0.929rem, 0.929rem + ((1vw - 0.2rem) * 0.769), 1.4rem);\">NGO Lotam\u00f5isa Development<\/h2>\n\n\n\n<ul class=\"wp-block-list is-style-default\">\n<li>registration number: 80262910<\/li>\n\n\n\n<li>active since 2008;<\/li>\n\n\n\n<li>contact person: Kaja Papagoi, phone: <a href=\"tel:5224684\">522 4684<\/a>;<br>e-mail:&nbsp;<a href=\"mailto:kaja@eestimetsad.ee\">kaja@eestimetsad.ee<\/a><\/li>\n<\/ul>\n<\/div>\n\n\n\n<div class=\"wp-block-group wp-container-content-a80d6547 has-global-padding is-layout-constrained wp-container-core-group-is-layout-1965d1ed wp-block-group-is-layout-constrained\" style=\"padding-right:var(--wp--preset--spacing--10);padding-bottom:var(--wp--preset--spacing--10);padding-left:var(--wp--preset--spacing--10);box-shadow:var(--wp--preset--shadow--vaike-vari-1)\">\n<h2 class=\"wp-block-heading\" style=\"font-size:clamp(0.929rem, 0.929rem + ((1vw - 0.2rem) * 0.769), 1.4rem);\">NGO Epre Development<\/h2>\n\n\n\n<ul class=\"wp-block-list is-style-default\">\n<li>registration number: 80339867<\/li>\n\n\n\n<li>active since 2012<\/li>\n\n\n\n<li>contact person: Eveli Sarv, phone: <a href=\"tel:5259443\">525 9443<\/a>; <br>e-mail:&nbsp;<a href=\"mailto:tyeveliis@gmail.com\">tyeveliis@gmail.com<\/a><\/li>\n<\/ul>\n<\/div>\n\n\n\n<div class=\"wp-block-group wp-container-content-a80d6547 has-global-padding is-layout-constrained wp-container-core-group-is-layout-1965d1ed wp-block-group-is-layout-constrained\" style=\"padding-right:var(--wp--preset--spacing--10);padding-bottom:var(--wp--preset--spacing--10);padding-left:var(--wp--preset--spacing--10);box-shadow:var(--wp--preset--shadow--vaike-vari-1)\">\n<h2 class=\"wp-block-heading\" style=\"font-size:clamp(0.929rem, 0.929rem + ((1vw - 0.2rem) * 0.769), 1.4rem);\">\u00d5ru Murueide Daughters Society<\/h2>\n\n\n\n<ul class=\"wp-block-list\">\n<li>created 01.05.2022<\/li>\n\n\n\n<li>contact person: Katrin K\u00f5iv, phone: <a href=\"tel:56611398\">5661 1398<\/a>; <br>e-mail: <a href=\"mailto:uuela.talu@gmail.com\">uuela.talu@gmail.com<\/a><\/li>\n<\/ul>\n<\/div>\n\n\n\n<div class=\"wp-block-group wp-container-content-a80d6547 has-global-padding is-layout-constrained wp-container-core-group-is-layout-1965d1ed wp-block-group-is-layout-constrained\" style=\"padding-right:var(--wp--preset--spacing--10);padding-bottom:var(--wp--preset--spacing--10);padding-left:var(--wp--preset--spacing--10);box-shadow:var(--wp--preset--shadow--vaike-vari-1)\">\n<h2 class=\"wp-block-heading\" style=\"font-size:clamp(0.929rem, 0.929rem + ((1vw - 0.2rem) * 0.769), 1.4rem);\">MT\u00dc Unik\u00fcla Community Society<\/h2>\n\n\n\n<ul class=\"wp-block-list\">\n<li>registration code 80661262<\/li>\n\n\n\n<li>operating since 2025;<\/li>\n\n\n\n<li>Contact person: Raili Hurt<br>phone 5175353;<br>e-mail:\u00a0<a href=\"mailto:raili.hurt@gmail.com\">raili.hurt@gmail.com<\/a><\/li>\n<\/ul>\n<\/div>\n<\/div>","protected":false},"excerpt":{"rendered":"<p>MT\u00dc Priipalu Tehnikaspordi MT\u00dc Lotam\u00f5isa Arendus MT\u00dc Epre Arendus Seltsing \u00d5ru Murueide T\u00fctred MT\u00dc Unik\u00fcla Kogukonna Selts<\/p>","protected":false},"author":1,"featured_media":0,"parent":1550,"menu_order":3,"comment_status":"closed","ping_status":"closed","template":"","meta":{"_EventAllDay":false,"_EventTimezone":"","_EventStartDate":"","_EventEndDate":"","_EventStartDateUTC":"","_EventEndDateUTC":"","_EventShowMap":false,"_EventShowMapLink":false,"_EventURL":"","_EventCost":"","_EventCostDescription":"","_EventCurrencySymbol":"","_EventCurrencyCode":"","_EventCurrencyPosition":"","_EventDateTimeSeparator":"","_EventTimeRangeSeparator":"","_EventOrganizerID":[],"_EventVenueID":[],"_OrganizerEmail":"","_OrganizerPhone":"","_OrganizerWebsite":"","_VenueAddress":"","_VenueCity":"","_VenueCountry":"","_VenueProvince":"","_VenueState":"","_VenueZip":"","_VenuePhone":"","_VenueURL":"","_VenueStateProvince":"","_VenueLat":"","_VenueLng":"","_VenueShowMap":false,"_VenueShowMapLink":false,"slim_seo":{"title":"\u00d5ru piirkond - Valga vald","description":"MT\u00dc Priipalu Tehnikaspordi MT\u00dc Lotam\u00f5isa Arendus MT\u00dc Epre Arendus Seltsing \u00d5ru Murueide T\u00fctred MT\u00dc Unik\u00fcla Kogukonna Selts"},"footnotes":""},"class_list":["post-2209","page","type-page","status-publish","hentry"],"_links":{"self":[{"href":"https:\/\/valga.ee\/en\/wp-json\/wp\/v2\/pages\/2209","targetHints":{"allow":["GET"]}}],"collection":[{"href":"https:\/\/valga.ee\/en\/wp-json\/wp\/v2\/pages"}],"about":[{"href":"https:\/\/valga.ee\/en\/wp-json\/wp\/v2\/types\/page"}],"author":[{"embeddable":true,"href":"https:\/\/valga.ee\/en\/wp-json\/wp\/v2\/users\/1"}],"replies":[{"embeddable":true,"href":"https:\/\/valga.ee\/en\/wp-json\/wp\/v2\/comments?post=2209"}],"version-history":[{"count":7,"href":"https:\/\/valga.ee\/en\/wp-json\/wp\/v2\/pages\/2209\/revisions"}],"predecessor-version":[{"id":8216,"href":"https:\/\/valga.ee\/en\/wp-json\/wp\/v2\/pages\/2209\/revisions\/8216"}],"up":[{"embeddable":true,"href":"https:\/\/valga.ee\/en\/wp-json\/wp\/v2\/pages\/1550"}],"wp:attachment":[{"href":"https:\/\/valga.ee\/en\/wp-json\/wp\/v2\/media?parent=2209"}],"curies":[{"name":"wp","href":"https:\/\/api.w.org\/{rel}","templated":true}]}}