{"id":2205,"date":"2025-09-02T16:06:30","date_gmt":"2025-09-02T13:06:30","guid":{"rendered":"https:\/\/valga.ee\/?page_id=2205"},"modified":"2025-09-03T09:55:41","modified_gmt":"2025-09-03T06:55:41","slug":"tolliste-piirkond","status":"publish","type":"page","link":"https:\/\/valga.ee\/en\/haridus-kultuur-kogukond-sport\/kogukond\/mittetulundusuhingud-ja-seltsingud\/tolliste-piirkond\/","title":{"rendered":"T\u00f5lliste region"},"content":{"rendered":"<div class=\"wp-block-group is-layout-grid wp-container-core-group-is-layout-478b6e6b wp-block-group-is-layout-grid\">\n<div class=\"wp-block-group wp-container-content-18badc6f has-global-padding is-layout-constrained wp-container-core-group-is-layout-1965d1ed wp-block-group-is-layout-constrained\" style=\"padding-right:var(--wp--preset--spacing--10);padding-bottom:var(--wp--preset--spacing--10);padding-left:var(--wp--preset--spacing--10);box-shadow:var(--wp--preset--shadow--vaike-vari-1)\">\n<h2 class=\"wp-block-heading\" style=\"font-size:clamp(0.929rem, 0.929rem + ((1vw - 0.2rem) * 0.769), 1.4rem);\">Non-profit association JOUDE<\/h2>\n\n\n\n<p>The aim of the association is to contribute to the development of the local community and to ensure.<br>the maintenance of a vibrant folk culture, which will be achieved by, among other things.<br>the following activities:<\/p>\n\n\n\n<ul class=\"wp-block-list is-style-checkmark-list\">\n<li>exploring the heritage culture of the home country;<\/li>\n\n\n\n<li>organising workshops, training courses, concerts, events;<\/li>\n\n\n\n<li>Continuation and promotion of the activities of the Sangaste parish reggae singing ensemble \"Koidu T\u00e4hed\";<\/li>\n\n\n\n<li>participation in events related to traditional culture;<\/li>\n\n\n\n<li>Finding new ways to learn about and practise cultural heritage;<\/li>\n\n\n\n<li>disseminating traditional culture and seeking new ways of cooperation with other associations;<\/li>\n\n\n\n<li>diversifying village life.<\/li>\n<\/ul>\n\n\n\n<ul class=\"wp-block-list is-style-checkmark-list\">\n<li>Registration number: 80344908;<br>active since 2012;<br>contact persons:\n<ul class=\"wp-block-list\">\n<li>Koidu Ahk, telephone: <a href=\"tel:58158553\">5815 8553<\/a>;<\/li>\n\n\n\n<li>Tiia P\u00e4rnik, telephone: <a href=\"tel:59109055\">5910 9055<\/a>; <br>e-mail:&nbsp;<a href=\"mailto:mtyjoude@gmail.com\">mtyjoude@gmail.com<\/a>.<\/li>\n<\/ul>\n<\/li>\n<\/ul>\n<\/div>\n\n\n\n<div class=\"wp-block-group wp-container-content-e29552f7 has-global-padding is-layout-constrained wp-container-core-group-is-layout-1965d1ed wp-block-group-is-layout-constrained\" style=\"padding-right:var(--wp--preset--spacing--10);padding-bottom:var(--wp--preset--spacing--10);padding-left:var(--wp--preset--spacing--10);box-shadow:var(--wp--preset--shadow--vaike-vari-1)\">\n<h2 class=\"wp-block-heading\" style=\"font-size:clamp(0.929rem, 0.929rem + ((1vw - 0.2rem) * 0.769), 1.4rem);\">NGO Midrilinnud<\/h2>\n\n\n\n<ul class=\"wp-block-list is-style-checkmark-list\">\n<li>registration number: 80376044<\/li>\n\n\n\n<li>active since 2014<\/li>\n\n\n\n<li>Supervisor: Hiie V\u00e4hi<\/li>\n\n\n\n<li>contact person: Jana Vainonen, <br>telephone: <a href=\"tel:5229558\">522 9558<\/a>; <br>e-mail:<a href=\"mailto: janatsir@gmail.com\">&nbsp;janatsir@gmail.com.<\/a><\/li>\n<\/ul>\n<\/div>\n\n\n\n<div class=\"wp-block-group wp-container-content-185cc44b has-global-padding is-layout-constrained wp-container-core-group-is-layout-1965d1ed wp-block-group-is-layout-constrained\" style=\"padding-right:var(--wp--preset--spacing--10);padding-bottom:var(--wp--preset--spacing--10);padding-left:var(--wp--preset--spacing--10);box-shadow:var(--wp--preset--shadow--vaike-vari-1)\">\n<h2 class=\"wp-block-heading\" style=\"font-size:clamp(0.929rem, 0.929rem + ((1vw - 0.2rem) * 0.769), 1.4rem);\">MT\u00dc T\u00f5lliste- Puka-Sangaste mixed choir<\/h2>\n\n\n\n<p class=\"is-style-checkmark-list\">The NGO was established after the merger of the municipalities in 2018. However, the choir is itself of a stately age. The Puka mixed choir was formed in 1971 and the Laatre sovhoosi mixed choir in 1976. In 2001 we merged to form the T\u00f5lliste-Puka-Sangaste mixed choir. Today the choir has 38 members. We perform in both the Tsirguliina and Puka community halls.<\/p>\n\n\n\n<ul class=\"wp-block-list is-style-checkmark-list\">\n<li>Registration number: 80547346;<\/li>\n\n\n\n<li>operational since 2018;<\/li>\n\n\n\n<li>contact person: Tiina Korge, phone: <a href=\"tel:55598079\">5559 8079<\/a>; <br>E-mail: tiinakorge1@gmail.com<\/li>\n<\/ul>\n\n\n\n<p class=\"is-style-checkmark-list\"><\/p>\n<\/div>\n\n\n\n<div class=\"wp-block-group wp-container-content-e29552f7 has-global-padding is-layout-constrained wp-container-core-group-is-layout-1965d1ed wp-block-group-is-layout-constrained\" style=\"padding-right:var(--wp--preset--spacing--10);padding-bottom:var(--wp--preset--spacing--10);padding-left:var(--wp--preset--spacing--10);box-shadow:var(--wp--preset--shadow--vaike-vari-1)\">\n<h2 class=\"wp-block-heading\" style=\"font-size:clamp(0.929rem, 0.929rem + ((1vw - 0.2rem) * 0.769), 1.4rem);\">Non-profit association Sooru Development<\/h2>\n\n\n\n<ul class=\"wp-block-list is-style-checkmark-list\">\n<li>registration code: 8013951<\/li>\n\n\n\n<li>operating since 2001<\/li>\n\n\n\n<li>contact person: Piia Ardel, phone: <a href=\"tel:5267954\">526 7954<\/a>; <br>e-mail:&nbsp;<a href=\"mailto:piiaardel5@gmail.com\">piiaardel5@gmail.com<\/a><\/li>\n<\/ul>\n<\/div>\n\n\n\n<div class=\"wp-block-group wp-container-content-e29552f7 has-global-padding is-layout-constrained wp-container-core-group-is-layout-1965d1ed wp-block-group-is-layout-constrained\" style=\"padding-right:var(--wp--preset--spacing--10);padding-bottom:var(--wp--preset--spacing--10);padding-left:var(--wp--preset--spacing--10);box-shadow:var(--wp--preset--shadow--vaike-vari-1)\">\n<h2 class=\"wp-block-heading\" style=\"font-size:clamp(0.929rem, 0.929rem + ((1vw - 0.2rem) * 0.769), 1.4rem);\">Association for the living and working environment of Tsirguliina<\/h2>\n\n\n\n<p class=\"is-style-checkmark-list\">The association was created to improve the quality of life and activities of people in the Tsirguliina region.<\/p>\n\n\n\n<ul class=\"wp-block-list is-style-checkmark-list\">\n<li>Active since 2020;<\/li>\n\n\n\n<li>contact person: Katre Kikkas, phone: <a href=\"tel:58228203\">5822 8203<\/a>; e-mail:&nbsp;<a href=\"mailto:katrekikkas@gmail.com\">katrekikkas@gmail.com<\/a><\/li>\n<\/ul>\n<\/div>\n\n\n\n<div class=\"wp-block-group wp-container-content-e29552f7 has-global-padding is-layout-constrained wp-container-core-group-is-layout-1965d1ed wp-block-group-is-layout-constrained\" style=\"padding-right:var(--wp--preset--spacing--10);padding-bottom:var(--wp--preset--spacing--10);padding-left:var(--wp--preset--spacing--10);box-shadow:var(--wp--preset--shadow--vaike-vari-1)\">\n<h2 class=\"wp-block-heading\" style=\"font-size:clamp(0.929rem, 0.929rem + ((1vw - 0.2rem) * 0.769), 1.4rem);\">Seltsing T\u00f5lliste Ministry of Economic Affairs<\/h2>\n\n\n\n<p class=\"is-style-checkmark-list\">The association was established for the development of the T\u00f5lliste region and for the creation of a good and attractive living environment.<\/p>\n\n\n\n<ul class=\"wp-block-list is-style-checkmark-list\">\n<li>operational since 2019;<\/li>\n\n\n\n<li>contact person: Andres Illak, phone: <a href=\"tel:53432422\">5343 2422<\/a>; e-mail:&nbsp;<a href=\"mailto:andresillak@gmail.com\">andresillak@gmail.com<\/a><\/li>\n<\/ul>\n<\/div>\n\n\n\n<div class=\"wp-block-group wp-container-content-e29552f7 has-global-padding is-layout-constrained wp-container-core-group-is-layout-1965d1ed wp-block-group-is-layout-constrained\" style=\"padding-right:var(--wp--preset--spacing--10);padding-bottom:var(--wp--preset--spacing--10);padding-left:var(--wp--preset--spacing--10);box-shadow:var(--wp--preset--shadow--vaike-vari-1)\">\n<h2 class=\"wp-block-heading\" style=\"font-size:clamp(0.929rem, 0.929rem + ((1vw - 0.2rem) * 0.769), 1.4rem);\">MT\u00dc T\u00f5lliste parish pensioners' association Elurada<\/h2>\n\n\n\n<ul class=\"wp-block-list is-style-checkmark-list\">\n<li>registration number: 80139775;<\/li>\n\n\n\n<li>active since 2001;<\/li>\n\n\n\n<li>contact person: Taivo T\u00e4ht, phone: 510 5312;<br>e-mail:&nbsp;<a href=\"mailto:taivo.taht@mail.ee\">taivo.taht@mail.ee<\/a><\/li>\n<\/ul>\n<\/div>\n\n\n\n<div class=\"wp-block-group wp-container-content-e29552f7 has-global-padding is-layout-constrained wp-container-core-group-is-layout-1965d1ed wp-block-group-is-layout-constrained\" style=\"padding-right:var(--wp--preset--spacing--10);padding-bottom:var(--wp--preset--spacing--10);padding-left:var(--wp--preset--spacing--10);box-shadow:var(--wp--preset--shadow--vaike-vari-1)\">\n<h2 class=\"wp-block-heading\" style=\"font-size:clamp(0.929rem, 0.929rem + ((1vw - 0.2rem) * 0.769), 1.4rem);\">NGO Fortissimo<\/h2>\n\n\n\n<ul class=\"wp-block-list is-style-checkmark-list\">\n<li>registration number: 80349981;<\/li>\n\n\n\n<li>active since 2015;<\/li>\n\n\n\n<li>contact person: Katre Kikkas, phone: <a href=\"tel:58228203\">5822 8203<\/a>; e-mail:&nbsp;<a href=\"mailto:katrekikkas@gmail.com\">katrekikkas@gmail.com<\/a><\/li>\n<\/ul>\n<\/div>\n\n\n\n<div class=\"wp-block-group wp-container-content-e29552f7 has-global-padding is-layout-constrained wp-container-core-group-is-layout-1965d1ed wp-block-group-is-layout-constrained\" style=\"padding-right:var(--wp--preset--spacing--10);padding-bottom:var(--wp--preset--spacing--10);padding-left:var(--wp--preset--spacing--10);box-shadow:var(--wp--preset--shadow--vaike-vari-1)\">\n<h2 class=\"wp-block-heading\" style=\"font-size:clamp(0.929rem, 0.929rem + ((1vw - 0.2rem) * 0.769), 1.4rem);\">Non-profit association Iigaste Village<\/h2>\n\n\n\n<ul class=\"wp-block-list is-style-checkmark-list\">\n<li>registration number: 80600257;<\/li>\n\n\n\n<li>operating from 2021;<\/li>\n\n\n\n<li>contact person: Riina Possul, phone: <a href=\"tel:56891544\">5689 1544<\/a>; e-mail:&nbsp;<a href=\"mailto:possulriina@gmail.com\">possulriina@gmail.com<\/a><\/li>\n<\/ul>\n<\/div>\n\n\n\n<div class=\"wp-block-group wp-container-content-e29552f7 has-global-padding is-layout-constrained wp-container-core-group-is-layout-1965d1ed wp-block-group-is-layout-constrained\" style=\"padding-right:var(--wp--preset--spacing--10);padding-bottom:var(--wp--preset--spacing--10);padding-left:var(--wp--preset--spacing--10);box-shadow:var(--wp--preset--shadow--vaike-vari-1)\">\n<h2 class=\"wp-block-heading\" style=\"font-size:clamp(0.929rem, 0.929rem + ((1vw - 0.2rem) * 0.769), 1.4rem);\">St. Lawrence of the Laatre Parish of the Estonian Evangelical Lutheran Church<\/h2>\n\n\n\n<ul class=\"wp-block-list is-style-checkmark-list\">\n<li>registration number: 80210467;<\/li>\n\n\n\n<li>Contact: Tanel Meiel, phone: <a href=\"tel:5018803\">501 8803<\/a>; e-mail:&nbsp;<a href=\"mailto:tanel.meiel@eelk.ee\">tanel.meiel@eelk.ee<\/a><\/li>\n<\/ul>\n<\/div>\n\n\n\n<div class=\"wp-block-group wp-container-content-e29552f7 has-global-padding is-layout-constrained wp-container-core-group-is-layout-1965d1ed wp-block-group-is-layout-constrained\" style=\"padding-right:var(--wp--preset--spacing--10);padding-bottom:var(--wp--preset--spacing--10);padding-left:var(--wp--preset--spacing--10);box-shadow:var(--wp--preset--shadow--vaike-vari-1)\">\n<h2 class=\"wp-block-heading\" style=\"font-size:clamp(0.929rem, 0.929rem + ((1vw - 0.2rem) * 0.769), 1.4rem);\">For Laat<\/h2>\n\n\n\n<ul class=\"wp-block-list is-style-checkmark-list\">\n<li>Registration number: 80622626;<\/li>\n\n\n\n<li>operational since 2023;<\/li>\n\n\n\n<li>contact person: Kristiina Ersto, <br>e-mail:&nbsp;<a href=\"mailto:kristiina.ersto@gmail.com\">kristiina.ersto@gmail.com<\/a><\/li>\n<\/ul>\n<\/div>\n\n\n\n<div class=\"wp-block-group wp-container-content-e29552f7 has-global-padding is-layout-constrained wp-container-core-group-is-layout-1965d1ed wp-block-group-is-layout-constrained\" style=\"padding-right:var(--wp--preset--spacing--10);padding-bottom:var(--wp--preset--spacing--10);padding-left:var(--wp--preset--spacing--10);box-shadow:var(--wp--preset--shadow--vaike-vari-1)\">\n<h2 class=\"wp-block-heading\" style=\"font-size:clamp(0.929rem, 0.929rem + ((1vw - 0.2rem) * 0.769), 1.4rem);\">Sooru Village Association<\/h2>\n\n\n\n<ul class=\"wp-block-list is-style-checkmark-list\">\n<li>registration number: 80629120;<\/li>\n\n\n\n<li>operational since 2023;<br>contact person: Lilia M\u00fcller, <br>e-mail:&nbsp;<a href=\"mailto:lilia.muller100@gmail.com\">lilia.muller100@gmail.com<\/a><\/li>\n<\/ul>\n<\/div>\n<\/div>","protected":false},"excerpt":{"rendered":"<p>Mittetulundus\u00fching JOUDE \u00dchingu eesm\u00e4rgiks on aidata kaasa kohaliku kogukonna arengule ja tagadarahvakultuuri hoidmine eluj\u00f5ulisena, mille saavutamiseks teostatakse muuhulgasj\u00e4rgmisi tegevusi: MT\u00dc Midrilinnud MT\u00dc T\u00f5lliste- Puka-Sangaste segakoor MT\u00dc asutati peale valdade liitmist [&hellip;]<\/p>\n","protected":false},"author":1,"featured_media":0,"parent":1550,"menu_order":2,"comment_status":"closed","ping_status":"closed","template":"page-wide","meta":{"_EventAllDay":false,"_EventTimezone":"","_EventStartDate":"","_EventEndDate":"","_EventStartDateUTC":"","_EventEndDateUTC":"","_EventShowMap":false,"_EventShowMapLink":false,"_EventURL":"","_EventCost":"","_EventCostDescription":"","_EventCurrencySymbol":"","_EventCurrencyCode":"","_EventCurrencyPosition":"","_EventDateTimeSeparator":"","_EventTimeRangeSeparator":"","_EventOrganizerID":[],"_EventVenueID":[],"_OrganizerEmail":"","_OrganizerPhone":"","_OrganizerWebsite":"","_VenueAddress":"","_VenueCity":"","_VenueCountry":"","_VenueProvince":"","_VenueState":"","_VenueZip":"","_VenuePhone":"","_VenueURL":"","_VenueStateProvince":"","_VenueLat":"","_VenueLng":"","_VenueShowMap":false,"_VenueShowMapLink":false,"slim_seo":{"title":"T\u00f5lliste piirkond - Valga vald","description":"Mittetulundus\u00fching JOUDE \u00dchingu eesm\u00e4rgiks on aidata kaasa kohaliku kogukonna arengule ja tagada rahvakultuuri hoidmine eluj\u00f5ulisena, mille saavutamiseks teosta"},"footnotes":""},"class_list":["post-2205","page","type-page","status-publish","hentry"],"_links":{"self":[{"href":"https:\/\/valga.ee\/en\/wp-json\/wp\/v2\/pages\/2205","targetHints":{"allow":["GET"]}}],"collection":[{"href":"https:\/\/valga.ee\/en\/wp-json\/wp\/v2\/pages"}],"about":[{"href":"https:\/\/valga.ee\/en\/wp-json\/wp\/v2\/types\/page"}],"author":[{"embeddable":true,"href":"https:\/\/valga.ee\/en\/wp-json\/wp\/v2\/users\/1"}],"replies":[{"embeddable":true,"href":"https:\/\/valga.ee\/en\/wp-json\/wp\/v2\/comments?post=2205"}],"version-history":[{"count":8,"href":"https:\/\/valga.ee\/en\/wp-json\/wp\/v2\/pages\/2205\/revisions"}],"predecessor-version":[{"id":2514,"href":"https:\/\/valga.ee\/en\/wp-json\/wp\/v2\/pages\/2205\/revisions\/2514"}],"up":[{"embeddable":true,"href":"https:\/\/valga.ee\/en\/wp-json\/wp\/v2\/pages\/1550"}],"wp:attachment":[{"href":"https:\/\/valga.ee\/en\/wp-json\/wp\/v2\/media?parent=2205"}],"curies":[{"name":"wp","href":"https:\/\/api.w.org\/{rel}","templated":true}]}}