{"id":2202,"date":"2025-09-02T16:06:15","date_gmt":"2025-09-02T13:06:15","guid":{"rendered":"https:\/\/valga.ee\/?page_id=2202"},"modified":"2025-09-03T09:38:03","modified_gmt":"2025-09-03T06:38:03","slug":"karula-piirkond","status":"publish","type":"page","link":"https:\/\/valga.ee\/en\/haridus-kultuur-kogukond-sport\/kogukond\/mittetulundusuhingud-ja-seltsingud\/karula-piirkond\/","title":{"rendered":"Karula region"},"content":{"rendered":"<div class=\"wp-block-group is-layout-grid wp-container-core-group-is-layout-478b6e6b wp-block-group-is-layout-grid\">\n<div class=\"wp-block-group wp-container-content-e29552f7 has-global-padding is-layout-constrained wp-container-core-group-is-layout-1965d1ed wp-block-group-is-layout-constrained\" style=\"padding-right:var(--wp--preset--spacing--10);padding-bottom:var(--wp--preset--spacing--10);padding-left:var(--wp--preset--spacing--10);box-shadow:var(--wp--preset--shadow--vaike-vari-1)\">\n<h2 class=\"wp-block-heading\" style=\"font-size:clamp(0.929rem, 0.929rem + ((1vw - 0.2rem) * 0.769), 1.4rem);\">L\u00fcllem\u00e4e Folk High School<\/h2>\n\n\n\n<ul class=\"wp-block-list is-style-checkmark-list\">\n<li>registration number: 80068615<\/li>\n\n\n\n<li>active since 1995;<\/li>\n\n\n\n<li>contact person: Ene Kaas, phone: <a href=\"tel:53301511\">5330 1511<\/a>; <br>e-mail:&nbsp;<a href=\"mailto:enekaas@gmail.com\">enekaas@gmail.com<\/a>;<\/li>\n\n\n\n<li>contact: village L\u00fcllem\u00e4e, Karula parish, 68116, Valgamaa; phone: <a href=\"tel:7697245\">769 7245<\/a>, <a href=\"tel:5205072\">520 5072<\/a>; <br>e-mail:&nbsp;<a href=\"mailto:opistu@gmail.com\">opistu@gmail.com<\/a>; <\/li>\n\n\n\n<li><a href=\"http:\/\/opistu.net.ee\">website<\/a> <span class=\"wp-rich-text-font-awesome-icon wp-font-awesome-icon\"><svg aria-hidden=\"true\" focusable=\"false\" data-prefix=\"fas\" data-icon=\"arrow-up-right-from-square\" class=\"svg-inline--fa fa-arrow-up-right-from-square\" role=\"img\" xmlns=\"http:\/\/www.w3.org\/2000\/svg\" viewbox=\"0 0 512 512\"><path fill=\"currentColor\" d=\"M320 0c-17.7 0-32 14.3-32 32s14.3 32 32 32l82.7 0L201.4 265.4c-12.5 12.5-12.5 32.8 0 45.3s32.8 12.5 45.3 0L448 109.3l0 82.7c0 17.7 14.3 32 32 32s32-14.3 32-32l0-160c0-17.7-14.3-32-32-32L320 0zM80 32C35.8 32 0 67.8 0 112L0 432c0 44.2 35.8 80 80 80l320 0c44.2 0 80-35.8 80-80l0-112c0-17.7-14.3-32-32-32s-32 14.3-32 32l0 112c0 8.8-7.2 16-16 16L80 448c-8.8 0-16-7.2-16-16l0-320c0-8.8 7.2-16 16-16l112 0c17.7 0 32-14.3 32-32s-14.3-32-32-32L80 32z\"><\/path><\/svg><\/span><\/li>\n<\/ul>\n<\/div>\n\n\n\n<div class=\"wp-block-group wp-container-content-e29552f7 has-global-padding is-layout-constrained wp-container-core-group-is-layout-1965d1ed wp-block-group-is-layout-constrained\" style=\"padding-right:var(--wp--preset--spacing--10);padding-bottom:var(--wp--preset--spacing--10);padding-left:var(--wp--preset--spacing--10);box-shadow:var(--wp--preset--shadow--vaike-vari-1)\">\n<h2 class=\"wp-block-heading\" style=\"font-size:clamp(0.929rem, 0.929rem + ((1vw - 0.2rem) * 0.769), 1.4rem);\">Tramburai and Bamba MT\u00dc<\/h2>\n\n\n\n<ul class=\"wp-block-list is-style-checkmark-list\">\n<li>Registration number: 80373028;<\/li>\n\n\n\n<li>active since 2014;<\/li>\n\n\n\n<li>contact person: Maritta Pillaroo, <br>telephone: <a href=\"tel:55570788\">5557 0788<\/a>; <br>e-mail:&nbsp;<a href=\"mailto:maritta.pillaroo@hotmail.com\">maritta.pillaroo@hotmail.com<\/a><\/li>\n<\/ul>\n<\/div>\n\n\n\n<div class=\"wp-block-group wp-container-content-e29552f7 has-global-padding is-layout-constrained wp-container-core-group-is-layout-1965d1ed wp-block-group-is-layout-constrained\" style=\"padding-right:var(--wp--preset--spacing--10);padding-bottom:var(--wp--preset--spacing--10);padding-left:var(--wp--preset--spacing--10);box-shadow:var(--wp--preset--shadow--vaike-vari-1)\">\n<h2 class=\"wp-block-heading\" style=\"font-size:clamp(0.929rem, 0.929rem + ((1vw - 0.2rem) * 0.769), 1.4rem);\">Karula Cultural Society<\/h2>\n\n\n\n<ul class=\"wp-block-list is-style-checkmark-list\">\n<li>registration number: 80322189;<\/li>\n\n\n\n<li>since 2011;<\/li>\n\n\n\n<li>contact Mart Vanags, telephone: <a href=\"tel:5023853\">502 3853<\/a>; e-mail:&nbsp;<a href=\"mailto:martvanags@gmail.com\">martvanags@gmail.com<\/a>.<\/li>\n<\/ul>\n<\/div>\n\n\n\n<div class=\"wp-block-group wp-container-content-185cc44b has-global-padding is-layout-constrained wp-container-core-group-is-layout-1965d1ed wp-block-group-is-layout-constrained\" style=\"padding-right:var(--wp--preset--spacing--10);padding-bottom:var(--wp--preset--spacing--10);padding-left:var(--wp--preset--spacing--10);box-shadow:var(--wp--preset--shadow--vaike-vari-1)\">\n<h2 class=\"wp-block-heading\" style=\"font-size:clamp(0.929rem, 0.929rem + ((1vw - 0.2rem) * 0.769), 1.4rem);\">Karula Naisselts<\/h2>\n\n\n\n<p class=\"is-style-checkmark-list\">The statutes of the association are concerned with the leisure activities of its members and the improvement of their skills in crafts and home economics. The handicrafts made by the members have been presented at various exhibitions and sold at fairs, exhibitions and craft fairs. In the last few years, knitwear - shawls, linen and woollen items - has been on the market. The revival of folk craft traditions includes the production of folk clothing.<\/p>\n\n\n\n<ul class=\"wp-block-list is-style-checkmark-list\">\n<li>registration number: 80120818;<\/li>\n\n\n\n<li>active since 1994;<\/li>\n\n\n\n<li>contact persons: \n<ul class=\"wp-block-list\">\n<li>Eha Kotov, telephone: <a href=\"tel:53446407\">5344 6407<\/a>; <br>e-mail:&nbsp;<a href=\"mailto:eha.kotov@gmail.com\">eha.kotov@gmail.com<\/a>; <\/li>\n\n\n\n<li>\u00d5nneke Hermaste, telephone <a href=\"tel:53090670\">5309 0670<\/a><\/li>\n<\/ul>\n<\/li>\n<\/ul>\n<\/div>\n\n\n\n<div class=\"wp-block-group wp-container-content-e29552f7 has-global-padding is-layout-constrained wp-container-core-group-is-layout-1965d1ed wp-block-group-is-layout-constrained\" style=\"padding-right:var(--wp--preset--spacing--10);padding-bottom:var(--wp--preset--spacing--10);padding-left:var(--wp--preset--spacing--10);box-shadow:var(--wp--preset--shadow--vaike-vari-1)\">\n<h2 class=\"wp-block-heading\" style=\"font-size:clamp(0.929rem, 0.929rem + ((1vw - 0.2rem) * 0.769), 1.4rem);\">Karula Parish of the Estonian Evangelical Lutheran Church<\/h2>\n\n\n\n<ul class=\"wp-block-list is-style-checkmark-list\">\n<li>Registration number: 80210993;<\/li>\n\n\n\n<li>contact Enno Tanilas, phone 529 6516; e-mail:&nbsp;<a href=\"mailto:enno.tanilas@eelk.ee?subject=S%C3%B5num%20Valga%20valla%20kodulehelt\">enno.tanilas@eelk.ee<\/a><\/li>\n<\/ul>\n<\/div>\n\n\n\n<div class=\"wp-block-group wp-container-content-e29552f7 has-global-padding is-layout-constrained wp-container-core-group-is-layout-1965d1ed wp-block-group-is-layout-constrained\" style=\"padding-right:var(--wp--preset--spacing--10);padding-bottom:var(--wp--preset--spacing--10);padding-left:var(--wp--preset--spacing--10);box-shadow:var(--wp--preset--shadow--vaike-vari-1)\">\n<h2 class=\"wp-block-heading\" style=\"font-size:clamp(0.929rem, 0.929rem + ((1vw - 0.2rem) * 0.769), 1.4rem);\">MT\u00dc Karula Sports Club<\/h2>\n\n\n\n<p class=\"is-style-checkmark-list\">Leading and organising sports and events.<\/p>\n\n\n\n<ul class=\"wp-block-list is-style-checkmark-list\">\n<li>L\u00fcllem\u00e4e village, 68116, Valga rural municipality, Valga county;&nbsp;<\/li>\n\n\n\n<li>contact: Valev Sisov, phone: 526 9020;&nbsp;<a href=\"mailto:valev.sisov@gmail.com\">valev.sisov@gmail.com<\/a><\/li>\n<\/ul>\n<\/div>\n\n\n\n<div class=\"wp-block-group wp-container-content-e29552f7 has-global-padding is-layout-constrained wp-container-core-group-is-layout-1965d1ed wp-block-group-is-layout-constrained\" style=\"padding-right:var(--wp--preset--spacing--10);padding-bottom:var(--wp--preset--spacing--10);padding-left:var(--wp--preset--spacing--10);box-shadow:var(--wp--preset--shadow--vaike-vari-1)\">\n<h2 class=\"wp-block-heading\" style=\"font-size:clamp(0.929rem, 0.929rem + ((1vw - 0.2rem) * 0.769), 1.4rem);\">MT\u00dc Orienteerumisklubi Juku-Peedu<\/h2>\n\n\n\n<p class=\"is-style-checkmark-list\">Orientation in nature with the help of a map and a compass, especially in the Karula region.<\/p>\n\n\n\n<ul class=\"wp-block-list is-style-checkmark-list\">\n<li>registration number: 82262257;<\/li>\n\n\n\n<li>established: 16.12.2007;<\/li>\n\n\n\n<li>contact person: Toivo Kotov, phone: <a href=\"tel:58455651\">5845 5651<\/a>, e-mail:&nbsp;<a href=\"mailto:toivokotov@hot.ee\">toivokotov@hot.ee<\/a><\/li>\n<\/ul>\n<\/div>\n\n\n\n<div class=\"wp-block-group wp-container-content-e29552f7 has-global-padding is-layout-constrained wp-container-core-group-is-layout-1965d1ed wp-block-group-is-layout-constrained\" style=\"padding-right:var(--wp--preset--spacing--10);padding-bottom:var(--wp--preset--spacing--10);padding-left:var(--wp--preset--spacing--10);box-shadow:var(--wp--preset--shadow--vaike-vari-1)\">\n<h2 class=\"wp-block-heading\" style=\"font-size:clamp(0.929rem, 0.929rem + ((1vw - 0.2rem) * 0.769), 1.4rem);\">Karula Hoiu Association<\/h2>\n\n\n\n<ul class=\"wp-block-list is-style-checkmark-list\">\n<li>\u00c4hij\u00e4rve village, Antsla parish, 66420, V\u00f5rumaa<strong>&nbsp;<\/strong><\/li>\n\n\n\n<li>contact: Mats Meriste<strong>,<\/strong>&nbsp;e-mail:&nbsp;<a href=\"mailto:kiri@khy.ee\">kiri@khy.ee<\/a><\/li>\n<\/ul>\n<\/div>\n\n\n\n<div class=\"wp-block-group wp-container-content-e29552f7 has-global-padding is-layout-constrained wp-container-core-group-is-layout-1965d1ed wp-block-group-is-layout-constrained\" style=\"padding-right:var(--wp--preset--spacing--10);padding-bottom:var(--wp--preset--spacing--10);padding-left:var(--wp--preset--spacing--10);box-shadow:var(--wp--preset--shadow--vaike-vari-1)\">\n<h2 class=\"wp-block-heading\" style=\"font-size:clamp(0.929rem, 0.929rem + ((1vw - 0.2rem) * 0.769), 1.4rem);\">MT\u00dc Karula-L\u00fcllem\u00e4e Health and Sports Centre<\/h2>\n\n\n\n<ul class=\"wp-block-list is-style-checkmark-list\">\n<li>Contact Valev Sisov, telephone: <a href=\"tel:5269020\">526 9020<\/a>; <\/li>\n\n\n\n<li><a href=\"http:\/\/www.karulatsk.ee\/\" target=\"_blank\" rel=\"noreferrer noopener\">website<\/a> <span class=\"wp-rich-text-font-awesome-icon wp-font-awesome-icon\"><svg aria-hidden=\"true\" focusable=\"false\" data-prefix=\"fas\" data-icon=\"arrow-up-right-from-square\" class=\"svg-inline--fa fa-arrow-up-right-from-square\" role=\"img\" xmlns=\"http:\/\/www.w3.org\/2000\/svg\" viewbox=\"0 0 512 512\"><path fill=\"currentColor\" d=\"M320 0c-17.7 0-32 14.3-32 32s14.3 32 32 32l82.7 0L201.4 265.4c-12.5 12.5-12.5 32.8 0 45.3s32.8 12.5 45.3 0L448 109.3l0 82.7c0 17.7 14.3 32 32 32s32-14.3 32-32l0-160c0-17.7-14.3-32-32-32L320 0zM80 32C35.8 32 0 67.8 0 112L0 432c0 44.2 35.8 80 80 80l320 0c44.2 0 80-35.8 80-80l0-112c0-17.7-14.3-32-32-32s-32 14.3-32 32l0 112c0 8.8-7.2 16-16 16L80 448c-8.8 0-16-7.2-16-16l0-320c0-8.8 7.2-16 16-16l112 0c17.7 0 32-14.3 32-32s-14.3-32-32-32L80 32z\"><\/path><\/svg><\/span><\/li>\n<\/ul>\n<\/div>\n\n\n\n<div class=\"wp-block-group wp-container-content-18badc6f has-global-padding is-layout-constrained wp-container-core-group-is-layout-1965d1ed wp-block-group-is-layout-constrained\" style=\"padding-right:var(--wp--preset--spacing--10);padding-bottom:var(--wp--preset--spacing--10);padding-left:var(--wp--preset--spacing--10);box-shadow:var(--wp--preset--shadow--vaike-vari-1)\">\n<h2 class=\"wp-block-heading\" style=\"font-size:clamp(0.929rem, 0.929rem + ((1vw - 0.2rem) * 0.769), 1.4rem);\">Karula Heritage Society<\/h2>\n\n\n\n<p class=\"is-style-checkmark-list\">The society brings together people interested in history. Through word and deed, it aims to maintain the continuity of culture, preserve the nation's historical memory and restore a human and culturally friendly living environment in accordance with the historically developed values of the Estonian people. It provides information on heritage protection, contributes to the maintenance and restoration of monuments, collects and preserves folk traditions and memories, and publishes publications on heritage protection. Organises gatherings, exhibitions, heritage days and celebrations of monuments and sites, commemorations of historical persons and events.<\/p>\n\n\n\n<ul class=\"wp-block-list is-style-checkmark-list\">\n<li>registration number: 80087305;<\/li>\n\n\n\n<li>active since 1989;<\/li>\n\n\n\n<li>contact person: Vaike-Hele Puudersell, <br>telephone: <a href=\"tel:5216386\">521 6386<\/a>, <br>e-mail:&nbsp;<a href=\"mailto:vaike.puudersell@mail.ee\">vaike.puudersell@mail.ee<\/a>;<\/li>\n\n\n\n<li>address: L\u00fcllem\u00e4e village, Valga rural municipality, 68116, Valgamaa.<\/li>\n<\/ul>\n<\/div>\n\n\n\n<div class=\"wp-block-group wp-container-content-18badc6f has-global-padding is-layout-constrained wp-container-core-group-is-layout-1965d1ed wp-block-group-is-layout-constrained\" style=\"padding-right:var(--wp--preset--spacing--10);padding-bottom:var(--wp--preset--spacing--10);padding-left:var(--wp--preset--spacing--10);box-shadow:var(--wp--preset--shadow--vaike-vari-1)\">\n<h2 class=\"wp-block-heading\" style=\"font-size:clamp(0.929rem, 0.929rem + ((1vw - 0.2rem) * 0.769), 1.4rem);\">NGO Karula Voluntary Firefighting Association<\/h2>\n\n\n\n<p class=\"is-style-checkmark-list\">The Karula Voluntary Firefighting Association was established in 2009. We are an official contract partner of the Rescue Board and a member of the Estonian Association of Firefighters, working closely with them. All year round and 24 hours a day, there are 2 men on home guard, ready to respond to an emergency. The association owns three ambulances, which are used to provide various rescue services. Our area is within a 25 km radius of the Karula depot. We are the only volunteer fire brigade in Valga municipality. In 2017, we responded to 55 incidents. Since 2017, Karula volunteer rescuers are much more involved in safety prevention work. They are involved in organising various events (open and information days, Karula village day, spring clean-up), carrying out home visits, contributing to organising various sporting events where water or help is needed, setting up slides for children, etc. The volunteers are now more active in 2017. The aim is to make our village safer. \"For the glory of God, for the protection of neighbour!\"<\/p>\n\n\n\n<ul class=\"wp-block-list is-style-checkmark-list\">\n<li>Contact person: Veiko Pormeister, <br>telephone: <a href=\"tel:5287277\">528 7277<\/a>; <br>e-mail: <a href=\"mailto:veiko.pormeister@gmail.com\">veiko.pormeister@gmail.com<\/a><\/li>\n<\/ul>\n<\/div>\n\n\n\n<div class=\"wp-block-group wp-container-content-e29552f7 has-global-padding is-layout-constrained wp-container-core-group-is-layout-1965d1ed wp-block-group-is-layout-constrained\" style=\"padding-right:var(--wp--preset--spacing--10);padding-bottom:var(--wp--preset--spacing--10);padding-left:var(--wp--preset--spacing--10);box-shadow:var(--wp--preset--shadow--vaike-vari-1)\">\n<h2 class=\"wp-block-heading\" style=\"font-size:clamp(0.929rem, 0.929rem + ((1vw - 0.2rem) * 0.769), 1.4rem);\">Koobassaare Village Association Society<\/h2>\n\n\n\n<p class=\"is-style-checkmark-list\">We organise joint Midsummer celebrations. The village has a marquee, extension cord and benches for events.<\/p>\n\n\n\n<ul class=\"wp-block-list is-style-checkmark-list\">\n<li>Contact person: Rein Kukk, phone: <a href=\"tel:5174904\">517 4904<\/a><\/li>\n<\/ul>\n<\/div>\n\n\n\n<div class=\"wp-block-group wp-container-content-e29552f7 has-global-padding is-layout-constrained wp-container-core-group-is-layout-1965d1ed wp-block-group-is-layout-constrained\" style=\"padding-right:var(--wp--preset--spacing--10);padding-bottom:var(--wp--preset--spacing--10);padding-left:var(--wp--preset--spacing--10);box-shadow:var(--wp--preset--shadow--vaike-vari-1)\">\n<h2 class=\"wp-block-heading\" style=\"font-size:clamp(0.929rem, 0.929rem + ((1vw - 0.2rem) * 0.769), 1.4rem);\">Seltsing JMKE<\/h2>\n\n\n\n<p class=\"is-style-checkmark-list\">It will operate from 2021.<\/p>\n\n\n\n<ul class=\"wp-block-list\">\n<li>Contact Eva Kalu, phone 5557 8043; e-mail:&nbsp;<a href=\"mailto:eva.kalu74@hotmail.com\">eva.kalu74@hotmail.com<\/a><\/li>\n<\/ul>\n<\/div>\n\n\n\n<div class=\"wp-block-group wp-container-content-18badc6f has-global-padding is-layout-constrained wp-container-core-group-is-layout-1965d1ed wp-block-group-is-layout-constrained\" style=\"padding-right:var(--wp--preset--spacing--10);padding-bottom:var(--wp--preset--spacing--10);padding-left:var(--wp--preset--spacing--10);box-shadow:var(--wp--preset--shadow--vaike-vari-1)\">\n<h2 class=\"wp-block-heading\" style=\"font-size:clamp(0.929rem, 0.929rem + ((1vw - 0.2rem) * 0.769), 1.4rem);\">Riisali Village Association<\/h2>\n\n\n\n<p class=\"is-style-checkmark-list\">The Riisali Village Association was established on 9 March 2012 with the aim of promoting village life, improving human relations, preserving national culture and focusing people's attention on well-being. The members of the association work on a voluntary basis. The Association is also a member of the Estonian Village Movement Kodukant.    The village people themselves give the Riisali area its face and soul by their own efforts and positivity to do something for themselves. This is one important thing that builds a sense of unity and creates good opportunities to live in a place where you are cared for, noticed and helped when needed. It's what keeps the spirit in the village, and it's what keeps it thriving.   The Association's first activities were a clean-up and a Midsummer's Day in Riisal.  They would like to intensify cooperation with the parish government and parish councillors, other villages, businesses and NGOs to find ways and solutions to improve life in the village. As the association lacks financial resources, we would offer to invest will, talent and energy in joint ventures.<\/p>\n\n\n\n<ul class=\"wp-block-list is-style-checkmark-list\">\n<li>Contact person: Tiina Lall, phone:&nbsp;<a href=\"tel:55615300\">5561 5300<\/a>;&nbsp;<br>e-mail:&nbsp;<a href=\"mailto:riisalikulaselts@gmail.com\">riisalikulaselts@gmail.com<\/a><\/li>\n<\/ul>\n<\/div>\n\n\n\n<div class=\"wp-block-group wp-container-content-18badc6f has-global-padding is-layout-constrained wp-container-core-group-is-layout-1965d1ed wp-block-group-is-layout-constrained\" style=\"padding-right:var(--wp--preset--spacing--10);padding-bottom:var(--wp--preset--spacing--10);padding-left:var(--wp--preset--spacing--10);box-shadow:var(--wp--preset--shadow--vaike-vari-1)\">\n<h2 class=\"wp-block-heading\" style=\"font-size:clamp(0.929rem, 0.929rem + ((1vw - 0.2rem) * 0.769), 1.4rem);\">Non-profit organisation Ministry of Sauna<\/h2>\n\n\n\n<p class=\"is-style-checkmark-list\">The NGO Sauna Ministry is an association founded in 2022 and grew out of the Friendship of Saunas. The founding agreement was signed on 8 March 2022 and the association was registered on 15 March 2023. The association has 13 founding members. By 2024 the membership has grown to 18 members. The area of operation is the whole Valga municipality and in 2023 it was mainly the city of Valga. In order to achieve its statutory objectives, the association produces various sauna products and is engaged in rental services. The association through its sales activities managed to collect income, which has been mainly used for self-financing projects. The association does not have any paid employees and everything is done on a voluntary basis. The association is a member of the regional network Kotus and the NGO Valgamaa Partnership Council. In 2024, the Ministry of Saunas, in cooperation with the Valga Partnership Council, started a cooperation project with the organisers of a Finnish twinning region sauna festival. Our partner in Finland is the Sauna-Ajot team of Teuva city.<\/p>\n\n\n\n<p>ACKNOWLEDGEMENTS<\/p>\n\n\n\n<p>Best in the NGO category at the competition \"Good Estonia - Estonian name for Estonian company in 2022\" of the Mother Tongue Society and the Language Board.<\/p>\n\n\n\n<p>Valgamaa NGO and Valuable Home 2023 winner of the competition \"Heats Valga up\"<\/p>\n\n\n\n<p>Laureate of the Valga Municipality's Year Ring 2024 \" preservation and development of sauna culture, organiser of the Sauna Street Festival\".<\/p>\n\n\n\n<ul class=\"wp-block-list is-style-checkmark-list\">\n<li>reg code: 80608626<\/li>\n\n\n\n<li>Operational from 2022<\/li>\n\n\n\n<li>contact Marek Mekk, phone: <a href=\"tel:5237793\">523 7793<\/a>, <br>e-mail:\u00a0<a href=\"mailto:marek.mekk@gmail.com\">marek.mekk@gmail.com<\/a><\/li>\n<\/ul>\n<\/div>\n\n\n\n<div class=\"wp-block-group wp-container-content-e29552f7 has-global-padding is-layout-constrained wp-container-core-group-is-layout-1965d1ed wp-block-group-is-layout-constrained\" style=\"padding-right:var(--wp--preset--spacing--10);padding-bottom:var(--wp--preset--spacing--10);padding-left:var(--wp--preset--spacing--10);box-shadow:var(--wp--preset--shadow--vaike-vari-1)\">\n<h2 class=\"wp-block-heading\" style=\"font-size:clamp(0.929rem, 0.929rem + ((1vw - 0.2rem) * 0.769), 1.4rem);\">L\u00fcllem\u00e4e P\u00f5hikooli Heaks NGO<\/h2>\n\n\n\n<ul class=\"wp-block-list is-style-checkmark-list\">\n<li>registration number: 80634500;<\/li>\n\n\n\n<li>operational since 2023;<\/li>\n\n\n\n<li>contact person: Maigi Lepik, <br>e-mail:\u00a0<a href=\"mailto:kooliheaks@karula.edu.ee\">kooliheaks@karula.edu.ee<\/a><\/li>\n<\/ul>\n<\/div>\n\n\n\n<div class=\"wp-block-group wp-container-content-e29552f7 has-global-padding is-layout-constrained wp-container-core-group-is-layout-1965d1ed wp-block-group-is-layout-constrained\" style=\"padding-right:var(--wp--preset--spacing--10);padding-bottom:var(--wp--preset--spacing--10);padding-left:var(--wp--preset--spacing--10);box-shadow:var(--wp--preset--shadow--vaike-vari-1)\">\n<h2 class=\"wp-block-heading\" style=\"font-size:clamp(0.929rem, 0.929rem + ((1vw - 0.2rem) * 0.769), 1.4rem);\">Seltsing Soorebased<\/h2>\n\n\n\n<ul class=\"wp-block-list is-style-checkmark-list\">\n<li>will operate from 2022.<\/li>\n\n\n\n<li>contact person: Liina J\u00fcrgel, phone: <a href=\"tel:58836601\">5883 6601<\/a>; e-mail:\u00a0<a href=\"mailto:liinatsimmer@gmail.com\">liinatsimmer@gmail.com<\/a><\/li>\n<\/ul>\n<\/div>\n\n\n\n<div class=\"wp-block-group wp-container-content-e29552f7 has-global-padding is-layout-constrained wp-container-core-group-is-layout-1965d1ed wp-block-group-is-layout-constrained\" style=\"padding-right:var(--wp--preset--spacing--10);padding-bottom:var(--wp--preset--spacing--10);padding-left:var(--wp--preset--spacing--10);box-shadow:var(--wp--preset--shadow--vaike-vari-1)\">\n<h2 class=\"wp-block-heading\" style=\"font-size:clamp(0.929rem, 0.929rem + ((1vw - 0.2rem) * 0.769), 1.4rem);\">NGO Rebasem\u00f5isa<\/h2>\n\n\n\n<p class=\"is-style-checkmark-list\">Staging and performing of concerts, musical creation and similar activities.<\/p>\n\n\n\n<ul class=\"wp-block-list is-style-checkmark-list\">\n<li>occupied 03.10.2023<\/li>\n\n\n\n<li>registration code 80631909<\/li>\n\n\n\n<li>Number of members 2<\/li>\n\n\n\n<li>A place where action is taken: Valga municipality<\/li>\n\n\n\n<li>Liina J\u00fcrgel 58836601\u00a0<a href=\"mailto:liinajurgel@gmail.com\">liinajurgel@gmail.com<\/a><\/li>\n<\/ul>\n<\/div>\n<\/div>","protected":false},"excerpt":{"rendered":"<p>L\u00fcllem\u00e4e Rahva\u00f5pistu Tramburai ja Bamba MT\u00dc Karula Kultuuriselts Karula Naisselts Tegeletakse p\u00f5hikirja alusel seltsi liikmete vaba aja sisustamise ja oskuste t\u00e4iendamisega k\u00e4sit\u00f6\u00f6 ja kodumajanduse alal. Omavalmistatud k\u00e4sit\u00f6\u00f6d on tutvustatud erinevatel [&hellip;]<\/p>\n","protected":false},"author":1,"featured_media":0,"parent":1550,"menu_order":1,"comment_status":"closed","ping_status":"closed","template":"page-wide","meta":{"_EventAllDay":false,"_EventTimezone":"","_EventStartDate":"","_EventEndDate":"","_EventStartDateUTC":"","_EventEndDateUTC":"","_EventShowMap":false,"_EventShowMapLink":false,"_EventURL":"","_EventCost":"","_EventCostDescription":"","_EventCurrencySymbol":"","_EventCurrencyCode":"","_EventCurrencyPosition":"","_EventDateTimeSeparator":"","_EventTimeRangeSeparator":"","_EventOrganizerID":[],"_EventVenueID":[],"_OrganizerEmail":"","_OrganizerPhone":"","_OrganizerWebsite":"","_VenueAddress":"","_VenueCity":"","_VenueCountry":"","_VenueProvince":"","_VenueState":"","_VenueZip":"","_VenuePhone":"","_VenueURL":"","_VenueStateProvince":"","_VenueLat":"","_VenueLng":"","_VenueShowMap":false,"_VenueShowMapLink":false,"slim_seo":{"title":"Karula region - Valga Parish","description":"L\u00fcllem\u00e4e Folk High School Tramburai and Bamba NGO Karula Culture Society Karula Women's Society The activities are based on the statutes to organise leisure time for the society's members and to develop skills"},"footnotes":""},"class_list":["post-2202","page","type-page","status-publish","hentry"],"_links":{"self":[{"href":"https:\/\/valga.ee\/en\/wp-json\/wp\/v2\/pages\/2202","targetHints":{"allow":["GET"]}}],"collection":[{"href":"https:\/\/valga.ee\/en\/wp-json\/wp\/v2\/pages"}],"about":[{"href":"https:\/\/valga.ee\/en\/wp-json\/wp\/v2\/types\/page"}],"author":[{"embeddable":true,"href":"https:\/\/valga.ee\/en\/wp-json\/wp\/v2\/users\/1"}],"replies":[{"embeddable":true,"href":"https:\/\/valga.ee\/en\/wp-json\/wp\/v2\/comments?post=2202"}],"version-history":[{"count":21,"href":"https:\/\/valga.ee\/en\/wp-json\/wp\/v2\/pages\/2202\/revisions"}],"predecessor-version":[{"id":2471,"href":"https:\/\/valga.ee\/en\/wp-json\/wp\/v2\/pages\/2202\/revisions\/2471"}],"up":[{"embeddable":true,"href":"https:\/\/valga.ee\/en\/wp-json\/wp\/v2\/pages\/1550"}],"wp:attachment":[{"href":"https:\/\/valga.ee\/en\/wp-json\/wp\/v2\/media?parent=2202"}],"curies":[{"name":"wp","href":"https:\/\/api.w.org\/{rel}","templated":true}]}}