{"id":2162,"date":"2025-09-02T16:05:18","date_gmt":"2025-09-02T13:05:18","guid":{"rendered":"https:\/\/valga.ee\/?page_id=2162"},"modified":"2025-10-02T12:43:01","modified_gmt":"2025-10-02T09:43:01","slug":"kliima-ja-energiakava","status":"publish","type":"page","link":"https:\/\/valga.ee\/en\/juhtimine-ja-majandus\/valla-juhtimine\/kliima-ja-energiakava\/","title":{"rendered":"Climate and energy plan"},"content":{"rendered":"<div class=\"wp-block-columns is-layout-flex wp-container-core-columns-is-layout-658170e2 wp-block-columns-is-layout-flex\">\n<div class=\"wp-block-column is-layout-flow wp-block-column-is-layout-flow\" style=\"flex-basis:70%\">\n<h2 class=\"wp-block-heading\">Climate and Energy Plan 2035 for Valga municipality<\/h2>\n\n\n\n<p>The Valga Municipality Climate and Energy Plan 2035 has been finalised. The plan will be submitted to the Valga Municipal Council for adoption. The preparation of the Valga Municipality Climate and Energy Plan, initiated on 12.12.2024, was carried out in cooperation with the Valgamaa Development Agency and the T\u00f5rva and Otep\u00e4\u00e4 Municipality authorities. As a result of the cooperation, the climate and energy plan of Valga County and the climate and energy plan of each local municipality were prepared.<\/p>\n\n\n\n<p>Public engagement events during the preparation of the plan:<\/p>\n\n\n\n<ul class=\"wp-block-list\">\n<li>On 04.03.2025, Valga County Development Agency in cooperation with the local authorities of Valga County organised an opening seminar on the preparation of climate and energy plans at the Valga Cultural Centre.<\/li>\n\n\n\n<li>04.08-17.08.2025 public consultation.<\/li>\n\n\n\n<li>A public consultation on the climate and energy plan was held on 25.08.2025. The public consultation was held simultaneously in three municipalities and online.<\/li>\n<\/ul>\n\n\n\n<p>Draft climate and energy plan:<\/p>\n\n\n\n<ul class=\"wp-block-list\">\n<li><a href=\"https:\/\/valga.ee\/wp-content\/uploads\/2025\/10\/M_Lisa-1_Valga-valla-kliima-ja-energiakava-2035.pdf\" data-type=\"link\" data-id=\"https:\/\/valga.ee\/wp-content\/uploads\/2025\/10\/M_Lisa-1_Valga-valla-kliima-ja-energiakava-2035.pdf\">Climate and Energy Plan 2035 for Valga municipality<\/a> <span class=\"wp-rich-text-font-awesome-icon wp-font-awesome-icon\"><svg aria-hidden=\"true\" focusable=\"false\" data-prefix=\"fas\" data-icon=\"download\" class=\"svg-inline--fa fa-download\" role=\"img\" xmlns=\"http:\/\/www.w3.org\/2000\/svg\" viewbox=\"0 0 512 512\"><path fill=\"currentColor\" d=\"M288 32c0-17.7-14.3-32-32-32s-32 14.3-32 32l0 242.7-73.4-73.4c-12.5-12.5-32.8-12.5-45.3 0s-12.5 32.8 0 45.3l128 128c12.5 12.5 32.8 12.5 45.3 0l128-128c12.5-12.5 12.5-32.8 0-45.3s-32.8-12.5-45.3 0L288 274.7 288 32zM64 352c-35.3 0-64 28.7-64 64l0 32c0 35.3 28.7 64 64 64l384 0c35.3 0 64-28.7 64-64l0-32c0-35.3-28.7-64-64-64l-101.5 0-45.3 45.3c-25 25-65.5 25-90.5 0L165.5 352 64 352zm368 56a24 24 0 1 1 0 48 24 24 0 1 1 0-48z\"><\/path><\/svg><\/span><\/li>\n\n\n\n<li><a href=\"https:\/\/valga.ee\/wp-content\/uploads\/2025\/10\/Valga-maakonna-kohalike-omavalitsuste-kliima-ja-energiakava-2035.pdf\" data-type=\"link\" data-id=\"https:\/\/valga.ee\/wp-content\/uploads\/2025\/10\/Valga-maakonna-kohalike-omavalitsuste-kliima-ja-energiakava-2035.pdf\">Climate and Energy Plan 2035 for the local governments of Valga County<\/a>\u00a0<span class=\"wp-rich-text-font-awesome-icon wp-font-awesome-icon\"><svg aria-hidden=\"true\" focusable=\"false\" data-prefix=\"fas\" data-icon=\"download\" class=\"svg-inline--fa fa-download\" role=\"img\" xmlns=\"http:\/\/www.w3.org\/2000\/svg\" viewbox=\"0 0 512 512\"><path fill=\"currentColor\" d=\"M288 32c0-17.7-14.3-32-32-32s-32 14.3-32 32l0 242.7-73.4-73.4c-12.5-12.5-32.8-12.5-45.3 0s-12.5 32.8 0 45.3l128 128c12.5 12.5 32.8 12.5 45.3 0l128-128c12.5-12.5 12.5-32.8 0-45.3s-32.8-12.5-45.3 0L288 274.7 288 32zM64 352c-35.3 0-64 28.7-64 64l0 32c0 35.3 28.7 64 64 64l384 0c35.3 0 64-28.7 64-64l0-32c0-35.3-28.7-64-64-64l-101.5 0-45.3 45.3c-25 25-65.5 25-90.5 0L165.5 352 64 352zm368 56a24 24 0 1 1 0 48 24 24 0 1 1 0-48z\"><\/path><\/svg><\/span><\/li>\n\n\n\n<li><a href=\"https:\/\/valga.ee\/wp-content\/uploads\/2025\/10\/M_Seletuskirja-juurde_Valga-vald_arvamused.pdf\" data-type=\"link\" data-id=\"https:\/\/valga.ee\/wp-content\/uploads\/2025\/10\/M_Seletuskirja-juurde_Valga-vald_arvamused.pdf\">Summary table of views and opinions on the plan<\/a> <span class=\"wp-rich-text-font-awesome-icon wp-font-awesome-icon\"><svg aria-hidden=\"true\" focusable=\"false\" data-prefix=\"fas\" data-icon=\"download\" class=\"svg-inline--fa fa-download\" role=\"img\" xmlns=\"http:\/\/www.w3.org\/2000\/svg\" viewbox=\"0 0 512 512\"><path fill=\"currentColor\" d=\"M288 32c0-17.7-14.3-32-32-32s-32 14.3-32 32l0 242.7-73.4-73.4c-12.5-12.5-32.8-12.5-45.3 0s-12.5 32.8 0 45.3l128 128c12.5 12.5 32.8 12.5 45.3 0l128-128c12.5-12.5 12.5-32.8 0-45.3s-32.8-12.5-45.3 0L288 274.7 288 32zM64 352c-35.3 0-64 28.7-64 64l0 32c0 35.3 28.7 64 64 64l384 0c35.3 0 64-28.7 64-64l0-32c0-35.3-28.7-64-64-64l-101.5 0-45.3 45.3c-25 25-65.5 25-90.5 0L165.5 352 64 352zm368 56a24 24 0 1 1 0 48 24 24 0 1 1 0-48z\"><\/path><\/svg><\/span><\/li>\n<\/ul>\n\n\n\n<p><\/p>\n\n\n\n<p>The preparation of the climate and energy plan for Valga County and its local authorities has been financed by the implementing unit of the Environmental Investment Centre through the support measure \"Preparation of local energy and climate plans and enhancement of urban biodiversity\" from the Cohesion Fund of the European Union.<\/p>\n<\/div>\n\n\n\n<div class=\"wp-block-column is-layout-flow wp-block-column-is-layout-flow\">\n<figure class=\"wp-block-image size-full\"><img loading=\"lazy\" decoding=\"async\" width=\"283\" height=\"93\" src=\"https:\/\/valga.ee\/wp-content\/uploads\/2025\/09\/download.png\" alt=\"\" class=\"wp-image-2166\"\/><\/figure>\n\n\n\n<figure class=\"wp-block-image size-full\"><img loading=\"lazy\" decoding=\"async\" width=\"187\" height=\"105\" src=\"https:\/\/valga.ee\/wp-content\/uploads\/2025\/09\/download-1.jpg\" alt=\"\" class=\"wp-image-2167\"\/><\/figure>\n\n\n\n<figure class=\"wp-block-image size-full\"><img loading=\"lazy\" decoding=\"async\" width=\"185\" height=\"107\" src=\"https:\/\/valga.ee\/wp-content\/uploads\/2025\/09\/download-2.png\" alt=\"\" class=\"wp-image-2168\"\/><\/figure>\n<\/div>\n<\/div>","protected":false},"excerpt":{"rendered":"<p>Valga valla kliima- ja energiakava 2035 Valminud on Valga valla kliima- ja energiakava 2035. Kava suunatakse Valga Vallavolikogule vastuv\u00f5tmiseks. 12.12.2024 algatatud Valga valla kliima- ja energiakava koostamine viidi l\u00e4bi koost\u00f6\u00f6s [&hellip;]<\/p>\n","protected":false},"author":1,"featured_media":0,"parent":1668,"menu_order":6,"comment_status":"closed","ping_status":"closed","template":"page-wide","meta":{"_EventAllDay":false,"_EventTimezone":"","_EventStartDate":"","_EventEndDate":"","_EventStartDateUTC":"","_EventEndDateUTC":"","_EventShowMap":false,"_EventShowMapLink":false,"_EventURL":"","_EventCost":"","_EventCostDescription":"","_EventCurrencySymbol":"","_EventCurrencyCode":"","_EventCurrencyPosition":"","_EventDateTimeSeparator":"","_EventTimeRangeSeparator":"","_EventOrganizerID":[],"_EventVenueID":[],"_OrganizerEmail":"","_OrganizerPhone":"","_OrganizerWebsite":"","_VenueAddress":"","_VenueCity":"","_VenueCountry":"","_VenueProvince":"","_VenueState":"","_VenueZip":"","_VenuePhone":"","_VenueURL":"","_VenueStateProvince":"","_VenueLat":"","_VenueLng":"","_VenueShowMap":false,"_VenueShowMapLink":false,"slim_seo":{"title":"Kliima- ja energiakava - Valga vald","description":"Valga valla kliima- ja energiakava 2035 Valminud on Valga valla kliima- ja energiakava 2035. Kava suunatakse Valga Vallavolikogule vastuv\u00f5tmiseks. 12.12.2024 al"},"footnotes":""},"class_list":["post-2162","page","type-page","status-publish","hentry"],"_links":{"self":[{"href":"https:\/\/valga.ee\/en\/wp-json\/wp\/v2\/pages\/2162","targetHints":{"allow":["GET"]}}],"collection":[{"href":"https:\/\/valga.ee\/en\/wp-json\/wp\/v2\/pages"}],"about":[{"href":"https:\/\/valga.ee\/en\/wp-json\/wp\/v2\/types\/page"}],"author":[{"embeddable":true,"href":"https:\/\/valga.ee\/en\/wp-json\/wp\/v2\/users\/1"}],"replies":[{"embeddable":true,"href":"https:\/\/valga.ee\/en\/wp-json\/wp\/v2\/comments?post=2162"}],"version-history":[{"count":3,"href":"https:\/\/valga.ee\/en\/wp-json\/wp\/v2\/pages\/2162\/revisions"}],"predecessor-version":[{"id":5770,"href":"https:\/\/valga.ee\/en\/wp-json\/wp\/v2\/pages\/2162\/revisions\/5770"}],"up":[{"embeddable":true,"href":"https:\/\/valga.ee\/en\/wp-json\/wp\/v2\/pages\/1668"}],"wp:attachment":[{"href":"https:\/\/valga.ee\/en\/wp-json\/wp\/v2\/media?parent=2162"}],"curies":[{"name":"wp","href":"https:\/\/api.w.org\/{rel}","templated":true}]}}