{"id":1986,"date":"2025-09-01T16:48:13","date_gmt":"2025-09-01T13:48:13","guid":{"rendered":"https:\/\/valga.ee\/?page_id=1986"},"modified":"2026-03-09T12:46:21","modified_gmt":"2026-03-09T10:46:21","slug":"komisjonid-volikogu","status":"publish","type":"page","link":"https:\/\/valga.ee\/en\/juhtimine-ja-majandus\/valla-juhtimine\/vallavolikogu\/komisjonid-volikogu\/","title":{"rendered":"Committees"},"content":{"rendered":"<div class=\"wp-block-columns is-layout-flex wp-container-core-columns-is-layout-658170e2 wp-block-columns-is-layout-flex\">\n<div class=\"wp-block-column is-layout-flow wp-block-column-is-layout-flow\" style=\"flex-basis:65%\">\n<p>For the organisation of its work, the Municipal Council shall set up temporary and permanent committees and, if necessary, approve their statutes.<strong>&nbsp;There are seven standing committees in Valga Municipal Council:&nbsp;<\/strong><\/p>\n\n\n\n<ul class=\"wp-block-list is-style-checkmark-list\">\n<li>development and economic affairs committee, <\/li>\n\n\n\n<li>education committee, <\/li>\n\n\n\n<li>community and safety committee, <\/li>\n\n\n\n<li>culture, sport and youth committee, <\/li>\n\n\n\n<li>finance committee, <\/li>\n\n\n\n<li>the audit committee, <\/li>\n\n\n\n<li>social committee.<\/li>\n<\/ul>\n\n\n\n<p>The Standing Committee shall be set up and its composition approved by a decision of the Council. The chairman and the vice-chairman of the commission shall be elected by a majority of the votes cast by the members of the council. The number of members of the commission shall be determined and the members of the commission shall be approved by public vote on a proposal by the chairman of the commission. The members of the Commission may also be elected from among the inhabitants of the municipality on a proposal from the chairman. At least half of the members of the commission must be councillors. Only councillors may be members of the Audit Commission.<\/p>\n\n\n\n<p>The work of the committee is organised by its chair. In addition to the members of the commission, members of the council and the municipality who are not members of the commission may also speak at the commission meeting.  Minutes shall be taken at the meetings of the committee. The minutes shall record the time of the meeting, the participants and invited guests, the agenda of the meeting, the decisions of the committee and any dissenting opinions of the committee members. Decisions of the commission shall be adopted by a majority of the votes cast, and a quorum shall exist if at least half of the members of the commission are present.<\/p>\n\n\n\n<h2 class=\"wp-block-heading\">Composition of the standing committees<\/h2>\n\n\n\n<p><strong>For the organisation of the work of Valga Municipal Council, seven standing committees have been set up as follows:&nbsp;<\/strong><\/p>\n\n\n\n<div class=\"wp-block-group has-border-color has-contrast-border-color has-base-background-color has-background has-global-padding is-layout-constrained wp-container-core-group-is-layout-9597dc02 wp-block-group-is-layout-constrained\" style=\"border-width:1px;border-radius:3px;padding-top:var(--wp--preset--spacing--10);padding-right:var(--wp--preset--spacing--10);padding-bottom:var(--wp--preset--spacing--10);padding-left:var(--wp--preset--spacing--10);box-shadow:var(--wp--preset--shadow--vaike-vari-2)\">\n<details class=\"wp-block-details is-layout-flow wp-block-details-is-layout-flow\"><summary>Committee on Development and Economic Affairs<\/summary>\n<p><strong>Chair<\/strong>: Igor Jallai<br><strong>Vice-Chair<\/strong>: Viktor Haljaste<br><strong>Members of the Commission:<\/strong><\/p>\n\n\n\n<ol class=\"wp-block-list\">\n<li>Hans Heinj\u00e4rv<\/li>\n\n\n\n<li>J\u00fcri Noorsalu<\/li>\n\n\n\n<li>Thomas Pai<\/li>\n\n\n\n<li>Vilju Arna<\/li>\n\n\n\n<li>Kristel Orula<\/li>\n<\/ol>\n<\/details>\n<\/div>\n\n\n\n<div class=\"wp-block-group has-border-color has-contrast-border-color has-base-background-color has-background has-global-padding is-layout-constrained wp-container-core-group-is-layout-9597dc02 wp-block-group-is-layout-constrained\" style=\"border-width:1px;border-radius:3px;padding-top:var(--wp--preset--spacing--10);padding-right:var(--wp--preset--spacing--10);padding-bottom:var(--wp--preset--spacing--10);padding-left:var(--wp--preset--spacing--10);box-shadow:var(--wp--preset--shadow--vaike-vari-2)\">\n<details class=\"wp-block-details is-layout-flow wp-block-details-is-layout-flow\"><summary>Social Commission<\/summary>\n<p><strong>Chair:<\/strong>&nbsp;Alar N\u00e4\u00e4me<br><strong>Vice-Chair<\/strong>: Jaanika P\u00f5der<br><strong>Members of the Commission:<\/strong><\/p>\n\n\n\n<ol class=\"wp-block-list\">\n<li>Meeli Tuubel<\/li>\n\n\n\n<li>Jaan Luht<\/li>\n\n\n\n<li>K\u00fclli Laugesaar<\/li>\n\n\n\n<li>Inga Tumanova-Pruus<\/li>\n\n\n\n<li>Eda Lepik<\/li>\n<\/ol>\n<\/details>\n<\/div>\n\n\n\n<div class=\"wp-block-group has-border-color has-contrast-border-color has-base-background-color has-background has-global-padding is-layout-constrained wp-container-core-group-is-layout-9597dc02 wp-block-group-is-layout-constrained\" style=\"border-width:1px;border-radius:3px;padding-top:var(--wp--preset--spacing--10);padding-right:var(--wp--preset--spacing--10);padding-bottom:var(--wp--preset--spacing--10);padding-left:var(--wp--preset--spacing--10);box-shadow:var(--wp--preset--shadow--vaike-vari-2)\">\n<details class=\"wp-block-details is-layout-flow wp-block-details-is-layout-flow\"><summary>Education Committee<\/summary>\n<p><strong>Chair:<\/strong>&nbsp;Ester Peterson<br><strong>Vice-Chair:&nbsp;<\/strong>Maarja M\u00e4gi<br><strong>Members of the Commission:<\/strong><\/p>\n\n\n\n<ol class=\"wp-block-list\">\n<li>Julia Belova<\/li>\n\n\n\n<li>Siiri Reiljan<\/li>\n\n\n\n<li>Yulia Kop\u00f5tnik<\/li>\n\n\n\n<li>Tiina Tuhkanen<\/li>\n\n\n\n<li>Marek K\u00e4is<\/li>\n<\/ol>\n<\/details>\n<\/div>\n\n\n\n<div class=\"wp-block-group has-border-color has-contrast-border-color has-base-background-color has-background has-global-padding is-layout-constrained wp-container-core-group-is-layout-9597dc02 wp-block-group-is-layout-constrained\" style=\"border-width:1px;border-radius:3px;padding-top:var(--wp--preset--spacing--10);padding-right:var(--wp--preset--spacing--10);padding-bottom:var(--wp--preset--spacing--10);padding-left:var(--wp--preset--spacing--10);box-shadow:var(--wp--preset--shadow--vaike-vari-2)\">\n<details class=\"wp-block-details is-layout-flow wp-block-details-is-layout-flow\"><summary>Community and security committee<\/summary>\n<p><strong>Chair<\/strong>: Ants Tiisler<br><strong>Vice-Chair:<\/strong>&nbsp;Michael Maks<br><strong>Members of the Commission:<\/strong><\/p>\n\n\n\n<ol class=\"wp-block-list\">\n<li>Oleg Vahrin<\/li>\n\n\n\n<li>Heikki V\u00f5\u00f5ras<\/li>\n\n\n\n<li>Raiko Allik<\/li>\n\n\n\n<li>Meinhard Karkus<\/li>\n\n\n\n<li>Einar Pruus<\/li>\n<\/ol>\n<\/details>\n<\/div>\n\n\n\n<div class=\"wp-block-group has-border-color has-contrast-border-color has-base-background-color has-background has-global-padding is-layout-constrained wp-container-core-group-is-layout-9597dc02 wp-block-group-is-layout-constrained\" style=\"border-width:1px;border-radius:3px;padding-top:var(--wp--preset--spacing--10);padding-right:var(--wp--preset--spacing--10);padding-bottom:var(--wp--preset--spacing--10);padding-left:var(--wp--preset--spacing--10);box-shadow:var(--wp--preset--shadow--vaike-vari-2)\">\n<details class=\"wp-block-details is-layout-flow wp-block-details-is-layout-flow\"><summary>Culture, sport and youth committee<\/summary>\n<p><strong>Chair<\/strong>: Kermo K\u00fc\u00fcn<br><strong>Vice-Chair<\/strong>: Allain Karuse<br><strong>Members of the Commission:<\/strong><\/p>\n\n\n\n<ol class=\"wp-block-list\">\n<li>Arne N\u00f5mmik<\/li>\n\n\n\n<li>Jelena Tops<\/li>\n\n\n\n<li>Rain Island<\/li>\n\n\n\n<li>Vladimir Baranov<\/li>\n\n\n\n<li>Ivar Unt<\/li>\n<\/ol>\n<\/details>\n<\/div>\n\n\n\n<div class=\"wp-block-group has-border-color has-contrast-border-color has-base-background-color has-background has-global-padding is-layout-constrained wp-container-core-group-is-layout-9597dc02 wp-block-group-is-layout-constrained\" style=\"border-width:1px;border-radius:3px;padding-top:var(--wp--preset--spacing--10);padding-right:var(--wp--preset--spacing--10);padding-bottom:var(--wp--preset--spacing--10);padding-left:var(--wp--preset--spacing--10);box-shadow:var(--wp--preset--shadow--vaike-vari-2)\">\n<details class=\"wp-block-details is-layout-flow wp-block-details-is-layout-flow\"><summary>Audit Commission<\/summary>\n<p><strong>Chair<\/strong>: Tanel Valk<br><strong>Vice-Chair<\/strong>: Kaupo Kutsar<br><strong>Members of the Commission:<\/strong><\/p>\n\n\n\n<ol class=\"wp-block-list\">\n<li>Kermo K\u00fc\u00fcn<\/li>\n\n\n\n<li>Andres Illak<\/li>\n<\/ol>\n<\/details>\n<\/div>\n\n\n\n<div class=\"wp-block-group has-border-color has-contrast-border-color has-base-background-color has-background has-global-padding is-layout-constrained wp-container-core-group-is-layout-9597dc02 wp-block-group-is-layout-constrained\" style=\"border-width:1px;border-radius:3px;padding-top:var(--wp--preset--spacing--10);padding-right:var(--wp--preset--spacing--10);padding-bottom:var(--wp--preset--spacing--10);padding-left:var(--wp--preset--spacing--10);box-shadow:var(--wp--preset--shadow--vaike-vari-2)\">\n<details class=\"wp-block-details is-layout-flow wp-block-details-is-layout-flow\"><summary>Finance Committee<\/summary>\n<p><strong>Chair<\/strong>: Ester Karuse<br><strong>Vice-Chair<\/strong>: Margus Lepik<br><strong>Members of the Commission:<\/strong><\/p>\n\n\n\n<ol class=\"wp-block-list\">\n<li>Valentina Melehhova<\/li>\n\n\n\n<li>Andres Tamela<\/li>\n\n\n\n<li>Kalev Song<\/li>\n\n\n\n<li>Leho M\u00f6ldre<\/li>\n\n\n\n<li>Cristo Kahro<\/li>\n<\/ol>\n<\/details>\n<\/div>\n<\/div>\n\n\n\n<div class=\"wp-block-column is-layout-flow wp-block-column-is-layout-flow\"><a href=\"https:\/\/atp.amphora.ee\/valgavv\/index.aspx?o=929&#038;o2=13759&#038;u=null&#038;hdr=hp&#038;dschex=1&#038;sbr=all&#038;tbs=all&#038;dt=&#038;sbrq=komisjoni%20protokoll\" rel=\"noreferrer noopener\"   class=\"wp-block-tiptip-hyperlink-group-block\" target=\"_blank\">\n<div class=\"wp-block-group kiirlink kiirlink-tume has-accent-4-color has-accent-5-background-color has-text-color has-background has-link-color wp-elements-7c1a4a6230f75f33f8fb9a8a7fa1f09f wp-container-content-9cfa9a5a has-global-padding is-layout-constrained wp-container-core-group-is-layout-246ba8a2 wp-block-group-is-layout-constrained\" style=\"border-radius:0px;border-top-color:var(--wp--preset--color--accent-4);border-top-width:1px;border-bottom-style:none;border-bottom-width:0px;padding-top:0.7em;padding-right:var(--wp--preset--spacing--10);padding-bottom:0.7em;padding-left:var(--wp--preset--spacing--10)\">\n<div class=\"wp-block-group is-content-justification-space-between is-nowrap is-layout-flex wp-container-core-group-is-layout-2b43bde3 wp-block-group-is-layout-flex\" style=\"padding-top:0;padding-bottom:0\">\n<p class=\"wp-container-content-9cfa9a5a\"><a href=\"https:\/\/atp.amphora.ee\/valgavv\/index.aspx?o=929&amp;o2=13759&amp;u=null&amp;hdr=hp&amp;dschex=1&amp;sbr=all&amp;tbs=all&amp;dt=&amp;sbrq=komisjoni%20protokoll\" title=\"Committee minutes\"><strong>Committee minutes<\/strong><\/a><\/p>\n\n\n\n<p>&gt;<\/p>\n<\/div>\n<\/div>\n<\/a><\/div>\n<\/div>","protected":false},"excerpt":{"rendered":"<p>Vallavolikogu moodustab oma t\u00f6\u00f6 korraldamiseks ajutisi ja alatisi komisjone ning kinnitab vajadusel nende p\u00f5him\u00e4\u00e4rused.&nbsp;Valga Vallavolikogus on moodustatud seitse alalist komisjoni:&nbsp; Alaline komisjon moodustatakse ja selle koosseis kinnitatakse volikogu otsusega. Komisjoni [&hellip;]<\/p>\n","protected":false},"author":1,"featured_media":0,"parent":1867,"menu_order":3,"comment_status":"closed","ping_status":"closed","template":"page-wide","meta":{"_EventAllDay":false,"_EventTimezone":"","_EventStartDate":"","_EventEndDate":"","_EventStartDateUTC":"","_EventEndDateUTC":"","_EventShowMap":false,"_EventShowMapLink":false,"_EventURL":"","_EventCost":"","_EventCostDescription":"","_EventCurrencySymbol":"","_EventCurrencyCode":"","_EventCurrencyPosition":"","_EventDateTimeSeparator":"","_EventTimeRangeSeparator":"","_EventOrganizerID":[],"_EventVenueID":[],"_OrganizerEmail":"","_OrganizerPhone":"","_OrganizerWebsite":"","_VenueAddress":"","_VenueCity":"","_VenueCountry":"","_VenueProvince":"","_VenueState":"","_VenueZip":"","_VenuePhone":"","_VenueURL":"","_VenueStateProvince":"","_VenueLat":"","_VenueLng":"","_VenueShowMap":false,"_VenueShowMapLink":false,"slim_seo":{"title":"Komisjonid - Valga vald","description":"Vallavolikogu moodustab oma t\u00f6\u00f6 korraldamiseks ajutisi ja alatisi komisjone ning kinnitab vajadusel nende p\u00f5him\u00e4\u00e4rused. &nbsp;Valga Vallavolikogus on moodustatu"},"footnotes":""},"class_list":["post-1986","page","type-page","status-publish","hentry"],"_links":{"self":[{"href":"https:\/\/valga.ee\/en\/wp-json\/wp\/v2\/pages\/1986","targetHints":{"allow":["GET"]}}],"collection":[{"href":"https:\/\/valga.ee\/en\/wp-json\/wp\/v2\/pages"}],"about":[{"href":"https:\/\/valga.ee\/en\/wp-json\/wp\/v2\/types\/page"}],"author":[{"embeddable":true,"href":"https:\/\/valga.ee\/en\/wp-json\/wp\/v2\/users\/1"}],"replies":[{"embeddable":true,"href":"https:\/\/valga.ee\/en\/wp-json\/wp\/v2\/comments?post=1986"}],"version-history":[{"count":14,"href":"https:\/\/valga.ee\/en\/wp-json\/wp\/v2\/pages\/1986\/revisions"}],"predecessor-version":[{"id":8864,"href":"https:\/\/valga.ee\/en\/wp-json\/wp\/v2\/pages\/1986\/revisions\/8864"}],"up":[{"embeddable":true,"href":"https:\/\/valga.ee\/en\/wp-json\/wp\/v2\/pages\/1867"}],"wp:attachment":[{"href":"https:\/\/valga.ee\/en\/wp-json\/wp\/v2\/media?parent=1986"}],"curies":[{"name":"wp","href":"https:\/\/api.w.org\/{rel}","templated":true}]}}