{"id":1972,"date":"2025-09-01T16:43:12","date_gmt":"2025-09-01T13:43:12","guid":{"rendered":"https:\/\/valga.ee\/?page_id=1972"},"modified":"2026-01-20T16:40:59","modified_gmt":"2026-01-20T14:40:59","slug":"fraktsioonid","status":"publish","type":"page","link":"https:\/\/valga.ee\/en\/juhtimine-ja-majandus\/valla-juhtimine\/vallavolikogu\/fraktsioonid\/","title":{"rendered":"Political groups"},"content":{"rendered":"<p>At least three councillors may form a political group. A councillor may belong to only one political group at a time.<\/p>\n\n\n\n<p>If a member of a political group leaves or is expelled from a political group, he or she has the right to join another existing political group.<\/p>\n\n\n\n<div class=\"wp-block-group has-border-color has-contrast-border-color has-base-background-color has-background has-global-padding is-layout-constrained wp-container-core-group-is-layout-9597dc02 wp-block-group-is-layout-constrained\" style=\"border-width:1px;border-radius:3px;padding-top:var(--wp--preset--spacing--10);padding-right:var(--wp--preset--spacing--10);padding-bottom:var(--wp--preset--spacing--10);padding-left:var(--wp--preset--spacing--10);box-shadow:var(--wp--preset--shadow--vaike-vari-2)\">\n<h2 class=\"wp-block-heading has-large-font-size\" style=\"padding-top:0;padding-bottom:0\">Estonian Centre Party Group<\/h2>\n\n\n\n<p>Chair: Igor Jallai<\/p>\n\n\n\n<p>Vice-Chair: Oleg Vahrin<\/p>\n\n\n\n<p>Members: <\/p>\n\n\n\n<p>Valentina Melehhova<br>Alar N\u00e4\u00e4me<\/p>\n<\/div>\n\n\n\n<div class=\"wp-block-group has-border-color has-contrast-border-color has-base-background-color has-background has-global-padding is-layout-constrained wp-container-core-group-is-layout-9597dc02 wp-block-group-is-layout-constrained\" style=\"border-width:1px;border-radius:3px;padding-top:var(--wp--preset--spacing--10);padding-right:var(--wp--preset--spacing--10);padding-bottom:var(--wp--preset--spacing--10);padding-left:var(--wp--preset--spacing--10);box-shadow:var(--wp--preset--shadow--vaike-vari-2)\">\n<h2 class=\"wp-block-heading has-large-font-size\" style=\"padding-top:0;padding-bottom:0\">Estonian Reform Party Group<\/h2>\n\n\n\n<p>In the chair: Maarja M\u00e4gi<\/p>\n\n\n\n<p>Vice-Chair: Lauri Drubin\u0161<\/p>\n\n\n\n<p>Member: Margus Lepik<\/p>\n<\/div>\n\n\n\n<div class=\"wp-block-group has-border-color has-contrast-border-color has-base-background-color has-background has-global-padding is-layout-constrained wp-container-core-group-is-layout-9597dc02 wp-block-group-is-layout-constrained\" style=\"border-width:1px;border-radius:3px;padding-top:var(--wp--preset--spacing--10);padding-right:var(--wp--preset--spacing--10);padding-bottom:var(--wp--preset--spacing--10);padding-left:var(--wp--preset--spacing--10);box-shadow:var(--wp--preset--shadow--vaike-vari-2)\">\n<h2 class=\"wp-block-heading has-large-font-size\" style=\"padding-top:0;padding-bottom:0\">EKRE-Estonian Conservative People's Party Group<\/h2>\n\n\n\n<p>In the chair: Lilia M\u00fcller<\/p>\n\n\n\n<p>Vice-Chair: Tiina Tuhkanen<\/p>\n\n\n\n<p>Member: Tanel Valk<\/p>\n<\/div>\n\n\n\n<div class=\"wp-block-group has-border-color has-contrast-border-color has-base-background-color has-background has-global-padding is-layout-constrained wp-container-core-group-is-layout-9597dc02 wp-block-group-is-layout-constrained\" style=\"border-width:1px;border-radius:3px;padding-top:var(--wp--preset--spacing--10);padding-right:var(--wp--preset--spacing--10);padding-bottom:var(--wp--preset--spacing--10);padding-left:var(--wp--preset--spacing--10);box-shadow:var(--wp--preset--shadow--vaike-vari-2)\">\n<h2 class=\"wp-block-heading has-large-font-size\" style=\"padding-top:0;padding-bottom:0\">ISAMAA Group<\/h2>\n\n\n\n<p>In the chair: Monika Rogenbaum<\/p>\n\n\n\n<p>Vice-Chair: Kaupo Kutsar<\/p>\n\n\n\n<p>Members: <\/p>\n\n\n\n<p>Michael Maks<br>Jaanika P\u00f5der<br>Vladimir Baranov<\/p>\n<\/div>\n\n\n\n<div class=\"wp-block-group has-border-color has-contrast-border-color has-base-background-color has-background has-global-padding is-layout-constrained wp-container-core-group-is-layout-9597dc02 wp-block-group-is-layout-constrained\" style=\"border-width:1px;border-radius:3px;padding-top:var(--wp--preset--spacing--10);padding-right:var(--wp--preset--spacing--10);padding-bottom:var(--wp--preset--spacing--10);padding-left:var(--wp--preset--spacing--10);box-shadow:var(--wp--preset--shadow--vaike-vari-2)\">\n<h2 class=\"wp-block-heading has-large-font-size\" style=\"padding-top:0;padding-bottom:0\">Social Democratic Party Group<\/h2>\n\n\n\n<p>In the chair: Rein Randver<\/p>\n\n\n\n<p>Vice-Chair: Ester Karuse<\/p>\n\n\n\n<p>Members:<\/p>\n\n\n\n<p>Ester Peterson<br>Viktor Haljaste<br>Andres Illak<\/p>\n<\/div>\n\n\n\n<div class=\"wp-block-group has-border-color has-contrast-border-color has-base-background-color has-background has-global-padding is-layout-constrained wp-container-core-group-is-layout-9597dc02 wp-block-group-is-layout-constrained\" style=\"border-width:1px;border-radius:3px;padding-top:var(--wp--preset--spacing--10);padding-right:var(--wp--preset--spacing--10);padding-bottom:var(--wp--preset--spacing--10);padding-left:var(--wp--preset--spacing--10);box-shadow:var(--wp--preset--shadow--vaike-vari-2)\">\n<h2 class=\"wp-block-heading has-large-font-size\" style=\"padding-top:0;padding-bottom:0\">Electoral coalition Our Valga for and Good Group<\/h2>\n\n\n\n<p>In the chair: Allain Karuse<\/p>\n\n\n\n<p>Vice-Chair: Ants Tiisler<\/p>\n\n\n\n<p>Members: <br>Kermo K\u00fc\u00fcn<br>Mati Kikkas<br>Jaan Luht<\/p>\n<\/div>\n\n\n\n<p><\/p>\n\n\n\n<p><\/p>\n\n\n\n<p><\/p>","protected":false},"excerpt":{"rendered":"<p>V\u00e4hemalt kolm volikogu liiget v\u00f5ivad moodustada fraktsiooni. Volikogu liige v\u00f5ib kuuluda samaaegselt ainult \u00fchte fraktsiooni. Kui fraktsiooni liige lahkub fraktsioonist v\u00f5i ta arvatakse fraktsioonist v\u00e4lja, on tal \u00f5igus astuda volikogu [&hellip;]<\/p>\n","protected":false},"author":1,"featured_media":0,"parent":1867,"menu_order":2,"comment_status":"closed","ping_status":"closed","template":"","meta":{"_EventAllDay":false,"_EventTimezone":"","_EventStartDate":"","_EventEndDate":"","_EventStartDateUTC":"","_EventEndDateUTC":"","_EventShowMap":false,"_EventShowMapLink":false,"_EventURL":"","_EventCost":"","_EventCostDescription":"","_EventCurrencySymbol":"","_EventCurrencyCode":"","_EventCurrencyPosition":"","_EventDateTimeSeparator":"","_EventTimeRangeSeparator":"","_EventOrganizerID":[],"_EventVenueID":[],"_OrganizerEmail":"","_OrganizerPhone":"","_OrganizerWebsite":"","_VenueAddress":"","_VenueCity":"","_VenueCountry":"","_VenueProvince":"","_VenueState":"","_VenueZip":"","_VenuePhone":"","_VenueURL":"","_VenueStateProvince":"","_VenueLat":"","_VenueLng":"","_VenueShowMap":false,"_VenueShowMapLink":false,"slim_seo":{"title":"Fraktsioonid - Valga vald","description":"V\u00e4hemalt kolm volikogu liiget v\u00f5ivad moodustada fraktsiooni. Volikogu liige v\u00f5ib kuuluda samaaegselt ainult \u00fchte fraktsiooni. Kui fraktsiooni liige lahkub frakt"},"footnotes":""},"class_list":["post-1972","page","type-page","status-publish","hentry"],"_links":{"self":[{"href":"https:\/\/valga.ee\/en\/wp-json\/wp\/v2\/pages\/1972","targetHints":{"allow":["GET"]}}],"collection":[{"href":"https:\/\/valga.ee\/en\/wp-json\/wp\/v2\/pages"}],"about":[{"href":"https:\/\/valga.ee\/en\/wp-json\/wp\/v2\/types\/page"}],"author":[{"embeddable":true,"href":"https:\/\/valga.ee\/en\/wp-json\/wp\/v2\/users\/1"}],"replies":[{"embeddable":true,"href":"https:\/\/valga.ee\/en\/wp-json\/wp\/v2\/comments?post=1972"}],"version-history":[{"count":7,"href":"https:\/\/valga.ee\/en\/wp-json\/wp\/v2\/pages\/1972\/revisions"}],"predecessor-version":[{"id":8347,"href":"https:\/\/valga.ee\/en\/wp-json\/wp\/v2\/pages\/1972\/revisions\/8347"}],"up":[{"embeddable":true,"href":"https:\/\/valga.ee\/en\/wp-json\/wp\/v2\/pages\/1867"}],"wp:attachment":[{"href":"https:\/\/valga.ee\/en\/wp-json\/wp\/v2\/media?parent=1972"}],"curies":[{"name":"wp","href":"https:\/\/api.w.org\/{rel}","templated":true}]}}