{"id":1919,"date":"2025-09-01T16:21:35","date_gmt":"2025-09-01T13:21:35","guid":{"rendered":"https:\/\/valga.ee\/?page_id=1919"},"modified":"2026-04-06T19:12:32","modified_gmt":"2026-04-06T16:12:32","slug":"kinnisvararent-valga-vallas","status":"publish","type":"page","link":"https:\/\/valga.ee\/en\/juhtimine-ja-majandus\/majandus\/vallavara-muuk-ja-rent\/kinnisvararent-valga-vallas\/","title":{"rendered":"Real estate rent in Valga municipality"},"content":{"rendered":"<div class=\"wp-block-columns reverse-mobile is-layout-flex wp-container-core-columns-is-layout-6e7d8bb3 wp-block-columns-is-layout-flex\" style=\"margin-top:0;margin-bottom:0\">\n<div class=\"wp-block-column is-layout-flow wp-container-core-column-is-layout-e3d1c41b wp-block-column-is-layout-flow\" style=\"flex-basis:66.66%\">\n<p>J. The total cost of the project for the construction of the rental house at Kuperjanovi 12 is EUR 1.44 million (the exact amount is EUR 1 443 885.72), of which EUR 652 260 was covered by the Kredex investment grant for the development of the housing fund for local authorities, the other half of the necessary amount was provided from the municipality's budget.<\/p>\n\n\n\n<p>J. Kuperjanovi 12, Valga municipality offers rental apartments for mobile private and public sector employees.<\/p>\n\n\n\n<p>A mobile worker is a person who changes his\/her place of residence due to the location of his\/her workplace or a change in it, i.e. the apartments in a municipally owned rental house are intended for professionals living and working in Valga or living and working in Valga municipality.<\/p>\n\n\n\n<p>Possibility to rent partially furnished apartments with all amenities in a newly renovated historical building at J. Kuperjanovi 12, Valga. The offer includes 1-3room apartments, rented for 3-6 euros mt.<sup>2<\/sup>.<\/p>\n\n\n\n<h3 class=\"wp-block-heading\">&nbsp;<\/h3>\n\n\n\n<h1 class=\"wp-block-heading\">Terms and conditions<\/h1>\n\n\n\n<ul class=\"wp-block-list is-style-checkmark-list\">\n<li>You can apply for an apartment if you have settled and work in Valga municipality or live and work in Valga municipality.<\/li>\n\n\n\n<li>The rental contract is concluded for the duration of the employment relationship.<\/li>\n\n\n\n<li>The tenant must pay a deposit of one month's rent in advance to the landlord before the rental contract is signed, in order to guarantee the claims arising from the contract.<\/li>\n<\/ul>\n\n\n\n<p><strong>Vacant dwellings:&nbsp;<\/strong><\/p>\n\n\n\n<ul class=\"wp-block-list is-style-checkmark-list\">\n<li><strong>Dwelling No 1:<\/strong>&nbsp;2-room, total area 47 m2, price 5 EUR\/m2 (rent: 235.00 EUR + utilities).&nbsp;<a href=\"https:\/\/valga.ee\/wp-content\/uploads\/2025\/09\/Kuperjanovi-12-1.pdf\" target=\"_blank\" rel=\"noreferrer noopener\">Photos from<\/a> <span class=\"wp-rich-text-font-awesome-icon wp-font-awesome-icon\"><svg aria-hidden=\"true\" focusable=\"false\" data-prefix=\"fas\" data-icon=\"download\" class=\"svg-inline--fa fa-download\" role=\"img\" xmlns=\"http:\/\/www.w3.org\/2000\/svg\" viewbox=\"0 0 512 512\"><path fill=\"currentColor\" d=\"M288 32c0-17.7-14.3-32-32-32s-32 14.3-32 32l0 242.7-73.4-73.4c-12.5-12.5-32.8-12.5-45.3 0s-12.5 32.8 0 45.3l128 128c12.5 12.5 32.8 12.5 45.3 0l128-128c12.5-12.5 12.5-32.8 0-45.3s-32.8-12.5-45.3 0L288 274.7 288 32zM64 352c-35.3 0-64 28.7-64 64l0 32c0 35.3 28.7 64 64 64l384 0c35.3 0 64-28.7 64-64l0-32c0-35.3-28.7-64-64-64l-101.5 0-45.3 45.3c-25 25-65.5 25-90.5 0L165.5 352 64 352zm368 56a24 24 0 1 1 0 48 24 24 0 1 1 0-48z\"><\/path><\/svg><\/span><\/li>\n\n\n\n<li><strong>Dwelling No 2:&nbsp;<\/strong>3-bedroom, total surface 74,7 m<sup>2<\/sup>, price EUR 5\/m2 (rent: EUR 373,50 + utilities).&nbsp;<a href=\"https:\/\/valga.ee\/wp-content\/uploads\/2025\/09\/Kuperjanovi-12-2.pdf\" target=\"_blank\" rel=\"noreferrer noopener\">Photos from<\/a> <span class=\"wp-rich-text-font-awesome-icon wp-font-awesome-icon\"><svg aria-hidden=\"true\" focusable=\"false\" data-prefix=\"fas\" data-icon=\"download\" class=\"svg-inline--fa fa-download\" role=\"img\" xmlns=\"http:\/\/www.w3.org\/2000\/svg\" viewbox=\"0 0 512 512\"><path fill=\"currentColor\" d=\"M288 32c0-17.7-14.3-32-32-32s-32 14.3-32 32l0 242.7-73.4-73.4c-12.5-12.5-32.8-12.5-45.3 0s-12.5 32.8 0 45.3l128 128c12.5 12.5 32.8 12.5 45.3 0l128-128c12.5-12.5 12.5-32.8 0-45.3s-32.8-12.5-45.3 0L288 274.7 288 32zM64 352c-35.3 0-64 28.7-64 64l0 32c0 35.3 28.7 64 64 64l384 0c35.3 0 64-28.7 64-64l0-32c0-35.3-28.7-64-64-64l-101.5 0-45.3 45.3c-25 25-65.5 25-90.5 0L165.5 352 64 352zm368 56a24 24 0 1 1 0 48 24 24 0 1 1 0-48z\"><\/path><\/svg><\/span><\/li>\n\n\n\n<li><strong>Living space no. 4: <\/strong>2-room, total area 30.1 m\u00b2<sup>2<\/sup>, 5 euros\/m2 (rental amount: 150.50 euros + utilities) <a href=\"https:\/\/valga.ee\/wp-content\/uploads\/2026\/04\/Eluruum-nr-4.pdf\" title=\"Photos from\">Photos from<\/a> <span class=\"wp-rich-text-font-awesome-icon wp-font-awesome-icon\"><svg aria-hidden=\"true\" focusable=\"false\" data-prefix=\"fas\" data-icon=\"download\" class=\"svg-inline--fa fa-download\" role=\"img\" xmlns=\"http:\/\/www.w3.org\/2000\/svg\" viewbox=\"0 0 512 512\"><path fill=\"currentColor\" d=\"M288 32c0-17.7-14.3-32-32-32s-32 14.3-32 32l0 242.7-73.4-73.4c-12.5-12.5-32.8-12.5-45.3 0s-12.5 32.8 0 45.3l128 128c12.5 12.5 32.8 12.5 45.3 0l128-128c12.5-12.5 12.5-32.8 0-45.3s-32.8-12.5-45.3 0L288 274.7 288 32zM64 352c-35.3 0-64 28.7-64 64l0 32c0 35.3 28.7 64 64 64l384 0c35.3 0 64-28.7 64-64l0-32c0-35.3-28.7-64-64-64l-101.5 0-45.3 45.3c-25 25-65.5 25-90.5 0L165.5 352 64 352zm368 56a24 24 0 1 1 0 48 24 24 0 1 1 0-48z\"><\/path><\/svg><\/span><\/li>\n\n\n\n<li><strong>Dwelling No 5<\/strong>: 2-room, total surface 52,6 m2, price 5 EUR\/m2 (rent 263.00 EUR + utilities).&nbsp;<a href=\"https:\/\/valga.ee\/wp-content\/uploads\/2025\/09\/Kuperjanovi-12-5.pdf\" target=\"_blank\" rel=\"noreferrer noopener\">Photos from<\/a> <span class=\"wp-rich-text-font-awesome-icon wp-font-awesome-icon\"><svg aria-hidden=\"true\" focusable=\"false\" data-prefix=\"fas\" data-icon=\"download\" class=\"svg-inline--fa fa-download\" role=\"img\" xmlns=\"http:\/\/www.w3.org\/2000\/svg\" viewbox=\"0 0 512 512\"><path fill=\"currentColor\" d=\"M288 32c0-17.7-14.3-32-32-32s-32 14.3-32 32l0 242.7-73.4-73.4c-12.5-12.5-32.8-12.5-45.3 0s-12.5 32.8 0 45.3l128 128c12.5 12.5 32.8 12.5 45.3 0l128-128c12.5-12.5 12.5-32.8 0-45.3s-32.8-12.5-45.3 0L288 274.7 288 32zM64 352c-35.3 0-64 28.7-64 64l0 32c0 35.3 28.7 64 64 64l384 0c35.3 0 64-28.7 64-64l0-32c0-35.3-28.7-64-64-64l-101.5 0-45.3 45.3c-25 25-65.5 25-90.5 0L165.5 352 64 352zm368 56a24 24 0 1 1 0 48 24 24 0 1 1 0-48z\"><\/path><\/svg><\/span><\/li>\n\n\n\n<li><strong>Dwelling No 12:&nbsp;<\/strong>2-bedroom, total area 48,3 m<sup>2<\/sup>, which is 6 euros\/m2 (rent: 289.80 euros + utilities) <a href=\"https:\/\/valga.ee\/wp-content\/uploads\/2025\/12\/Kup-12.pdf\" target=\"_blank\" rel=\"noopener\" title=\"\">Photos from<\/a> <span class=\"wp-rich-text-font-awesome-icon wp-font-awesome-icon\"><svg aria-hidden=\"true\" focusable=\"false\" data-prefix=\"fas\" data-icon=\"download\" class=\"svg-inline--fa fa-download\" role=\"img\" xmlns=\"http:\/\/www.w3.org\/2000\/svg\" viewbox=\"0 0 512 512\"><path fill=\"currentColor\" d=\"M288 32c0-17.7-14.3-32-32-32s-32 14.3-32 32l0 242.7-73.4-73.4c-12.5-12.5-32.8-12.5-45.3 0s-12.5 32.8 0 45.3l128 128c12.5 12.5 32.8 12.5 45.3 0l128-128c12.5-12.5 12.5-32.8 0-45.3s-32.8-12.5-45.3 0L288 274.7 288 32zM64 352c-35.3 0-64 28.7-64 64l0 32c0 35.3 28.7 64 64 64l384 0c35.3 0 64-28.7 64-64l0-32c0-35.3-28.7-64-64-64l-101.5 0-45.3 45.3c-25 25-65.5 25-90.5 0L165.5 352 64 352zm368 56a24 24 0 1 1 0 48 24 24 0 1 1 0-48z\"><\/path><\/svg><\/span><\/li>\n\n\n\n<li><strong>Dwelling No 16:&nbsp;<\/strong>2-bedroom, total surface 39,6 m<sup>2<\/sup>, price \u20ac3\/m2 (rent: \u20ac118.80 + utilities).&nbsp;<a href=\"https:\/\/valga.ee\/wp-content\/uploads\/2025\/09\/Kuperjanovi-12-16.pdf\" target=\"_blank\" rel=\"noreferrer noopener\"><u>Photos from<\/u><\/a> <span class=\"wp-rich-text-font-awesome-icon wp-font-awesome-icon\"><svg aria-hidden=\"true\" focusable=\"false\" data-prefix=\"fas\" data-icon=\"download\" class=\"svg-inline--fa fa-download\" role=\"img\" xmlns=\"http:\/\/www.w3.org\/2000\/svg\" viewbox=\"0 0 512 512\"><path fill=\"currentColor\" d=\"M288 32c0-17.7-14.3-32-32-32s-32 14.3-32 32l0 242.7-73.4-73.4c-12.5-12.5-32.8-12.5-45.3 0s-12.5 32.8 0 45.3l128 128c12.5 12.5 32.8 12.5 45.3 0l128-128c12.5-12.5 12.5-32.8 0-45.3s-32.8-12.5-45.3 0L288 274.7 288 32zM64 352c-35.3 0-64 28.7-64 64l0 32c0 35.3 28.7 64 64 64l384 0c35.3 0 64-28.7 64-64l0-32c0-35.3-28.7-64-64-64l-101.5 0-45.3 45.3c-25 25-65.5 25-90.5 0L165.5 352 64 352zm368 56a24 24 0 1 1 0 48 24 24 0 1 1 0-48z\"><\/path><\/svg><\/span><\/li>\n<\/ul>\n\n\n\n<p>Contact us for more information and to find out more about the rooms on offer:<\/p>\n\n\n\n<p>Meelis Saavel <a href=\"tel:53055084\">5305 5084<\/a>, e-mail:&nbsp;<a href=\"mailto:meelis.saavel@valga.ee\">meelis.saavel@valga.ee<\/a><br>Janek Rennu <a href=\"tel:7669956\">766 9956<\/a>, e-mail:&nbsp;<a href=\"mailto:janek.rennu@valga.ee\">janek.rennu@valga.ee<\/a><\/p>\n<\/div>\n\n\n\n<div class=\"wp-block-column is-layout-flow wp-block-column-is-layout-flow\" style=\"flex-basis:33.33%\">\n<figure data-wp-context=\"{&quot;imageId&quot;:&quot;69ea0a4f2db75&quot;}\" data-wp-interactive=\"core\/image\" data-wp-key=\"69ea0a4f2db75\" class=\"wp-block-image size-large wp-lightbox-container\"><img loading=\"lazy\" decoding=\"async\" width=\"1024\" height=\"724\" data-wp-class--hide=\"state.isContentHidden\" data-wp-class--show=\"state.isContentVisible\" data-wp-init=\"callbacks.setButtonStyles\" data-wp-on--click=\"actions.showLightbox\" data-wp-on--load=\"callbacks.setButtonStyles\" data-wp-on-window--resize=\"callbacks.setButtonStyles\" src=\"https:\/\/valga.ee\/wp-content\/uploads\/2025\/09\/DSC00414.JPG-1024x724.jpg\" alt=\"\" class=\"wp-image-1942\" srcset=\"https:\/\/valga.ee\/wp-content\/uploads\/2025\/09\/DSC00414.JPG-1024x724.jpg 1024w, https:\/\/valga.ee\/wp-content\/uploads\/2025\/09\/DSC00414.JPG-300x212.jpg 300w, https:\/\/valga.ee\/wp-content\/uploads\/2025\/09\/DSC00414.JPG-768x543.jpg 768w, https:\/\/valga.ee\/wp-content\/uploads\/2025\/09\/DSC00414.JPG.jpg 1250w\" sizes=\"auto, (max-width: 1024px) 100vw, 1024px\" \/><button\n\t\t\tclass=\"lightbox-trigger\"\n\t\t\ttype=\"button\"\n\t\t\taria-haspopup=\"dialog\"\n\t\t\taria-label=\"Enlarge\"\n\t\t\tdata-wp-init=\"callbacks.initTriggerButton\"\n\t\t\tdata-wp-on--click=\"actions.showLightbox\"\n\t\t\tdata-wp-style--right=\"state.imageButtonRight\"\n\t\t\tdata-wp-style--top=\"state.imageButtonTop\"\n\t\t>\n\t\t\t<svg xmlns=\"http:\/\/www.w3.org\/2000\/svg\" width=\"12\" height=\"12\" fill=\"none\" viewbox=\"0 0 12 12\">\n\t\t\t\t<path fill=\"#fff\" d=\"M2 0a2 2 0 0 0-2 2v2h1.5V2a.5.5 0 0 1 .5-.5h2V0H2Zm2 10.5H2a.5.5 0 0 1-.5-.5V8H0v2a2 2 0 0 0 2 2h2v-1.5ZM8 12v-1.5h2a.5.5 0 0 0 .5-.5V8H12v2a2 2 0 0 1-2 2H8Zm2-12a2 2 0 0 1 2 2v2h-1.5V2a.5.5 0 0 0-.5-.5H8V0h2Z\" \/>\n\t\t\t<\/svg>\n\t\t<\/button><\/figure>\n\n\n\n<figure class=\"wp-block-image size-full\"><img loading=\"lazy\" decoding=\"async\" width=\"550\" height=\"250\" src=\"https:\/\/valga.ee\/wp-content\/uploads\/2025\/09\/kredex_logo.jpg\" alt=\"\" class=\"wp-image-1946\" srcset=\"https:\/\/valga.ee\/wp-content\/uploads\/2025\/09\/kredex_logo.jpg 550w, https:\/\/valga.ee\/wp-content\/uploads\/2025\/09\/kredex_logo-300x136.jpg 300w\" sizes=\"auto, (max-width: 550px) 100vw, 550px\" \/><\/figure>\n<\/div>\n<\/div>","protected":false},"excerpt":{"rendered":"<p>J. Kuperjanovi&nbsp;12 \u00fc\u00fcrimaja ehitamise projekti kogumaksumus on 1,44 miljonit eurot (t\u00e4pne summa on 1 443 885,72), millest 652 260 eurot kaeti Kredexi kohalikele omavalitsustele elamufondi arendamise investeeringutoetusest, teine pool vajalikust [&hellip;]<\/p>\n","protected":false},"author":1,"featured_media":0,"parent":1479,"menu_order":0,"comment_status":"closed","ping_status":"closed","template":"page-wide","meta":{"_EventAllDay":false,"_EventTimezone":"","_EventStartDate":"","_EventEndDate":"","_EventStartDateUTC":"","_EventEndDateUTC":"","_EventShowMap":false,"_EventShowMapLink":false,"_EventURL":"","_EventCost":"","_EventCostDescription":"","_EventCurrencySymbol":"","_EventCurrencyCode":"","_EventCurrencyPosition":"","_EventDateTimeSeparator":"","_EventTimeRangeSeparator":"","_EventOrganizerID":[],"_EventVenueID":[],"_OrganizerEmail":"","_OrganizerPhone":"","_OrganizerWebsite":"","_VenueAddress":"","_VenueCity":"","_VenueCountry":"","_VenueProvince":"","_VenueState":"","_VenueZip":"","_VenuePhone":"","_VenueURL":"","_VenueStateProvince":"","_VenueLat":"","_VenueLng":"","_VenueShowMap":false,"_VenueShowMapLink":false,"slim_seo":{"title":"Kinnisvararent Valga vallas - Valga vald","description":"J. Kuperjanovi&nbsp;12 \u00fc\u00fcrimaja ehitamise projekti kogumaksumus on 1,44 miljonit eurot (t\u00e4pne summa on 1 443 885,72), millest 652 260 eurot kaeti Kredexi kohali"},"footnotes":""},"class_list":["post-1919","page","type-page","status-publish","hentry"],"_links":{"self":[{"href":"https:\/\/valga.ee\/en\/wp-json\/wp\/v2\/pages\/1919","targetHints":{"allow":["GET"]}}],"collection":[{"href":"https:\/\/valga.ee\/en\/wp-json\/wp\/v2\/pages"}],"about":[{"href":"https:\/\/valga.ee\/en\/wp-json\/wp\/v2\/types\/page"}],"author":[{"embeddable":true,"href":"https:\/\/valga.ee\/en\/wp-json\/wp\/v2\/users\/1"}],"replies":[{"embeddable":true,"href":"https:\/\/valga.ee\/en\/wp-json\/wp\/v2\/comments?post=1919"}],"version-history":[{"count":10,"href":"https:\/\/valga.ee\/en\/wp-json\/wp\/v2\/pages\/1919\/revisions"}],"predecessor-version":[{"id":9256,"href":"https:\/\/valga.ee\/en\/wp-json\/wp\/v2\/pages\/1919\/revisions\/9256"}],"up":[{"embeddable":true,"href":"https:\/\/valga.ee\/en\/wp-json\/wp\/v2\/pages\/1479"}],"wp:attachment":[{"href":"https:\/\/valga.ee\/en\/wp-json\/wp\/v2\/media?parent=1919"}],"curies":[{"name":"wp","href":"https:\/\/api.w.org\/{rel}","templated":true}]}}