{"id":1717,"date":"2025-09-01T15:04:12","date_gmt":"2025-09-01T12:04:12","guid":{"rendered":"https:\/\/valga.ee\/?page_id=1717"},"modified":"2026-04-20T11:05:44","modified_gmt":"2026-04-20T08:05:44","slug":"komisjonid","status":"publish","type":"page","link":"https:\/\/valga.ee\/en\/juhtimine-ja-majandus\/valla-juhtimine\/vallavalitsus\/komisjonid\/","title":{"rendered":"Committees"},"content":{"rendered":"<p>For the organisation of its work, the municipality shall set up ad hoc and standing committees and, where necessary, approve the basis on which they shall operate.<\/p>\n\n\n\n<div class=\"wp-block-group has-border-color has-contrast-border-color has-base-background-color has-background has-global-padding is-layout-constrained wp-container-core-group-is-layout-9597dc02 wp-block-group-is-layout-constrained\" style=\"border-width:1px;border-radius:3px;padding-top:var(--wp--preset--spacing--10);padding-right:var(--wp--preset--spacing--10);padding-bottom:var(--wp--preset--spacing--10);padding-left:var(--wp--preset--spacing--10);box-shadow:var(--wp--preset--shadow--vaike-vari-2)\">\n<details class=\"wp-block-details is-layout-flow wp-block-details-is-layout-flow\"><summary>Public procurement committee<\/summary>\n<p>Committee chairman: Margus Teder, assistant municipal secretary;<\/p>\n\n\n\n<p>Vice-Chairman: Urmas M\u00f6ldre, Head of the Building and Planning Service;<\/p>\n\n\n\n<p>Members:<\/p>\n\n\n\n<ul class=\"wp-block-list\">\n<li>Krister Laas, representative of Valga Municipal Council;<\/li>\n\n\n\n<li>Diana Asi, municipal secretary;<\/li>\n\n\n\n<li>Eero Stein, Deputy Mayor for Municipal Property and Construction;<\/li>\n\n\n\n<li>J\u00fcri Konrad, deputy mayor for culture;<\/li>\n\n\n\n<li>Annely Adrat, Head of the Treasury.<\/li>\n<\/ul>\n<\/details>\n<\/div>\n\n\n\n<div class=\"wp-block-group has-border-color has-contrast-border-color has-base-background-color has-background has-global-padding is-layout-constrained wp-container-core-group-is-layout-9597dc02 wp-block-group-is-layout-constrained\" style=\"border-width:1px;border-radius:3px;padding-top:var(--wp--preset--spacing--10);padding-right:var(--wp--preset--spacing--10);padding-bottom:var(--wp--preset--spacing--10);padding-left:var(--wp--preset--spacing--10);box-shadow:var(--wp--preset--shadow--vaike-vari-2)\">\n<details class=\"wp-block-details is-layout-flow wp-block-details-is-layout-flow\"><summary>Social Commission<\/summary>\n<p>The Commission is chaired by J\u00fcri Konrad, Deputy Mayor for Culture, Youth, Physical Education, Sport, Community Development and Social Assistance and Health;<\/p>\n\n\n\n<p>Vice-Chair: Sirje Puusepp, Senior Social Work Specialist;<\/p>\n\n\n\n<p>Members:<\/p>\n\n\n\n<ul class=\"wp-block-list\">\n<li>\u00dclla Kimmel, head of the social work service;<\/li>\n\n\n\n<li>Jaana Kala, Lead Child Protection Specialist;<\/li>\n\n\n\n<li>Kristi Tsarjov, Senior Specialist for People with Disabilities.<\/li>\n<\/ul>\n<\/details>\n<\/div>\n\n\n\n<div class=\"wp-block-group has-border-color has-contrast-border-color has-base-background-color has-background has-global-padding is-layout-constrained wp-container-core-group-is-layout-9597dc02 wp-block-group-is-layout-constrained\" style=\"border-width:1px;border-radius:3px;padding-top:var(--wp--preset--spacing--10);padding-right:var(--wp--preset--spacing--10);padding-bottom:var(--wp--preset--spacing--10);padding-left:var(--wp--preset--spacing--10);box-shadow:var(--wp--preset--shadow--vaike-vari-2)\">\n<details class=\"wp-block-details is-layout-flow wp-block-details-is-layout-flow\"><summary>Planning and environment committee<\/summary>\n<p>Chairman of the Committee: Eero Stein, Deputy Mayor for Municipal Property and Building.<\/p>\n\n\n\n<p>Vice-Chair: Lenna Hingla, Senior Planning Specialist.<\/p>\n\n\n\n<p>Members:<\/p>\n\n\n\n<ul class=\"wp-block-list\">\n<li>Urmas M\u00f6ldre, Head of the Building and Planning Service;<\/li>\n\n\n\n<li>municipal architect;<\/li>\n\n\n\n<li>Madis Mumm, Environment Officer;<\/li>\n\n\n\n<li>horticulturalist Kristi P\u00f5ldvee;<\/li>\n\n\n\n<li>Toomas Klein, traffic and roads expert;<\/li>\n\n\n\n<li>Representatives of Valga Municipal Council Hans Heinj\u00e4rv and Andres Illak;<\/li>\n\n\n\n<li>Kairid Leks, construction specialist;<\/li>\n\n\n\n<li>Iivika Voode, a specialist in building inspection;<\/li>\n\n\n\n<li>wall designer Raivo Behrsin.<\/li>\n<\/ul>\n<\/details>\n<\/div>\n\n\n\n<div class=\"wp-block-group has-border-color has-contrast-border-color has-base-background-color has-background has-global-padding is-layout-constrained wp-container-core-group-is-layout-9597dc02 wp-block-group-is-layout-constrained\" style=\"border-width:1px;border-radius:3px;padding-top:var(--wp--preset--spacing--10);padding-right:var(--wp--preset--spacing--10);padding-bottom:var(--wp--preset--spacing--10);padding-left:var(--wp--preset--spacing--10);box-shadow:var(--wp--preset--shadow--vaike-vari-2)\">\n<details class=\"wp-block-details is-layout-flow wp-block-details-is-layout-flow\"><summary>Panel for the evaluation of applications under the Decentralisation Programme<\/summary>\n<p>Committee chairman: J\u00fcri Konrad, deputy mayor for culture, youth, physical education, sport, community development, social assistance and health.<\/p>\n\n\n\n<p>vice-chair: community and cooperation projects specialist Marika Muru;<\/p>\n\n\n\n<p>Members:<\/p>\n\n\n\n<ul class=\"wp-block-list\">\n<li>Kairid Leks, construction specialist;<\/li>\n\n\n\n<li>Madis Mumm, Environment Officer;<\/li>\n\n\n\n<li>sotsiaalt\u00f6\u00f6spetsialist \u00d5nneke Hermaste;<\/li>\n\n\n\n<li>sotsiaalt\u00f6\u00f6spetsialist Anu Tamm;<\/li>\n\n\n\n<li>sotsiaalt\u00f6\u00f6spetsialist Evi Veerme.<\/li>\n<\/ul>\n<\/details>\n<\/div>\n\n\n\n<div class=\"wp-block-group has-border-color has-contrast-border-color has-base-background-color has-background has-global-padding is-layout-constrained wp-container-core-group-is-layout-9597dc02 wp-block-group-is-layout-constrained\" style=\"border-width:1px;border-radius:3px;padding-top:var(--wp--preset--spacing--10);padding-right:var(--wp--preset--spacing--10);padding-bottom:var(--wp--preset--spacing--10);padding-left:var(--wp--preset--spacing--10);box-shadow:var(--wp--preset--shadow--vaike-vari-2)\">\n<details class=\"wp-block-details is-layout-flow wp-block-details-is-layout-flow\"><summary>Inclusive budget ideas screening committee<\/summary>\n<p>Chairman of the Committee: the Mayor of the municipality, Mart Kase;<\/p>\n\n\n\n<p>Vice-Chair: Lenna Hingla, Senior Planning Specialist;<\/p>\n\n\n\n<p>Members:<\/p>\n\n\n\n<ul class=\"wp-block-list\">\n<li>Kairid Leks, construction specialist;<\/li>\n\n\n\n<li>wall designer Raivo Behrsin;<\/li>\n\n\n\n<li>municipal architect;<\/li>\n\n\n\n<li>horticulturalist Kristi P\u00f5ldvee;<\/li>\n\n\n\n<li>economist.<\/li>\n<\/ul>\n<\/details>\n<\/div>\n\n\n\n<div class=\"wp-block-group has-border-color has-contrast-border-color has-base-background-color has-background has-global-padding is-layout-constrained wp-container-core-group-is-layout-9597dc02 wp-block-group-is-layout-constrained\" style=\"border-width:1px;border-radius:3px;padding-top:var(--wp--preset--spacing--10);padding-right:var(--wp--preset--spacing--10);padding-bottom:var(--wp--preset--spacing--10);padding-left:var(--wp--preset--spacing--10);box-shadow:var(--wp--preset--shadow--vaike-vari-2)\">\n<details class=\"wp-block-details is-layout-flow wp-block-details-is-layout-flow\"><summary>Committee for the award of cultural grants<\/summary>\n<p id=\"kultuur\">Committee chairman: J\u00fcri Konrad, Deputy Mayor for Culture, Community and Youth;<\/p>\n\n\n\n<p>vice-chair: culture specialist Kaisa Kerge;<\/p>\n\n\n\n<p>Members:&nbsp;<\/p>\n\n\n\n<ul class=\"wp-block-list\">\n<li>Kaja Sisask, representing the city of Valga;<\/li>\n\n\n\n<li>Janika Jurs, representative of the Karula region;<\/li>\n\n\n\n<li>Representative of the T\u00f5lliste region;<\/li>\n\n\n\n<li>Representative of the Taheva region;<\/li>\n\n\n\n<li>Representative of the \u00d5ru region;<\/li>\n\n\n\n<li>Anastasija Kikkas, Member of Valga Municipality;<\/li>\n\n\n\n<li>Ruth J\u00fcrgens, representative of Valga Municipality;<\/li>\n\n\n\n<li>Kelly-Ann Laine, representative of Valga Municipal Council;<\/li>\n\n\n\n<li>Hanna-Liisa Kronberg, representative of the Valga Municipality Youth Council.<\/li>\n<\/ul>\n<\/details>\n<\/div>\n\n\n\n<div class=\"wp-block-group has-border-color has-contrast-border-color has-base-background-color has-background has-global-padding is-layout-constrained wp-container-core-group-is-layout-9597dc02 wp-block-group-is-layout-constrained\" style=\"border-width:1px;border-radius:3px;padding-top:var(--wp--preset--spacing--10);padding-right:var(--wp--preset--spacing--10);padding-bottom:var(--wp--preset--spacing--10);padding-left:var(--wp--preset--spacing--10);box-shadow:var(--wp--preset--shadow--vaike-vari-2)\">\n<details class=\"wp-block-details is-layout-flow wp-block-details-is-layout-flow\"><summary>Community Committee<\/summary>\n<p>Committee chair: culture, youth, physical education, sport, community development and social assistance.<br>J\u00fcri Konrad, deputy mayor in charge of health and health care;<\/p>\n\n\n\n<p>vice-chair: community and cooperation projects specialist Marika Muru;&nbsp;<\/p>\n\n\n\n<p>Members:<\/p>\n\n\n\n<ul class=\"wp-block-list\">\n<li>Representative of the Taheva region;<\/li>\n\n\n\n<li>Representative of the Diocese of Oru;<\/li>\n\n\n\n<li>Raili Arikas, representative of the T\u00f5lliste region;<\/li>\n\n\n\n<li>Representative of the Karula region;<\/li>\n\n\n\n<li>A representative of the city of Valga;<\/li>\n\n\n\n<li>Anastasija Kikkas, Member of Valga Municipality;<\/li>\n\n\n\n<li>Meeli Tuubel, representative of Valga Municipal Council;<\/li>\n\n\n\n<li>Varvara Slyusartchuk, representative of the Valga Municipality Youth Council.<\/li>\n<\/ul>\n<\/details>\n<\/div>\n\n\n\n<div class=\"wp-block-group has-border-color has-contrast-border-color has-base-background-color has-background has-global-padding is-layout-constrained wp-container-core-group-is-layout-9597dc02 wp-block-group-is-layout-constrained\" style=\"border-width:1px;border-radius:3px;padding-top:var(--wp--preset--spacing--10);padding-right:var(--wp--preset--spacing--10);padding-bottom:var(--wp--preset--spacing--10);padding-left:var(--wp--preset--spacing--10);box-shadow:var(--wp--preset--shadow--vaike-vari-2)\">\n<details id=\"noorsootoo\" class=\"wp-block-details is-layout-flow wp-block-details-is-layout-flow\"><summary>Committee for the evaluation of applications in the youth field<\/summary>\n<p>Committee chairman: J\u00fcri Konrad, Deputy Mayor for Culture, Community and Youth;<\/p>\n\n\n\n<p>Vice-Chairman: sports and youth specialist T\u00f5nu Vahtra;<\/p>\n\n\n\n<p>Members:<\/p>\n\n\n\n<ul class=\"wp-block-list\">\n<li>Elina Virnas, Director of the Valga Open Youth Centre;<\/li>\n\n\n\n<li>A youth worker appointed by the Valga Open Youth Centre;<\/li>\n\n\n\n<li>A youth worker appointed by the Valga Open Youth Centre;<\/li>\n\n\n\n<li>Ruth J\u00fcrgens, Member of Valga Municipality;<\/li>\n\n\n\n<li>Valga Municipal Council representative Yulia Kop\u00f5tnik;<\/li>\n\n\n\n<li>A representative appointed by the Valga Municipality Youth Council;<\/li>\n\n\n\n<li>A representative appointed by the Valga Municipality Youth Council.<\/li>\n<\/ul>\n<\/details>\n<\/div>\n\n\n\n<div class=\"wp-block-group has-border-color has-contrast-border-color has-base-background-color has-background has-global-padding is-layout-constrained wp-container-core-group-is-layout-9597dc02 wp-block-group-is-layout-constrained\" style=\"border-width:1px;border-radius:3px;padding-top:var(--wp--preset--spacing--10);padding-right:var(--wp--preset--spacing--10);padding-bottom:var(--wp--preset--spacing--10);padding-left:var(--wp--preset--spacing--10);box-shadow:var(--wp--preset--shadow--vaike-vari-2)\">\n<details class=\"wp-block-details is-layout-flow wp-block-details-is-layout-flow\"><summary>Committee for the award of grants in the field of sport<\/summary>\n<p id=\"sport\">Committee chairman: J\u00fcri Konrad, Deputy Mayor for Culture, Community and Youth;<\/p>\n\n\n\n<p>Vice-Chairman: sports and youth specialist T\u00f5nu Vahtra;<\/p>\n\n\n\n<p>Members:<\/p>\n\n\n\n<ul class=\"wp-block-list\">\n<li>Valga Sport Manager;<\/li>\n\n\n\n<li>A representative appointed by the Valgamaa Sports Federation;<\/li>\n\n\n\n<li>Ruth J\u00fcrgens, Member of Valga Municipality;<\/li>\n\n\n\n<li>By decision of Valga Municipality other person Jelena Tops<\/li>\n\n\n\n<li>Representatives of Valga Municipal Council Allain Karuse and Ester Peterson;<\/li>\n\n\n\n<li>A representative appointed by the Valga Municipality Youth Council;<\/li>\n\n\n\n<li>A representative appointed by the Valga Municipality Youth Council.<\/li>\n<\/ul>\n<\/details>\n<\/div>\n\n\n\n<div class=\"wp-block-group has-border-color has-contrast-border-color has-base-background-color has-background has-global-padding is-layout-constrained wp-container-core-group-is-layout-9597dc02 wp-block-group-is-layout-constrained\" style=\"border-width:1px;border-radius:3px;padding-top:var(--wp--preset--spacing--10);padding-right:var(--wp--preset--spacing--10);padding-bottom:var(--wp--preset--spacing--10);padding-left:var(--wp--preset--spacing--10);box-shadow:var(--wp--preset--shadow--vaike-vari-2)\">\n<details class=\"wp-block-details is-layout-flow wp-block-details-is-layout-flow\"><summary>Municipal Property Committee<\/summary>\n<p>Committee chairman: Deputy Mayor Eero Stein;<\/p>\n\n\n\n<p>Vice-Chair: Meelis Saavel, Senior Specialist in Asset Management, Building and Planning Service;<\/p>\n\n\n\n<p>Members:<\/p>\n\n\n\n<ul class=\"wp-block-list\">\n<li>Igor Jallai, representative of Valga Municipal Council;<\/li>\n\n\n\n<li>Urmas M\u00f6ldre, Head of the Building and Planning Service;&nbsp;<\/li>\n\n\n\n<li>Annely Adrat, Head of the Treasury;<\/li>\n\n\n\n<li>Lenna Hingla, Senior Planning Specialist, Building and Planning Service;<\/li>\n\n\n\n<li>Janek Rennu, an economic management specialist in the municipal property and maintenance service.<\/li>\n<\/ul>\n<\/details>\n<\/div>\n\n\n\n<div class=\"wp-block-group has-border-color has-contrast-border-color has-base-background-color has-background has-global-padding is-layout-constrained wp-container-core-group-is-layout-9597dc02 wp-block-group-is-layout-constrained\" style=\"border-width:1px;border-radius:3px;padding-top:var(--wp--preset--spacing--10);padding-right:var(--wp--preset--spacing--10);padding-bottom:var(--wp--preset--spacing--10);padding-left:var(--wp--preset--spacing--10);box-shadow:var(--wp--preset--shadow--vaike-vari-2)\">\n<details class=\"wp-block-details is-layout-flow wp-block-details-is-layout-flow\"><summary>Transport Committee<\/summary>\n<p>Committee chairman: Deputy Mayor Eero Stein;<\/p>\n\n\n\n<p>vice-chairman: Toomas Klein, traffic and roads expert;<\/p>\n\n\n\n<p>Members:<\/p>\n\n\n\n<ul class=\"wp-block-list\">\n<li>Urmas M\u00f6ldre, Head of the Building and Planning Service;<\/li>\n\n\n\n<li>Enno Kase, Valga city field manager;<\/li>\n\n\n\n<li>Anastasija Kikkas, member of the municipality;<\/li>\n\n\n\n<li>Kairi Ruus, Regional Head of the South-Eastern Police Station of the Southern Prefecture of the Police and Border Guard Board;&nbsp;<\/li>\n\n\n\n<li>Raul Tammela, traffic manager at the Southern Roads Department of the Transport Administration;<\/li>\n\n\n\n<li>Alari Kais, Chief of the Valga Rescue Command of the Southern Rescue Centre of the Rescue Board of the Estonian Rescue Board;<\/li>\n\n\n\n<li>Kalle Muru;<\/li>\n\n\n\n<li>Valga Municipal Council representative Heikki V\u00f5\u00f5ras.<\/li>\n<\/ul>\n<\/details>\n<\/div>\n\n\n\n<div class=\"wp-block-group has-border-color has-contrast-border-color has-base-background-color has-background has-global-padding is-layout-constrained wp-container-core-group-is-layout-9597dc02 wp-block-group-is-layout-constrained\" style=\"border-width:1px;border-radius:3px;padding-top:var(--wp--preset--spacing--10);padding-right:var(--wp--preset--spacing--10);padding-bottom:var(--wp--preset--spacing--10);padding-left:var(--wp--preset--spacing--10);box-shadow:var(--wp--preset--shadow--vaike-vari-2)\">\n<details class=\"wp-block-details is-layout-flow wp-block-details-is-layout-flow\"><summary>Auction Commission<\/summary>\n<p>The committee is chaired by Eero Stein, deputy mayor in charge of municipal property and construction;<\/p>\n\n\n\n<p>Vice-Chair: Meelis Saavel, Senior Specialist in Asset Management;<\/p>\n\n\n\n<p>Members:<\/p>\n\n\n\n<ul class=\"wp-block-list\">\n<li>Igor Jallai, representative of Valga Municipal Council;<\/li>\n\n\n\n<li>land management specialist Mario Pinka;&nbsp;&nbsp;&nbsp;&nbsp;&nbsp;&nbsp;&nbsp;&nbsp;&nbsp;&nbsp;&nbsp;&nbsp;&nbsp;&nbsp;&nbsp;&nbsp;&nbsp;&nbsp;&nbsp;&nbsp;&nbsp;&nbsp;&nbsp;&nbsp;&nbsp;&nbsp;&nbsp;<\/li>\n\n\n\n<li>Janek Rennu, economic management specialist.<\/li>\n<\/ul>\n<\/details>\n<\/div>\n\n\n\n<div class=\"wp-block-group has-border-color has-contrast-border-color has-base-background-color has-background has-global-padding is-layout-constrained wp-container-core-group-is-layout-9597dc02 wp-block-group-is-layout-constrained\" style=\"border-width:1px;border-radius:3px;padding-top:var(--wp--preset--spacing--10);padding-right:var(--wp--preset--spacing--10);padding-bottom:var(--wp--preset--spacing--10);padding-left:var(--wp--preset--spacing--10);box-shadow:var(--wp--preset--shadow--vaike-vari-2)\">\n<details class=\"wp-block-details is-layout-flow wp-block-details-is-layout-flow\"><summary>Crisis Commission<\/summary>\n<p>chairman: Mart Kase, mayor of the municipality<br>Vice-Chairman: Deputy Mayor Eero Stein (replaced by Urmas Stein, Head of the Building and Planning Service).<br>M\u00f6ldre)<\/p>\n\n\n\n<p>Members:<\/p>\n\n\n\n<ul class=\"wp-block-list\">\n<li>Deputy Mayor J\u00fcri Konrad (replaced by \u00dclla Kimmel, Head of the Social Work Service)<\/li>\n\n\n\n<li>Kairi Ruus, group leader of the Valga regional group of the South-Eastern Police Prefecture of the Police and Border Guard Board (substitute Renee Sildnik).<\/li>\n\n\n\n<li>P\u00e4\u00e4steameti L\u00f5una p\u00e4\u00e4stekeskuse Valgamaa p\u00e4\u00e4stekomando pealik Alari Kais (asendaja Viljandi-Valgamaa p\u00e4\u00e4stepiirkonna peaspetsialist Alor Kasep\u00f5ld)<\/li>\n\n\n\n<li>Enno Kase, Field Manager of the Municipal Maintenance Service (replaced by Toomas Klein, Traffic and Roads Specialist).<\/li>\n\n\n\n<li>Communication Manager Andero Ojamets<\/li>\n\n\n\n<li>Apo Oja, Head of Valga Hospital (replaced by Taavi Teder, Medical Director of Valga Hospital).<\/li>\n\n\n\n<li>J\u00fcri Teder, Manager of AS VALGA VESI (replaced by Raivo P\u00fcvi, Production Manager of AS VALGA VESI)<\/li>\n\n\n\n<li>Sander Kallas, Head of Customer Service Department, AS Utilitas Valga (replaced by Heino Peet, Senior Network Manager).<\/li>\n\n\n\n<li>Kaido Lusik, Head of the Valgamaa Division of the Defence League (replaced by Kalvi Kaart).<\/li>\n\n\n\n<li>Thea Aasma, Senior Consultant of the Valgamaa Department of the Estonian Unemployment Insurance Fund<\/li>\n\n\n\n<li>Johannes J\u00e4rv, representative of O\u00dc RoadWest, a vital service provider of Valga valley (replaced by Erki Leegiste).<\/li>\n\n\n\n<li>Volunteer rescue representative Veiko Pormeister<\/li>\n<\/ul>\n\n\n\n<p>The secretary of the crisis committee is Ranno Allik, a law enforcement officer.<\/p>\n<\/details>\n<\/div>","protected":false},"excerpt":{"rendered":"<p>For the organisation of its work, the municipality shall set up ad hoc and standing committees and, where necessary, approve the basis on which they shall operate.<\/p>","protected":false},"author":1,"featured_media":0,"parent":1681,"menu_order":2,"comment_status":"closed","ping_status":"closed","template":"","meta":{"_EventAllDay":false,"_EventTimezone":"","_EventStartDate":"","_EventEndDate":"","_EventStartDateUTC":"","_EventEndDateUTC":"","_EventShowMap":false,"_EventShowMapLink":false,"_EventURL":"","_EventCost":"","_EventCostDescription":"","_EventCurrencySymbol":"","_EventCurrencyCode":"","_EventCurrencyPosition":"","_EventDateTimeSeparator":"","_EventTimeRangeSeparator":"","_EventOrganizerID":[],"_EventVenueID":[],"_OrganizerEmail":"","_OrganizerPhone":"","_OrganizerWebsite":"","_VenueAddress":"","_VenueCity":"","_VenueCountry":"","_VenueProvince":"","_VenueState":"","_VenueZip":"","_VenuePhone":"","_VenueURL":"","_VenueStateProvince":"","_VenueLat":"","_VenueLng":"","_VenueShowMap":false,"_VenueShowMapLink":false,"slim_seo":{"title":"Komisjonid - Valga vald","description":"Vallavalitsus moodustab oma t\u00f6\u00f6 korraldamiseks ajutisi ja alatisi komisjone ning kinnitab vajadusel nende tegutsemise alused. Riigihangete komisjon Komisjoni es"},"footnotes":""},"class_list":["post-1717","page","type-page","status-publish","hentry"],"_links":{"self":[{"href":"https:\/\/valga.ee\/en\/wp-json\/wp\/v2\/pages\/1717","targetHints":{"allow":["GET"]}}],"collection":[{"href":"https:\/\/valga.ee\/en\/wp-json\/wp\/v2\/pages"}],"about":[{"href":"https:\/\/valga.ee\/en\/wp-json\/wp\/v2\/types\/page"}],"author":[{"embeddable":true,"href":"https:\/\/valga.ee\/en\/wp-json\/wp\/v2\/users\/1"}],"replies":[{"embeddable":true,"href":"https:\/\/valga.ee\/en\/wp-json\/wp\/v2\/comments?post=1717"}],"version-history":[{"count":20,"href":"https:\/\/valga.ee\/en\/wp-json\/wp\/v2\/pages\/1717\/revisions"}],"predecessor-version":[{"id":9394,"href":"https:\/\/valga.ee\/en\/wp-json\/wp\/v2\/pages\/1717\/revisions\/9394"}],"up":[{"embeddable":true,"href":"https:\/\/valga.ee\/en\/wp-json\/wp\/v2\/pages\/1681"}],"wp:attachment":[{"href":"https:\/\/valga.ee\/en\/wp-json\/wp\/v2\/media?parent=1717"}],"curies":[{"name":"wp","href":"https:\/\/api.w.org\/{rel}","templated":true}]}}