{"id":1496,"date":"2025-08-29T13:15:16","date_gmt":"2025-08-29T10:15:16","guid":{"rendered":"https:\/\/valga.ee\/?page_id=1496"},"modified":"2025-09-03T14:46:02","modified_gmt":"2025-09-03T11:46:02","slug":"kusitlused-ja-uuringud","status":"publish","type":"page","link":"https:\/\/valga.ee\/en\/vald-uudised-ja-kontakt\/valla-info\/kusitlused-ja-uuringud\/","title":{"rendered":"Surveys and studies"},"content":{"rendered":"<h2 class=\"wp-block-heading\">Valga municipality satisfaction survey 2025<\/h2>\n\n\n\n<div class=\"wp-block-columns is-layout-flex wp-container-core-columns-is-layout-658170e2 wp-block-columns-is-layout-flex\">\n<div class=\"wp-block-column is-layout-flow wp-block-column-is-layout-flow\" style=\"flex-basis:66.66%\">\n<p>From 24 March to 6 April 2025, Valga Municipality conducted a satisfaction survey of its residents, the aim of which was to obtain feedback on the living environment, public services, the functioning of civil society and the governance of Valga Municipality. The survey could be completed electronically. The satisfaction survey is one of the monitoring indicators of the Valga Municipality Development Plan 2035+. The aim was to assess the satisfaction of the residents in different areas and to get feedback on how well and in which areas development and improvement is desired.<\/p>\n\n\n\n<p>There were 210 respondents, most of them from Valga. Valga Municipality thanks all respondents!<\/p>\n\n\n\n<p><a href=\"https:\/\/docs.google.com\/forms\/d\/1wS7zgY2q_S5jXaYERzWkx3Ga-Ai4Zea0V6vKmIIXkDQ\/viewanalytics?usp=drive_web\" target=\"_blank\" rel=\"noreferrer noopener\">Satisfaction survey 2025 summary<\/a> <span class=\"wp-rich-text-font-awesome-icon wp-font-awesome-icon\"><svg aria-hidden=\"true\" focusable=\"false\" data-prefix=\"fas\" data-icon=\"arrow-up-right-from-square\" class=\"svg-inline--fa fa-arrow-up-right-from-square\" role=\"img\" xmlns=\"http:\/\/www.w3.org\/2000\/svg\" viewbox=\"0 0 512 512\"><path fill=\"currentColor\" d=\"M320 0c-17.7 0-32 14.3-32 32s14.3 32 32 32l82.7 0L201.4 265.4c-12.5 12.5-12.5 32.8 0 45.3s32.8 12.5 45.3 0L448 109.3l0 82.7c0 17.7 14.3 32 32 32s32-14.3 32-32l0-160c0-17.7-14.3-32-32-32L320 0zM80 32C35.8 32 0 67.8 0 112L0 432c0 44.2 35.8 80 80 80l320 0c44.2 0 80-35.8 80-80l0-112c0-17.7-14.3-32-32-32s-32 14.3-32 32l0 112c0 8.8-7.2 16-16 16L80 448c-8.8 0-16-7.2-16-16l0-320c0-8.8 7.2-16 16-16l112 0c17.7 0 32-14.3 32-32s-14.3-32-32-32L80 32z\"><\/path><\/svg><\/span><\/p>\n\n\n\n<p>Valga Municipality thanks all respondents!<\/p>\n\n\n\n<p><strong>More information:<\/strong><\/p>\n\n\n\n<div class=\"wp-block-group has-global-padding is-content-justification-left is-layout-constrained wp-container-core-group-is-layout-ef2e9300 wp-block-group-is-layout-constrained\">\n<div class=\"wp-block-group liigu has-base-2-background-color has-background has-global-padding is-content-justification-center is-layout-constrained wp-block-group-is-layout-constrained\" style=\"border-radius:5px;box-shadow:var(--wp--preset--shadow--vaike-vari-2)\">\n<div class=\"wp-block-group alignfull is-nowrap is-layout-flex wp-container-core-group-is-layout-653e2ebb wp-block-group-is-layout-flex\" style=\"padding-top:0.5rem;padding-right:0.5rem;padding-bottom:0.5rem;padding-left:0.5rem\">\n<p style=\"padding-left:0.5rem\"><span class=\"wp-rich-text-font-awesome-icon wp-font-awesome-icon\"><svg aria-hidden=\"true\" focusable=\"false\" data-prefix=\"fas\" data-icon=\"user\" class=\"svg-inline--fa fa-user\" role=\"img\" xmlns=\"http:\/\/www.w3.org\/2000\/svg\" viewbox=\"0 0 448 512\" style=\"font-size:1.3em\"><path fill=\"currentColor\" d=\"M224 256A128 128 0 1 0 224 0a128 128 0 1 0 0 256zm-45.7 48C79.8 304 0 383.8 0 482.3C0 498.7 13.3 512 29.7 512l388.6 0c16.4 0 29.7-13.3 29.7-29.7C448 383.8 368.2 304 269.7 304l-91.4 0z\"><\/path><\/svg><\/span><\/p>\n\n\n\n<p><a href=\"\/en\/vald-uudised-ja-kontakt\/kontakt\/#ettevotlus-ja-arenguspetsialist\">Entrepreneurship and Development Officer<\/a><\/p>\n<\/div>\n<\/div>\n<\/div>\n<\/div>\n\n\n\n<div class=\"wp-block-column is-layout-flow wp-container-core-column-is-layout-8a368f38 wp-block-column-is-layout-flow\" style=\"flex-basis:33.33%\"><a href=\"https:\/\/valga.ee\/wp-content\/uploads\/2025\/09\/Valga-valla-rahulolukusitlus-2024_KOKKUVOTE.pdf\" rel=\"noreferrer noopener\"   class=\"kiirlink wp-block-tiptip-hyperlink-group-block\" target=\"_blank\">\n<div class=\"wp-block-group kiirlink kiirlink-tume has-accent-4-color has-accent-5-background-color has-text-color has-background has-link-color wp-elements-7c1a4a6230f75f33f8fb9a8a7fa1f09f wp-container-content-9cfa9a5a has-global-padding is-layout-constrained wp-container-core-group-is-layout-246ba8a2 wp-block-group-is-layout-constrained\" style=\"border-radius:0px;border-top-color:var(--wp--preset--color--accent-4);border-top-width:1px;border-bottom-style:none;border-bottom-width:0px;padding-top:0.7em;padding-right:var(--wp--preset--spacing--10);padding-bottom:0.7em;padding-left:var(--wp--preset--spacing--10)\">\n<div class=\"wp-block-group is-content-justification-space-between is-nowrap is-layout-flex wp-container-core-group-is-layout-2b43bde3 wp-block-group-is-layout-flex\" style=\"padding-top:0;padding-bottom:0\">\n<p class=\"wp-container-content-9cfa9a5a\"><strong>Satisfaction survey 2024<\/strong><\/p>\n\n\n\n<p>&gt;<\/p>\n<\/div>\n<\/div>\n<\/a>\n\n<a href=\"https:\/\/valga.ee\/wp-content\/uploads\/2025\/09\/Valga-valla-rahulolukusitlus-2023_KOKKUVOTE.pdf\" rel=\"noreferrer noopener\"   class=\"kiirlink wp-block-tiptip-hyperlink-group-block\" target=\"_blank\">\n<div class=\"wp-block-group kiirlink kiirlink-tume has-accent-4-color has-accent-5-background-color has-text-color has-background has-link-color wp-elements-7c1a4a6230f75f33f8fb9a8a7fa1f09f wp-container-content-9cfa9a5a has-global-padding is-layout-constrained wp-container-core-group-is-layout-246ba8a2 wp-block-group-is-layout-constrained\" style=\"border-radius:0px;border-top-color:var(--wp--preset--color--accent-4);border-top-width:1px;border-bottom-style:none;border-bottom-width:0px;padding-top:0.7em;padding-right:var(--wp--preset--spacing--10);padding-bottom:0.7em;padding-left:var(--wp--preset--spacing--10)\">\n<div class=\"wp-block-group is-content-justification-space-between is-nowrap is-layout-flex wp-container-core-group-is-layout-2b43bde3 wp-block-group-is-layout-flex\" style=\"padding-top:0;padding-bottom:0\">\n<p class=\"wp-container-content-9cfa9a5a\"><strong>Satisfaction survey 2023<\/strong><\/p>\n\n\n\n<p>&gt;<\/p>\n<\/div>\n<\/div>\n<\/a>\n\n<a href=\"https:\/\/valga.ee\/wp-content\/uploads\/2025\/09\/Valga-valla-rahulolukusitlus-2022_KOKKUVOTE-2.pdf\" rel=\"noreferrer noopener\"   class=\"kiirlink wp-block-tiptip-hyperlink-group-block\" target=\"_blank\">\n<div class=\"wp-block-group kiirlink kiirlink-tume has-accent-4-color has-accent-5-background-color has-text-color has-background has-link-color wp-elements-7c1a4a6230f75f33f8fb9a8a7fa1f09f wp-container-content-9cfa9a5a has-global-padding is-layout-constrained wp-container-core-group-is-layout-246ba8a2 wp-block-group-is-layout-constrained\" style=\"border-radius:0px;border-top-color:var(--wp--preset--color--accent-4);border-top-width:1px;border-bottom-style:none;border-bottom-width:0px;padding-top:0.7em;padding-right:var(--wp--preset--spacing--10);padding-bottom:0.7em;padding-left:var(--wp--preset--spacing--10)\">\n<div class=\"wp-block-group is-content-justification-space-between is-nowrap is-layout-flex wp-container-core-group-is-layout-2b43bde3 wp-block-group-is-layout-flex\" style=\"padding-top:0;padding-bottom:0\">\n<p class=\"wp-container-content-9cfa9a5a\"><strong>Satisfaction survey 2022<\/strong><\/p>\n\n\n\n<p>&gt;<\/p>\n<\/div>\n<\/div>\n<\/a><\/div>\n<\/div>\n\n\n\n<h2 class=\"wp-block-heading\">Studies<\/h2>\n\n\n\n<ul class=\"wp-block-list\">\n<li><strong><a href=\"https:\/\/valga.ee\/wp-content\/uploads\/2025\/09\/Informatsiooniks-Valga-Vallavolikogule-Valga-valla-murakaart-ja-mura-vahendamise-tegevuskava.pdf\" target=\"_blank\" rel=\"noreferrer noopener\">Valga municipality noise map and noise reduction action plan<\/a>\u00a0<\/strong><span class=\"wp-rich-text-font-awesome-icon wp-font-awesome-icon\"><svg aria-hidden=\"true\" focusable=\"false\" data-prefix=\"fas\" data-icon=\"download\" class=\"svg-inline--fa fa-download\" role=\"img\" xmlns=\"http:\/\/www.w3.org\/2000\/svg\" viewbox=\"0 0 512 512\"><path fill=\"currentColor\" d=\"M288 32c0-17.7-14.3-32-32-32s-32 14.3-32 32l0 242.7-73.4-73.4c-12.5-12.5-32.8-12.5-45.3 0s-12.5 32.8 0 45.3l128 128c12.5 12.5 32.8 12.5 45.3 0l128-128c12.5-12.5 12.5-32.8 0-45.3s-32.8-12.5-45.3 0L288 274.7 288 32zM64 352c-35.3 0-64 28.7-64 64l0 32c0 35.3 28.7 64 64 64l384 0c35.3 0 64-28.7 64-64l0-32c0-35.3-28.7-64-64-64l-101.5 0-45.3 45.3c-25 25-65.5 25-90.5 0L165.5 352 64 352zm368 56a24 24 0 1 1 0 48 24 24 0 1 1 0-48z\"><\/path><\/svg><\/span>2021 The study was prepared by Valga Municipality and the consultancy companies Kajaja Acoustics O\u00dc and Hendrikson &amp; Ko O\u00dc. Supported by the Environmental Investment Centre.\n<ul class=\"wp-block-list\">\n<li>Annex 1.\u00a0<strong><a href=\"https:\/\/valga.ee\/wp-content\/uploads\/2025\/09\/Mootmiste-protokollid.pdf\" target=\"_blank\" rel=\"noreferrer noopener\">Protocols of measurements<\/a><\/strong> <span class=\"wp-rich-text-font-awesome-icon wp-font-awesome-icon\"><svg aria-hidden=\"true\" focusable=\"false\" data-prefix=\"fas\" data-icon=\"download\" class=\"svg-inline--fa fa-download\" role=\"img\" xmlns=\"http:\/\/www.w3.org\/2000\/svg\" viewbox=\"0 0 512 512\"><path fill=\"currentColor\" d=\"M288 32c0-17.7-14.3-32-32-32s-32 14.3-32 32l0 242.7-73.4-73.4c-12.5-12.5-32.8-12.5-45.3 0s-12.5 32.8 0 45.3l128 128c12.5 12.5 32.8 12.5 45.3 0l128-128c12.5-12.5 12.5-32.8 0-45.3s-32.8-12.5-45.3 0L288 274.7 288 32zM64 352c-35.3 0-64 28.7-64 64l0 32c0 35.3 28.7 64 64 64l384 0c35.3 0 64-28.7 64-64l0-32c0-35.3-28.7-64-64-64l-101.5 0-45.3 45.3c-25 25-65.5 25-90.5 0L165.5 352 64 352zm368 56a24 24 0 1 1 0 48 24 24 0 1 1 0-48z\"><\/path><\/svg><\/span><\/li>\n\n\n\n<li>Annex 2.\u00a0<strong><a href=\"https:\/\/valga.ee\/wp-content\/uploads\/2025\/09\/Liiklus-ja-toostusmura-koos.pdf\" target=\"_blank\" rel=\"noreferrer noopener\">Traffic and industrial noise maps<\/a><\/strong> <span class=\"wp-rich-text-font-awesome-icon wp-font-awesome-icon\"><svg aria-hidden=\"true\" focusable=\"false\" data-prefix=\"fas\" data-icon=\"download\" class=\"svg-inline--fa fa-download\" role=\"img\" xmlns=\"http:\/\/www.w3.org\/2000\/svg\" viewbox=\"0 0 512 512\"><path fill=\"currentColor\" d=\"M288 32c0-17.7-14.3-32-32-32s-32 14.3-32 32l0 242.7-73.4-73.4c-12.5-12.5-32.8-12.5-45.3 0s-12.5 32.8 0 45.3l128 128c12.5 12.5 32.8 12.5 45.3 0l128-128c12.5-12.5 12.5-32.8 0-45.3s-32.8-12.5-45.3 0L288 274.7 288 32zM64 352c-35.3 0-64 28.7-64 64l0 32c0 35.3 28.7 64 64 64l384 0c35.3 0 64-28.7 64-64l0-32c0-35.3-28.7-64-64-64l-101.5 0-45.3 45.3c-25 25-65.5 25-90.5 0L165.5 352 64 352zm368 56a24 24 0 1 1 0 48 24 24 0 1 1 0-48z\"><\/path><\/svg><\/span><\/li>\n\n\n\n<li>Annex 3.\u00a0<a href=\"https:\/\/valga.ee\/wp-content\/uploads\/2025\/09\/Avaliku-arutelu-protokoll_Valga-valla-murakaart-11.11.2021_taiendatud.pdf\" target=\"_blank\" rel=\"noreferrer noopener\">Minutes of the public consultation<\/a> <span class=\"wp-rich-text-font-awesome-icon wp-font-awesome-icon\"><svg aria-hidden=\"true\" focusable=\"false\" data-prefix=\"fas\" data-icon=\"download\" class=\"svg-inline--fa fa-download\" role=\"img\" xmlns=\"http:\/\/www.w3.org\/2000\/svg\" viewbox=\"0 0 512 512\"><path fill=\"currentColor\" d=\"M288 32c0-17.7-14.3-32-32-32s-32 14.3-32 32l0 242.7-73.4-73.4c-12.5-12.5-32.8-12.5-45.3 0s-12.5 32.8 0 45.3l128 128c12.5 12.5 32.8 12.5 45.3 0l128-128c12.5-12.5 12.5-32.8 0-45.3s-32.8-12.5-45.3 0L288 274.7 288 32zM64 352c-35.3 0-64 28.7-64 64l0 32c0 35.3 28.7 64 64 64l384 0c35.3 0 64-28.7 64-64l0-32c0-35.3-28.7-64-64-64l-101.5 0-45.3 45.3c-25 25-65.5 25-90.5 0L165.5 352 64 352zm368 56a24 24 0 1 1 0 48 24 24 0 1 1 0-48z\"><\/path><\/svg><\/span><\/li>\n<\/ul>\n<\/li>\n\n\n\n<li><strong><a href=\"https:\/\/valga.ee\/wp-content\/uploads\/2025\/09\/Valgamaa_ringmajanduse_lopparuanne.pdf\" target=\"_blank\" rel=\"noreferrer noopener\">Valgamaa Circular Economy Audit Final Report<\/a><\/strong> <span class=\"wp-rich-text-font-awesome-icon wp-font-awesome-icon\"><svg aria-hidden=\"true\" focusable=\"false\" data-prefix=\"fas\" data-icon=\"download\" class=\"svg-inline--fa fa-download\" role=\"img\" xmlns=\"http:\/\/www.w3.org\/2000\/svg\" viewbox=\"0 0 512 512\"><path fill=\"currentColor\" d=\"M288 32c0-17.7-14.3-32-32-32s-32 14.3-32 32l0 242.7-73.4-73.4c-12.5-12.5-32.8-12.5-45.3 0s-12.5 32.8 0 45.3l128 128c12.5 12.5 32.8 12.5 45.3 0l128-128c12.5-12.5 12.5-32.8 0-45.3s-32.8-12.5-45.3 0L288 274.7 288 32zM64 352c-35.3 0-64 28.7-64 64l0 32c0 35.3 28.7 64 64 64l384 0c35.3 0 64-28.7 64-64l0-32c0-35.3-28.7-64-64-64l-101.5 0-45.3 45.3c-25 25-65.5 25-90.5 0L165.5 352 64 352zm368 56a24 24 0 1 1 0 48 24 24 0 1 1 0-48z\"><\/path><\/svg><\/span>\u00a0Carried out by Civitta Eesti AS. September 2021.<\/li>\n\n\n\n<li><a href=\"https:\/\/valga.ee\/wp-content\/uploads\/2025\/09\/kagu-eesti_toostusalade_uuring_cumulus_consulting_ou.pdf\" target=\"_blank\" rel=\"noreferrer noopener\">Survey of industrial areas in South-East Estonia. Final report<\/a>\u00a0December 2020. The work was carried out by Cumulus Consulting O\u00dc and commissioned by the Ministry of Finance. Partners.\n<ul class=\"wp-block-list\">\n<li><a href=\"https:\/\/www.fin.ee\/uudised\/uuring-kagu-eesti-toostusalad-ootavad-arendamist\" target=\"_blank\" rel=\"noreferrer noopener\">PRESS RELEASE 28.01.2021: Study: industrial areas in South-East Estonia await development <\/a><span class=\"wp-rich-text-font-awesome-icon wp-font-awesome-icon\"><svg aria-hidden=\"true\" focusable=\"false\" data-prefix=\"fas\" data-icon=\"arrow-up-right-from-square\" class=\"svg-inline--fa fa-arrow-up-right-from-square\" role=\"img\" xmlns=\"http:\/\/www.w3.org\/2000\/svg\" viewbox=\"0 0 512 512\"><path fill=\"currentColor\" d=\"M320 0c-17.7 0-32 14.3-32 32s14.3 32 32 32l82.7 0L201.4 265.4c-12.5 12.5-12.5 32.8 0 45.3s32.8 12.5 45.3 0L448 109.3l0 82.7c0 17.7 14.3 32 32 32s32-14.3 32-32l0-160c0-17.7-14.3-32-32-32L320 0zM80 32C35.8 32 0 67.8 0 112L0 432c0 44.2 35.8 80 80 80l320 0c44.2 0 80-35.8 80-80l0-112c0-17.7-14.3-32-32-32s-32 14.3-32 32l0 112c0 8.8-7.2 16-16 16L80 448c-8.8 0-16-7.2-16-16l0-320c0-8.8 7.2-16 16-16l112 0c17.7 0 32-14.3 32-32s-14.3-32-32-32L80 32z\"><\/path><\/svg><\/span><\/li>\n<\/ul>\n<\/li>\n\n\n\n<li><strong><a href=\"https:\/\/valga.ee\/wp-content\/uploads\/2025\/09\/Valmis-Valga-valla-miljoovaartuslike-alade-uuring.pdf\" target=\"_blank\" rel=\"noreferrer noopener\">Valga municipality survey of sites of milieu value<\/a><\/strong> <span class=\"wp-rich-text-font-awesome-icon wp-font-awesome-icon\"><svg aria-hidden=\"true\" focusable=\"false\" data-prefix=\"fas\" data-icon=\"download\" class=\"svg-inline--fa fa-download\" role=\"img\" xmlns=\"http:\/\/www.w3.org\/2000\/svg\" viewbox=\"0 0 512 512\"><path fill=\"currentColor\" d=\"M288 32c0-17.7-14.3-32-32-32s-32 14.3-32 32l0 242.7-73.4-73.4c-12.5-12.5-32.8-12.5-45.3 0s-12.5 32.8 0 45.3l128 128c12.5 12.5 32.8 12.5 45.3 0l128-128c12.5-12.5 12.5-32.8 0-45.3s-32.8-12.5-45.3 0L288 274.7 288 32zM64 352c-35.3 0-64 28.7-64 64l0 32c0 35.3 28.7 64 64 64l384 0c35.3 0 64-28.7 64-64l0-32c0-35.3-28.7-64-64-64l-101.5 0-45.3 45.3c-25 25-65.5 25-90.5 0L165.5 352 64 352zm368 56a24 24 0 1 1 0 48 24 24 0 1 1 0-48z\"><\/path><\/svg><\/span><\/li>\n\n\n\n<li><strong><a href=\"https:\/\/valga.ee\/wp-content\/uploads\/2025\/09\/Valga-Valka-ettevotluse-ja-toojouliikumise-uuring_raport_loplik.pdf\" target=\"_blank\" rel=\"noreferrer noopener\">Valga-Valka Business Environment and Cross-border Labour Mobility Survey<\/a><\/strong> <span class=\"wp-rich-text-font-awesome-icon wp-font-awesome-icon\"><svg aria-hidden=\"true\" focusable=\"false\" data-prefix=\"fas\" data-icon=\"download\" class=\"svg-inline--fa fa-download\" role=\"img\" xmlns=\"http:\/\/www.w3.org\/2000\/svg\" viewbox=\"0 0 512 512\"><path fill=\"currentColor\" d=\"M288 32c0-17.7-14.3-32-32-32s-32 14.3-32 32l0 242.7-73.4-73.4c-12.5-12.5-32.8-12.5-45.3 0s-12.5 32.8 0 45.3l128 128c12.5 12.5 32.8 12.5 45.3 0l128-128c12.5-12.5 12.5-32.8 0-45.3s-32.8-12.5-45.3 0L288 274.7 288 32zM64 352c-35.3 0-64 28.7-64 64l0 32c0 35.3 28.7 64 64 64l384 0c35.3 0 64-28.7 64-64l0-32c0-35.3-28.7-64-64-64l-101.5 0-45.3 45.3c-25 25-65.5 25-90.5 0L165.5 352 64 352zm368 56a24 24 0 1 1 0 48 24 24 0 1 1 0-48z\"><\/path><\/svg><\/span>Produced by Civitta Eesti AS. June 2019.<strong>\u00a0<\/strong><\/li>\n\n\n\n<li><strong><a href=\"https:\/\/www.saarpoll.ee\/et\/2\/news\/19#news\" target=\"_blank\" rel=\"noreferrer noopener\">The readiness of the population to form a cross-border municipality<\/a>\u00a0<\/strong><span class=\"wp-rich-text-font-awesome-icon wp-font-awesome-icon\"><svg aria-hidden=\"true\" focusable=\"false\" data-prefix=\"fas\" data-icon=\"download\" class=\"svg-inline--fa fa-download\" role=\"img\" xmlns=\"http:\/\/www.w3.org\/2000\/svg\" viewbox=\"0 0 512 512\"><path fill=\"currentColor\" d=\"M288 32c0-17.7-14.3-32-32-32s-32 14.3-32 32l0 242.7-73.4-73.4c-12.5-12.5-32.8-12.5-45.3 0s-12.5 32.8 0 45.3l128 128c12.5 12.5 32.8 12.5 45.3 0l128-128c12.5-12.5 12.5-32.8 0-45.3s-32.8-12.5-45.3 0L288 274.7 288 32zM64 352c-35.3 0-64 28.7-64 64l0 32c0 35.3 28.7 64 64 64l384 0c35.3 0 64-28.7 64-64l0-32c0-35.3-28.7-64-64-64l-101.5 0-45.3 45.3c-25 25-65.5 25-90.5 0L165.5 352 64 352zm368 56a24 24 0 1 1 0 48 24 24 0 1 1 0-48z\"><\/path><\/svg><\/span>Done by: Saar Poll O\u00dc<\/li>\n\n\n\n<li><a href=\"https:\/\/www.fin.ee\/ministeerium-uudised-ja-kontakt\/organisatsioon\/uuringud-ja-analuusid\" target=\"_blank\" rel=\"noreferrer noopener\">Studies and analyses by the Ministry of Finance<\/a> <span class=\"wp-rich-text-font-awesome-icon wp-font-awesome-icon\"><svg aria-hidden=\"true\" focusable=\"false\" data-prefix=\"fas\" data-icon=\"arrow-up-right-from-square\" class=\"svg-inline--fa fa-arrow-up-right-from-square\" role=\"img\" xmlns=\"http:\/\/www.w3.org\/2000\/svg\" viewbox=\"0 0 512 512\"><path fill=\"currentColor\" d=\"M320 0c-17.7 0-32 14.3-32 32s14.3 32 32 32l82.7 0L201.4 265.4c-12.5 12.5-12.5 32.8 0 45.3s32.8 12.5 45.3 0L448 109.3l0 82.7c0 17.7 14.3 32 32 32s32-14.3 32-32l0-160c0-17.7-14.3-32-32-32L320 0zM80 32C35.8 32 0 67.8 0 112L0 432c0 44.2 35.8 80 80 80l320 0c44.2 0 80-35.8 80-80l0-112c0-17.7-14.3-32-32-32s-32 14.3-32 32l0 112c0 8.8-7.2 16-16 16L80 448c-8.8 0-16-7.2-16-16l0-320c0-8.8 7.2-16 16-16l112 0c17.7 0 32-14.3 32-32s-14.3-32-32-32L80 32z\"><\/path><\/svg><\/span><\/li>\n<\/ul>","protected":false},"excerpt":{"rendered":"<p>Valga valla rahuloluk\u00fcsitlus 2025 Valga Vallavalitsus viis 24. m\u00e4rtsist kuni 6. aprillini 2025 l\u00e4bi elanike rahuloluk\u00fcsitluse, mille eesm\u00e4rgiks oli saada tagasisidet Valga valla elukeskkonna, avalike teenuste, kodaniku\u00fchiskonna toimimise ning valla [&hellip;]<\/p>\n","protected":false},"author":1,"featured_media":0,"parent":421,"menu_order":4,"comment_status":"closed","ping_status":"closed","template":"","meta":{"_EventAllDay":false,"_EventTimezone":"","_EventStartDate":"","_EventEndDate":"","_EventStartDateUTC":"","_EventEndDateUTC":"","_EventShowMap":false,"_EventShowMapLink":false,"_EventURL":"","_EventCost":"","_EventCostDescription":"","_EventCurrencySymbol":"","_EventCurrencyCode":"","_EventCurrencyPosition":"","_EventDateTimeSeparator":"","_EventTimeRangeSeparator":"","_EventOrganizerID":[],"_EventVenueID":[],"_OrganizerEmail":"","_OrganizerPhone":"","_OrganizerWebsite":"","_VenueAddress":"","_VenueCity":"","_VenueCountry":"","_VenueProvince":"","_VenueState":"","_VenueZip":"","_VenuePhone":"","_VenueURL":"","_VenueStateProvince":"","_VenueLat":"","_VenueLng":"","_VenueShowMap":false,"_VenueShowMapLink":false,"slim_seo":{"title":"Surveys and studies - Valga vald","description":"Valga Municipality Satisfaction Survey 2025 Valga Municipality Government conducted a satisfaction survey from 24 March to 6 April 2025, with the aim to get feedback from the population."},"footnotes":""},"class_list":["post-1496","page","type-page","status-publish","hentry"],"_links":{"self":[{"href":"https:\/\/valga.ee\/en\/wp-json\/wp\/v2\/pages\/1496","targetHints":{"allow":["GET"]}}],"collection":[{"href":"https:\/\/valga.ee\/en\/wp-json\/wp\/v2\/pages"}],"about":[{"href":"https:\/\/valga.ee\/en\/wp-json\/wp\/v2\/types\/page"}],"author":[{"embeddable":true,"href":"https:\/\/valga.ee\/en\/wp-json\/wp\/v2\/users\/1"}],"replies":[{"embeddable":true,"href":"https:\/\/valga.ee\/en\/wp-json\/wp\/v2\/comments?post=1496"}],"version-history":[{"count":8,"href":"https:\/\/valga.ee\/en\/wp-json\/wp\/v2\/pages\/1496\/revisions"}],"predecessor-version":[{"id":2829,"href":"https:\/\/valga.ee\/en\/wp-json\/wp\/v2\/pages\/1496\/revisions\/2829"}],"up":[{"embeddable":true,"href":"https:\/\/valga.ee\/en\/wp-json\/wp\/v2\/pages\/421"}],"wp:attachment":[{"href":"https:\/\/valga.ee\/en\/wp-json\/wp\/v2\/media?parent=1496"}],"curies":[{"name":"wp","href":"https:\/\/api.w.org\/{rel}","templated":true}]}}