{"id":1476,"date":"2025-08-29T13:10:15","date_gmt":"2025-08-29T10:10:15","guid":{"rendered":"https:\/\/valga.ee\/?page_id=1476"},"modified":"2025-09-01T15:54:46","modified_gmt":"2025-09-01T12:54:46","slug":"videod","status":"publish","type":"page","link":"https:\/\/valga.ee\/en\/vald-uudised-ja-kontakt\/valla-info\/videod\/","title":{"rendered":"Videos from"},"content":{"rendered":"<p id=\"aui_3_4_0_1_364\">The videos, produced with the support of the Leader Leader measure through the Valgamaa Partnership Council, tell the story of Valga municipality. The aim was to capture the communities' activities, the beautiful natural and living environment. The videos confirm that Valga municipality has nice and active communities and is a good place to live.<\/p>\n\n\n\n<p>The plot of the videos was created in cooperation with Taavid Media O\u00dc and the musical troupe Kungla. The actors are young people from the Kungla Musical Troupe. The production of the videos was supported by the Agricultural Registers and Information Board from the funds of the Leader measure.<\/p>\n\n\n\n<p>The video clips were filmed and produced by Taavid Media O\u00dc.<\/p>\n\n\n\n<h2 class=\"wp-block-heading\">Introducing the city of Valga<\/h2>\n\n\n\n<figure class=\"wp-block-embed is-type-video is-provider-youtube wp-block-embed-youtube wp-embed-aspect-16-9 wp-has-aspect-ratio\"><div class=\"wp-block-embed__wrapper\">\n<iframe loading=\"lazy\" title=\"Nipernaadi adventures in Valga municipality VALGA\" width=\"500\" height=\"281\" src=\"https:\/\/www.youtube.com\/embed\/0tG32yiBD80?feature=oembed\" frameborder=\"0\" allow=\"accelerometer; autoplay; clipboard-write; encrypted-media; gyroscope; picture-in-picture; web-share\" referrerpolicy=\"strict-origin-when-cross-origin\" allowfullscreen><\/iframe>\n<\/div><\/figure>\n\n\n\n<h2 class=\"wp-block-heading\">Introducing Valga municipality<\/h2>\n\n\n\n<figure class=\"wp-block-embed is-type-video is-provider-youtube wp-block-embed-youtube wp-embed-aspect-16-9 wp-has-aspect-ratio\"><div class=\"wp-block-embed__wrapper\">\n<iframe loading=\"lazy\" title=\"Nipernaadi Adventures - Valga vald\" width=\"500\" height=\"281\" src=\"https:\/\/www.youtube.com\/embed\/4kUhYAoPUBs?feature=oembed\" frameborder=\"0\" allow=\"accelerometer; autoplay; clipboard-write; encrypted-media; gyroscope; picture-in-picture; web-share\" referrerpolicy=\"strict-origin-when-cross-origin\" allowfullscreen><\/iframe>\n<\/div><\/figure>\n\n\n\n<h2 class=\"wp-block-heading\">Introducing the T\u00f5lliste region<\/h2>\n\n\n\n<figure class=\"wp-block-embed is-type-video is-provider-youtube wp-block-embed-youtube wp-embed-aspect-16-9 wp-has-aspect-ratio\"><div class=\"wp-block-embed__wrapper\">\n<iframe loading=\"lazy\" title=\"The adventures of the Nipernaadi in Valga municipality T\u00d5LLISTE\" width=\"500\" height=\"281\" src=\"https:\/\/www.youtube.com\/embed\/ULEShzges7s?feature=oembed\" frameborder=\"0\" allow=\"accelerometer; autoplay; clipboard-write; encrypted-media; gyroscope; picture-in-picture; web-share\" referrerpolicy=\"strict-origin-when-cross-origin\" allowfullscreen><\/iframe>\n<\/div><\/figure>\n\n\n\n<h2 class=\"wp-block-heading\">Introducing the Taheva region<\/h2>\n\n\n\n<figure class=\"wp-block-embed is-type-video is-provider-youtube wp-block-embed-youtube wp-embed-aspect-16-9 wp-has-aspect-ratio\"><div class=\"wp-block-embed__wrapper\">\n<iframe loading=\"lazy\" title=\"The adventures of the Nipernaadi in Valga municipality TAHEVA\" width=\"500\" height=\"281\" src=\"https:\/\/www.youtube.com\/embed\/NL0NRJUm7fw?feature=oembed\" frameborder=\"0\" allow=\"accelerometer; autoplay; clipboard-write; encrypted-media; gyroscope; picture-in-picture; web-share\" referrerpolicy=\"strict-origin-when-cross-origin\" allowfullscreen><\/iframe>\n<\/div><\/figure>\n\n\n\n<h2 class=\"wp-block-heading\">Introducing the \u00d5ru region<\/h2>\n\n\n\n<figure class=\"wp-block-embed is-type-video is-provider-youtube wp-block-embed-youtube wp-embed-aspect-16-9 wp-has-aspect-ratio\"><div class=\"wp-block-embed__wrapper\">\n<iframe loading=\"lazy\" title=\"The adventures of the Nipernaadi in Valga parish \u00d5RU\" width=\"500\" height=\"281\" src=\"https:\/\/www.youtube.com\/embed\/FQsl_y2EfQY?feature=oembed\" frameborder=\"0\" allow=\"accelerometer; autoplay; clipboard-write; encrypted-media; gyroscope; picture-in-picture; web-share\" referrerpolicy=\"strict-origin-when-cross-origin\" allowfullscreen><\/iframe>\n<\/div><\/figure>\n\n\n\n<h2 class=\"wp-block-heading\">Introducing the Karula region<\/h2>\n\n\n\n<figure class=\"wp-block-embed is-type-video is-provider-youtube wp-block-embed-youtube wp-embed-aspect-16-9 wp-has-aspect-ratio\"><div class=\"wp-block-embed__wrapper\">\n<iframe loading=\"lazy\" title=\"The adventures of the Nipernaadi in Valga municipality KARULA\" width=\"500\" height=\"281\" src=\"https:\/\/www.youtube.com\/embed\/-Q49xM1zIhE?feature=oembed\" frameborder=\"0\" allow=\"accelerometer; autoplay; clipboard-write; encrypted-media; gyroscope; picture-in-picture; web-share\" referrerpolicy=\"strict-origin-when-cross-origin\" allowfullscreen><\/iframe>\n<\/div><\/figure>\n\n\n\n<h2 class=\"wp-block-heading\">Bringing out Valga's most beautiful locations through dance and video<\/h2>\n\n\n\n<figure class=\"wp-block-embed is-type-video is-provider-youtube wp-block-embed-youtube wp-embed-aspect-16-9 wp-has-aspect-ratio\"><div class=\"wp-block-embed__wrapper\">\n<iframe loading=\"lazy\" title=\"Bringing out Valga&#039;s most beautiful locations through dance and video\" width=\"500\" height=\"281\" src=\"https:\/\/www.youtube.com\/embed\/MfhmhaMr0Eo?feature=oembed\" frameborder=\"0\" allow=\"accelerometer; autoplay; clipboard-write; encrypted-media; gyroscope; picture-in-picture; web-share\" referrerpolicy=\"strict-origin-when-cross-origin\" allowfullscreen><\/iframe>\n<\/div><\/figure>\n\n\n\n<h2 class=\"wp-block-heading\">Our Valga municipality<\/h2>\n\n\n\n<figure class=\"wp-block-embed is-type-video is-provider-youtube wp-block-embed-youtube wp-embed-aspect-16-9 wp-has-aspect-ratio\"><div class=\"wp-block-embed__wrapper\">\n<iframe loading=\"lazy\" title=\"Our Valga municipality!\" width=\"500\" height=\"281\" src=\"https:\/\/www.youtube.com\/embed\/yGxVULHu-8M?feature=oembed\" frameborder=\"0\" allow=\"accelerometer; autoplay; clipboard-write; encrypted-media; gyroscope; picture-in-picture; web-share\" referrerpolicy=\"strict-origin-when-cross-origin\" allowfullscreen><\/iframe>\n<\/div><\/figure>","protected":false},"excerpt":{"rendered":"<p>Valgamaa Partnerluskogu kaudu Leader meetme toel valminud videod jutustavad loo Valga vallast. Eesm\u00e4rk oli j\u00e4\u00e4dvustada kogukondade ettev\u00f5tmisi, kaunist loodus- ja elukeskkonda. Videod annavad kinnitust sellele, et Valga vallas on toredad [&hellip;]<\/p>\n","protected":false},"author":1,"featured_media":0,"parent":421,"menu_order":2,"comment_status":"closed","ping_status":"closed","template":"","meta":{"_EventAllDay":false,"_EventTimezone":"","_EventStartDate":"","_EventEndDate":"","_EventStartDateUTC":"","_EventEndDateUTC":"","_EventShowMap":false,"_EventShowMapLink":false,"_EventURL":"","_EventCost":"","_EventCostDescription":"","_EventCurrencySymbol":"","_EventCurrencyCode":"","_EventCurrencyPosition":"","_EventDateTimeSeparator":"","_EventTimeRangeSeparator":"","_EventOrganizerID":[],"_EventVenueID":[],"_OrganizerEmail":"","_OrganizerPhone":"","_OrganizerWebsite":"","_VenueAddress":"","_VenueCity":"","_VenueCountry":"","_VenueProvince":"","_VenueState":"","_VenueZip":"","_VenuePhone":"","_VenueURL":"","_VenueStateProvince":"","_VenueLat":"","_VenueLng":"","_VenueShowMap":false,"_VenueShowMapLink":false,"slim_seo":{"title":"Videod - Valga vald","description":"Valgamaa Partnerluskogu kaudu Leader meetme toel valminud videod jutustavad loo Valga vallast. Eesm\u00e4rk oli j\u00e4\u00e4dvustada kogukondade ettev\u00f5tmisi, kaunist loodus-"},"footnotes":""},"class_list":["post-1476","page","type-page","status-publish","hentry"],"_links":{"self":[{"href":"https:\/\/valga.ee\/en\/wp-json\/wp\/v2\/pages\/1476","targetHints":{"allow":["GET"]}}],"collection":[{"href":"https:\/\/valga.ee\/en\/wp-json\/wp\/v2\/pages"}],"about":[{"href":"https:\/\/valga.ee\/en\/wp-json\/wp\/v2\/types\/page"}],"author":[{"embeddable":true,"href":"https:\/\/valga.ee\/en\/wp-json\/wp\/v2\/users\/1"}],"replies":[{"embeddable":true,"href":"https:\/\/valga.ee\/en\/wp-json\/wp\/v2\/comments?post=1476"}],"version-history":[{"count":3,"href":"https:\/\/valga.ee\/en\/wp-json\/wp\/v2\/pages\/1476\/revisions"}],"predecessor-version":[{"id":1879,"href":"https:\/\/valga.ee\/en\/wp-json\/wp\/v2\/pages\/1476\/revisions\/1879"}],"up":[{"embeddable":true,"href":"https:\/\/valga.ee\/en\/wp-json\/wp\/v2\/pages\/421"}],"wp:attachment":[{"href":"https:\/\/valga.ee\/en\/wp-json\/wp\/v2\/media?parent=1476"}],"curies":[{"name":"wp","href":"https:\/\/api.w.org\/{rel}","templated":true}]}}