{"id":1472,"date":"2025-08-29T13:09:37","date_gmt":"2025-08-29T10:09:37","guid":{"rendered":"https:\/\/valga.ee\/?page_id=1472"},"modified":"2025-09-03T16:23:34","modified_gmt":"2025-09-03T13:23:34","slug":"sumboolika","status":"publish","type":"page","link":"https:\/\/valga.ee\/en\/vald-uudised-ja-kontakt\/valla-info\/sumboolika\/","title":{"rendered":"Logo"},"content":{"rendered":"<h2 class=\"wp-block-heading\">Coat of arms of Valga municipality<\/h2>\n\n\n\n<p><strong>Map description:<\/strong>&nbsp;On a green shield, a silver-plated silver arm with gold detailing holding a silver boot with a gold grip protruding from a silver cloud. On the gold flange, 5 green conifers.<\/p>\n\n\n\n<p><strong>Explanation:<\/strong>&nbsp;The settlement of Valga, which is the centre of the municipality, was granted town charter in 1584 and the historic Valga town charter dates from 1590. The depiction of a hand holding a sabre is a reference to the grantor of the city rights, King Stefan Bathory of Poland. The conifers on the rim are from the symbols of the municipalities that joined the city of Valga, signifying forestry and hunting and referring to the five merged municipalities. The green colour of the shield symbolises vitality, naturalness, youthfulness and fertility. Silver is a symbol of purity, hope and spiritual light, and gold is a symbol of ripe fruit, happiness and respectability.<\/p>\n\n\n\n<div style=\"height:30px\" aria-hidden=\"true\" class=\"wp-block-spacer\"><\/div>\n\n\n\n<figure data-wp-context=\"{&quot;imageId&quot;:&quot;69e4e960563fd&quot;}\" data-wp-interactive=\"core\/image\" data-wp-key=\"69e4e960563fd\" class=\"wp-block-image size-large is-resized wp-lightbox-container\"><img loading=\"lazy\" decoding=\"async\" width=\"911\" height=\"1024\" data-wp-class--hide=\"state.isContentHidden\" data-wp-class--show=\"state.isContentVisible\" data-wp-init=\"callbacks.setButtonStyles\" data-wp-on--click=\"actions.showLightbox\" data-wp-on--load=\"callbacks.setButtonStyles\" data-wp-on-window--resize=\"callbacks.setButtonStyles\" src=\"https:\/\/valga.ee\/wp-content\/uploads\/2025\/09\/VALGA-VALLA-VAPP-2018-varviline-911x1024.png\" alt=\"\" class=\"wp-image-1848\" style=\"width:200px\" srcset=\"https:\/\/valga.ee\/wp-content\/uploads\/2025\/09\/VALGA-VALLA-VAPP-2018-varviline-911x1024.png 911w, https:\/\/valga.ee\/wp-content\/uploads\/2025\/09\/VALGA-VALLA-VAPP-2018-varviline-267x300.png 267w, https:\/\/valga.ee\/wp-content\/uploads\/2025\/09\/VALGA-VALLA-VAPP-2018-varviline-768x863.png 768w, https:\/\/valga.ee\/wp-content\/uploads\/2025\/09\/VALGA-VALLA-VAPP-2018-varviline.png 1068w\" sizes=\"auto, (max-width: 911px) 100vw, 911px\" \/><button\n\t\t\tclass=\"lightbox-trigger\"\n\t\t\ttype=\"button\"\n\t\t\taria-haspopup=\"dialog\"\n\t\t\taria-label=\"Enlarge\"\n\t\t\tdata-wp-init=\"callbacks.initTriggerButton\"\n\t\t\tdata-wp-on--click=\"actions.showLightbox\"\n\t\t\tdata-wp-style--right=\"state.imageButtonRight\"\n\t\t\tdata-wp-style--top=\"state.imageButtonTop\"\n\t\t>\n\t\t\t<svg xmlns=\"http:\/\/www.w3.org\/2000\/svg\" width=\"12\" height=\"12\" fill=\"none\" viewbox=\"0 0 12 12\">\n\t\t\t\t<path fill=\"#fff\" d=\"M2 0a2 2 0 0 0-2 2v2h1.5V2a.5.5 0 0 1 .5-.5h2V0H2Zm2 10.5H2a.5.5 0 0 1-.5-.5V8H0v2a2 2 0 0 0 2 2h2v-1.5ZM8 12v-1.5h2a.5.5 0 0 0 .5-.5V8H12v2a2 2 0 0 1-2 2H8Zm2-12a2 2 0 0 1 2 2v2h-1.5V2a.5.5 0 0 0-.5-.5H8V0h2Z\" \/>\n\t\t\t<\/svg>\n\t\t<\/button><\/figure>\n\n\n\n<div style=\"height:30px\" aria-hidden=\"true\" class=\"wp-block-spacer\"><\/div>\n\n\n\n<h2 class=\"wp-block-heading\">Flag of Valga municipality<\/h2>\n\n\n\n<p><strong>Description of the flag:<\/strong>&nbsp;A white boom on the green field, 1\/5 of the width of the flag.  The flag has a width to length ratio of 7:11 and a normal size of 105\u00d7165 cm.&nbsp;&nbsp;&nbsp;&nbsp;&nbsp;&nbsp;&nbsp;&nbsp;&nbsp;&nbsp;&nbsp;&nbsp;&nbsp;&nbsp;&nbsp;&nbsp;&nbsp;&nbsp;&nbsp;&nbsp;&nbsp;&nbsp;&nbsp;&nbsp;&nbsp;&nbsp;&nbsp;&nbsp;&nbsp;&nbsp;&nbsp;&nbsp;&nbsp;&nbsp;&nbsp;&nbsp;&nbsp;&nbsp;&nbsp;&nbsp;&nbsp;&nbsp;&nbsp;&nbsp;&nbsp;&nbsp;&nbsp;&nbsp;&nbsp;&nbsp;&nbsp;&nbsp;&nbsp;&nbsp;&nbsp;&nbsp;&nbsp;&nbsp;&nbsp;&nbsp;&nbsp;&nbsp;&nbsp;&nbsp;&nbsp;&nbsp;&nbsp;&nbsp;&nbsp;&nbsp;&nbsp;&nbsp;&nbsp;&nbsp;&nbsp;&nbsp;&nbsp;&nbsp;&nbsp;&nbsp;&nbsp;&nbsp;&nbsp;&nbsp;&nbsp;&nbsp;&nbsp;&nbsp;&nbsp;&nbsp;&nbsp;&nbsp;&nbsp;&nbsp;&nbsp;&nbsp;&nbsp;&nbsp;<\/p>\n\n\n\n<p><strong>Explanation:<\/strong>&nbsp;The flag of Valga municipality is based on the historic three-striped flag of the town of Valga, which is the heart of the municipality, with the municipality's coat of arms in gold at its centre. The green background of the flag, which symbolises closeness to nature, vitality, youthfulness and fertility, emphasises Valga's historical status as the county seat of the former Livonian governorate and now the seat of the municipality, around which four municipalities have been merged. A total of five annexed regions are symbolized by green coniferous plants on the golden edge of the flag, which is placed in the centre of the flag. The combination of the flag of the city of Valga and the coat of arms of the new municipality underlines the historical and legal continuity and integrity of the region, bringing together the old and new administrative divisions into a symbolic visual whole.<\/p>\n\n\n\n<div style=\"height:30px\" aria-hidden=\"true\" class=\"wp-block-spacer\"><\/div>\n\n\n\n<figure data-wp-context=\"{&quot;imageId&quot;:&quot;69e4e960567b3&quot;}\" data-wp-interactive=\"core\/image\" data-wp-key=\"69e4e960567b3\" class=\"wp-block-image size-large is-resized wp-lightbox-container\"><img loading=\"lazy\" decoding=\"async\" width=\"1024\" height=\"650\" data-wp-class--hide=\"state.isContentHidden\" data-wp-class--show=\"state.isContentVisible\" data-wp-init=\"callbacks.setButtonStyles\" data-wp-on--click=\"actions.showLightbox\" data-wp-on--load=\"callbacks.setButtonStyles\" data-wp-on-window--resize=\"callbacks.setButtonStyles\" src=\"https:\/\/valga.ee\/wp-content\/uploads\/2025\/09\/VALGA-VALLA-LIPP-1024x650.jpg\" alt=\"\" class=\"wp-image-1856\" style=\"width:250px\" srcset=\"https:\/\/valga.ee\/wp-content\/uploads\/2025\/09\/VALGA-VALLA-LIPP-1024x650.jpg 1024w, https:\/\/valga.ee\/wp-content\/uploads\/2025\/09\/VALGA-VALLA-LIPP-300x191.jpg 300w, https:\/\/valga.ee\/wp-content\/uploads\/2025\/09\/VALGA-VALLA-LIPP-768x488.jpg 768w, https:\/\/valga.ee\/wp-content\/uploads\/2025\/09\/VALGA-VALLA-LIPP.jpg 1299w\" sizes=\"auto, (max-width: 1024px) 100vw, 1024px\" \/><button\n\t\t\tclass=\"lightbox-trigger\"\n\t\t\ttype=\"button\"\n\t\t\taria-haspopup=\"dialog\"\n\t\t\taria-label=\"Enlarge\"\n\t\t\tdata-wp-init=\"callbacks.initTriggerButton\"\n\t\t\tdata-wp-on--click=\"actions.showLightbox\"\n\t\t\tdata-wp-style--right=\"state.imageButtonRight\"\n\t\t\tdata-wp-style--top=\"state.imageButtonTop\"\n\t\t>\n\t\t\t<svg xmlns=\"http:\/\/www.w3.org\/2000\/svg\" width=\"12\" height=\"12\" fill=\"none\" viewbox=\"0 0 12 12\">\n\t\t\t\t<path fill=\"#fff\" d=\"M2 0a2 2 0 0 0-2 2v2h1.5V2a.5.5 0 0 1 .5-.5h2V0H2Zm2 10.5H2a.5.5 0 0 1-.5-.5V8H0v2a2 2 0 0 0 2 2h2v-1.5ZM8 12v-1.5h2a.5.5 0 0 0 .5-.5V8H12v2a2 2 0 0 1-2 2H8Zm2-12a2 2 0 0 1 2 2v2h-1.5V2a.5.5 0 0 0-.5-.5H8V0h2Z\" \/>\n\t\t\t<\/svg>\n\t\t<\/button><\/figure>\n\n\n\n<div style=\"height:30px\" aria-hidden=\"true\" class=\"wp-block-spacer\"><\/div>\n\n\n\n<p id=\"aui_3_4_0_1_430\"><a href=\"https:\/\/valga.ee\/wp-content\/uploads\/2025\/09\/VALGA-VALLA-VAPP.zip\" target=\"_blank\" rel=\"noreferrer noopener\">To download the Valga municipality logo<\/a> <span class=\"wp-rich-text-font-awesome-icon wp-font-awesome-icon\"><svg aria-hidden=\"true\" focusable=\"false\" data-prefix=\"fas\" data-icon=\"download\" class=\"svg-inline--fa fa-download\" role=\"img\" xmlns=\"http:\/\/www.w3.org\/2000\/svg\" viewbox=\"0 0 512 512\"><path fill=\"currentColor\" d=\"M288 32c0-17.7-14.3-32-32-32s-32 14.3-32 32l0 242.7-73.4-73.4c-12.5-12.5-32.8-12.5-45.3 0s-12.5 32.8 0 45.3l128 128c12.5 12.5 32.8 12.5 45.3 0l128-128c12.5-12.5 12.5-32.8 0-45.3s-32.8-12.5-45.3 0L288 274.7 288 32zM64 352c-35.3 0-64 28.7-64 64l0 32c0 35.3 28.7 64 64 64l384 0c35.3 0 64-28.7 64-64l0-32c0-35.3-28.7-64-64-64l-101.5 0-45.3 45.3c-25 25-65.5 25-90.5 0L165.5 352 64 352zm368 56a24 24 0 1 1 0 48 24 24 0 1 1 0-48z\"><\/path><\/svg><\/span>(coat of arms without text)<\/p>\n\n\n\n<p id=\"aui_3_4_0_1_450\"><a href=\"https:\/\/valga.ee\/wp-content\/uploads\/2025\/09\/Valga-vald-vapp.pdf\" target=\"_blank\" rel=\"noreferrer noopener\">To download the Valga municipality logo<\/a> <span class=\"wp-rich-text-font-awesome-icon wp-font-awesome-icon\"><svg aria-hidden=\"true\" focusable=\"false\" data-prefix=\"fas\" data-icon=\"download\" class=\"svg-inline--fa fa-download\" role=\"img\" xmlns=\"http:\/\/www.w3.org\/2000\/svg\" viewbox=\"0 0 512 512\"><path fill=\"currentColor\" d=\"M288 32c0-17.7-14.3-32-32-32s-32 14.3-32 32l0 242.7-73.4-73.4c-12.5-12.5-32.8-12.5-45.3 0s-12.5 32.8 0 45.3l128 128c12.5 12.5 32.8 12.5 45.3 0l128-128c12.5-12.5 12.5-32.8 0-45.3s-32.8-12.5-45.3 0L288 274.7 288 32zM64 352c-35.3 0-64 28.7-64 64l0 32c0 35.3 28.7 64 64 64l384 0c35.3 0 64-28.7 64-64l0-32c0-35.3-28.7-64-64-64l-101.5 0-45.3 45.3c-25 25-65.5 25-90.5 0L165.5 352 64 352zm368 56a24 24 0 1 1 0 48 24 24 0 1 1 0-48z\"><\/path><\/svg><\/span>(coat of arms with text)<\/p>\n\n\n\n<p id=\"aui_3_4_0_1_466\"><a href=\"https:\/\/valga.ee\/wp-content\/uploads\/2025\/09\/Valga-vald-vapp-text-mustvalge.pdf\" target=\"_blank\" rel=\"noreferrer noopener\">To download the Valga municipality logo<\/a>&nbsp;<span class=\"wp-rich-text-font-awesome-icon wp-font-awesome-icon\"><svg aria-hidden=\"true\" focusable=\"false\" data-prefix=\"fas\" data-icon=\"download\" class=\"svg-inline--fa fa-download\" role=\"img\" xmlns=\"http:\/\/www.w3.org\/2000\/svg\" viewbox=\"0 0 512 512\"><path fill=\"currentColor\" d=\"M288 32c0-17.7-14.3-32-32-32s-32 14.3-32 32l0 242.7-73.4-73.4c-12.5-12.5-32.8-12.5-45.3 0s-12.5 32.8 0 45.3l128 128c12.5 12.5 32.8 12.5 45.3 0l128-128c12.5-12.5 12.5-32.8 0-45.3s-32.8-12.5-45.3 0L288 274.7 288 32zM64 352c-35.3 0-64 28.7-64 64l0 32c0 35.3 28.7 64 64 64l384 0c35.3 0 64-28.7 64-64l0-32c0-35.3-28.7-64-64-64l-101.5 0-45.3 45.3c-25 25-65.5 25-90.5 0L165.5 352 64 352zm368 56a24 24 0 1 1 0 48 24 24 0 1 1 0-48z\"><\/path><\/svg><\/span>(Coat of arms black and white)<\/p>","protected":false},"excerpt":{"rendered":"<p>Valga valla vapp Vapi kirjeldus:&nbsp;Rohelisel kilbil h\u00f5bedasest pilvest v\u00e4ljaulatuv kuldse pidemega h\u00f5bedast saablit hoidev kuldsete detailidega h\u00f5bedane turvistatud k\u00e4si. Kuldsel \u00e4\u00e4risel 5 rohelist okaspuutaime. Selgitus:&nbsp;Valla keskuseks olev Valga asula sai [&hellip;]<\/p>\n","protected":false},"author":1,"featured_media":0,"parent":421,"menu_order":1,"comment_status":"closed","ping_status":"closed","template":"","meta":{"_EventAllDay":false,"_EventTimezone":"","_EventStartDate":"","_EventEndDate":"","_EventStartDateUTC":"","_EventEndDateUTC":"","_EventShowMap":false,"_EventShowMapLink":false,"_EventURL":"","_EventCost":"","_EventCostDescription":"","_EventCurrencySymbol":"","_EventCurrencyCode":"","_EventCurrencyPosition":"","_EventDateTimeSeparator":"","_EventTimeRangeSeparator":"","_EventOrganizerID":[],"_EventVenueID":[],"_OrganizerEmail":"","_OrganizerPhone":"","_OrganizerWebsite":"","_VenueAddress":"","_VenueCity":"","_VenueCountry":"","_VenueProvince":"","_VenueState":"","_VenueZip":"","_VenuePhone":"","_VenueURL":"","_VenueStateProvince":"","_VenueLat":"","_VenueLng":"","_VenueShowMap":false,"_VenueShowMapLink":false,"slim_seo":{"title":"Symbols - Valga municipality","description":"Description of the coat of arms of Valga municipality Coat of arms: on a green shield, a silver turret with gold details holding a silver sabre with a gold grip protrudes from a silver cloud."},"footnotes":""},"class_list":["post-1472","page","type-page","status-publish","hentry"],"_links":{"self":[{"href":"https:\/\/valga.ee\/en\/wp-json\/wp\/v2\/pages\/1472","targetHints":{"allow":["GET"]}}],"collection":[{"href":"https:\/\/valga.ee\/en\/wp-json\/wp\/v2\/pages"}],"about":[{"href":"https:\/\/valga.ee\/en\/wp-json\/wp\/v2\/types\/page"}],"author":[{"embeddable":true,"href":"https:\/\/valga.ee\/en\/wp-json\/wp\/v2\/users\/1"}],"replies":[{"embeddable":true,"href":"https:\/\/valga.ee\/en\/wp-json\/wp\/v2\/comments?post=1472"}],"version-history":[{"count":8,"href":"https:\/\/valga.ee\/en\/wp-json\/wp\/v2\/pages\/1472\/revisions"}],"predecessor-version":[{"id":3042,"href":"https:\/\/valga.ee\/en\/wp-json\/wp\/v2\/pages\/1472\/revisions\/3042"}],"up":[{"embeddable":true,"href":"https:\/\/valga.ee\/en\/wp-json\/wp\/v2\/pages\/421"}],"wp:attachment":[{"href":"https:\/\/valga.ee\/en\/wp-json\/wp\/v2\/media?parent=1472"}],"curies":[{"name":"wp","href":"https:\/\/api.w.org\/{rel}","templated":true}]}}