{"id":1462,"date":"2025-08-29T13:00:35","date_gmt":"2025-08-29T10:00:35","guid":{"rendered":"https:\/\/valga.ee\/?page_id=1462"},"modified":"2025-12-03T18:08:45","modified_gmt":"2025-12-03T16:08:45","slug":"uudiskiri","status":"publish","type":"page","link":"https:\/\/valga.ee\/en\/vald-uudised-ja-kontakt\/uudised-ja-kontakt\/uudiskiri\/","title":{"rendered":"Newsletter"},"content":{"rendered":"<p>Valga Municipality publishes a weekly newsletter that brings you current topics and upcoming events.<\/p>\n\n\n\n<p>By subscribing to our newsletter, you can find out about local events, exciting projects, new services, important changes and many other interesting things happening in Valga municipality.<\/p>\n\n\n\n<p>Have you ever felt that important decisions and long-awaited events are hidden behind the noise of information? Sign up for the newsletter today and stay up to date with the latest news and events in Valga Municipality.<\/p>\n\n\n\n<p><a href=\"https:\/\/9zogh269.sendsmaily.net\/landing-pages\/bba04dea-a18b-48c9-9b17-b300fa7a0343\/html\/\" target=\"_blank\" rel=\"noreferrer noopener\">Sign up to receive the newsletter<\/a> <span class=\"wp-rich-text-font-awesome-icon wp-font-awesome-icon\"><svg aria-hidden=\"true\" focusable=\"false\" data-prefix=\"fas\" data-icon=\"arrow-up-right-from-square\" class=\"svg-inline--fa fa-arrow-up-right-from-square\" role=\"img\" xmlns=\"http:\/\/www.w3.org\/2000\/svg\" viewbox=\"0 0 512 512\"><path fill=\"currentColor\" d=\"M320 0c-17.7 0-32 14.3-32 32s14.3 32 32 32l82.7 0L201.4 265.4c-12.5 12.5-12.5 32.8 0 45.3s32.8 12.5 45.3 0L448 109.3l0 82.7c0 17.7 14.3 32 32 32s32-14.3 32-32l0-160c0-17.7-14.3-32-32-32L320 0zM80 32C35.8 32 0 67.8 0 112L0 432c0 44.2 35.8 80 80 80l320 0c44.2 0 80-35.8 80-80l0-112c0-17.7-14.3-32-32-32s-32 14.3-32 32l0 112c0 8.8-7.2 16-16 16L80 448c-8.8 0-16-7.2-16-16l0-320c0-8.8 7.2-16 16-16l112 0c17.7 0 32-14.3 32-32s-14.3-32-32-32L80 32z\"><\/path><\/svg><\/span><\/p>\n\n\n\n<p>Join the newsletter and we'll be in the wind of Valga news together!<\/p>\n\n\n\n<figure data-wp-context=\"{&quot;imageId&quot;:&quot;69eb2bb59a616&quot;}\" data-wp-interactive=\"core\/image\" data-wp-key=\"69eb2bb59a616\" class=\"wp-block-image size-large is-resized wp-lightbox-container\"><img loading=\"lazy\" decoding=\"async\" width=\"1024\" height=\"726\" data-wp-class--hide=\"state.isContentHidden\" data-wp-class--show=\"state.isContentVisible\" data-wp-init=\"callbacks.setButtonStyles\" data-wp-on--click=\"actions.showLightbox\" data-wp-on--load=\"callbacks.setButtonStyles\" data-wp-on-window--resize=\"callbacks.setButtonStyles\" src=\"https:\/\/valga.ee\/wp-content\/uploads\/2025\/08\/uudiskiri-1024x726.jpg\" alt=\"Valga valla uudiskiri. Valga vald - p\u00f5iming atraktiivsest elukeskkonnasrt ja loodusl\u00e4hedasest eluviisist\" class=\"wp-image-1533\" style=\"width:650px\" srcset=\"https:\/\/valga.ee\/wp-content\/uploads\/2025\/08\/uudiskiri-1024x726.jpg 1024w, https:\/\/valga.ee\/wp-content\/uploads\/2025\/08\/uudiskiri-300x213.jpg 300w, https:\/\/valga.ee\/wp-content\/uploads\/2025\/08\/uudiskiri-768x544.jpg 768w, https:\/\/valga.ee\/wp-content\/uploads\/2025\/08\/uudiskiri.jpg 1250w\" sizes=\"auto, (max-width: 1024px) 100vw, 1024px\" \/><button\n\t\t\tclass=\"lightbox-trigger\"\n\t\t\ttype=\"button\"\n\t\t\taria-haspopup=\"dialog\"\n\t\t\taria-label=\"Enlarge\"\n\t\t\tdata-wp-init=\"callbacks.initTriggerButton\"\n\t\t\tdata-wp-on--click=\"actions.showLightbox\"\n\t\t\tdata-wp-style--right=\"state.imageButtonRight\"\n\t\t\tdata-wp-style--top=\"state.imageButtonTop\"\n\t\t>\n\t\t\t<svg xmlns=\"http:\/\/www.w3.org\/2000\/svg\" width=\"12\" height=\"12\" fill=\"none\" viewbox=\"0 0 12 12\">\n\t\t\t\t<path fill=\"#fff\" d=\"M2 0a2 2 0 0 0-2 2v2h1.5V2a.5.5 0 0 1 .5-.5h2V0H2Zm2 10.5H2a.5.5 0 0 1-.5-.5V8H0v2a2 2 0 0 0 2 2h2v-1.5ZM8 12v-1.5h2a.5.5 0 0 0 .5-.5V8H12v2a2 2 0 0 1-2 2H8Zm2-12a2 2 0 0 1 2 2v2h-1.5V2a.5.5 0 0 0-.5-.5H8V0h2Z\" \/>\n\t\t\t<\/svg>\n\t\t<\/button><\/figure>","protected":false},"excerpt":{"rendered":"<p>Valga Vallavalitsus annab v\u00e4lja uudiskirja, mis toob teieni iga n\u00e4dal p\u00e4evakajalised teemad ja tulevased s\u00fcndmused. Liitudes meie uudiskirjaga, saad teada kohalikest s\u00fcndmustest, p\u00f5nevatest projektidest, uutest teenustest, olulistest muudatustest ja paljust [&hellip;]<\/p>\n","protected":false},"author":1,"featured_media":0,"parent":417,"menu_order":3,"comment_status":"closed","ping_status":"closed","template":"","meta":{"_EventAllDay":false,"_EventTimezone":"","_EventStartDate":"","_EventEndDate":"","_EventStartDateUTC":"","_EventEndDateUTC":"","_EventShowMap":false,"_EventShowMapLink":false,"_EventURL":"","_EventCost":"","_EventCostDescription":"","_EventCurrencySymbol":"","_EventCurrencyCode":"","_EventCurrencyPosition":"","_EventDateTimeSeparator":"","_EventTimeRangeSeparator":"","_EventOrganizerID":[],"_EventVenueID":[],"_OrganizerEmail":"","_OrganizerPhone":"","_OrganizerWebsite":"","_VenueAddress":"","_VenueCity":"","_VenueCountry":"","_VenueProvince":"","_VenueState":"","_VenueZip":"","_VenuePhone":"","_VenueURL":"","_VenueStateProvince":"","_VenueLat":"","_VenueLng":"","_VenueShowMap":false,"_VenueShowMapLink":false,"slim_seo":{"title":"Newsletter - Valga municipality","description":"Valga Vallavalitsus annab v\u00e4lja uudiskirja, mis toob teieni iga n\u00e4dal p\u00e4evakajalised teemad ja tulevased s\u00fcndmused. Liitudes meie uudiskirjaga, saad teada kohal"},"footnotes":""},"class_list":["post-1462","page","type-page","status-publish","hentry"],"_links":{"self":[{"href":"https:\/\/valga.ee\/en\/wp-json\/wp\/v2\/pages\/1462","targetHints":{"allow":["GET"]}}],"collection":[{"href":"https:\/\/valga.ee\/en\/wp-json\/wp\/v2\/pages"}],"about":[{"href":"https:\/\/valga.ee\/en\/wp-json\/wp\/v2\/types\/page"}],"author":[{"embeddable":true,"href":"https:\/\/valga.ee\/en\/wp-json\/wp\/v2\/users\/1"}],"replies":[{"embeddable":true,"href":"https:\/\/valga.ee\/en\/wp-json\/wp\/v2\/comments?post=1462"}],"version-history":[{"count":5,"href":"https:\/\/valga.ee\/en\/wp-json\/wp\/v2\/pages\/1462\/revisions"}],"predecessor-version":[{"id":7570,"href":"https:\/\/valga.ee\/en\/wp-json\/wp\/v2\/pages\/1462\/revisions\/7570"}],"up":[{"embeddable":true,"href":"https:\/\/valga.ee\/en\/wp-json\/wp\/v2\/pages\/417"}],"wp:attachment":[{"href":"https:\/\/valga.ee\/en\/wp-json\/wp\/v2\/media?parent=1462"}],"curies":[{"name":"wp","href":"https:\/\/api.w.org\/{rel}","templated":true}]}}